{"id":1870,"date":"2023-06-01T15:11:31","date_gmt":"2023-06-01T07:11:31","guid":{"rendered":"http:\/\/203.196.10.64:3021\/?post_type=product&#038;p=1870"},"modified":"2025-08-18T14:05:16","modified_gmt":"2025-08-18T06:05:16","slug":"sk8237-ignifuge-oxford","status":"publish","type":"product","link":"https:\/\/www.sikortex.com\/fr\/produit\/sk8237-ignifuge-oxford\/","title":{"rendered":"Tissu Oxford ignifuge en polyester 900 deniers"},"content":{"rendered":"<p>Tissu Oxford ignifuge en polyester 900D, un tissu polyvalent adapt\u00e9 \u00e0 une large gamme d&#039;applications. Fabriqu\u00e9 \u00e0 partir de polyester de haute qualit\u00e9, ce tissu offre une excellente durabilit\u00e9 et des propri\u00e9t\u00e9s ignifuges, garantissant s\u00e9curit\u00e9 et long\u00e9vit\u00e9.<\/p>\n<p>Le <a href=\"https:\/\/www.sikortex.com\/fr\/tissus-ignifuges\/\"><span style=\"color: #3366ff;\">retardateur de flamme<\/span><\/a> Le tissu en polyester 900D deniers le rend robuste et r\u00e9sistant aux d\u00e9chirures, ce qui le rend id\u00e9al pour diverses utilisations telles que les tentes, les bagages, les rideaux, les applications industrielles, les projets de construction, les articles li\u00e9s \u00e0 la circulation et les pare-soleil de bus. Sa fonction ignifuge ajoute une couche suppl\u00e9mentaire de s\u00e9curit\u00e9 et de protection.<\/p>\n<p>Notre tissu ignifuge en polyester est conforme aux normes NFPA701. Comme le retardateur de flamme se trouve \u00e0 l&#039;int\u00e9rieur du tissu, notre tissu conserve d&#039;excellentes propri\u00e9t\u00e9s ignifuges apr\u00e8s plusieurs lavages.<\/p>\n<p>Avec sa polyvalence et sa fiabilit\u00e9, notre tissu en polyester ignifuge 900D FR Oxford Cloth est un excellent choix pour les projets commerciaux et personnels. Comptez sur sa r\u00e9sistance et sa durabilit\u00e9 pour r\u00e9pondre \u00e0 vos besoins sp\u00e9cifiques, que vous recherchiez un tissu pour des applications ext\u00e9rieures ou industrielles.<\/p>","protected":false},"excerpt":{"rendered":"<p>600 m\u00e8tres (Min.Order)<\/p>","protected":false},"featured_media":3693,"comment_status":"closed","ping_status":"closed","template":"","meta":{"_uag_custom_page_level_css":"","site-sidebar-layout":"default","site-content-layout":"default","ast-site-content-layout":"","site-content-style":"default","site-sidebar-style":"default","ast-global-header-display":"","ast-banner-title-visibility":"","ast-main-header-display":"","ast-hfb-above-header-display":"","ast-hfb-below-header-display":"","ast-hfb-mobile-header-display":"","site-post-title":"","ast-breadcrumbs-content":"","ast-featured-img":"","footer-sml-layout":"","theme-transparent-header-meta":"default","adv-header-id-meta":"","stick-header-meta":"default","header-above-stick-meta":"","header-main-stick-meta":"","header-below-stick-meta":"","astra-migrate-meta-layouts":"default","ast-page-background-enabled":"default","ast-page-background-meta":{"desktop":{"background-color":"","background-image":"","background-repeat":"repeat","background-position":"center center","background-size":"auto","background-attachment":"scroll","background-type":"","background-media":"","overlay-type":"","overlay-color":"","overlay-opacity":"","overlay-gradient":""},"tablet":{"background-color":"","background-image":"","background-repeat":"repeat","background-position":"center center","background-size":"auto","background-attachment":"scroll","background-type":"","background-media":"","overlay-type":"","overlay-color":"","overlay-opacity":"","overlay-gradient":""},"mobile":{"background-color":"","background-image":"","background-repeat":"repeat","background-position":"center center","background-size":"auto","background-attachment":"scroll","background-type":"","background-media":"","overlay-type":"","overlay-color":"","overlay-opacity":"","overlay-gradient":""}},"ast-content-background-meta":{"desktop":{"background-color":"var(--ast-global-color-5)","background-image":"","background-repeat":"repeat","background-position":"center center","background-size":"auto","background-attachment":"scroll","background-type":"","background-media":"","overlay-type":"","overlay-color":"","overlay-opacity":"","overlay-gradient":""},"tablet":{"background-color":"var(--ast-global-color-5)","background-image":"","background-repeat":"repeat","background-position":"center center","background-size":"auto","background-attachment":"scroll","background-type":"","background-media":"","overlay-type":"","overlay-color":"","overlay-opacity":"","overlay-gradient":""},"mobile":{"background-color":"var(--ast-global-color-5)","background-image":"","background-repeat":"repeat","background-position":"center center","background-size":"auto","background-attachment":"scroll","background-type":"","background-media":"","overlay-type":"","overlay-color":"","overlay-opacity":"","overlay-gradient":""}}},"product_brand":[],"product_cat":[1126,1206,432,416,1184,403,433,1697,414],"product_tag":[],"class_list":{"0":"post-1870","1":"product","2":"type-product","3":"status-publish","4":"has-post-thumbnail","6":"product_cat-fabric-for-awning","7":"product_cat-fabric-for-bag","8":"product_cat-fabric-for-tent","9":"product_cat-fire-retardant-fabrics","10":"product_cat-oxford-fabric","11":"product_cat-polyester-fabrics","12":"product_cat-textile-for-industrial","13":"product_cat-uv-protection-fabric","14":"product_cat-waterproof-fabrics","15":"pa_available_colors-911052-spc","16":"desktop-align-left","17":"tablet-align-left","18":"mobile-align-left","19":"ast-product-gallery-layout-vertical-slider","20":"ast-product-tabs-layout-horizontal","22":"first","23":"instock","24":"shipping-taxable","25":"product-type-simple"},"uagb_featured_image_src":{"full":["https:\/\/www.sikortex.com\/wp-content\/uploads\/2023\/06\/20366508248_575523705-1.jpg",1024,1024,false],"thumbnail":["https:\/\/www.sikortex.com\/wp-content\/uploads\/2023\/06\/20366508248_575523705-1-150x150.jpg",150,150,true],"medium":["https:\/\/www.sikortex.com\/wp-content\/uploads\/2023\/06\/20366508248_575523705-1-300x300.jpg",300,300,true],"medium_large":["https:\/\/www.sikortex.com\/wp-content\/uploads\/2023\/06\/20366508248_575523705-1-768x768.jpg",768,768,true],"large":["https:\/\/www.sikortex.com\/wp-content\/uploads\/2023\/06\/20366508248_575523705-1.jpg",1024,1024,false],"1536x1536":["https:\/\/www.sikortex.com\/wp-content\/uploads\/2023\/06\/20366508248_575523705-1.jpg",1024,1024,false],"2048x2048":["https:\/\/www.sikortex.com\/wp-content\/uploads\/2023\/06\/20366508248_575523705-1.jpg",1024,1024,false],"trp-custom-language-flag":["https:\/\/www.sikortex.com\/wp-content\/uploads\/2023\/06\/20366508248_575523705-1.jpg",12,12,false],"woocommerce_thumbnail":["https:\/\/www.sikortex.com\/wp-content\/uploads\/2023\/06\/20366508248_575523705-1-300x300.jpg",300,300,true],"woocommerce_single":["https:\/\/www.sikortex.com\/wp-content\/uploads\/2023\/06\/20366508248_575523705-1-600x600.jpg",600,600,true],"woocommerce_gallery_thumbnail":["https:\/\/www.sikortex.com\/wp-content\/uploads\/2023\/06\/20366508248_575523705-1-100x100.jpg",100,100,true]},"uagb_author_info":{"display_name":"Perry","author_link":"https:\/\/www.sikortex.com\/fr\/author\/"},"uagb_comment_info":0,"uagb_excerpt":"600 Meters(Min.Order)","_links":{"self":[{"href":"https:\/\/www.sikortex.com\/fr\/wp-json\/wp\/v2\/product\/1870","targetHints":{"allow":["GET"]}}],"collection":[{"href":"https:\/\/www.sikortex.com\/fr\/wp-json\/wp\/v2\/product"}],"about":[{"href":"https:\/\/www.sikortex.com\/fr\/wp-json\/wp\/v2\/types\/product"}],"replies":[{"embeddable":true,"href":"https:\/\/www.sikortex.com\/fr\/wp-json\/wp\/v2\/comments?post=1870"}],"wp:featuredmedia":[{"embeddable":true,"href":"https:\/\/www.sikortex.com\/fr\/wp-json\/wp\/v2\/media\/3693"}],"wp:attachment":[{"href":"https:\/\/www.sikortex.com\/fr\/wp-json\/wp\/v2\/media?parent=1870"}],"wp:term":[{"taxonomy":"product_brand","embeddable":true,"href":"https:\/\/www.sikortex.com\/fr\/wp-json\/wp\/v2\/product_brand?post=1870"},{"taxonomy":"product_cat","embeddable":true,"href":"https:\/\/www.sikortex.com\/fr\/wp-json\/wp\/v2\/product_cat?post=1870"},{"taxonomy":"product_tag","embeddable":true,"href":"https:\/\/www.sikortex.com\/fr\/wp-json\/wp\/v2\/product_tag?post=1870"}],"curies":[{"name":"wp","href":"https:\/\/api.w.org\/{rel}","templated":true}]}}