{"id":1791,"date":"2023-06-01T14:16:15","date_gmt":"2023-06-01T06:16:15","guid":{"rendered":"http:\/\/203.196.10.64:3021\/?post_type=product&#038;p=1791"},"modified":"2023-11-05T16:01:11","modified_gmt":"2023-11-05T08:01:11","slug":"sk8232","status":"publish","type":"product","link":"https:\/\/www.sikortex.com\/fr\/produit\/sk8232\/","title":{"rendered":"Tissu antistatique \u00e0 carreaux ignifuge en polyester de 0,25 cm"},"content":{"rendered":"<p>Fabricant de tissus performants SIKOR-TEX<\/p>\n<p>Tissu antistatique \u00e0 carreaux ignifuges en polyester, une solution fiable et rentable pour diverses industries. Ce tissu est compos\u00e9 de polyester 98% et de fibre de carbone 2%, assurant d&#039;excellentes propri\u00e9t\u00e9s antistatiques et ignifuges. Vous avez la possibilit\u00e9 de choisir entre des fibres conductrices noires ou grises, selon votre pr\u00e9f\u00e9rence.<\/p>\n<p>Notre tissu antistatique offre non seulement des performances de haute qualit\u00e9, mais offre \u00e9galement une polyvalence dans les processus de post-finition tels que les traitements et rev\u00eatements hydrofuges. Cela am\u00e9liore sa fonctionnalit\u00e9 et sa durabilit\u00e9. Il est particuli\u00e8rement adapt\u00e9 \u00e0 la cr\u00e9ation de v\u00eatements de travail ou de v\u00eatements de protection pour les employ\u00e9s des usines \u00e9lectroniques, les op\u00e9rateurs d&#039;instruments de pr\u00e9cision, le personnel des salles blanches sans poussi\u00e8re ou encore le personnel des salles d&#039;op\u00e9ration.<\/p>\n<p>D\u00e9couvrez la combinaison parfaite de qualit\u00e9, de prix abordable et de fonctionnalit\u00e9 avec notre tissu antistatique en polyester. Donnez la priorit\u00e9 \u00e0 la s\u00e9curit\u00e9 et au confort de votre personnel en choisissant ce tissu pour votre prochain projet.<\/p>","protected":false},"excerpt":{"rendered":"<p>1000 m\u00e8tres (commande minimum)<\/p>","protected":false},"featured_media":3685,"comment_status":"closed","ping_status":"closed","template":"","meta":{"_uag_custom_page_level_css":"","site-sidebar-layout":"default","site-content-layout":"default","ast-site-content-layout":"","site-content-style":"default","site-sidebar-style":"default","ast-global-header-display":"","ast-banner-title-visibility":"","ast-main-header-display":"","ast-hfb-above-header-display":"","ast-hfb-below-header-display":"","ast-hfb-mobile-header-display":"","site-post-title":"","ast-breadcrumbs-content":"","ast-featured-img":"","footer-sml-layout":"","theme-transparent-header-meta":"default","adv-header-id-meta":"","stick-header-meta":"default","header-above-stick-meta":"","header-main-stick-meta":"","header-below-stick-meta":"","astra-migrate-meta-layouts":"default","ast-page-background-enabled":"default","ast-page-background-meta":{"desktop":{"background-color":"","background-image":"","background-repeat":"repeat","background-position":"center center","background-size":"auto","background-attachment":"scroll","background-type":"","background-media":"","overlay-type":"","overlay-color":"","overlay-opacity":"","overlay-gradient":""},"tablet":{"background-color":"","background-image":"","background-repeat":"repeat","background-position":"center center","background-size":"auto","background-attachment":"scroll","background-type":"","background-media":"","overlay-type":"","overlay-color":"","overlay-opacity":"","overlay-gradient":""},"mobile":{"background-color":"","background-image":"","background-repeat":"repeat","background-position":"center center","background-size":"auto","background-attachment":"scroll","background-type":"","background-media":"","overlay-type":"","overlay-color":"","overlay-opacity":"","overlay-gradient":""}},"ast-content-background-meta":{"desktop":{"background-color":"var(--ast-global-color-5)","background-image":"","background-repeat":"repeat","background-position":"center center","background-size":"auto","background-attachment":"scroll","background-type":"","background-media":"","overlay-type":"","overlay-color":"","overlay-opacity":"","overlay-gradient":""},"tablet":{"background-color":"var(--ast-global-color-5)","background-image":"","background-repeat":"repeat","background-position":"center center","background-size":"auto","background-attachment":"scroll","background-type":"","background-media":"","overlay-type":"","overlay-color":"","overlay-opacity":"","overlay-gradient":""},"mobile":{"background-color":"var(--ast-global-color-5)","background-image":"","background-repeat":"repeat","background-position":"center center","background-size":"auto","background-attachment":"scroll","background-type":"","background-media":"","overlay-type":"","overlay-color":"","overlay-opacity":"","overlay-gradient":""}}},"product_brand":[],"product_cat":[413,426,427],"product_tag":[],"class_list":{"0":"post-1791","1":"product","2":"type-product","3":"status-publish","4":"has-post-thumbnail","6":"product_cat-antistatic-fabrics","7":"product_cat-constructionmining","8":"product_cat-petroleum-and-petrochemical","9":"pa_available_colors-8236-1","10":"pa_available_colors-8236-2","11":"pa_available_colors-8236-6","12":"pa_available_colors-484002-lgt","13":"pa_available_colors-fluorescent-orange","14":"pa_available_colors-fluorescent-red","15":"pa_available_colors-fluorescent-yellow","16":"pa_available_colors-000014-wht","17":"desktop-align-left","18":"tablet-align-left","19":"mobile-align-left","20":"ast-product-gallery-layout-vertical-slider","21":"ast-product-tabs-layout-horizontal","23":"first","24":"instock","25":"shipping-taxable","26":"product-type-simple"},"uagb_featured_image_src":{"full":["https:\/\/www.sikortex.com\/wp-content\/uploads\/2023\/06\/O1CN01cCR4Cr2054inBXvMe_2210428336797-0-cib-1.jpg",1024,1024,false],"thumbnail":["https:\/\/www.sikortex.com\/wp-content\/uploads\/2023\/06\/O1CN01cCR4Cr2054inBXvMe_2210428336797-0-cib-1-150x150.jpg",150,150,true],"medium":["https:\/\/www.sikortex.com\/wp-content\/uploads\/2023\/06\/O1CN01cCR4Cr2054inBXvMe_2210428336797-0-cib-1-300x300.jpg",300,300,true],"medium_large":["https:\/\/www.sikortex.com\/wp-content\/uploads\/2023\/06\/O1CN01cCR4Cr2054inBXvMe_2210428336797-0-cib-1-768x768.jpg",768,768,true],"large":["https:\/\/www.sikortex.com\/wp-content\/uploads\/2023\/06\/O1CN01cCR4Cr2054inBXvMe_2210428336797-0-cib-1.jpg",1024,1024,false],"1536x1536":["https:\/\/www.sikortex.com\/wp-content\/uploads\/2023\/06\/O1CN01cCR4Cr2054inBXvMe_2210428336797-0-cib-1.jpg",1024,1024,false],"2048x2048":["https:\/\/www.sikortex.com\/wp-content\/uploads\/2023\/06\/O1CN01cCR4Cr2054inBXvMe_2210428336797-0-cib-1.jpg",1024,1024,false],"trp-custom-language-flag":["https:\/\/www.sikortex.com\/wp-content\/uploads\/2023\/06\/O1CN01cCR4Cr2054inBXvMe_2210428336797-0-cib-1.jpg",12,12,false],"woocommerce_thumbnail":["https:\/\/www.sikortex.com\/wp-content\/uploads\/2023\/06\/O1CN01cCR4Cr2054inBXvMe_2210428336797-0-cib-1-300x300.jpg",300,300,true],"woocommerce_single":["https:\/\/www.sikortex.com\/wp-content\/uploads\/2023\/06\/O1CN01cCR4Cr2054inBXvMe_2210428336797-0-cib-1-600x600.jpg",600,600,true],"woocommerce_gallery_thumbnail":["https:\/\/www.sikortex.com\/wp-content\/uploads\/2023\/06\/O1CN01cCR4Cr2054inBXvMe_2210428336797-0-cib-1-100x100.jpg",100,100,true]},"uagb_author_info":{"display_name":"Perry","author_link":"https:\/\/www.sikortex.com\/fr\/author\/"},"uagb_comment_info":0,"uagb_excerpt":"1000 Meters(Min.Order)","_links":{"self":[{"href":"https:\/\/www.sikortex.com\/fr\/wp-json\/wp\/v2\/product\/1791","targetHints":{"allow":["GET"]}}],"collection":[{"href":"https:\/\/www.sikortex.com\/fr\/wp-json\/wp\/v2\/product"}],"about":[{"href":"https:\/\/www.sikortex.com\/fr\/wp-json\/wp\/v2\/types\/product"}],"replies":[{"embeddable":true,"href":"https:\/\/www.sikortex.com\/fr\/wp-json\/wp\/v2\/comments?post=1791"}],"wp:featuredmedia":[{"embeddable":true,"href":"https:\/\/www.sikortex.com\/fr\/wp-json\/wp\/v2\/media\/3685"}],"wp:attachment":[{"href":"https:\/\/www.sikortex.com\/fr\/wp-json\/wp\/v2\/media?parent=1791"}],"wp:term":[{"taxonomy":"product_brand","embeddable":true,"href":"https:\/\/www.sikortex.com\/fr\/wp-json\/wp\/v2\/product_brand?post=1791"},{"taxonomy":"product_cat","embeddable":true,"href":"https:\/\/www.sikortex.com\/fr\/wp-json\/wp\/v2\/product_cat?post=1791"},{"taxonomy":"product_tag","embeddable":true,"href":"https:\/\/www.sikortex.com\/fr\/wp-json\/wp\/v2\/product_tag?post=1791"}],"curies":[{"name":"wp","href":"https:\/\/api.w.org\/{rel}","templated":true}]}}