{"id":8849,"date":"2025-08-20T09:47:01","date_gmt":"2025-08-20T01:47:01","guid":{"rendered":"https:\/\/www.sikortex.com\/?post_type=product&#038;p=8849"},"modified":"2025-08-21T12:41:56","modified_gmt":"2025-08-21T04:41:56","slug":"tejido-protector-solar-de-pvc-y-poliester-600d","status":"publish","type":"product","link":"https:\/\/www.sikortex.com\/es\/producto\/tejido-protector-solar-de-pvc-y-poliester-600d\/","title":{"rendered":"Tejido protector solar de poli\u00e9ster y PVC 600D para muebles de exterior"},"content":{"rendered":"<p>Introducci\u00f3n<br \/>\nEl tejido protector solar de poli\u00e9ster PVC 600D es resistente a la abrasi\u00f3n y al desgarro, mientras que el revestimiento de PVC proporciona una impermeabilidad total. La protecci\u00f3n solar profesional UPF50+ bloquea eficazmente m\u00e1s de 98% de rayos UV. Ideal para muebles de exterior, toldos, tiendas de campa\u00f1a y m\u00e1s, este resistente material de protecci\u00f3n solar para exteriores es ideal.<\/p>\n<p>Caracter\u00edsticas principales<br \/>\n1. Nuestras l\u00edneas de producci\u00f3n utilizan equipos avanzados de alta velocidad, lo que garantiza una capacidad de producci\u00f3n eficiente y estable para satisfacer las demandas de pedidos de gran volumen.<br \/>\n2. Nuestros productos ofrecen un rendimiento ambiental excepcional. El revestimiento de PVC cumple plenamente con los m\u00e1s altos est\u00e1ndares ambientales, incluido el REACH de la UE, y cumple estrictamente con los requisitos regulatorios pertinentes de Estados Unidos y Jap\u00f3n.<br \/>\n3. Tambi\u00e9n mantenemos un stock de productos parcialmente terminados, lo que nos permite responder con flexibilidad a las necesidades urgentes y acortar significativamente los plazos de entrega.<br \/>\n4. Para el control de calidad, utilizamos de manera predeterminada las normas ASTM de EE. UU. para la apariencia y la clasificaci\u00f3n de calidad, pero tambi\u00e9n admitimos inspecciones personalizadas basadas en est\u00e1ndares espec\u00edficos del cliente.<br \/>\n5. Para log\u00edstica, ofrecemos servicios de entrega global, garantizando una entrega segura y eficiente a la mayor\u00eda de las ubicaciones en todo el mundo tanto para pedidos grandes al por mayor como para pedidos de peque\u00f1o volumen, ayudando a los clientes a optimizar la eficiencia de la cadena de suministro.<\/p>\n<p><a href=\"https:\/\/www.sikortex.com\/es\/contactenos\/\"><span style=\"color: #0000ff;\">Cont\u00e1ctenos hoy para solicitar muestras.<\/span><\/a><\/p>","protected":false},"excerpt":{"rendered":"<p>3000 metros (pedido m\u00ednimo)<\/p>","protected":false},"featured_media":8887,"comment_status":"closed","ping_status":"closed","template":"","meta":{"_uag_custom_page_level_css":"","site-sidebar-layout":"default","site-content-layout":"","ast-site-content-layout":"default","site-content-style":"default","site-sidebar-style":"default","ast-global-header-display":"","ast-banner-title-visibility":"","ast-main-header-display":"","ast-hfb-above-header-display":"","ast-hfb-below-header-display":"","ast-hfb-mobile-header-display":"","site-post-title":"","ast-breadcrumbs-content":"","ast-featured-img":"","footer-sml-layout":"","theme-transparent-header-meta":"default","adv-header-id-meta":"","stick-header-meta":"default","header-above-stick-meta":"","header-main-stick-meta":"","header-below-stick-meta":"","astra-migrate-meta-layouts":"set","ast-page-background-enabled":"default","ast-page-background-meta":{"desktop":{"background-color":"","background-image":"","background-repeat":"repeat","background-position":"center center","background-size":"auto","background-attachment":"scroll","background-type":"","background-media":"","overlay-type":"","overlay-color":"","overlay-opacity":"","overlay-gradient":""},"tablet":{"background-color":"","background-image":"","background-repeat":"repeat","background-position":"center center","background-size":"auto","background-attachment":"scroll","background-type":"","background-media":"","overlay-type":"","overlay-color":"","overlay-opacity":"","overlay-gradient":""},"mobile":{"background-color":"","background-image":"","background-repeat":"repeat","background-position":"center center","background-size":"auto","background-attachment":"scroll","background-type":"","background-media":"","overlay-type":"","overlay-color":"","overlay-opacity":"","overlay-gradient":""}},"ast-content-background-meta":{"desktop":{"background-color":"var(--ast-global-color-5)","background-image":"","background-repeat":"repeat","background-position":"center center","background-size":"auto","background-attachment":"scroll","background-type":"","background-media":"","overlay-type":"","overlay-color":"","overlay-opacity":"","overlay-gradient":""},"tablet":{"background-color":"var(--ast-global-color-5)","background-image":"","background-repeat":"repeat","background-position":"center center","background-size":"auto","background-attachment":"scroll","background-type":"","background-media":"","overlay-type":"","overlay-color":"","overlay-opacity":"","overlay-gradient":""},"mobile":{"background-color":"var(--ast-global-color-5)","background-image":"","background-repeat":"repeat","background-position":"center center","background-size":"auto","background-attachment":"scroll","background-type":"","background-media":"","overlay-type":"","overlay-color":"","overlay-opacity":"","overlay-gradient":""}}},"product_brand":[],"product_cat":[432,1218,1185,433,1697],"product_tag":[],"class_list":{"0":"post-8849","1":"product","2":"type-product","3":"status-publish","4":"has-post-thumbnail","6":"product_cat-fabric-for-tent","7":"product_cat-marine-fabrics","8":"product_cat-solution-dyed-polyester-fabrics","9":"product_cat-textile-for-industrial","10":"product_cat-uv-protection-fabric","11":"desktop-align-left","12":"tablet-align-left","13":"mobile-align-left","14":"ast-product-gallery-layout-vertical-slider","15":"ast-product-tabs-layout-horizontal","17":"first","18":"instock","19":"shipping-taxable","20":"product-type-simple"},"uagb_featured_image_src":{"full":["https:\/\/www.sikortex.com\/wp-content\/uploads\/2025\/08\/600Dpolyester-fabric.jpg",800,800,false],"thumbnail":["https:\/\/www.sikortex.com\/wp-content\/uploads\/2025\/08\/600Dpolyester-fabric-150x150.jpg",150,150,true],"medium":["https:\/\/www.sikortex.com\/wp-content\/uploads\/2025\/08\/600Dpolyester-fabric-300x300.jpg",300,300,true],"medium_large":["https:\/\/www.sikortex.com\/wp-content\/uploads\/2025\/08\/600Dpolyester-fabric-768x768.jpg",768,768,true],"large":["https:\/\/www.sikortex.com\/wp-content\/uploads\/2025\/08\/600Dpolyester-fabric.jpg",800,800,false],"1536x1536":["https:\/\/www.sikortex.com\/wp-content\/uploads\/2025\/08\/600Dpolyester-fabric.jpg",800,800,false],"2048x2048":["https:\/\/www.sikortex.com\/wp-content\/uploads\/2025\/08\/600Dpolyester-fabric.jpg",800,800,false],"trp-custom-language-flag":["https:\/\/www.sikortex.com\/wp-content\/uploads\/2025\/08\/600Dpolyester-fabric-12x12.jpg",12,12,true],"woocommerce_thumbnail":["https:\/\/www.sikortex.com\/wp-content\/uploads\/2025\/08\/600Dpolyester-fabric-300x300.jpg",300,300,true],"woocommerce_single":["https:\/\/www.sikortex.com\/wp-content\/uploads\/2025\/08\/600Dpolyester-fabric-600x600.jpg",600,600,true],"woocommerce_gallery_thumbnail":["https:\/\/www.sikortex.com\/wp-content\/uploads\/2025\/08\/600Dpolyester-fabric-100x100.jpg",100,100,true]},"uagb_author_info":{"display_name":"Perry","author_link":"https:\/\/www.sikortex.com\/es\/author\/"},"uagb_comment_info":0,"uagb_excerpt":"3000 Meters(Min.Order)","_links":{"self":[{"href":"https:\/\/www.sikortex.com\/es\/wp-json\/wp\/v2\/product\/8849","targetHints":{"allow":["GET"]}}],"collection":[{"href":"https:\/\/www.sikortex.com\/es\/wp-json\/wp\/v2\/product"}],"about":[{"href":"https:\/\/www.sikortex.com\/es\/wp-json\/wp\/v2\/types\/product"}],"replies":[{"embeddable":true,"href":"https:\/\/www.sikortex.com\/es\/wp-json\/wp\/v2\/comments?post=8849"}],"wp:featuredmedia":[{"embeddable":true,"href":"https:\/\/www.sikortex.com\/es\/wp-json\/wp\/v2\/media\/8887"}],"wp:attachment":[{"href":"https:\/\/www.sikortex.com\/es\/wp-json\/wp\/v2\/media?parent=8849"}],"wp:term":[{"taxonomy":"product_brand","embeddable":true,"href":"https:\/\/www.sikortex.com\/es\/wp-json\/wp\/v2\/product_brand?post=8849"},{"taxonomy":"product_cat","embeddable":true,"href":"https:\/\/www.sikortex.com\/es\/wp-json\/wp\/v2\/product_cat?post=8849"},{"taxonomy":"product_tag","embeddable":true,"href":"https:\/\/www.sikortex.com\/es\/wp-json\/wp\/v2\/product_tag?post=8849"}],"curies":[{"name":"gracias","href":"https:\/\/api.w.org\/{rel}","templated":true}]}}