{"id":8649,"date":"2025-04-26T13:00:33","date_gmt":"2025-04-26T05:00:33","guid":{"rendered":"https:\/\/www.sikortex.com\/?post_type=product&#038;p=8649"},"modified":"2025-04-27T12:10:31","modified_gmt":"2025-04-27T04:10:31","slug":"tejido-elastico-impermeable-de-3-capas","status":"publish","type":"product","link":"https:\/\/www.sikortex.com\/es\/producto\/tejido-elastico-impermeable-de-3-capas\/","title":{"rendered":"Tejido el\u00e1stico impermeable de 3 capas para chaquetas de alto rendimiento"},"content":{"rendered":"<p>&nbsp;<\/p>\n<h2>Tejido el\u00e1stico impermeable revolucionario para un movimiento sin restricciones<\/h2>\n<p>El avanzado SIKOR-TEX <strong>tejido el\u00e1stico impermeable<\/strong> Combina una protecci\u00f3n excepcional contra la intemperie con total libertad de movimiento. Su innovadora construcci\u00f3n de 3 capas incluye un exterior flexible de nailon\/spandex, una membrana impermeable de TPU y un c\u00f3modo reverso de punto de poli\u00e9ster, redefiniendo la comodidad en la ropa impermeable.<\/p>\n<h3>Construcci\u00f3n t\u00e9cnica de triple capa<\/h3>\n<p>Esta prima <strong>tejido el\u00e1stico impermeable<\/strong> Ofrece un rendimiento inigualable gracias a su dise\u00f1o inteligente:<\/p>\n<ul>\n<li><strong>Capa exterior:<\/strong> Mezcla de nailon 30D y elastano 20D para una elasticidad en cuatro direcciones y durabilidad<\/li>\n<li><strong>Barrera impermeable:<\/strong> Laminaci\u00f3n de membrana de TPU sin costuras<\/li>\n<li><strong>Capa interna:<\/strong> Tejido de poli\u00e9ster transpirable para mayor comodidad y control de la humedad.<\/li>\n<\/ul>\n<h3>Beneficios clave de rendimiento<\/h3>\n<ul>\n<li>Verdadero estiramiento en cuatro direcciones para una movilidad completa.<\/li>\n<li>Protecci\u00f3n impermeable de m\u00e1s de 6000 mm<\/li>\n<li>Transpirabilidad mejorada (6.000 g\/m\u00b2\/24 h)<\/li>\n<li>Ligero, con un peso facial de solo 30D<\/li>\n<li>Excelente recuperaci\u00f3n y retenci\u00f3n de forma.<\/li>\n<li>Sensaci\u00f3n interior suave y c\u00f3moda.<\/li>\n<\/ul>\n<h3>Aplicaciones Premium<\/h3>\n<p>Ideal para prendas impermeables de alto rendimiento:<\/p>\n<ul>\n<li>Chaquetas activas para exteriores<\/li>\n<li>Ropa de esqu\u00ed y snowboard de alto rendimiento<\/li>\n<li>Ropa t\u00e9cnica urbana de abrigo<\/li>\n<li>Ropa para viajes de aventura<\/li>\n<\/ul>\n<h4>El futuro de la comodidad a prueba de agua<\/h4>\n<p>Este <strong>tejido el\u00e1stico impermeable<\/strong> Resuelve el tradicional equilibrio entre protecci\u00f3n y movilidad. La combinaci\u00f3n \u00fanica de tejido el\u00e1stico con TPU impermeable y refuerzo de punto crea prendas que se adaptan al movimiento del cuerpo y te mantienen completamente seco, perfecto para atletas y estilos de vida activos.<\/p>\n<p>&nbsp;<\/p>","protected":false},"excerpt":{"rendered":"<p>1000 metros (pedido m\u00ednimo)<\/p>","protected":false},"featured_media":8652,"comment_status":"closed","ping_status":"closed","template":"","meta":{"_uag_custom_page_level_css":"","site-sidebar-layout":"default","site-content-layout":"default","ast-site-content-layout":"default","site-content-style":"default","site-sidebar-style":"default","ast-global-header-display":"","ast-banner-title-visibility":"","ast-main-header-display":"","ast-hfb-above-header-display":"","ast-hfb-below-header-display":"","ast-hfb-mobile-header-display":"","site-post-title":"","ast-breadcrumbs-content":"","ast-featured-img":"","footer-sml-layout":"","theme-transparent-header-meta":"default","adv-header-id-meta":"","stick-header-meta":"default","header-above-stick-meta":"","header-main-stick-meta":"","header-below-stick-meta":"","astra-migrate-meta-layouts":"set","ast-page-background-enabled":"default","ast-page-background-meta":{"desktop":{"background-color":"","background-image":"","background-repeat":"repeat","background-position":"center center","background-size":"auto","background-attachment":"scroll","background-type":"","background-media":"","overlay-type":"","overlay-color":"","overlay-opacity":"","overlay-gradient":""},"tablet":{"background-color":"","background-image":"","background-repeat":"repeat","background-position":"center center","background-size":"auto","background-attachment":"scroll","background-type":"","background-media":"","overlay-type":"","overlay-color":"","overlay-opacity":"","overlay-gradient":""},"mobile":{"background-color":"","background-image":"","background-repeat":"repeat","background-position":"center center","background-size":"auto","background-attachment":"scroll","background-type":"","background-media":"","overlay-type":"","overlay-color":"","overlay-opacity":"","overlay-gradient":""}},"ast-content-background-meta":{"desktop":{"background-color":"var(--ast-global-color-5)","background-image":"","background-repeat":"repeat","background-position":"center center","background-size":"auto","background-attachment":"scroll","background-type":"","background-media":"","overlay-type":"","overlay-color":"","overlay-opacity":"","overlay-gradient":""},"tablet":{"background-color":"var(--ast-global-color-5)","background-image":"","background-repeat":"repeat","background-position":"center center","background-size":"auto","background-attachment":"scroll","background-type":"","background-media":"","overlay-type":"","overlay-color":"","overlay-opacity":"","overlay-gradient":""},"mobile":{"background-color":"var(--ast-global-color-5)","background-image":"","background-repeat":"repeat","background-position":"center center","background-size":"auto","background-attachment":"scroll","background-type":"","background-media":"","overlay-type":"","overlay-color":"","overlay-opacity":"","overlay-gradient":""}}},"product_brand":[],"product_cat":[431,428,429,421,404,420],"product_tag":[],"class_list":{"0":"post-8649","1":"product","2":"type-product","3":"status-publish","4":"has-post-thumbnail","6":"product_cat-fabric-for-commuting-clothing","7":"product_cat-fabric-for-outdoor-sports","8":"product_cat-fabric-for-sportswear","9":"product_cat-foul-weather-fabrics","10":"product_cat-nylon-fabrics","11":"product_cat-stretch-fabrics","12":"desktop-align-left","13":"tablet-align-left","14":"mobile-align-left","15":"ast-product-gallery-layout-vertical-slider","16":"ast-product-tabs-layout-horizontal","18":"first","19":"instock","20":"shipping-taxable","21":"product-type-simple"},"uagb_featured_image_src":{"full":["https:\/\/www.sikortex.com\/wp-content\/uploads\/2025\/04\/4-12.jpg",800,800,false],"thumbnail":["https:\/\/www.sikortex.com\/wp-content\/uploads\/2025\/04\/4-12-150x150.jpg",150,150,true],"medium":["https:\/\/www.sikortex.com\/wp-content\/uploads\/2025\/04\/4-12-300x300.jpg",300,300,true],"medium_large":["https:\/\/www.sikortex.com\/wp-content\/uploads\/2025\/04\/4-12-768x768.jpg",768,768,true],"large":["https:\/\/www.sikortex.com\/wp-content\/uploads\/2025\/04\/4-12.jpg",800,800,false],"1536x1536":["https:\/\/www.sikortex.com\/wp-content\/uploads\/2025\/04\/4-12.jpg",800,800,false],"2048x2048":["https:\/\/www.sikortex.com\/wp-content\/uploads\/2025\/04\/4-12.jpg",800,800,false],"trp-custom-language-flag":["https:\/\/www.sikortex.com\/wp-content\/uploads\/2025\/04\/4-12-12x12.jpg",12,12,true],"woocommerce_thumbnail":["https:\/\/www.sikortex.com\/wp-content\/uploads\/2025\/04\/4-12-300x300.jpg",300,300,true],"woocommerce_single":["https:\/\/www.sikortex.com\/wp-content\/uploads\/2025\/04\/4-12-600x600.jpg",600,600,true],"woocommerce_gallery_thumbnail":["https:\/\/www.sikortex.com\/wp-content\/uploads\/2025\/04\/4-12-100x100.jpg",100,100,true]},"uagb_author_info":{"display_name":"Sandy","author_link":"https:\/\/www.sikortex.com\/es\/author\/"},"uagb_comment_info":0,"uagb_excerpt":"1000 Meters(Min.Order)","_links":{"self":[{"href":"https:\/\/www.sikortex.com\/es\/wp-json\/wp\/v2\/product\/8649","targetHints":{"allow":["GET"]}}],"collection":[{"href":"https:\/\/www.sikortex.com\/es\/wp-json\/wp\/v2\/product"}],"about":[{"href":"https:\/\/www.sikortex.com\/es\/wp-json\/wp\/v2\/types\/product"}],"replies":[{"embeddable":true,"href":"https:\/\/www.sikortex.com\/es\/wp-json\/wp\/v2\/comments?post=8649"}],"wp:featuredmedia":[{"embeddable":true,"href":"https:\/\/www.sikortex.com\/es\/wp-json\/wp\/v2\/media\/8652"}],"wp:attachment":[{"href":"https:\/\/www.sikortex.com\/es\/wp-json\/wp\/v2\/media?parent=8649"}],"wp:term":[{"taxonomy":"product_brand","embeddable":true,"href":"https:\/\/www.sikortex.com\/es\/wp-json\/wp\/v2\/product_brand?post=8649"},{"taxonomy":"product_cat","embeddable":true,"href":"https:\/\/www.sikortex.com\/es\/wp-json\/wp\/v2\/product_cat?post=8649"},{"taxonomy":"product_tag","embeddable":true,"href":"https:\/\/www.sikortex.com\/es\/wp-json\/wp\/v2\/product_tag?post=8649"}],"curies":[{"name":"gracias","href":"https:\/\/api.w.org\/{rel}","templated":true}]}}