{"id":8642,"date":"2025-04-26T12:54:41","date_gmt":"2025-04-26T04:54:41","guid":{"rendered":"https:\/\/www.sikortex.com\/?post_type=product&#038;p=8642"},"modified":"2025-04-27T11:22:25","modified_gmt":"2025-04-27T03:22:25","slug":"tejido-exterior-de-poliester-ligero","status":"publish","type":"product","link":"https:\/\/www.sikortex.com\/es\/producto\/tejido-exterior-de-poliester-ligero\/","title":{"rendered":"Tejido exterior de poli\u00e9ster ligero, impermeable y transpirable."},"content":{"rendered":"<p>&nbsp;<\/p>\n<h2>Tejido exterior de poli\u00e9ster ligero, impermeable y transpirable: la opci\u00f3n inteligente para prendas de alto rendimiento.<\/h2>\n<p>Los entusiastas de las actividades al aire libre modernas exigen tejidos que combinen protecci\u00f3n y comodidad. Nuestra tecnolog\u00eda avanzada... <strong>tejido exterior de poli\u00e9ster<\/strong> Ofrece un rendimiento excepcional con su construcci\u00f3n liviana y est\u00e9tica premium, lo que lo hace ideal para deportes de alta gama y ropa para actividades al aire libre.<\/p>\n<h3>Caracter\u00edsticas destacadas de nuestro tejido exterior de poli\u00e9ster<\/h3>\n<p>Dise\u00f1ado para la excelencia, este innovador material ofrece:<\/p>\n<ul>\n<li><strong>Ultraligero<\/strong> \u2013 Textura fina de primera calidad con apariencia sofisticada<\/li>\n<li><strong>Aislamiento t\u00e9rmico<\/strong> \u2013 Proporciona calidez sin volumen.<\/li>\n<li><strong>A prueba de viento<\/strong> \u2013 Barrera eficaz contra vientos fuertes<\/li>\n<li><strong>Impermeable pero transpirable.<\/strong> \u2013 Mantiene la lluvia afuera mientras permite que escape el vapor.<\/li>\n<li><strong>El\u00e1stico<\/strong> \u2013 Mayor movilidad para uso activo<\/li>\n<\/ul>\n<h3>Aplicaciones perfectas para un rendimiento vers\u00e1til<\/h3>\n<p>Esta alta calidad <strong>tejido exterior de poli\u00e9ster<\/strong> Se destaca en m\u00faltiples aplicaciones:<\/p>\n<ul>\n<li>Chaquetas deportivas de alto rendimiento<\/li>\n<li>Ropa t\u00e9cnica para exteriores<\/li>\n<li>Chaquetas casuales con estilo<\/li>\n<li>Ropa deportiva para todas las estaciones<\/li>\n<\/ul>\n<h4>Por qu\u00e9 esta tela destaca<\/h4>\n<p>La construcci\u00f3n \u00fanica de nuestra <strong>tejido exterior de poli\u00e9ster<\/strong> Combina membranas impermeables avanzadas con tecnolog\u00eda transpirable, creando un material que rinde en condiciones adversas y mantiene la comodidad. La refinada textura de la superficie confiere a las prendas un aspecto premium, adapt\u00e1ndose a la perfecci\u00f3n tanto a aventuras al aire libre como a entornos urbanos.<\/p>\n<p>&nbsp;<\/p>","protected":false},"excerpt":{"rendered":"<p>1000 metros (pedido m\u00ednimo)<\/p>","protected":false},"featured_media":8643,"comment_status":"closed","ping_status":"closed","template":"","meta":{"_uag_custom_page_level_css":"","site-sidebar-layout":"default","site-content-layout":"default","ast-site-content-layout":"default","site-content-style":"default","site-sidebar-style":"default","ast-global-header-display":"","ast-banner-title-visibility":"","ast-main-header-display":"","ast-hfb-above-header-display":"","ast-hfb-below-header-display":"","ast-hfb-mobile-header-display":"","site-post-title":"","ast-breadcrumbs-content":"","ast-featured-img":"","footer-sml-layout":"","theme-transparent-header-meta":"default","adv-header-id-meta":"","stick-header-meta":"default","header-above-stick-meta":"","header-main-stick-meta":"","header-below-stick-meta":"","astra-migrate-meta-layouts":"set","ast-page-background-enabled":"default","ast-page-background-meta":{"desktop":{"background-color":"","background-image":"","background-repeat":"repeat","background-position":"center center","background-size":"auto","background-attachment":"scroll","background-type":"","background-media":"","overlay-type":"","overlay-color":"","overlay-opacity":"","overlay-gradient":""},"tablet":{"background-color":"","background-image":"","background-repeat":"repeat","background-position":"center center","background-size":"auto","background-attachment":"scroll","background-type":"","background-media":"","overlay-type":"","overlay-color":"","overlay-opacity":"","overlay-gradient":""},"mobile":{"background-color":"","background-image":"","background-repeat":"repeat","background-position":"center center","background-size":"auto","background-attachment":"scroll","background-type":"","background-media":"","overlay-type":"","overlay-color":"","overlay-opacity":"","overlay-gradient":""}},"ast-content-background-meta":{"desktop":{"background-color":"var(--ast-global-color-5)","background-image":"","background-repeat":"repeat","background-position":"center center","background-size":"auto","background-attachment":"scroll","background-type":"","background-media":"","overlay-type":"","overlay-color":"","overlay-opacity":"","overlay-gradient":""},"tablet":{"background-color":"var(--ast-global-color-5)","background-image":"","background-repeat":"repeat","background-position":"center center","background-size":"auto","background-attachment":"scroll","background-type":"","background-media":"","overlay-type":"","overlay-color":"","overlay-opacity":"","overlay-gradient":""},"mobile":{"background-color":"var(--ast-global-color-5)","background-image":"","background-repeat":"repeat","background-position":"center center","background-size":"auto","background-attachment":"scroll","background-type":"","background-media":"","overlay-type":"","overlay-color":"","overlay-opacity":"","overlay-gradient":""}}},"product_brand":[],"product_cat":[431,428,429,421,403,420],"product_tag":[],"class_list":{"0":"post-8642","1":"product","2":"type-product","3":"status-publish","4":"has-post-thumbnail","6":"product_cat-fabric-for-commuting-clothing","7":"product_cat-fabric-for-outdoor-sports","8":"product_cat-fabric-for-sportswear","9":"product_cat-foul-weather-fabrics","10":"product_cat-polyester-fabrics","11":"product_cat-stretch-fabrics","12":"desktop-align-left","13":"tablet-align-left","14":"mobile-align-left","15":"ast-product-gallery-layout-vertical-slider","16":"ast-product-tabs-layout-horizontal","18":"first","19":"instock","20":"shipping-taxable","21":"product-type-simple"},"uagb_featured_image_src":{"full":["https:\/\/www.sikortex.com\/wp-content\/uploads\/2025\/04\/1-10.jpg",800,800,false],"thumbnail":["https:\/\/www.sikortex.com\/wp-content\/uploads\/2025\/04\/1-10-150x150.jpg",150,150,true],"medium":["https:\/\/www.sikortex.com\/wp-content\/uploads\/2025\/04\/1-10-300x300.jpg",300,300,true],"medium_large":["https:\/\/www.sikortex.com\/wp-content\/uploads\/2025\/04\/1-10-768x768.jpg",768,768,true],"large":["https:\/\/www.sikortex.com\/wp-content\/uploads\/2025\/04\/1-10.jpg",800,800,false],"1536x1536":["https:\/\/www.sikortex.com\/wp-content\/uploads\/2025\/04\/1-10.jpg",800,800,false],"2048x2048":["https:\/\/www.sikortex.com\/wp-content\/uploads\/2025\/04\/1-10.jpg",800,800,false],"trp-custom-language-flag":["https:\/\/www.sikortex.com\/wp-content\/uploads\/2025\/04\/1-10-12x12.jpg",12,12,true],"woocommerce_thumbnail":["https:\/\/www.sikortex.com\/wp-content\/uploads\/2025\/04\/1-10-300x300.jpg",300,300,true],"woocommerce_single":["https:\/\/www.sikortex.com\/wp-content\/uploads\/2025\/04\/1-10-600x600.jpg",600,600,true],"woocommerce_gallery_thumbnail":["https:\/\/www.sikortex.com\/wp-content\/uploads\/2025\/04\/1-10-100x100.jpg",100,100,true]},"uagb_author_info":{"display_name":"Sandy","author_link":"https:\/\/www.sikortex.com\/es\/author\/"},"uagb_comment_info":0,"uagb_excerpt":"1000 Meters(Min.Order)","_links":{"self":[{"href":"https:\/\/www.sikortex.com\/es\/wp-json\/wp\/v2\/product\/8642","targetHints":{"allow":["GET"]}}],"collection":[{"href":"https:\/\/www.sikortex.com\/es\/wp-json\/wp\/v2\/product"}],"about":[{"href":"https:\/\/www.sikortex.com\/es\/wp-json\/wp\/v2\/types\/product"}],"replies":[{"embeddable":true,"href":"https:\/\/www.sikortex.com\/es\/wp-json\/wp\/v2\/comments?post=8642"}],"wp:featuredmedia":[{"embeddable":true,"href":"https:\/\/www.sikortex.com\/es\/wp-json\/wp\/v2\/media\/8643"}],"wp:attachment":[{"href":"https:\/\/www.sikortex.com\/es\/wp-json\/wp\/v2\/media?parent=8642"}],"wp:term":[{"taxonomy":"product_brand","embeddable":true,"href":"https:\/\/www.sikortex.com\/es\/wp-json\/wp\/v2\/product_brand?post=8642"},{"taxonomy":"product_cat","embeddable":true,"href":"https:\/\/www.sikortex.com\/es\/wp-json\/wp\/v2\/product_cat?post=8642"},{"taxonomy":"product_tag","embeddable":true,"href":"https:\/\/www.sikortex.com\/es\/wp-json\/wp\/v2\/product_tag?post=8642"}],"curies":[{"name":"gracias","href":"https:\/\/api.w.org\/{rel}","templated":true}]}}