{"id":8630,"date":"2025-04-26T12:30:10","date_gmt":"2025-04-26T04:30:10","guid":{"rendered":"https:\/\/www.sikortex.com\/?post_type=product&#038;p=8630"},"modified":"2025-04-27T10:23:02","modified_gmt":"2025-04-27T02:23:02","slug":"tejido-de-3-capas-para-ropa-de-exterior","status":"publish","type":"product","link":"https:\/\/www.sikortex.com\/es\/producto\/tejido-de-3-capas-para-ropa-de-exterior\/","title":{"rendered":"Tejido de tricot estampado en la parte posterior de 3 capas para prendas de exterior"},"content":{"rendered":"<p>Construcci\u00f3n innovadora para un rendimiento superior<\/p>\n<p>El avanzado tejido de 3 capas de SIKOR-TEX para prendas de exterior cuenta con un reverso de tricot estampado, lo que elimina la necesidad de un forro independiente. Su exclusivo patr\u00f3n de malla crea un elegante efecto de forro, a la vez que reduce el peso total de la prenda hasta en 251 TP3T en comparaci\u00f3n con las construcciones tradicionales.<\/p>\n<p>Aplicaciones Premium<\/p>\n<p>Este tejido t\u00e9cnico se destaca en entornos exigentes: ropa de trabajo para mal tiempo que protege durante largos per\u00edodos de exposici\u00f3n; ropa elegante para exteriores que combina rendimiento con detalles de pasarela; y chaquetas r\u00edgidas que brindan la m\u00e1xima protecci\u00f3n contra el viento sin volumen.<\/p>\n<p>Ventajas t\u00e9cnicas<\/p>\n<p>El respaldo de punto impreso se imprime digitalmente para permitirle personalizar una variedad de texturas, y podemos responder r\u00e1pidamente para ayudarlo a dise\u00f1ar prendas de moda.<\/p>\n<p>&nbsp;<\/p>","protected":false},"excerpt":{"rendered":"<p>1000 metros (pedido m\u00ednimo)<\/p>","protected":false},"featured_media":8634,"comment_status":"closed","ping_status":"closed","template":"","meta":{"_uag_custom_page_level_css":"","site-sidebar-layout":"default","site-content-layout":"default","ast-site-content-layout":"default","site-content-style":"default","site-sidebar-style":"default","ast-global-header-display":"","ast-banner-title-visibility":"","ast-main-header-display":"","ast-hfb-above-header-display":"","ast-hfb-below-header-display":"","ast-hfb-mobile-header-display":"","site-post-title":"","ast-breadcrumbs-content":"","ast-featured-img":"","footer-sml-layout":"","theme-transparent-header-meta":"default","adv-header-id-meta":"","stick-header-meta":"default","header-above-stick-meta":"","header-main-stick-meta":"","header-below-stick-meta":"","astra-migrate-meta-layouts":"set","ast-page-background-enabled":"default","ast-page-background-meta":{"desktop":{"background-color":"","background-image":"","background-repeat":"repeat","background-position":"center center","background-size":"auto","background-attachment":"scroll","background-type":"","background-media":"","overlay-type":"","overlay-color":"","overlay-opacity":"","overlay-gradient":""},"tablet":{"background-color":"","background-image":"","background-repeat":"repeat","background-position":"center center","background-size":"auto","background-attachment":"scroll","background-type":"","background-media":"","overlay-type":"","overlay-color":"","overlay-opacity":"","overlay-gradient":""},"mobile":{"background-color":"","background-image":"","background-repeat":"repeat","background-position":"center center","background-size":"auto","background-attachment":"scroll","background-type":"","background-media":"","overlay-type":"","overlay-color":"","overlay-opacity":"","overlay-gradient":""}},"ast-content-background-meta":{"desktop":{"background-color":"var(--ast-global-color-5)","background-image":"","background-repeat":"repeat","background-position":"center center","background-size":"auto","background-attachment":"scroll","background-type":"","background-media":"","overlay-type":"","overlay-color":"","overlay-opacity":"","overlay-gradient":""},"tablet":{"background-color":"var(--ast-global-color-5)","background-image":"","background-repeat":"repeat","background-position":"center center","background-size":"auto","background-attachment":"scroll","background-type":"","background-media":"","overlay-type":"","overlay-color":"","overlay-opacity":"","overlay-gradient":""},"mobile":{"background-color":"var(--ast-global-color-5)","background-image":"","background-repeat":"repeat","background-position":"center center","background-size":"auto","background-attachment":"scroll","background-type":"","background-media":"","overlay-type":"","overlay-color":"","overlay-opacity":"","overlay-gradient":""}}},"product_brand":[],"product_cat":[1145,1041],"product_tag":[],"class_list":{"0":"post-8630","1":"product","2":"type-product","3":"status-publish","4":"has-post-thumbnail","6":"product_cat-lightweight-fabric","7":"product_cat-polyester-nylon","8":"desktop-align-left","9":"tablet-align-left","10":"mobile-align-left","11":"ast-product-gallery-layout-vertical-slider","12":"ast-product-tabs-layout-horizontal","14":"first","15":"instock","16":"shipping-taxable","17":"product-type-simple"},"uagb_featured_image_src":{"full":["https:\/\/www.sikortex.com\/wp-content\/uploads\/2025\/04\/4-9.jpg",800,800,false],"thumbnail":["https:\/\/www.sikortex.com\/wp-content\/uploads\/2025\/04\/4-9-150x150.jpg",150,150,true],"medium":["https:\/\/www.sikortex.com\/wp-content\/uploads\/2025\/04\/4-9-300x300.jpg",300,300,true],"medium_large":["https:\/\/www.sikortex.com\/wp-content\/uploads\/2025\/04\/4-9-768x768.jpg",768,768,true],"large":["https:\/\/www.sikortex.com\/wp-content\/uploads\/2025\/04\/4-9.jpg",800,800,false],"1536x1536":["https:\/\/www.sikortex.com\/wp-content\/uploads\/2025\/04\/4-9.jpg",800,800,false],"2048x2048":["https:\/\/www.sikortex.com\/wp-content\/uploads\/2025\/04\/4-9.jpg",800,800,false],"trp-custom-language-flag":["https:\/\/www.sikortex.com\/wp-content\/uploads\/2025\/04\/4-9-12x12.jpg",12,12,true],"woocommerce_thumbnail":["https:\/\/www.sikortex.com\/wp-content\/uploads\/2025\/04\/4-9-300x300.jpg",300,300,true],"woocommerce_single":["https:\/\/www.sikortex.com\/wp-content\/uploads\/2025\/04\/4-9-600x600.jpg",600,600,true],"woocommerce_gallery_thumbnail":["https:\/\/www.sikortex.com\/wp-content\/uploads\/2025\/04\/4-9-100x100.jpg",100,100,true]},"uagb_author_info":{"display_name":"Sandy","author_link":"https:\/\/www.sikortex.com\/es\/author\/"},"uagb_comment_info":0,"uagb_excerpt":"1000 Meters(Min.Order)","_links":{"self":[{"href":"https:\/\/www.sikortex.com\/es\/wp-json\/wp\/v2\/product\/8630","targetHints":{"allow":["GET"]}}],"collection":[{"href":"https:\/\/www.sikortex.com\/es\/wp-json\/wp\/v2\/product"}],"about":[{"href":"https:\/\/www.sikortex.com\/es\/wp-json\/wp\/v2\/types\/product"}],"replies":[{"embeddable":true,"href":"https:\/\/www.sikortex.com\/es\/wp-json\/wp\/v2\/comments?post=8630"}],"wp:featuredmedia":[{"embeddable":true,"href":"https:\/\/www.sikortex.com\/es\/wp-json\/wp\/v2\/media\/8634"}],"wp:attachment":[{"href":"https:\/\/www.sikortex.com\/es\/wp-json\/wp\/v2\/media?parent=8630"}],"wp:term":[{"taxonomy":"product_brand","embeddable":true,"href":"https:\/\/www.sikortex.com\/es\/wp-json\/wp\/v2\/product_brand?post=8630"},{"taxonomy":"product_cat","embeddable":true,"href":"https:\/\/www.sikortex.com\/es\/wp-json\/wp\/v2\/product_cat?post=8630"},{"taxonomy":"product_tag","embeddable":true,"href":"https:\/\/www.sikortex.com\/es\/wp-json\/wp\/v2\/product_tag?post=8630"}],"curies":[{"name":"gracias","href":"https:\/\/api.w.org\/{rel}","templated":true}]}}