{"id":8612,"date":"2025-04-23T13:08:19","date_gmt":"2025-04-23T05:08:19","guid":{"rendered":"https:\/\/www.sikortex.com\/?post_type=product&#038;p=8612"},"modified":"2025-04-25T14:31:38","modified_gmt":"2025-04-25T06:31:38","slug":"tejido-compuesto-de-tpu-para-chaqueta-impermeable","status":"publish","type":"product","link":"https:\/\/www.sikortex.com\/es\/producto\/tejido-compuesto-de-tpu-para-chaqueta-impermeable\/","title":{"rendered":"Tejido el\u00e1stico compuesto de TPU T800 para chaqueta impermeable"},"content":{"rendered":"<div class=\"waterproof-fabric-article\">\n<p>Dise\u00f1ado para un rendimiento superior, nuestro tejido compuesto de TPU combina durabilidad con una comodidad excepcional, lo que lo convierte en el tejido perfecto para chaquetas impermeables. Este material avanzado ofrece protecci\u00f3n premium sin sacrificar estilo ni movilidad.<\/p>\n<h3>Propiedades excepcionales de los tejidos<\/h3>\n<ul class=\"fabric-properties\">\n<li><strong>Estructurado pero suave<\/strong> \u2013 Mantiene la forma a la vez que ofrece comodidad al llevarlo.<\/li>\n<li><strong>Protecci\u00f3n completa contra el viento<\/strong> \u2013 Bloquea eficazmente los vientos fuertes<\/li>\n<li><strong>Impermeable y transpirable<\/strong> \u2013 La capa de TPU repele el agua y permite la transferencia de vapor.<\/li>\n<li><strong>Excelente elasticidad<\/strong> \u2013 Alargamiento 20-25% para libertad de movimiento<\/li>\n<\/ul>\n<h3>Aplicaciones Premium<\/h3>\n<div class=\"applications-grid\">\n<div class=\"application-item\">\n<h4>Ropa de trabajo para climas extremos<\/h4>\n<p>Ideal para ropa de protecci\u00f3n en los sectores de construcci\u00f3n y servicios p\u00fablicos.<\/p>\n<\/div>\n<div class=\"application-item\">\n<h4>Ropa t\u00e9cnica para actividades al aire libre<\/h4>\n<p>Perfecto para chaquetas de senderismo y equipo de expedici\u00f3n.<\/p>\n<\/div>\n<div class=\"application-item\">\n<h4>Ropa de abrigo de moda<\/h4>\n<p>Parkas elegantes y chaquetas contempor\u00e1neas<\/p>\n<\/div>\n<div class=\"application-item\">\n<h4>Equipo ecuestre<\/h4>\n<p>Mantas duraderas para protecci\u00f3n contra todo tipo de clima.<\/p>\n<\/div>\n<\/div>\n<h3>\u00bfPor qu\u00e9 elegir nuestro tejido compuesto de TPU?<\/h3>\n<p>El tejido compuesto de TPU el\u00e1stico T800 destaca por su combinaci\u00f3n \u00fanica de rendimiento t\u00e9cnico y comodidad. Como tejido premium para la producci\u00f3n de chaquetas impermeables, ofrece una durabilidad superior a la de los materiales est\u00e1ndar, manteniendo excelentes propiedades de elasticidad.<\/p>\n<div class=\"technical-benefits\">\n<p><strong>Ventajas t\u00e9cnicas:<\/strong> Resistencia al desgarro \u2022 Adaptabilidad a la temperatura \u2022 Control de la humedad \u2022 Retenci\u00f3n de la forma \u2022 Rendimiento impermeable a largo plazo<\/p>\n<\/div>\n<\/div>","protected":false},"excerpt":{"rendered":"<p>1000 metros (pedido m\u00ednimo)<\/p>","protected":false},"featured_media":8616,"comment_status":"closed","ping_status":"closed","template":"","meta":{"_uag_custom_page_level_css":"","site-sidebar-layout":"default","site-content-layout":"default","ast-site-content-layout":"default","site-content-style":"default","site-sidebar-style":"default","ast-global-header-display":"","ast-banner-title-visibility":"","ast-main-header-display":"","ast-hfb-above-header-display":"","ast-hfb-below-header-display":"","ast-hfb-mobile-header-display":"","site-post-title":"","ast-breadcrumbs-content":"","ast-featured-img":"","footer-sml-layout":"","theme-transparent-header-meta":"default","adv-header-id-meta":"","stick-header-meta":"default","header-above-stick-meta":"","header-main-stick-meta":"","header-below-stick-meta":"","astra-migrate-meta-layouts":"set","ast-page-background-enabled":"default","ast-page-background-meta":{"desktop":{"background-color":"","background-image":"","background-repeat":"repeat","background-position":"center center","background-size":"auto","background-attachment":"scroll","background-type":"","background-media":"","overlay-type":"","overlay-color":"","overlay-opacity":"","overlay-gradient":""},"tablet":{"background-color":"","background-image":"","background-repeat":"repeat","background-position":"center center","background-size":"auto","background-attachment":"scroll","background-type":"","background-media":"","overlay-type":"","overlay-color":"","overlay-opacity":"","overlay-gradient":""},"mobile":{"background-color":"","background-image":"","background-repeat":"repeat","background-position":"center center","background-size":"auto","background-attachment":"scroll","background-type":"","background-media":"","overlay-type":"","overlay-color":"","overlay-opacity":"","overlay-gradient":""}},"ast-content-background-meta":{"desktop":{"background-color":"var(--ast-global-color-5)","background-image":"","background-repeat":"repeat","background-position":"center center","background-size":"auto","background-attachment":"scroll","background-type":"","background-media":"","overlay-type":"","overlay-color":"","overlay-opacity":"","overlay-gradient":""},"tablet":{"background-color":"var(--ast-global-color-5)","background-image":"","background-repeat":"repeat","background-position":"center center","background-size":"auto","background-attachment":"scroll","background-type":"","background-media":"","overlay-type":"","overlay-color":"","overlay-opacity":"","overlay-gradient":""},"mobile":{"background-color":"var(--ast-global-color-5)","background-image":"","background-repeat":"repeat","background-position":"center center","background-size":"auto","background-attachment":"scroll","background-type":"","background-media":"","overlay-type":"","overlay-color":"","overlay-opacity":"","overlay-gradient":""}}},"product_brand":[],"product_cat":[403,431,1183,428,429,421,420,414],"product_tag":[],"class_list":{"0":"post-8612","1":"product","2":"type-product","3":"status-publish","4":"has-post-thumbnail","6":"product_cat-polyester-fabrics","7":"product_cat-fabric-for-commuting-clothing","8":"product_cat-fabric-for-horse-blankets","9":"product_cat-fabric-for-outdoor-sports","10":"product_cat-fabric-for-sportswear","11":"product_cat-foul-weather-fabrics","12":"product_cat-stretch-fabrics","13":"product_cat-waterproof-fabrics","14":"pa_available_colors-911052-spc","15":"desktop-align-left","16":"tablet-align-left","17":"mobile-align-left","18":"ast-product-gallery-layout-vertical-slider","19":"ast-product-tabs-layout-horizontal","21":"first","22":"instock","23":"shipping-taxable","24":"product-type-simple"},"uagb_featured_image_src":{"full":["https:\/\/www.sikortex.com\/wp-content\/uploads\/2025\/04\/IMG_0746-scaled.jpg",2560,2560,false],"thumbnail":["https:\/\/www.sikortex.com\/wp-content\/uploads\/2025\/04\/IMG_0746-150x150.jpg",150,150,true],"medium":["https:\/\/www.sikortex.com\/wp-content\/uploads\/2025\/04\/IMG_0746-300x300.jpg",300,300,true],"medium_large":["https:\/\/www.sikortex.com\/wp-content\/uploads\/2025\/04\/IMG_0746-768x768.jpg",768,768,true],"large":["https:\/\/www.sikortex.com\/wp-content\/uploads\/2025\/04\/IMG_0746-1024x1024.jpg",1024,1024,true],"1536x1536":["https:\/\/www.sikortex.com\/wp-content\/uploads\/2025\/04\/IMG_0746-1536x1536.jpg",1536,1536,true],"2048x2048":["https:\/\/www.sikortex.com\/wp-content\/uploads\/2025\/04\/IMG_0746-2048x2048.jpg",2048,2048,true],"trp-custom-language-flag":["https:\/\/www.sikortex.com\/wp-content\/uploads\/2025\/04\/IMG_0746-12x12.jpg",12,12,true],"woocommerce_thumbnail":["https:\/\/www.sikortex.com\/wp-content\/uploads\/2025\/04\/IMG_0746-300x300.jpg",300,300,true],"woocommerce_single":["https:\/\/www.sikortex.com\/wp-content\/uploads\/2025\/04\/IMG_0746-600x600.jpg",600,600,true],"woocommerce_gallery_thumbnail":["https:\/\/www.sikortex.com\/wp-content\/uploads\/2025\/04\/IMG_0746-100x100.jpg",100,100,true]},"uagb_author_info":{"display_name":"Sandy","author_link":"https:\/\/www.sikortex.com\/es\/author\/"},"uagb_comment_info":0,"uagb_excerpt":"1000 Meters(Min.Order)","_links":{"self":[{"href":"https:\/\/www.sikortex.com\/es\/wp-json\/wp\/v2\/product\/8612","targetHints":{"allow":["GET"]}}],"collection":[{"href":"https:\/\/www.sikortex.com\/es\/wp-json\/wp\/v2\/product"}],"about":[{"href":"https:\/\/www.sikortex.com\/es\/wp-json\/wp\/v2\/types\/product"}],"replies":[{"embeddable":true,"href":"https:\/\/www.sikortex.com\/es\/wp-json\/wp\/v2\/comments?post=8612"}],"wp:featuredmedia":[{"embeddable":true,"href":"https:\/\/www.sikortex.com\/es\/wp-json\/wp\/v2\/media\/8616"}],"wp:attachment":[{"href":"https:\/\/www.sikortex.com\/es\/wp-json\/wp\/v2\/media?parent=8612"}],"wp:term":[{"taxonomy":"product_brand","embeddable":true,"href":"https:\/\/www.sikortex.com\/es\/wp-json\/wp\/v2\/product_brand?post=8612"},{"taxonomy":"product_cat","embeddable":true,"href":"https:\/\/www.sikortex.com\/es\/wp-json\/wp\/v2\/product_cat?post=8612"},{"taxonomy":"product_tag","embeddable":true,"href":"https:\/\/www.sikortex.com\/es\/wp-json\/wp\/v2\/product_tag?post=8612"}],"curies":[{"name":"gracias","href":"https:\/\/api.w.org\/{rel}","templated":true}]}}