{"id":8566,"date":"2025-04-23T11:33:00","date_gmt":"2025-04-23T03:33:00","guid":{"rendered":"https:\/\/www.sikortex.com\/?post_type=product&#038;p=8566"},"modified":"2025-04-23T13:15:27","modified_gmt":"2025-04-23T05:15:27","slug":"tejido-de-vellon-de-pu-laminado-de-nailon-elastico-en-4-direcciones","status":"publish","type":"product","link":"https:\/\/www.sikortex.com\/es\/producto\/tejido-de-vellon-de-pu-laminado-de-nailon-elastico-en-4-direcciones\/","title":{"rendered":"Tejido polar de PU laminado con elasticidad en 4 direcciones de nailon de alta calidad"},"content":{"rendered":"<style>\n        body {<br \/>\n            font-family: 'Arial', sans-serif;<br \/>\n            line-height: 1.6;<br \/>\n            color: #333;<br \/>\n            max-width: 1000px;<br \/>\n            margin: 0 auto;<br \/>\n            padding: 20px;<br \/>\n        }<br \/>\n        h1 {<br \/>\n            color: #2a5885;<br \/>\n            font-size: 28px;<br \/>\n            margin-bottom: 20px;<br \/>\n            border-bottom: 2px solid #f0f0f0;<br \/>\n            padding-bottom: 10px;<br \/>\n        }<br \/>\n        h2 {<br \/>\n            color: #3a6ea5;<br \/>\n            font-size: 22px;<br \/>\n            margin-top: 30px;<br \/>\n        }<br \/>\n        .features-grid {<br \/>\n            display: grid;<br \/>\n            grid-template-columns: repeat(2, 1fr);<br \/>\n            gap: 15px;<br \/>\n            margin: 20px 0;<br \/>\n        }<br \/>\n        .feature-item {<br \/>\n            background: #f9f9f9;<br \/>\n            padding: 15px;<br \/>\n            border-radius: 5px;<br \/>\n            border-left: 4px solid #3a6ea5;<br \/>\n        }<br \/>\n        .feature-title {<br \/>\n            font-weight: bold;<br \/>\n            color: #2a5885;<br \/>\n            margin-bottom: 5px;<br \/>\n        }<br \/>\n        table {<br \/>\n            width: 100%;<br \/>\n            border-collapse: collapse;<br \/>\n            margin: 25px 0;<br \/>\n        }<br \/>\n        th, td {<br \/>\n            padding: 12px 15px;<br \/>\n            text-align: left;<br \/>\n            border-bottom: 1px solid #ddd;<br \/>\n        }<br \/>\n        th {<br \/>\n            background-color: #f2f2f2;<br \/>\n            color: #2a5885;<br \/>\n        }<br \/>\n        .highlight {<br \/>\n            font-weight: bold;<br \/>\n            color: #2a5885;<br \/>\n        }<br \/>\n    <\/style>\n<h2>Tejido polar de PU laminado con elasticidad en 4 direcciones de nailon de alta calidad<\/h2>\n<p>Experimente la combinaci\u00f3n perfecta de rendimiento y comodidad con nuestro <span class=\"highlight\">Tejido polar de PU laminado de nailon de alta calidad con elasticidad en 4 direcciones<\/span>Dise\u00f1ado para ropa exterior y deportiva de primera calidad, este <span class=\"highlight\">Tejido laminado de 3 capas<\/span> Ofrece protecci\u00f3n y flexibilidad excepcionales, lo que lo hace ideal para condiciones clim\u00e1ticas extremas y actividades de alta intensidad.<\/p>\n<h3>Rendimiento y protecci\u00f3n inigualables<\/h3>\n<div class=\"features-grid\">\n<div class=\"feature-item\">\n<div class=\"feature-title\">Resistente al viento y al agua<\/div>\n<p>El avanzado <span class=\"highlight\">laminaci\u00f3n de PU<\/span> garantiza una resistencia completa al viento y <span class=\"highlight\">Resistente al agua y duradero<\/span> Rendimiento, manteni\u00e9ndote seco bajo fuertes lluvias y nieve.<\/p>\n<\/div>\n<div class=\"feature-item\">\n<div class=\"feature-title\">Respirable<\/div>\n<p>Dise\u00f1ado para un flujo de aire \u00f3ptimo, el tejido permite que la humedad escape, evitando el sobrecalentamiento durante el movimiento.<\/p>\n<\/div>\n<div class=\"feature-item\">\n<div class=\"feature-title\">Estiramiento en cuatro direcciones<\/div>\n<p>El <span class=\"highlight\">nailon el\u00e1stico en 4 direcciones<\/span> La construcci\u00f3n proporciona una elasticidad superior, garantizando la libertad de movimiento sin comprometer la durabilidad.<\/p>\n<\/div>\n<div class=\"feature-item\">\n<div class=\"feature-title\">Resistente a la abrasi\u00f3n<\/div>\n<p>Las fibras reforzadas mejoran la dureza, haci\u00e9ndola resistente al desgaste para un uso duradero.<\/p>\n<\/div>\n<div class=\"feature-item\">\n<div class=\"feature-title\">Calidez excepcional<\/div>\n<p>La capa interior de vell\u00f3n suave ofrece un aislamiento superior, manteni\u00e9ndote abrigado en climas fr\u00edos.<\/p>\n<\/div>\n<div class=\"feature-item\">\n<div class=\"feature-title\">Acabado lujoso<\/div>\n<p>El <span class=\"highlight\">superficie fina y de alta calidad<\/span> Ofrece una apariencia elegante y de primera calidad adecuada para equipos de alto rendimiento y moda de alta gama.<\/p>\n<\/div>\n<\/div>\n<h3>Especificaciones t\u00e9cnicas<\/h3>\n<table>\n<thead>\n<tr>\n<th>Propiedad<\/th>\n<th>Calificaci\u00f3n de desempe\u00f1o<\/th>\n<\/tr>\n<\/thead>\n<tbody>\n<tr>\n<td>Resistencia a la presi\u00f3n hidrost\u00e1tica<\/td>\n<td>20.000 (JIS L)<\/td>\n<\/tr>\n<tr>\n<td>Transpirabilidad<\/td>\n<td>10.000 (JIS L)<\/td>\n<\/tr>\n<\/tbody>\n<\/table>\n<p>Ideal para chaquetas de esqu\u00ed, equipo para actividades al aire libre y ropa exterior urbana, este tejido combina <span class=\"highlight\">flexibilidad del nailon<\/span> con <span class=\"highlight\">comodidad de vell\u00f3n laminado<\/span> Para un rendimiento y estilo m\u00e1ximos.<\/p>\n<p>&nbsp;<\/p>","protected":false},"excerpt":{"rendered":"<p>1000 metros (pedido m\u00ednimo)<\/p>","protected":false},"featured_media":8571,"comment_status":"closed","ping_status":"closed","template":"","meta":{"_uag_custom_page_level_css":"","site-sidebar-layout":"default","site-content-layout":"default","ast-site-content-layout":"default","site-content-style":"default","site-sidebar-style":"default","ast-global-header-display":"","ast-banner-title-visibility":"","ast-main-header-display":"","ast-hfb-above-header-display":"","ast-hfb-below-header-display":"","ast-hfb-mobile-header-display":"","site-post-title":"","ast-breadcrumbs-content":"","ast-featured-img":"","footer-sml-layout":"","theme-transparent-header-meta":"default","adv-header-id-meta":"","stick-header-meta":"default","header-above-stick-meta":"","header-main-stick-meta":"","header-below-stick-meta":"","astra-migrate-meta-layouts":"set","ast-page-background-enabled":"default","ast-page-background-meta":{"desktop":{"background-color":"","background-image":"","background-repeat":"repeat","background-position":"center center","background-size":"auto","background-attachment":"scroll","background-type":"","background-media":"","overlay-type":"","overlay-color":"","overlay-opacity":"","overlay-gradient":""},"tablet":{"background-color":"","background-image":"","background-repeat":"repeat","background-position":"center center","background-size":"auto","background-attachment":"scroll","background-type":"","background-media":"","overlay-type":"","overlay-color":"","overlay-opacity":"","overlay-gradient":""},"mobile":{"background-color":"","background-image":"","background-repeat":"repeat","background-position":"center center","background-size":"auto","background-attachment":"scroll","background-type":"","background-media":"","overlay-type":"","overlay-color":"","overlay-opacity":"","overlay-gradient":""}},"ast-content-background-meta":{"desktop":{"background-color":"var(--ast-global-color-5)","background-image":"","background-repeat":"repeat","background-position":"center center","background-size":"auto","background-attachment":"scroll","background-type":"","background-media":"","overlay-type":"","overlay-color":"","overlay-opacity":"","overlay-gradient":""},"tablet":{"background-color":"var(--ast-global-color-5)","background-image":"","background-repeat":"repeat","background-position":"center center","background-size":"auto","background-attachment":"scroll","background-type":"","background-media":"","overlay-type":"","overlay-color":"","overlay-opacity":"","overlay-gradient":""},"mobile":{"background-color":"var(--ast-global-color-5)","background-image":"","background-repeat":"repeat","background-position":"center center","background-size":"auto","background-attachment":"scroll","background-type":"","background-media":"","overlay-type":"","overlay-color":"","overlay-opacity":"","overlay-gradient":""}}},"product_brand":[],"product_cat":[404,414],"product_tag":[],"class_list":{"0":"post-8566","1":"product","2":"type-product","3":"status-publish","4":"has-post-thumbnail","6":"product_cat-nylon-fabrics","7":"product_cat-waterproof-fabrics","8":"pa_available_colors-911052-spc","9":"desktop-align-left","10":"tablet-align-left","11":"mobile-align-left","12":"ast-product-gallery-layout-vertical-slider","13":"ast-product-tabs-layout-horizontal","15":"first","16":"instock","17":"shipping-taxable","18":"product-type-simple"},"uagb_featured_image_src":{"full":["https:\/\/www.sikortex.com\/wp-content\/uploads\/2025\/04\/IMG_0769.jpg",800,800,false],"thumbnail":["https:\/\/www.sikortex.com\/wp-content\/uploads\/2025\/04\/IMG_0769-150x150.jpg",150,150,true],"medium":["https:\/\/www.sikortex.com\/wp-content\/uploads\/2025\/04\/IMG_0769-300x300.jpg",300,300,true],"medium_large":["https:\/\/www.sikortex.com\/wp-content\/uploads\/2025\/04\/IMG_0769-768x768.jpg",768,768,true],"large":["https:\/\/www.sikortex.com\/wp-content\/uploads\/2025\/04\/IMG_0769.jpg",800,800,false],"1536x1536":["https:\/\/www.sikortex.com\/wp-content\/uploads\/2025\/04\/IMG_0769.jpg",800,800,false],"2048x2048":["https:\/\/www.sikortex.com\/wp-content\/uploads\/2025\/04\/IMG_0769.jpg",800,800,false],"trp-custom-language-flag":["https:\/\/www.sikortex.com\/wp-content\/uploads\/2025\/04\/IMG_0769-12x12.jpg",12,12,true],"woocommerce_thumbnail":["https:\/\/www.sikortex.com\/wp-content\/uploads\/2025\/04\/IMG_0769-300x300.jpg",300,300,true],"woocommerce_single":["https:\/\/www.sikortex.com\/wp-content\/uploads\/2025\/04\/IMG_0769-600x600.jpg",600,600,true],"woocommerce_gallery_thumbnail":["https:\/\/www.sikortex.com\/wp-content\/uploads\/2025\/04\/IMG_0769-100x100.jpg",100,100,true]},"uagb_author_info":{"display_name":"Sandy","author_link":"https:\/\/www.sikortex.com\/es\/author\/"},"uagb_comment_info":0,"uagb_excerpt":"1000 Meters(Min.Order)","_links":{"self":[{"href":"https:\/\/www.sikortex.com\/es\/wp-json\/wp\/v2\/product\/8566","targetHints":{"allow":["GET"]}}],"collection":[{"href":"https:\/\/www.sikortex.com\/es\/wp-json\/wp\/v2\/product"}],"about":[{"href":"https:\/\/www.sikortex.com\/es\/wp-json\/wp\/v2\/types\/product"}],"replies":[{"embeddable":true,"href":"https:\/\/www.sikortex.com\/es\/wp-json\/wp\/v2\/comments?post=8566"}],"wp:featuredmedia":[{"embeddable":true,"href":"https:\/\/www.sikortex.com\/es\/wp-json\/wp\/v2\/media\/8571"}],"wp:attachment":[{"href":"https:\/\/www.sikortex.com\/es\/wp-json\/wp\/v2\/media?parent=8566"}],"wp:term":[{"taxonomy":"product_brand","embeddable":true,"href":"https:\/\/www.sikortex.com\/es\/wp-json\/wp\/v2\/product_brand?post=8566"},{"taxonomy":"product_cat","embeddable":true,"href":"https:\/\/www.sikortex.com\/es\/wp-json\/wp\/v2\/product_cat?post=8566"},{"taxonomy":"product_tag","embeddable":true,"href":"https:\/\/www.sikortex.com\/es\/wp-json\/wp\/v2\/product_tag?post=8566"}],"curies":[{"name":"gracias","href":"https:\/\/api.w.org\/{rel}","templated":true}]}}