{"id":8021,"date":"2025-03-03T15:10:59","date_gmt":"2025-03-03T07:10:59","guid":{"rendered":"https:\/\/www.sikortex.com\/?post_type=product&#038;p=8021"},"modified":"2025-03-04T11:07:21","modified_gmt":"2025-03-04T03:07:21","slug":"tejido-recubierto-de-poliester-tpu-de-doble-cara","status":"publish","type":"product","link":"https:\/\/www.sikortex.com\/es\/producto\/tejido-recubierto-de-poliester-tpu-de-doble-cara\/","title":{"rendered":"Tejido revestido de poli\u00e9ster TPU 600D de doble cara: duradero, impermeable y personalizable"},"content":{"rendered":"<p>Nuestra tela de poli\u00e9ster 600D con revestimiento de TPU de doble cara es un material de alto rendimiento dise\u00f1ado para aplicaciones exigentes. Con revestimiento de TPU en ambas caras, esta tela ofrece una durabilidad excepcional. <a href=\"\/es\/tejido-tenido-en-solucion\/\"><span style=\"color: #3366ff;\">Resistencia a los rayos UV<\/span><\/a>, impermeabilizaci\u00f3n y opciones de personalizaci\u00f3n. Ya sea que lo necesite para equipo de exterior, <a href=\"https:\/\/www.sikortex.com\/es\/ropa-de-trabajo-para-el-transporte-y\/\"><span style=\"color: #3366ff;\">cubiertas industriales<\/span><\/a>, o bolsas para trabajos pesados, esta tela ofrece un rendimiento y una confiabilidad inigualables.<\/p>\n<p>Caracter\u00edsticas principales<br \/>\n1. Recubrimiento de TPU de doble cara:<br \/>\nProporciona impermeabilidad completa y mayor durabilidad para un uso duradero.<\/p>\n<p>2. Resistencia a los rayos UV y a la corrosi\u00f3n:<br \/>\nResiste la exposici\u00f3n prolongada a la luz solar y a entornos hostiles, lo que lo hace ideal para aplicaciones exteriores y marinas.<\/p>\n<p>3. Opciones personalizables:<br \/>\nDisponible en recubrimientos transparentes, esmerilados o te\u00f1idos para satisfacer sus necesidades de dise\u00f1o espec\u00edficas.<\/p>\n<p>4. Material ecol\u00f3gico:<br \/>\nEl TPU es reciclable y no contiene qu\u00edmicos da\u00f1inos como ftalatos y cloro, lo que lo convierte en una opci\u00f3n sustentable.<\/p>\n<p>&nbsp;<\/p>\n<p>Aplicaciones<br \/>\nNuestra tela recubierta de doble cara de poli\u00e9ster TPU 600D es perfecta para:<br \/>\nChalecos de buceo: Material resistente a la corrosi\u00f3n e impermeable para equipos de buceo.<br \/>\nEquipo para exteriores: tiendas de campa\u00f1a, mochilas y lonas que requieren durabilidad y resistencia a la intemperie.<br \/>\n<a href=\"https:\/\/www.sikortex.com\/es\/ropa-de-trabajo-para-el-transporte-y\/\"><span style=\"color: #3366ff;\">Cubiertas industriales<\/span><\/a>:Cubiertas protectoras para maquinaria y veh\u00edculos.<br \/>\nBolsas resistentes: equipaje, kits de herramientas y equipo t\u00e1ctico.<br \/>\nEquipos Marinos: Cubiertas para embarcaciones e interiores de buques.<\/p>\n<p>&nbsp;<\/p>\n<p>&nbsp;<\/p>","protected":false},"excerpt":{"rendered":"<p>600 metros (pedido m\u00ednimo)<\/p>","protected":false},"featured_media":8023,"comment_status":"closed","ping_status":"closed","template":"","meta":{"_uag_custom_page_level_css":"","site-sidebar-layout":"default","site-content-layout":"default","ast-site-content-layout":"default","site-content-style":"default","site-sidebar-style":"default","ast-global-header-display":"","ast-banner-title-visibility":"","ast-main-header-display":"","ast-hfb-above-header-display":"","ast-hfb-below-header-display":"","ast-hfb-mobile-header-display":"","site-post-title":"","ast-breadcrumbs-content":"","ast-featured-img":"","footer-sml-layout":"","theme-transparent-header-meta":"default","adv-header-id-meta":"","stick-header-meta":"default","header-above-stick-meta":"","header-main-stick-meta":"","header-below-stick-meta":"","astra-migrate-meta-layouts":"set","ast-page-background-enabled":"default","ast-page-background-meta":{"desktop":{"background-color":"","background-image":"","background-repeat":"repeat","background-position":"center center","background-size":"auto","background-attachment":"scroll","background-type":"","background-media":"","overlay-type":"","overlay-color":"","overlay-opacity":"","overlay-gradient":""},"tablet":{"background-color":"","background-image":"","background-repeat":"repeat","background-position":"center center","background-size":"auto","background-attachment":"scroll","background-type":"","background-media":"","overlay-type":"","overlay-color":"","overlay-opacity":"","overlay-gradient":""},"mobile":{"background-color":"","background-image":"","background-repeat":"repeat","background-position":"center center","background-size":"auto","background-attachment":"scroll","background-type":"","background-media":"","overlay-type":"","overlay-color":"","overlay-opacity":"","overlay-gradient":""}},"ast-content-background-meta":{"desktop":{"background-color":"var(--ast-global-color-5)","background-image":"","background-repeat":"repeat","background-position":"center center","background-size":"auto","background-attachment":"scroll","background-type":"","background-media":"","overlay-type":"","overlay-color":"","overlay-opacity":"","overlay-gradient":""},"tablet":{"background-color":"var(--ast-global-color-5)","background-image":"","background-repeat":"repeat","background-position":"center center","background-size":"auto","background-attachment":"scroll","background-type":"","background-media":"","overlay-type":"","overlay-color":"","overlay-opacity":"","overlay-gradient":""},"mobile":{"background-color":"var(--ast-global-color-5)","background-image":"","background-repeat":"repeat","background-position":"center center","background-size":"auto","background-attachment":"scroll","background-type":"","background-media":"","overlay-type":"","overlay-color":"","overlay-opacity":"","overlay-gradient":""}}},"product_brand":[],"product_cat":[1206,432,1184,403,433,414],"product_tag":[],"class_list":{"0":"post-8021","1":"product","2":"type-product","3":"status-publish","4":"has-post-thumbnail","6":"product_cat-fabric-for-bag","7":"product_cat-fabric-for-tent","8":"product_cat-oxford-fabric","9":"product_cat-polyester-fabrics","10":"product_cat-textile-for-industrial","11":"product_cat-waterproof-fabrics","12":"pa_available_colors-h-black","13":"desktop-align-left","14":"tablet-align-left","15":"mobile-align-left","16":"ast-product-gallery-layout-vertical-slider","17":"ast-product-tabs-layout-horizontal","19":"first","20":"instock","21":"shipping-taxable","22":"product-type-simple"},"uagb_featured_image_src":{"full":["https:\/\/www.sikortex.com\/wp-content\/uploads\/2025\/03\/O1CN01OmJ6yQ1d8yz6ldDNI_2841383692-0-cib.jpg",800,800,false],"thumbnail":["https:\/\/www.sikortex.com\/wp-content\/uploads\/2025\/03\/O1CN01OmJ6yQ1d8yz6ldDNI_2841383692-0-cib-150x150.jpg",150,150,true],"medium":["https:\/\/www.sikortex.com\/wp-content\/uploads\/2025\/03\/O1CN01OmJ6yQ1d8yz6ldDNI_2841383692-0-cib-300x300.jpg",300,300,true],"medium_large":["https:\/\/www.sikortex.com\/wp-content\/uploads\/2025\/03\/O1CN01OmJ6yQ1d8yz6ldDNI_2841383692-0-cib-768x768.jpg",768,768,true],"large":["https:\/\/www.sikortex.com\/wp-content\/uploads\/2025\/03\/O1CN01OmJ6yQ1d8yz6ldDNI_2841383692-0-cib.jpg",800,800,false],"1536x1536":["https:\/\/www.sikortex.com\/wp-content\/uploads\/2025\/03\/O1CN01OmJ6yQ1d8yz6ldDNI_2841383692-0-cib.jpg",800,800,false],"2048x2048":["https:\/\/www.sikortex.com\/wp-content\/uploads\/2025\/03\/O1CN01OmJ6yQ1d8yz6ldDNI_2841383692-0-cib.jpg",800,800,false],"trp-custom-language-flag":["https:\/\/www.sikortex.com\/wp-content\/uploads\/2025\/03\/O1CN01OmJ6yQ1d8yz6ldDNI_2841383692-0-cib-12x12.jpg",12,12,true],"woocommerce_thumbnail":["https:\/\/www.sikortex.com\/wp-content\/uploads\/2025\/03\/O1CN01OmJ6yQ1d8yz6ldDNI_2841383692-0-cib-300x300.jpg",300,300,true],"woocommerce_single":["https:\/\/www.sikortex.com\/wp-content\/uploads\/2025\/03\/O1CN01OmJ6yQ1d8yz6ldDNI_2841383692-0-cib-600x600.jpg",600,600,true],"woocommerce_gallery_thumbnail":["https:\/\/www.sikortex.com\/wp-content\/uploads\/2025\/03\/O1CN01OmJ6yQ1d8yz6ldDNI_2841383692-0-cib-100x100.jpg",100,100,true]},"uagb_author_info":{"display_name":"Perry","author_link":"https:\/\/www.sikortex.com\/es\/author\/"},"uagb_comment_info":0,"uagb_excerpt":"600 Meters(Min.Order)","_links":{"self":[{"href":"https:\/\/www.sikortex.com\/es\/wp-json\/wp\/v2\/product\/8021","targetHints":{"allow":["GET"]}}],"collection":[{"href":"https:\/\/www.sikortex.com\/es\/wp-json\/wp\/v2\/product"}],"about":[{"href":"https:\/\/www.sikortex.com\/es\/wp-json\/wp\/v2\/types\/product"}],"replies":[{"embeddable":true,"href":"https:\/\/www.sikortex.com\/es\/wp-json\/wp\/v2\/comments?post=8021"}],"wp:featuredmedia":[{"embeddable":true,"href":"https:\/\/www.sikortex.com\/es\/wp-json\/wp\/v2\/media\/8023"}],"wp:attachment":[{"href":"https:\/\/www.sikortex.com\/es\/wp-json\/wp\/v2\/media?parent=8021"}],"wp:term":[{"taxonomy":"product_brand","embeddable":true,"href":"https:\/\/www.sikortex.com\/es\/wp-json\/wp\/v2\/product_brand?post=8021"},{"taxonomy":"product_cat","embeddable":true,"href":"https:\/\/www.sikortex.com\/es\/wp-json\/wp\/v2\/product_cat?post=8021"},{"taxonomy":"product_tag","embeddable":true,"href":"https:\/\/www.sikortex.com\/es\/wp-json\/wp\/v2\/product_tag?post=8021"}],"curies":[{"name":"gracias","href":"https:\/\/api.w.org\/{rel}","templated":true}]}}