{"id":8014,"date":"2025-03-03T14:12:52","date_gmt":"2025-03-03T06:12:52","guid":{"rendered":"https:\/\/www.sikortex.com\/?post_type=product&#038;p=8014"},"modified":"2025-03-04T12:22:10","modified_gmt":"2025-03-04T04:22:10","slug":"tejido-soldable-recubierto-de-tpu-de-poliester-600d","status":"publish","type":"product","link":"https:\/\/www.sikortex.com\/es\/producto\/tejido-soldable-recubierto-de-tpu-de-poliester-600d\/","title":{"rendered":"Tejido soldable recubierto de TPU de poli\u00e9ster 600D"},"content":{"rendered":"<p>Nuestro tejido soldable de poli\u00e9ster 600D con revestimiento de TPU es un material de alto rendimiento dise\u00f1ado para aplicaciones exigentes. Combinando la resistencia del poli\u00e9ster 600D con un revestimiento de poliuretano termopl\u00e1stico (TPU), este tejido ofrece una durabilidad excepcional, resistencia a la corrosi\u00f3n y solidez del color. Ya sea que est\u00e9 fabricando bolsos, chalecos de buceo o equipo para actividades al aire libre, este tejido ofrece un rendimiento confiable y una calidad duradera.<\/p>\n<p><strong>Caracter\u00edsticas principales<\/strong><br \/>\n1. Resistencia a la corrosi\u00f3n:<br \/>\nEl revestimiento de TPU proporciona una excelente resistencia a los productos qu\u00edmicos y a la corrosi\u00f3n, lo que lo hace ideal para entornos hostiles.<\/p>\n<p>2. Alta solidez del color:<br \/>\nLa tela conserva sus colores vibrantes incluso despu\u00e9s de una exposici\u00f3n prolongada a la luz solar y al lavado, lo que garantiza un atractivo est\u00e9tico duradero.<\/p>\n<p>3. <a href=\"https:\/\/www.sikortex.com\/es\/repelente-al-agua-resistente-impermeable\/\"><span style=\"color: #3366ff;\">Impermeable<\/span><\/a> y duradero:<br \/>\nLa capa de TPU garantiza una protecci\u00f3n completa <a href=\"https:\/\/www.sikortex.com\/es\/repelente-al-agua-resistente-impermeable\/\"><span style=\"color: #3366ff;\">impermeabilizaci\u00f3n<\/span><\/a>, mientras que la base de poli\u00e9ster 600D ofrece una resistencia superior y resistencia a la abrasi\u00f3n.<\/p>\n<p>4. Material ecol\u00f3gico:<br \/>\nEl TPU est\u00e1 libre de qu\u00edmicos da\u00f1inos como ftalatos y cloro, lo que lo convierte en una opci\u00f3n m\u00e1s segura y sostenible.<\/p>\n<p>&nbsp;<\/p>\n<h5><strong>Aplicaciones<\/strong><br \/>\nTejido soldable recubierto de TPU para bolsas<\/h5>\n<p>Durable y <a href=\"https:\/\/www.sikortex.com\/es\/repelente-al-agua-resistente-impermeable\/\"><span style=\"color: #3366ff;\">impermeable<\/span><\/a> Mochilas, bolsas de viaje y bolsas de herramientas.<\/p>\n<h5>Tejido soldable recubierto de TPU para chalecos de buceo<\/h5>\n<p>Resistente a la corrosi\u00f3n y <a href=\"https:\/\/www.sikortex.com\/es\/repelente-al-agua-resistente-impermeable\/\"><span style=\"color: #3366ff;\">impermeable<\/span><\/a> Material para buceo y equipos marinos.<\/p>\n<h5>Tejido soldable recubierto de TPU para equipamiento de exterior<\/h5>\n<p>Entos, lonas y cubiertas protectoras que requieren durabilidad y resistencia a la intemperie.<\/p>\n<p>&nbsp;<\/p>\n<p><strong>\u00bfPor qu\u00e9 elegir nuestra tela?<\/strong><br \/>\n1. Rendimiento comprobado:<br \/>\nFabricantes de todo el mundo conf\u00edan en \u00e9l por su durabilidad y funcionalidad.<br \/>\n2. Opciones personalizables:<br \/>\nDisponible en varios colores y acabados para satisfacer sus necesidades espec\u00edficas.<br \/>\n3. Opci\u00f3n ecol\u00f3gica:<br \/>\nFabricado con materiales reciclables y no t\u00f3xicos.<\/p>\n<p>Nuestra tela soldable de poli\u00e9ster 600D con revestimiento de TPU es la opci\u00f3n ideal para crear productos de alta calidad, duraderos y ecol\u00f3gicos. \u00a1Cont\u00e1ctenos hoy mismo para solicitar muestras o hablar sobre las necesidades de su proyecto!<\/p>\n<p>&nbsp;<\/p>\n<p>&nbsp;<\/p>","protected":false},"excerpt":{"rendered":"<p>600 metros (pedido m\u00ednimo)<\/p>","protected":false},"featured_media":8018,"comment_status":"closed","ping_status":"closed","template":"","meta":{"_uag_custom_page_level_css":"","site-sidebar-layout":"default","site-content-layout":"default","ast-site-content-layout":"default","site-content-style":"default","site-sidebar-style":"default","ast-global-header-display":"","ast-banner-title-visibility":"","ast-main-header-display":"","ast-hfb-above-header-display":"","ast-hfb-below-header-display":"","ast-hfb-mobile-header-display":"","site-post-title":"","ast-breadcrumbs-content":"","ast-featured-img":"","footer-sml-layout":"","theme-transparent-header-meta":"default","adv-header-id-meta":"","stick-header-meta":"default","header-above-stick-meta":"","header-main-stick-meta":"","header-below-stick-meta":"","astra-migrate-meta-layouts":"set","ast-page-background-enabled":"default","ast-page-background-meta":{"desktop":{"background-color":"","background-image":"","background-repeat":"repeat","background-position":"center center","background-size":"auto","background-attachment":"scroll","background-type":"","background-media":"","overlay-type":"","overlay-color":"","overlay-opacity":"","overlay-gradient":""},"tablet":{"background-color":"","background-image":"","background-repeat":"repeat","background-position":"center center","background-size":"auto","background-attachment":"scroll","background-type":"","background-media":"","overlay-type":"","overlay-color":"","overlay-opacity":"","overlay-gradient":""},"mobile":{"background-color":"","background-image":"","background-repeat":"repeat","background-position":"center center","background-size":"auto","background-attachment":"scroll","background-type":"","background-media":"","overlay-type":"","overlay-color":"","overlay-opacity":"","overlay-gradient":""}},"ast-content-background-meta":{"desktop":{"background-color":"var(--ast-global-color-5)","background-image":"","background-repeat":"repeat","background-position":"center center","background-size":"auto","background-attachment":"scroll","background-type":"","background-media":"","overlay-type":"","overlay-color":"","overlay-opacity":"","overlay-gradient":""},"tablet":{"background-color":"var(--ast-global-color-5)","background-image":"","background-repeat":"repeat","background-position":"center center","background-size":"auto","background-attachment":"scroll","background-type":"","background-media":"","overlay-type":"","overlay-color":"","overlay-opacity":"","overlay-gradient":""},"mobile":{"background-color":"var(--ast-global-color-5)","background-image":"","background-repeat":"repeat","background-position":"center center","background-size":"auto","background-attachment":"scroll","background-type":"","background-media":"","overlay-type":"","overlay-color":"","overlay-opacity":"","overlay-gradient":""}}},"product_brand":[],"product_cat":[1206,432,1184,403,433,414],"product_tag":[],"class_list":{"0":"post-8014","1":"product","2":"type-product","3":"status-publish","4":"has-post-thumbnail","6":"product_cat-fabric-for-bag","7":"product_cat-fabric-for-tent","8":"product_cat-oxford-fabric","9":"product_cat-polyester-fabrics","10":"product_cat-textile-for-industrial","11":"product_cat-waterproof-fabrics","12":"pa_available_colors-h-black","13":"desktop-align-left","14":"tablet-align-left","15":"mobile-align-left","16":"ast-product-gallery-layout-vertical-slider","17":"ast-product-tabs-layout-horizontal","19":"first","20":"instock","21":"shipping-taxable","22":"product-type-simple"},"uagb_featured_image_src":{"full":["https:\/\/www.sikortex.com\/wp-content\/uploads\/2025\/03\/600D-oxford-TPU-Cast-Fabric.jpg",800,800,false],"thumbnail":["https:\/\/www.sikortex.com\/wp-content\/uploads\/2025\/03\/600D-oxford-TPU-Cast-Fabric-150x150.jpg",150,150,true],"medium":["https:\/\/www.sikortex.com\/wp-content\/uploads\/2025\/03\/600D-oxford-TPU-Cast-Fabric-300x300.jpg",300,300,true],"medium_large":["https:\/\/www.sikortex.com\/wp-content\/uploads\/2025\/03\/600D-oxford-TPU-Cast-Fabric-768x768.jpg",768,768,true],"large":["https:\/\/www.sikortex.com\/wp-content\/uploads\/2025\/03\/600D-oxford-TPU-Cast-Fabric.jpg",800,800,false],"1536x1536":["https:\/\/www.sikortex.com\/wp-content\/uploads\/2025\/03\/600D-oxford-TPU-Cast-Fabric.jpg",800,800,false],"2048x2048":["https:\/\/www.sikortex.com\/wp-content\/uploads\/2025\/03\/600D-oxford-TPU-Cast-Fabric.jpg",800,800,false],"trp-custom-language-flag":["https:\/\/www.sikortex.com\/wp-content\/uploads\/2025\/03\/600D-oxford-TPU-Cast-Fabric-12x12.jpg",12,12,true],"woocommerce_thumbnail":["https:\/\/www.sikortex.com\/wp-content\/uploads\/2025\/03\/600D-oxford-TPU-Cast-Fabric-300x300.jpg",300,300,true],"woocommerce_single":["https:\/\/www.sikortex.com\/wp-content\/uploads\/2025\/03\/600D-oxford-TPU-Cast-Fabric-600x600.jpg",600,600,true],"woocommerce_gallery_thumbnail":["https:\/\/www.sikortex.com\/wp-content\/uploads\/2025\/03\/600D-oxford-TPU-Cast-Fabric-100x100.jpg",100,100,true]},"uagb_author_info":{"display_name":"Perry","author_link":"https:\/\/www.sikortex.com\/es\/author\/"},"uagb_comment_info":0,"uagb_excerpt":"600 Meters(Min.Order)","_links":{"self":[{"href":"https:\/\/www.sikortex.com\/es\/wp-json\/wp\/v2\/product\/8014","targetHints":{"allow":["GET"]}}],"collection":[{"href":"https:\/\/www.sikortex.com\/es\/wp-json\/wp\/v2\/product"}],"about":[{"href":"https:\/\/www.sikortex.com\/es\/wp-json\/wp\/v2\/types\/product"}],"replies":[{"embeddable":true,"href":"https:\/\/www.sikortex.com\/es\/wp-json\/wp\/v2\/comments?post=8014"}],"wp:featuredmedia":[{"embeddable":true,"href":"https:\/\/www.sikortex.com\/es\/wp-json\/wp\/v2\/media\/8018"}],"wp:attachment":[{"href":"https:\/\/www.sikortex.com\/es\/wp-json\/wp\/v2\/media?parent=8014"}],"wp:term":[{"taxonomy":"product_brand","embeddable":true,"href":"https:\/\/www.sikortex.com\/es\/wp-json\/wp\/v2\/product_brand?post=8014"},{"taxonomy":"product_cat","embeddable":true,"href":"https:\/\/www.sikortex.com\/es\/wp-json\/wp\/v2\/product_cat?post=8014"},{"taxonomy":"product_tag","embeddable":true,"href":"https:\/\/www.sikortex.com\/es\/wp-json\/wp\/v2\/product_tag?post=8014"}],"curies":[{"name":"gracias","href":"https:\/\/api.w.org\/{rel}","templated":true}]}}