{"id":8000,"date":"2025-03-01T11:02:42","date_gmt":"2025-03-01T03:02:42","guid":{"rendered":"https:\/\/www.sikortex.com\/?post_type=product&#038;p=8000"},"modified":"2025-03-04T13:27:30","modified_gmt":"2025-03-04T05:27:30","slug":"tejido-recubierto-de-tpu-de-poliester-1680d","status":"publish","type":"product","link":"https:\/\/www.sikortex.com\/es\/producto\/tejido-recubierto-de-tpu-de-poliester-1680d\/","title":{"rendered":"Tejido recubierto de TPU y poli\u00e9ster 1680D"},"content":{"rendered":"<p>Nuestra\u00a0<strong>Tejido recubierto de TPU y poli\u00e9ster 1680D<\/strong>\u00a0Es un material de alto rendimiento dise\u00f1ado para aplicaciones exigentes. Combinando la resistencia del poli\u00e9ster 1680D con las propiedades avanzadas del revestimiento de poliuretano termopl\u00e1stico (TPU), este tejido ofrece una durabilidad excepcional. <a href=\"https:\/\/www.sikortex.com\/es\/repelente-al-agua-resistente-impermeable\/\"><span style=\"color: #3366ff;\">impermeabilizaci\u00f3n<\/span><\/a>y opciones de personalizaci\u00f3n. Ya sea que lo necesites para equipo de exterior, <a href=\"https:\/\/www.sikortex.com\/es\/ropa-de-trabajo-para-el-transporte-y\/\"><span style=\"color: #3366ff;\">cubiertas industriales<\/span><\/a>, o bolsas para trabajos pesados, esta tela ofrece un rendimiento y confiabilidad superiores.<\/p>\n<hr \/>\n<h3><strong>Caracter\u00edsticas principales<\/strong><\/h3>\n<ol start=\"1\">\n<li><strong>Durabilidad inigualable<\/strong>:<br \/>\nLa base de poli\u00e9ster 1680D proporciona una resistencia excepcional y resistencia a la abrasi\u00f3n, lo que la hace ideal para uso intensivo.<\/li>\n<li><strong><a href=\"https:\/\/www.sikortex.com\/es\/repelente-al-agua-resistente-impermeable\/\"><span style=\"color: #3366ff;\">Impermeable<\/span><\/a> y resistente a la intemperie<\/strong>:<br \/>\nEl revestimiento de TPU garantiza una protecci\u00f3n completa. <a href=\"https:\/\/www.sikortex.com\/es\/repelente-al-agua-resistente-impermeable\/\"><span style=\"color: #3366ff;\">impermeabilizaci\u00f3n<\/span><\/a>, protegiendo sus productos de la lluvia, la humedad y las inclemencias del tiempo.<\/li>\n<li><strong>Opciones personalizables<\/strong>:<br \/>\nAdmitimos una amplia gama de personalizaciones, incluidas\u00a0<strong>revestimiento de TPU transparente<\/strong>,\u00a0<strong>revestimiento de TPU esmerilado<\/strong>, y\u00a0<strong>revestimiento de TPU te\u00f1ido<\/strong>\u00a0En varios colores.<\/li>\n<li><strong>Material ecol\u00f3gico<\/strong>:<br \/>\nEl TPU est\u00e1 libre de qu\u00edmicos da\u00f1inos como ftalatos y cloro, lo que lo convierte en un material m\u00e1s seguro y duradero. <a href=\"https:\/\/www.sikortex.com\/es\/creando-moda-eco-amigable-2\/\"><span style=\"color: #3366ff;\">sostenible<\/span><\/a> opci\u00f3n.<\/li>\n<li><a href=\"\/es\/tejido-tenido-en-solucion\/\"><span style=\"color: #3366ff;\"><strong>Resistencia a los rayos UV<\/strong><\/span><\/a>:<br \/>\nDise\u00f1ado para soportar la exposici\u00f3n prolongada a la luz solar, este tejido es perfecto para aplicaciones en exteriores.<\/li>\n<\/ol>\n<hr \/>\n<h3><strong>Aplicaciones<\/strong><\/h3>\n<p>Nuestra\u00a0<strong>Tejido recubierto de TPU y poli\u00e9ster 1680D<\/strong>\u00a0Es vers\u00e1til y adecuado para:<\/p>\n<ul>\n<li><strong>Equipo para actividades al aire libre<\/strong>: <a href=\"https:\/\/www.sikortex.com\/es\/fabricantes-de-telas-para-carpas\/\"><span style=\"color: #3366ff;\">Carpas<\/span><\/a>, mochilas y lonas.<\/li>\n<li><a href=\"https:\/\/www.sikortex.com\/es\/ropa-de-trabajo-para-el-transporte-y\/\"><span style=\"color: #3366ff;\"><strong>Cubiertas industriales<\/strong><\/span><\/a>:Cubiertas protectoras para maquinaria y veh\u00edculos.<\/li>\n<li><strong>Bolsas de alta resistencia<\/strong>:Equipaje, bolsas de herramientas y equipo t\u00e1ctico.<\/li>\n<li><strong>Equipos marinos<\/strong>:Fundas para embarcaciones y tapicer\u00eda marina.<\/li>\n<\/ul>\n<hr \/>\n<h3><strong>\u00bfPor qu\u00e9 elegirnos?<\/strong><\/h3>\n<ol start=\"1\">\n<li><strong>Fabricaci\u00f3n avanzada<\/strong>:<br \/>\nNos especializamos en tecnolog\u00eda de recubrimiento de TPU, garantizando resultados consistentes y de alta calidad.<\/li>\n<li><strong>Personalizaci\u00f3n<\/strong>:<br \/>\nDesde recubrimientos transparentes hasta esmerilados o te\u00f1idos, adaptamos nuestras telas para satisfacer sus necesidades espec\u00edficas.<\/li>\n<li><strong>Ecol\u00f3gico<\/strong>:<br \/>\nNuestros recubrimientos de TPU son <a href=\"https:\/\/www.sikortex.com\/es\/creando-moda-eco-amigable-2\/\"><span style=\"color: #3366ff;\">reciclable<\/span><\/a> y libre de qu\u00edmicos t\u00f3xicos.<\/li>\n<li><strong>Calidad confiable<\/strong>:<br \/>\nFabricada seg\u00fan los m\u00e1s altos est\u00e1ndares, nuestra tela garantiza un rendimiento duradero.<\/li>\n<\/ol>\n<hr \/>\n<p>Si busca una tela duradera, impermeable y ecol\u00f3gica, nuestra **Tela de poli\u00e9ster recubierta de TPU 1680D** es la soluci\u00f3n ideal. Perfecta para aplicaciones exteriores, industriales y de alta resistencia, esta tela combina resistencia, flexibilidad y sostenibilidad en un solo material de primera calidad.<\/p>\n<p>Cont\u00e1ctanos hoy para solicitar muestras o hacer un pedido. \u00a1Creemos juntos productos de alta calidad!<\/p>\n<p>&nbsp;<\/p>","protected":false},"excerpt":{"rendered":"<p>600 metros (pedido m\u00ednimo)<\/p>","protected":false},"featured_media":8001,"comment_status":"closed","ping_status":"closed","template":"","meta":{"_uag_custom_page_level_css":"","site-sidebar-layout":"default","site-content-layout":"default","ast-site-content-layout":"default","site-content-style":"default","site-sidebar-style":"default","ast-global-header-display":"","ast-banner-title-visibility":"","ast-main-header-display":"","ast-hfb-above-header-display":"","ast-hfb-below-header-display":"","ast-hfb-mobile-header-display":"","site-post-title":"","ast-breadcrumbs-content":"","ast-featured-img":"","footer-sml-layout":"","theme-transparent-header-meta":"default","adv-header-id-meta":"","stick-header-meta":"default","header-above-stick-meta":"","header-main-stick-meta":"","header-below-stick-meta":"","astra-migrate-meta-layouts":"set","ast-page-background-enabled":"default","ast-page-background-meta":{"desktop":{"background-color":"","background-image":"","background-repeat":"repeat","background-position":"center center","background-size":"auto","background-attachment":"scroll","background-type":"","background-media":"","overlay-type":"","overlay-color":"","overlay-opacity":"","overlay-gradient":""},"tablet":{"background-color":"","background-image":"","background-repeat":"repeat","background-position":"center center","background-size":"auto","background-attachment":"scroll","background-type":"","background-media":"","overlay-type":"","overlay-color":"","overlay-opacity":"","overlay-gradient":""},"mobile":{"background-color":"","background-image":"","background-repeat":"repeat","background-position":"center center","background-size":"auto","background-attachment":"scroll","background-type":"","background-media":"","overlay-type":"","overlay-color":"","overlay-opacity":"","overlay-gradient":""}},"ast-content-background-meta":{"desktop":{"background-color":"var(--ast-global-color-5)","background-image":"","background-repeat":"repeat","background-position":"center center","background-size":"auto","background-attachment":"scroll","background-type":"","background-media":"","overlay-type":"","overlay-color":"","overlay-opacity":"","overlay-gradient":""},"tablet":{"background-color":"var(--ast-global-color-5)","background-image":"","background-repeat":"repeat","background-position":"center center","background-size":"auto","background-attachment":"scroll","background-type":"","background-media":"","overlay-type":"","overlay-color":"","overlay-opacity":"","overlay-gradient":""},"mobile":{"background-color":"var(--ast-global-color-5)","background-image":"","background-repeat":"repeat","background-position":"center center","background-size":"auto","background-attachment":"scroll","background-type":"","background-media":"","overlay-type":"","overlay-color":"","overlay-opacity":"","overlay-gradient":""}}},"product_brand":[],"product_cat":[1206,432,1184,403,433,414],"product_tag":[],"class_list":{"0":"post-8000","1":"product","2":"type-product","3":"status-publish","4":"has-post-thumbnail","6":"product_cat-fabric-for-bag","7":"product_cat-fabric-for-tent","8":"product_cat-oxford-fabric","9":"product_cat-polyester-fabrics","10":"product_cat-textile-for-industrial","11":"product_cat-waterproof-fabrics","12":"pa_available_colors-h-black","13":"desktop-align-left","14":"tablet-align-left","15":"mobile-align-left","16":"ast-product-gallery-layout-vertical-slider","17":"ast-product-tabs-layout-horizontal","19":"first","20":"instock","21":"shipping-taxable","22":"product-type-simple"},"uagb_featured_image_src":{"full":["https:\/\/www.sikortex.com\/wp-content\/uploads\/2025\/03\/Polyester-TPU-coated-fabric.jpg",800,800,false],"thumbnail":["https:\/\/www.sikortex.com\/wp-content\/uploads\/2025\/03\/Polyester-TPU-coated-fabric-150x150.jpg",150,150,true],"medium":["https:\/\/www.sikortex.com\/wp-content\/uploads\/2025\/03\/Polyester-TPU-coated-fabric-300x300.jpg",300,300,true],"medium_large":["https:\/\/www.sikortex.com\/wp-content\/uploads\/2025\/03\/Polyester-TPU-coated-fabric-768x768.jpg",768,768,true],"large":["https:\/\/www.sikortex.com\/wp-content\/uploads\/2025\/03\/Polyester-TPU-coated-fabric.jpg",800,800,false],"1536x1536":["https:\/\/www.sikortex.com\/wp-content\/uploads\/2025\/03\/Polyester-TPU-coated-fabric.jpg",800,800,false],"2048x2048":["https:\/\/www.sikortex.com\/wp-content\/uploads\/2025\/03\/Polyester-TPU-coated-fabric.jpg",800,800,false],"trp-custom-language-flag":["https:\/\/www.sikortex.com\/wp-content\/uploads\/2025\/03\/Polyester-TPU-coated-fabric-12x12.jpg",12,12,true],"woocommerce_thumbnail":["https:\/\/www.sikortex.com\/wp-content\/uploads\/2025\/03\/Polyester-TPU-coated-fabric-300x300.jpg",300,300,true],"woocommerce_single":["https:\/\/www.sikortex.com\/wp-content\/uploads\/2025\/03\/Polyester-TPU-coated-fabric-600x600.jpg",600,600,true],"woocommerce_gallery_thumbnail":["https:\/\/www.sikortex.com\/wp-content\/uploads\/2025\/03\/Polyester-TPU-coated-fabric-100x100.jpg",100,100,true]},"uagb_author_info":{"display_name":"Perry","author_link":"https:\/\/www.sikortex.com\/es\/author\/"},"uagb_comment_info":0,"uagb_excerpt":"600 Meters(Min.Order)","_links":{"self":[{"href":"https:\/\/www.sikortex.com\/es\/wp-json\/wp\/v2\/product\/8000","targetHints":{"allow":["GET"]}}],"collection":[{"href":"https:\/\/www.sikortex.com\/es\/wp-json\/wp\/v2\/product"}],"about":[{"href":"https:\/\/www.sikortex.com\/es\/wp-json\/wp\/v2\/types\/product"}],"replies":[{"embeddable":true,"href":"https:\/\/www.sikortex.com\/es\/wp-json\/wp\/v2\/comments?post=8000"}],"wp:featuredmedia":[{"embeddable":true,"href":"https:\/\/www.sikortex.com\/es\/wp-json\/wp\/v2\/media\/8001"}],"wp:attachment":[{"href":"https:\/\/www.sikortex.com\/es\/wp-json\/wp\/v2\/media?parent=8000"}],"wp:term":[{"taxonomy":"product_brand","embeddable":true,"href":"https:\/\/www.sikortex.com\/es\/wp-json\/wp\/v2\/product_brand?post=8000"},{"taxonomy":"product_cat","embeddable":true,"href":"https:\/\/www.sikortex.com\/es\/wp-json\/wp\/v2\/product_cat?post=8000"},{"taxonomy":"product_tag","embeddable":true,"href":"https:\/\/www.sikortex.com\/es\/wp-json\/wp\/v2\/product_tag?post=8000"}],"curies":[{"name":"gracias","href":"https:\/\/api.w.org\/{rel}","templated":true}]}}