{"id":7861,"date":"2025-01-18T10:46:44","date_gmt":"2025-01-18T02:46:44","guid":{"rendered":"https:\/\/www.sikortex.com\/?post_type=product&#038;p=7861"},"modified":"2025-03-04T13:21:58","modified_gmt":"2025-03-04T05:21:58","slug":"tejido-con-revestimiento-de-tpu-y-nailon-210d-420d","status":"publish","type":"product","link":"https:\/\/www.sikortex.com\/es\/producto\/tejido-con-revestimiento-de-tpu-y-nailon-210d-420d\/","title":{"rendered":"Tejido de nailon con revestimiento de TPU de doble cara 210D 420D"},"content":{"rendered":"<h3 class=\"header-vfC6AV auto-hide-last-sibling-br\">Nuestra tela con revestimiento de TPU de nailon de doble cara 210D y 420D<\/h3>\n<p>&nbsp;<\/p>\n<div class=\"auto-hide-last-sibling-br paragraph-JOTKXA paragraph-element br-paragraph-space\">Este tejido tiene un amplio espectro de aplicaciones, especialmente en el \u00e1mbito de los productos inflables o impermeables. El nailon 210D y 420D son muy adecuados para la fabricaci\u00f3n de art\u00edculos como mochilas, balsas para mochilas, bolsas impermeables y equipos para empacar bicicletas.<\/div>\n<p>&nbsp;<\/p>\n<div class=\"auto-hide-last-sibling-br paragraph-JOTKXA paragraph-element br-paragraph-space\">Adem\u00e1s, ofrecemos telas de nailon 840D y 1000D, que tambi\u00e9n son excelentes opciones para productos inflables. Cuando se trata de materiales inflables, la hermeticidad superior es de suma importancia, y nuestro revestimiento de TPU se destaca como la mejor opci\u00f3n.<\/div>\n<h4 class=\"header-vfC6AV auto-hide-last-sibling-br\">Opciones de revestimiento de TPU<\/h4>\n<p>&nbsp;<\/p>\n<div class=\"auto-hide-last-sibling-br paragraph-JOTKXA paragraph-element br-paragraph-space\">Una caracter\u00edstica clave de los tejidos 210D y 420D es su revestimiento de TPU. Este tejido puede recubrirse con una capa de TPU de una sola cara, disponible en acabado mate o brillante, para aumentar significativamente su... <a href=\"https:\/\/www.sikortex.com\/es\/repelente-al-agua-resistente-impermeable\/\"><span style=\"color: #3366ff;\">impermeable<\/span><\/a> capacidades. El revestimiento de TPU en la tela de nailon es relativamente grueso, lo que crea una robusta <a href=\"https:\/\/www.sikortex.com\/es\/repelente-al-agua-resistente-impermeable\/\"><span style=\"color: #3366ff;\">impermeable<\/span><\/a> Barrera. Adem\u00e1s, fabricamos una versi\u00f3n con revestimiento de TPU de doble cara, que mejora a\u00fan m\u00e1s su impermeabilidad y durabilidad.<\/div>\n<h4 class=\"header-vfC6AV auto-hide-last-sibling-br\">Comparaci\u00f3n con el revestimiento de PU<\/h4>\n<p>&nbsp;<\/p>\n<div class=\"auto-hide-last-sibling-br paragraph-JOTKXA paragraph-element br-paragraph-space\">Adem\u00e1s del recubrimiento de TPU, el tejido de nailon bal\u00edstico puede recubrirse con PU. Sin embargo, al usar el recubrimiento de PU, el grosor del tejido se reduce considerablemente en comparaci\u00f3n con su contraparte recubierta de TPU. La decisi\u00f3n entre el recubrimiento de TPU y el de PU depende de los requisitos espec\u00edficos del producto final. Para aplicaciones que requieren m\u00e1xima durabilidad y una capa gruesa. <a href=\"https:\/\/www.sikortex.com\/es\/repelente-al-agua-resistente-impermeable\/\"><span style=\"color: #3366ff;\">impermeable<\/span><\/a> La protecci\u00f3n es crucial, el tejido de nailon bal\u00edstico recubierto de TPU suele ser la opci\u00f3n preferida.<\/div>\n<h2 class=\"header-vfC6AV auto-hide-last-sibling-br\"><\/h2>\n<h4 class=\"header-vfC6AV auto-hide-last-sibling-br\">Tejidos recubiertos de poli\u00e9ster y TPU<\/h4>\n<p>&nbsp;<\/p>\n<div class=\"auto-hide-last-sibling-br paragraph-JOTKXA paragraph-element br-paragraph-space\">Tambi\u00e9n suministramos telas de poli\u00e9ster recubiertas de TPU. El poli\u00e9ster ofrece una mejor solidez del color, lo que lo hace adecuado para determinadas situaciones espec\u00edficas al aire libre.<\/div>\n<p>&nbsp;<\/p>\n<div class=\"auto-hide-last-sibling-br paragraph-JOTKXA paragraph-element br-paragraph-space\"><\/div>","protected":false},"excerpt":{"rendered":"<p>1200 metros (pedido m\u00ednimo)<\/p>","protected":false},"featured_media":7580,"comment_status":"closed","ping_status":"closed","template":"","meta":{"_uag_custom_page_level_css":"","site-sidebar-layout":"default","site-content-layout":"default","ast-site-content-layout":"default","site-content-style":"default","site-sidebar-style":"default","ast-global-header-display":"","ast-banner-title-visibility":"","ast-main-header-display":"","ast-hfb-above-header-display":"","ast-hfb-below-header-display":"","ast-hfb-mobile-header-display":"","site-post-title":"","ast-breadcrumbs-content":"","ast-featured-img":"","footer-sml-layout":"","theme-transparent-header-meta":"default","adv-header-id-meta":"","stick-header-meta":"default","header-above-stick-meta":"","header-main-stick-meta":"","header-below-stick-meta":"","astra-migrate-meta-layouts":"set","ast-page-background-enabled":"default","ast-page-background-meta":{"desktop":{"background-color":"","background-image":"","background-repeat":"repeat","background-position":"center center","background-size":"auto","background-attachment":"scroll","background-type":"","background-media":"","overlay-type":"","overlay-color":"","overlay-opacity":"","overlay-gradient":""},"tablet":{"background-color":"","background-image":"","background-repeat":"repeat","background-position":"center center","background-size":"auto","background-attachment":"scroll","background-type":"","background-media":"","overlay-type":"","overlay-color":"","overlay-opacity":"","overlay-gradient":""},"mobile":{"background-color":"","background-image":"","background-repeat":"repeat","background-position":"center center","background-size":"auto","background-attachment":"scroll","background-type":"","background-media":"","overlay-type":"","overlay-color":"","overlay-opacity":"","overlay-gradient":""}},"ast-content-background-meta":{"desktop":{"background-color":"var(--ast-global-color-5)","background-image":"","background-repeat":"repeat","background-position":"center center","background-size":"auto","background-attachment":"scroll","background-type":"","background-media":"","overlay-type":"","overlay-color":"","overlay-opacity":"","overlay-gradient":""},"tablet":{"background-color":"var(--ast-global-color-5)","background-image":"","background-repeat":"repeat","background-position":"center center","background-size":"auto","background-attachment":"scroll","background-type":"","background-media":"","overlay-type":"","overlay-color":"","overlay-opacity":"","overlay-gradient":""},"mobile":{"background-color":"var(--ast-global-color-5)","background-image":"","background-repeat":"repeat","background-position":"center center","background-size":"auto","background-attachment":"scroll","background-type":"","background-media":"","overlay-type":"","overlay-color":"","overlay-opacity":"","overlay-gradient":""}}},"product_brand":[],"product_cat":[1206,432,404,1184,433,414],"product_tag":[],"class_list":{"0":"post-7861","1":"product","2":"type-product","3":"status-publish","4":"has-post-thumbnail","6":"product_cat-fabric-for-bag","7":"product_cat-fabric-for-tent","8":"product_cat-nylon-fabrics","9":"product_cat-oxford-fabric","10":"product_cat-textile-for-industrial","11":"product_cat-waterproof-fabrics","12":"pa_available_colors-h-black","13":"desktop-align-left","14":"tablet-align-left","15":"mobile-align-left","16":"ast-product-gallery-layout-vertical-slider","17":"ast-product-tabs-layout-horizontal","19":"first","20":"instock","21":"shipping-taxable","22":"product-type-simple"},"uagb_featured_image_src":{"full":["https:\/\/www.sikortex.com\/wp-content\/uploads\/2024\/12\/210D-Nylon-Oxford-Waterproof-PU-Coating-Fabric.jpg",1500,1500,false],"thumbnail":["https:\/\/www.sikortex.com\/wp-content\/uploads\/2024\/12\/210D-Nylon-Oxford-Waterproof-PU-Coating-Fabric-150x150.jpg",150,150,true],"medium":["https:\/\/www.sikortex.com\/wp-content\/uploads\/2024\/12\/210D-Nylon-Oxford-Waterproof-PU-Coating-Fabric-300x300.jpg",300,300,true],"medium_large":["https:\/\/www.sikortex.com\/wp-content\/uploads\/2024\/12\/210D-Nylon-Oxford-Waterproof-PU-Coating-Fabric-768x768.jpg",768,768,true],"large":["https:\/\/www.sikortex.com\/wp-content\/uploads\/2024\/12\/210D-Nylon-Oxford-Waterproof-PU-Coating-Fabric-1024x1024.jpg",1024,1024,true],"1536x1536":["https:\/\/www.sikortex.com\/wp-content\/uploads\/2024\/12\/210D-Nylon-Oxford-Waterproof-PU-Coating-Fabric.jpg",1500,1500,false],"2048x2048":["https:\/\/www.sikortex.com\/wp-content\/uploads\/2024\/12\/210D-Nylon-Oxford-Waterproof-PU-Coating-Fabric.jpg",1500,1500,false],"trp-custom-language-flag":["https:\/\/www.sikortex.com\/wp-content\/uploads\/2024\/12\/210D-Nylon-Oxford-Waterproof-PU-Coating-Fabric-12x12.jpg",12,12,true],"woocommerce_thumbnail":["https:\/\/www.sikortex.com\/wp-content\/uploads\/2024\/12\/210D-Nylon-Oxford-Waterproof-PU-Coating-Fabric-300x300.jpg",300,300,true],"woocommerce_single":["https:\/\/www.sikortex.com\/wp-content\/uploads\/2024\/12\/210D-Nylon-Oxford-Waterproof-PU-Coating-Fabric-600x600.jpg",600,600,true],"woocommerce_gallery_thumbnail":["https:\/\/www.sikortex.com\/wp-content\/uploads\/2024\/12\/210D-Nylon-Oxford-Waterproof-PU-Coating-Fabric-100x100.jpg",100,100,true]},"uagb_author_info":{"display_name":"Perry","author_link":"https:\/\/www.sikortex.com\/es\/author\/"},"uagb_comment_info":0,"uagb_excerpt":"1200 Meters(Min.Order)","_links":{"self":[{"href":"https:\/\/www.sikortex.com\/es\/wp-json\/wp\/v2\/product\/7861","targetHints":{"allow":["GET"]}}],"collection":[{"href":"https:\/\/www.sikortex.com\/es\/wp-json\/wp\/v2\/product"}],"about":[{"href":"https:\/\/www.sikortex.com\/es\/wp-json\/wp\/v2\/types\/product"}],"replies":[{"embeddable":true,"href":"https:\/\/www.sikortex.com\/es\/wp-json\/wp\/v2\/comments?post=7861"}],"wp:featuredmedia":[{"embeddable":true,"href":"https:\/\/www.sikortex.com\/es\/wp-json\/wp\/v2\/media\/7580"}],"wp:attachment":[{"href":"https:\/\/www.sikortex.com\/es\/wp-json\/wp\/v2\/media?parent=7861"}],"wp:term":[{"taxonomy":"product_brand","embeddable":true,"href":"https:\/\/www.sikortex.com\/es\/wp-json\/wp\/v2\/product_brand?post=7861"},{"taxonomy":"product_cat","embeddable":true,"href":"https:\/\/www.sikortex.com\/es\/wp-json\/wp\/v2\/product_cat?post=7861"},{"taxonomy":"product_tag","embeddable":true,"href":"https:\/\/www.sikortex.com\/es\/wp-json\/wp\/v2\/product_tag?post=7861"}],"curies":[{"name":"gracias","href":"https:\/\/api.w.org\/{rel}","templated":true}]}}