{"id":7833,"date":"2025-01-13T11:12:52","date_gmt":"2025-01-13T03:12:52","guid":{"rendered":"https:\/\/www.sikortex.com\/?post_type=product&#038;p=7833"},"modified":"2025-08-18T14:03:29","modified_gmt":"2025-08-18T06:03:29","slug":"tejido-exterior-impermeable-de-poliester-600d","status":"publish","type":"product","link":"https:\/\/www.sikortex.com\/es\/producto\/tejido-exterior-impermeable-de-poliester-600d\/","title":{"rendered":"Tejido impermeable de poli\u00e9ster 600D para exteriores para muebles"},"content":{"rendered":"<h1 class=\"header-vfC6AV auto-hide-last-sibling-br\">Tejido impermeable de poli\u00e9ster 600D para exteriores: una opci\u00f3n pr\u00e1ctica para muebles de exterior<\/h1>\n<p>&nbsp;<\/p>\n<div class=\"auto-hide-last-sibling-br paragraph-JOTKXA paragraph-element br-paragraph-space\">\n<div class=\"auto-hide-last-sibling-br paragraph-JOTKXA paragraph-element br-paragraph-space\">A la hora de amueblar sus espacios exteriores, la elecci\u00f3n del material adecuado es crucial, y <a href=\"https:\/\/www.sikortex.com\/es\/tejidos-de-poliester\/\"><span style=\"color: #3366ff;\">poli\u00e9ster<\/span><\/a> 600D para exteriores <a href=\"https:\/\/www.sikortex.com\/es\/repelente-al-agua-resistente-impermeable\/\"><span style=\"color: #3366ff;\">impermeable<\/span><\/a> La tela se presenta como la opci\u00f3n m\u00e1s adecuada. Este tejido es una combinaci\u00f3n de practicidad y resistencia, dise\u00f1ado para soportar los duros elementos del exterior.<\/div>\n<p>&nbsp;<\/p>\n<div class=\"auto-hide-last-sibling-br paragraph-JOTKXA paragraph-element br-paragraph-space\"><a href=\"https:\/\/www.sikortex.com\/es\/tejidos-de-poliester\/\">Poli\u00e9ster<\/a> 600D para exteriores <a href=\"https:\/\/www.sikortex.com\/es\/repelente-al-agua-resistente-impermeable\/\"><span style=\"color: #3366ff;\">impermeable<\/span><\/a> La tela ofrece una durabilidad notable. El denier 600D indica el grosor de sus fibras, lo que contribuye a su resistencia. Puede soportar el uso regular en exteriores, desde las rozaduras de las sillas del patio que se mueven de un lado a otro hasta la exposici\u00f3n constante al viento y la lluvia. <a href=\"https:\/\/www.sikortex.com\/es\/repelente-al-agua-resistente-impermeable\/\"><span style=\"color: #3366ff;\">impermeable<\/span><\/a> Esta caracter\u00edstica garantiza que la humedad no se filtre, protegiendo el interior de los muebles y evitando problemas como moho y podredumbre.<\/div>\n<p>&nbsp;<\/p>\n<div class=\"auto-hide-last-sibling-br paragraph-JOTKXA paragraph-element br-paragraph-space\">Esta tela es <a href=\"https:\/\/www.sikortex.com\/es\/repelente-al-agua-resistente-impermeable\/\"><span style=\"color: #3366ff;\">impermeable<\/span><\/a> La calidad es un factor decisivo para los muebles de exterior. Ya sea un chaparr\u00f3n repentino de verano o el roc\u00edo de la ma\u00f1ana, el poli\u00e9ster 600D para exteriores <a href=\"https:\/\/www.sikortex.com\/es\/repelente-al-agua-resistente-impermeable\/\"><span style=\"color: #3366ff;\">impermeable<\/span><\/a> La tela repele el agua de manera eficaz. Esto no solo extiende la vida \u00fatil del mueble, sino que tambi\u00e9n lo mantiene con un aspecto fresco y utilizable. Es una opci\u00f3n confiable para cualquier mueble de exterior, ya sea un c\u00f3modo banco de jard\u00edn o un gran juego de comedor para el patio.<\/div>\n<p>&nbsp;<\/p>\n<div class=\"auto-hide-last-sibling-br paragraph-JOTKXA paragraph-element br-paragraph-space\">La resistencia a los rayos UV es otro beneficio clave de este producto para exteriores. <a href=\"https:\/\/www.sikortex.com\/es\/repelente-al-agua-resistente-impermeable\/\"><span style=\"color: #3366ff;\">impermeable<\/span><\/a> La luz del sol puede deste\u00f1ir y da\u00f1ar las telas con el tiempo, pero el poli\u00e9ster 600D resiste bien. Mantiene su color e integridad estructural, incluso despu\u00e9s de largas horas de exposici\u00f3n al sol. Esto significa que sus muebles de exterior conservar\u00e1n su atractivo est\u00e9tico, lo que hace que el poli\u00e9ster 600D sea ideal para exteriores. <a href=\"https:\/\/www.sikortex.com\/es\/repelente-al-agua-resistente-impermeable\/\"><span style=\"color: #3366ff;\">impermeable<\/span><\/a> Tela: la mejor opci\u00f3n para crear un espacio de estar al aire libre hermoso y duradero.<\/div>\n<\/div>","protected":false},"excerpt":{"rendered":"<p>1200 metros (pedido m\u00ednimo)<\/p>","protected":false},"featured_media":7731,"comment_status":"closed","ping_status":"closed","template":"","meta":{"_uag_custom_page_level_css":"","site-sidebar-layout":"default","site-content-layout":"default","ast-site-content-layout":"","site-content-style":"default","site-sidebar-style":"default","ast-global-header-display":"","ast-banner-title-visibility":"","ast-main-header-display":"","ast-hfb-above-header-display":"","ast-hfb-below-header-display":"","ast-hfb-mobile-header-display":"","site-post-title":"","ast-breadcrumbs-content":"","ast-featured-img":"","footer-sml-layout":"","theme-transparent-header-meta":"default","adv-header-id-meta":"","stick-header-meta":"default","header-above-stick-meta":"","header-main-stick-meta":"","header-below-stick-meta":"","astra-migrate-meta-layouts":"default","ast-page-background-enabled":"default","ast-page-background-meta":{"desktop":{"background-color":"","background-image":"","background-repeat":"repeat","background-position":"center center","background-size":"auto","background-attachment":"scroll","background-type":"","background-media":"","overlay-type":"","overlay-color":"","overlay-opacity":"","overlay-gradient":""},"tablet":{"background-color":"","background-image":"","background-repeat":"repeat","background-position":"center center","background-size":"auto","background-attachment":"scroll","background-type":"","background-media":"","overlay-type":"","overlay-color":"","overlay-opacity":"","overlay-gradient":""},"mobile":{"background-color":"","background-image":"","background-repeat":"repeat","background-position":"center center","background-size":"auto","background-attachment":"scroll","background-type":"","background-media":"","overlay-type":"","overlay-color":"","overlay-opacity":"","overlay-gradient":""}},"ast-content-background-meta":{"desktop":{"background-color":"var(--ast-global-color-5)","background-image":"","background-repeat":"repeat","background-position":"center center","background-size":"auto","background-attachment":"scroll","background-type":"","background-media":"","overlay-type":"","overlay-color":"","overlay-opacity":"","overlay-gradient":""},"tablet":{"background-color":"var(--ast-global-color-5)","background-image":"","background-repeat":"repeat","background-position":"center center","background-size":"auto","background-attachment":"scroll","background-type":"","background-media":"","overlay-type":"","overlay-color":"","overlay-opacity":"","overlay-gradient":""},"mobile":{"background-color":"var(--ast-global-color-5)","background-image":"","background-repeat":"repeat","background-position":"center center","background-size":"auto","background-attachment":"scroll","background-type":"","background-media":"","overlay-type":"","overlay-color":"","overlay-opacity":"","overlay-gradient":""}}},"product_brand":[],"product_cat":[1126,1206,432,1218,1185,433,1697,414],"product_tag":[],"class_list":{"0":"post-7833","1":"product","2":"type-product","3":"status-publish","4":"has-post-thumbnail","6":"product_cat-fabric-for-awning","7":"product_cat-fabric-for-bag","8":"product_cat-fabric-for-tent","9":"product_cat-marine-fabrics","10":"product_cat-solution-dyed-polyester-fabrics","11":"product_cat-textile-for-industrial","12":"product_cat-uv-protection-fabric","13":"product_cat-waterproof-fabrics","14":"pa_available_colors-911052-spc","15":"desktop-align-left","16":"tablet-align-left","17":"mobile-align-left","18":"ast-product-gallery-layout-vertical-slider","19":"ast-product-tabs-layout-horizontal","21":"first","22":"instock","23":"shipping-taxable","24":"product-type-simple"},"uagb_featured_image_src":{"full":["https:\/\/www.sikortex.com\/wp-content\/uploads\/2025\/01\/300D-Oxford-fabric.jpg",800,800,false],"thumbnail":["https:\/\/www.sikortex.com\/wp-content\/uploads\/2025\/01\/300D-Oxford-fabric-150x150.jpg",150,150,true],"medium":["https:\/\/www.sikortex.com\/wp-content\/uploads\/2025\/01\/300D-Oxford-fabric-300x300.jpg",300,300,true],"medium_large":["https:\/\/www.sikortex.com\/wp-content\/uploads\/2025\/01\/300D-Oxford-fabric-768x768.jpg",768,768,true],"large":["https:\/\/www.sikortex.com\/wp-content\/uploads\/2025\/01\/300D-Oxford-fabric.jpg",800,800,false],"1536x1536":["https:\/\/www.sikortex.com\/wp-content\/uploads\/2025\/01\/300D-Oxford-fabric.jpg",800,800,false],"2048x2048":["https:\/\/www.sikortex.com\/wp-content\/uploads\/2025\/01\/300D-Oxford-fabric.jpg",800,800,false],"trp-custom-language-flag":["https:\/\/www.sikortex.com\/wp-content\/uploads\/2025\/01\/300D-Oxford-fabric-12x12.jpg",12,12,true],"woocommerce_thumbnail":["https:\/\/www.sikortex.com\/wp-content\/uploads\/2025\/01\/300D-Oxford-fabric-300x300.jpg",300,300,true],"woocommerce_single":["https:\/\/www.sikortex.com\/wp-content\/uploads\/2025\/01\/300D-Oxford-fabric-600x600.jpg",600,600,true],"woocommerce_gallery_thumbnail":["https:\/\/www.sikortex.com\/wp-content\/uploads\/2025\/01\/300D-Oxford-fabric-100x100.jpg",100,100,true]},"uagb_author_info":{"display_name":"Perry","author_link":"https:\/\/www.sikortex.com\/es\/author\/"},"uagb_comment_info":0,"uagb_excerpt":"1200 Meters(Min.Order)","_links":{"self":[{"href":"https:\/\/www.sikortex.com\/es\/wp-json\/wp\/v2\/product\/7833","targetHints":{"allow":["GET"]}}],"collection":[{"href":"https:\/\/www.sikortex.com\/es\/wp-json\/wp\/v2\/product"}],"about":[{"href":"https:\/\/www.sikortex.com\/es\/wp-json\/wp\/v2\/types\/product"}],"replies":[{"embeddable":true,"href":"https:\/\/www.sikortex.com\/es\/wp-json\/wp\/v2\/comments?post=7833"}],"wp:featuredmedia":[{"embeddable":true,"href":"https:\/\/www.sikortex.com\/es\/wp-json\/wp\/v2\/media\/7731"}],"wp:attachment":[{"href":"https:\/\/www.sikortex.com\/es\/wp-json\/wp\/v2\/media?parent=7833"}],"wp:term":[{"taxonomy":"product_brand","embeddable":true,"href":"https:\/\/www.sikortex.com\/es\/wp-json\/wp\/v2\/product_brand?post=7833"},{"taxonomy":"product_cat","embeddable":true,"href":"https:\/\/www.sikortex.com\/es\/wp-json\/wp\/v2\/product_cat?post=7833"},{"taxonomy":"product_tag","embeddable":true,"href":"https:\/\/www.sikortex.com\/es\/wp-json\/wp\/v2\/product_tag?post=7833"}],"curies":[{"name":"gracias","href":"https:\/\/api.w.org\/{rel}","templated":true}]}}