{"id":7729,"date":"2025-01-07T13:22:42","date_gmt":"2025-01-07T05:22:42","guid":{"rendered":"https:\/\/www.sikortex.com\/?post_type=product&#038;p=7729"},"modified":"2025-01-09T12:22:03","modified_gmt":"2025-01-09T04:22:03","slug":"tejido-con-revestimiento-de-pu-de-poliester-300d-para-conductos-de-aire","status":"publish","type":"product","link":"https:\/\/www.sikortex.com\/es\/producto\/tejido-con-revestimiento-de-pu-de-poliester-300d-para-conductos-de-aire\/","title":{"rendered":"Tejido con revestimiento de poliuretano de poli\u00e9ster 300D para conductos de aire NFPA 701"},"content":{"rendered":"<div class=\"auto-hide-last-sibling-br paragraph-JOTKXA paragraph-element br-paragraph-space\">En los sectores industrial y comercial, la selecci\u00f3n de telas para conductos de aire es crucial para el rendimiento y la seguridad del sistema. <a href=\"https:\/\/www.sikortex.com\/es\/tejidos-de-poliester\/\"><span style=\"color: #3366ff;\">poli\u00e9ster<\/span><\/a> 300D <span style=\"color: #3366ff;\">Oh<a style=\"color: #3366ff;\" href=\"https:\/\/www.sikortex.com\/es\/tejido-cortavientos-ripstop-tejido-de-algodon-nylon-5\/\">forrado<\/a><\/span> Tejido, despu\u00e9s de ser tratado con poliuretano. <a href=\"https:\/\/www.sikortex.com\/es\/2025\/01\/03\/fabricantes-de-tejidos-revestidos\/\"><span style=\"color: #3366ff;\">revestimiento<\/span><\/a>, se convierte en un material ideal para conductos de aire, sobresaliendo especialmente en el cumplimiento de la norma NFPA 701.<\/div>\n<h4><\/h4>\n<div class=\"auto-hide-last-sibling-br paragraph-JOTKXA paragraph-element br-paragraph-space\">El 300D <span style=\"color: #3366ff;\"><a style=\"color: #3366ff;\" href=\"https:\/\/www.sikortex.com\/es\/tejidos-de-poliester\/\">Poli\u00e9ster<\/a><\/span> Pu <a href=\"https:\/\/www.sikortex.com\/es\/2025\/01\/03\/fabricantes-de-tejidos-revestidos\/\"><span style=\"color: #3366ff;\">Revestimiento<\/span><\/a> La tela en s\u00ed ofrece una excelente resistencia a la abrasi\u00f3n y a la fuerza. Con un recuento de fibras de 300 D, la tela es liviana pero resistente. Durante el funcionamiento diario de los conductos de aire, puede soportar la fricci\u00f3n y la tracci\u00f3n, y no se da\u00f1a f\u00e1cilmente por fuerzas externas.<\/div>\n<h4><\/h4>\n<div class=\"auto-hide-last-sibling-br paragraph-JOTKXA paragraph-element br-paragraph-space\">El revestimiento de poliuretano mejora a\u00fan m\u00e1s su rendimiento. No solo proporciona una excelente impermeabilizaci\u00f3n, bloqueando eficazmente la humedad externa que ingresa a los conductos y manteniendo la sequedad del aire interno, sino que tambi\u00e9n mejora la hermeticidad, reduciendo las fugas de aire, mejorando la eficiencia del transporte y reduciendo el consumo de energ\u00eda.<\/div>\n<h4><\/h4>\n<div class=\"auto-hide-last-sibling-br paragraph-JOTKXA paragraph-element br-paragraph-space\">Cabe destacar que este tejido tiene unas caracter\u00edsticas excepcionales. <a href=\"https:\/\/www.sikortex.com\/es\/fabricante-de-tejido-ignifugo\/\">retardante de llama<\/a> Propiedades. La combinaci\u00f3n del recubrimiento de poliuretano y el poli\u00e9ster 300D <span style=\"color: #3366ff;\"><a style=\"color: #3366ff;\" href=\"https:\/\/www.sikortex.com\/es\/tejido-cortavientos-ripstop-tejido-de-algodon-nylon-5\/\">Oxford<\/a><\/span> La tela permite que el material cumpla estrictamente con las<span style=\"color: #3366ff;\"><a style=\"color: #3366ff;\" href=\"https:\/\/www.sikortex.com\/es\/fabricante-de-tejido-ignifugo\/\"> resistencia al fuego<\/a><\/span> requisitos de la norma NFPA 701. Esta norma tiene requisitos estrictos para el rendimiento de resistencia al fuego de los materiales utilizados para cortinas, visillos y aplicaciones similares. La tela para conductos de aire puede reducir eficazmente los riesgos de incendio y brindar protecci\u00f3n de seguridad confiable para el entorno donde se utilizan conductos de aire. Ya sea en edificios comerciales, plantas industriales o instalaciones p\u00fablicas, los conductos de aire fabricados con esta tela son ideales para la mayor\u00eda de las aplicaciones industriales. <a href=\"https:\/\/www.sikortex.com\/es\/fabricante-de-tejido-ignifugo\/\"><span style=\"color: #3366ff;\">retardante de llama<\/span><\/a> La tela puede funcionar de manera estable, lo que la convierte en la mejor opci\u00f3n que equilibra rendimiento y seguridad.<\/div>","protected":false},"excerpt":{"rendered":"<p>2000 metros (pedido m\u00ednimo)<\/p>","protected":false},"featured_media":7732,"comment_status":"closed","ping_status":"closed","template":"","meta":{"_uag_custom_page_level_css":"","site-sidebar-layout":"default","site-content-layout":"default","ast-site-content-layout":"","site-content-style":"default","site-sidebar-style":"default","ast-global-header-display":"","ast-banner-title-visibility":"","ast-main-header-display":"","ast-hfb-above-header-display":"","ast-hfb-below-header-display":"","ast-hfb-mobile-header-display":"","site-post-title":"","ast-breadcrumbs-content":"","ast-featured-img":"","footer-sml-layout":"","theme-transparent-header-meta":"default","adv-header-id-meta":"","stick-header-meta":"default","header-above-stick-meta":"","header-main-stick-meta":"","header-below-stick-meta":"","astra-migrate-meta-layouts":"default","ast-page-background-enabled":"default","ast-page-background-meta":{"desktop":{"background-color":"","background-image":"","background-repeat":"repeat","background-position":"center center","background-size":"auto","background-attachment":"scroll","background-type":"","background-media":"","overlay-type":"","overlay-color":"","overlay-opacity":"","overlay-gradient":""},"tablet":{"background-color":"","background-image":"","background-repeat":"repeat","background-position":"center center","background-size":"auto","background-attachment":"scroll","background-type":"","background-media":"","overlay-type":"","overlay-color":"","overlay-opacity":"","overlay-gradient":""},"mobile":{"background-color":"","background-image":"","background-repeat":"repeat","background-position":"center center","background-size":"auto","background-attachment":"scroll","background-type":"","background-media":"","overlay-type":"","overlay-color":"","overlay-opacity":"","overlay-gradient":""}},"ast-content-background-meta":{"desktop":{"background-color":"var(--ast-global-color-5)","background-image":"","background-repeat":"repeat","background-position":"center center","background-size":"auto","background-attachment":"scroll","background-type":"","background-media":"","overlay-type":"","overlay-color":"","overlay-opacity":"","overlay-gradient":""},"tablet":{"background-color":"var(--ast-global-color-5)","background-image":"","background-repeat":"repeat","background-position":"center center","background-size":"auto","background-attachment":"scroll","background-type":"","background-media":"","overlay-type":"","overlay-color":"","overlay-opacity":"","overlay-gradient":""},"mobile":{"background-color":"var(--ast-global-color-5)","background-image":"","background-repeat":"repeat","background-position":"center center","background-size":"auto","background-attachment":"scroll","background-type":"","background-media":"","overlay-type":"","overlay-color":"","overlay-opacity":"","overlay-gradient":""}}},"product_brand":[],"product_cat":[432,416,1184,403,433,414],"product_tag":[],"class_list":{"0":"post-7729","1":"product","2":"type-product","3":"status-publish","4":"has-post-thumbnail","6":"product_cat-fabric-for-tent","7":"product_cat-fire-retardant-fabrics","8":"product_cat-oxford-fabric","9":"product_cat-polyester-fabrics","10":"product_cat-textile-for-industrial","11":"product_cat-waterproof-fabrics","12":"desktop-align-left","13":"tablet-align-left","14":"mobile-align-left","15":"ast-product-gallery-layout-vertical-slider","16":"ast-product-tabs-layout-horizontal","18":"first","19":"instock","20":"shipping-taxable","21":"product-type-simple"},"uagb_featured_image_src":{"full":["https:\/\/www.sikortex.com\/wp-content\/uploads\/2025\/01\/300D-Oxford-PU.jpg",800,800,false],"thumbnail":["https:\/\/www.sikortex.com\/wp-content\/uploads\/2025\/01\/300D-Oxford-PU-150x150.jpg",150,150,true],"medium":["https:\/\/www.sikortex.com\/wp-content\/uploads\/2025\/01\/300D-Oxford-PU-300x300.jpg",300,300,true],"medium_large":["https:\/\/www.sikortex.com\/wp-content\/uploads\/2025\/01\/300D-Oxford-PU-768x768.jpg",768,768,true],"large":["https:\/\/www.sikortex.com\/wp-content\/uploads\/2025\/01\/300D-Oxford-PU.jpg",800,800,false],"1536x1536":["https:\/\/www.sikortex.com\/wp-content\/uploads\/2025\/01\/300D-Oxford-PU.jpg",800,800,false],"2048x2048":["https:\/\/www.sikortex.com\/wp-content\/uploads\/2025\/01\/300D-Oxford-PU.jpg",800,800,false],"trp-custom-language-flag":["https:\/\/www.sikortex.com\/wp-content\/uploads\/2025\/01\/300D-Oxford-PU-12x12.jpg",12,12,true],"woocommerce_thumbnail":["https:\/\/www.sikortex.com\/wp-content\/uploads\/2025\/01\/300D-Oxford-PU-300x300.jpg",300,300,true],"woocommerce_single":["https:\/\/www.sikortex.com\/wp-content\/uploads\/2025\/01\/300D-Oxford-PU-600x600.jpg",600,600,true],"woocommerce_gallery_thumbnail":["https:\/\/www.sikortex.com\/wp-content\/uploads\/2025\/01\/300D-Oxford-PU-100x100.jpg",100,100,true]},"uagb_author_info":{"display_name":"Perry","author_link":"https:\/\/www.sikortex.com\/es\/author\/"},"uagb_comment_info":0,"uagb_excerpt":"2000 Meters(Min.Order)","_links":{"self":[{"href":"https:\/\/www.sikortex.com\/es\/wp-json\/wp\/v2\/product\/7729","targetHints":{"allow":["GET"]}}],"collection":[{"href":"https:\/\/www.sikortex.com\/es\/wp-json\/wp\/v2\/product"}],"about":[{"href":"https:\/\/www.sikortex.com\/es\/wp-json\/wp\/v2\/types\/product"}],"replies":[{"embeddable":true,"href":"https:\/\/www.sikortex.com\/es\/wp-json\/wp\/v2\/comments?post=7729"}],"wp:featuredmedia":[{"embeddable":true,"href":"https:\/\/www.sikortex.com\/es\/wp-json\/wp\/v2\/media\/7732"}],"wp:attachment":[{"href":"https:\/\/www.sikortex.com\/es\/wp-json\/wp\/v2\/media?parent=7729"}],"wp:term":[{"taxonomy":"product_brand","embeddable":true,"href":"https:\/\/www.sikortex.com\/es\/wp-json\/wp\/v2\/product_brand?post=7729"},{"taxonomy":"product_cat","embeddable":true,"href":"https:\/\/www.sikortex.com\/es\/wp-json\/wp\/v2\/product_cat?post=7729"},{"taxonomy":"product_tag","embeddable":true,"href":"https:\/\/www.sikortex.com\/es\/wp-json\/wp\/v2\/product_tag?post=7729"}],"curies":[{"name":"gracias","href":"https:\/\/api.w.org\/{rel}","templated":true}]}}