{"id":7634,"date":"2025-01-02T13:45:44","date_gmt":"2025-01-02T05:45:44","guid":{"rendered":"https:\/\/www.sikortex.com\/?post_type=product&#038;p=7634"},"modified":"2025-01-09T12:17:37","modified_gmt":"2025-01-09T04:17:37","slug":"tejido-ignifugo-de-poliester-segun-la-norma-nfp-701","status":"publish","type":"product","link":"https:\/\/www.sikortex.com\/es\/producto\/tejido-ignifugo-de-poliester-segun-la-norma-nfp-701\/","title":{"rendered":"Tejido ign\u00edfugo de poli\u00e9ster 600D NFPA 701"},"content":{"rendered":"<h4>Tejido ign\u00edfugo de poli\u00e9ster 600D NFPA 701<\/h4>\n<p>En diversos campos que requieren protecci\u00f3n contra incendios, el poli\u00e9ster 600D <a href=\"https:\/\/www.sikortex.com\/es\/fabricante-de-tejido-ignifugo\/\"><span style=\"color: #3366ff;\">ign\u00edfugo<\/span> <\/a>Las telas son muy duraderas y <a href=\"https:\/\/www.sikortex.com\/es\/revista\/impermeable-y-repelente-al-agua\/\"><span style=\"color: #3366ff;\">impermeable,<\/span><\/a> especialmente productos que cumplen con los est\u00e1ndares NFPA 701, que se han convertido en una opci\u00f3n confiable para muchas industrias.<\/p>\n<p>El poli\u00e9ster 600D inherente <a href=\"https:\/\/www.sikortex.com\/es\/fabricante-de-tejido-ignifugo\/\"><span style=\"color: #3366ff;\">ign\u00edfugo<\/span><\/a> Las telas que ofrecemos tienen <span style=\"color: #3366ff;\"><a style=\"color: #3366ff;\" href=\"https:\/\/www.sikortex.com\/es\/fabricante-de-tejido-ignifugo\/\">ign\u00edfugo<\/a><\/span> Propiedades integradas en la etapa de producci\u00f3n de la fibra. Las propiedades ign\u00edfugas de este tejido no se deben a adiciones posteriores, sino a las propiedades de la propia fibra, lo que lo hace estable y confiable en el uso y lavado a largo plazo. Es como un guardia de seguridad leal, siempre fiel a su puesto y brindando a los usuarios una protecci\u00f3n duradera contra incendios. Ya sea que se utilice para hacer cortinas de escenario o equipos de protecci\u00f3n en entornos de trabajo de alta temperatura, los tejidos ign\u00edfugos inherentes pueden reducir eficazmente los riesgos de incendio y garantizar la seguridad del personal y la propiedad con su rendimiento estable.<\/p>\n<p>El <a href=\"https:\/\/www.sikortex.com\/es\/tejidos-de-poliester\/\"><span style=\"color: #3366ff;\">poli\u00e9ster<\/span><\/a> 600D <span style=\"color: #3366ff;\"><a style=\"color: #3366ff;\" href=\"https:\/\/www.sikortex.com\/es\/fabricante-de-tejido-ignifugo\/\">ign\u00edfugo<\/a><\/span> La tela se fabrica a\u00f1adiendo <span style=\"color: #3366ff;\"><a style=\"color: #3366ff;\" href=\"https:\/\/www.sikortex.com\/es\/fabricante-de-tejido-ignifugo\/\">retardantes de llama<\/a><\/span> durante el proceso de procesamiento de la tela para darle a la tela buenas propiedades ign\u00edfugas. Este m\u00e9todo es relativamente flexible y el costo es relativamente controlable. <a href=\"https:\/\/www.sikortex.com\/es\/fabricante-de-tejido-ignifugo\/\"><span style=\"color: #3366ff;\">ign\u00edfugo<\/span><\/a> Puede reaccionar r\u00e1pidamente cuando la tela entra en contacto con la fuente de fuego, inhibiendo la propagaci\u00f3n de las llamas y dando a las personas un tiempo de escape precioso. Se utiliza ampliamente en cortinas de hoteles, muebles para el hogar y otros campos, agregando una capa de protecci\u00f3n contra incendios al entorno de la vida diaria.<\/p>\n<p>El poli\u00e9ster 600D <a href=\"https:\/\/www.sikortex.com\/es\/fabricante-de-tejido-ignifugo\/\"><span style=\"color: #3366ff;\">ign\u00edfugo<\/span><\/a> La tela que cumple con la norma NFPA 701 ha sido rigurosamente probada para garantizar que pueda cumplir con los estrictos requisitos de protecci\u00f3n contra incendios en varios escenarios. La norma NFPA 701 simula una variedad de escenarios de incendios reales y eval\u00faa con precisi\u00f3n la <a href=\"https:\/\/www.sikortex.com\/es\/fabricante-de-tejido-ignifugo\/\"><span style=\"color: #3366ff;\">ign\u00edfugo<\/span><\/a> propiedades de los materiales, velocidad de propagaci\u00f3n de la llama y otros indicadores. Los dos tejidos que ofrecemos, ya sean inherentemente ign\u00edfugos o con aditivos <span style=\"color: #3366ff;\"><a style=\"color: #3366ff;\" href=\"https:\/\/www.sikortex.com\/es\/fabricante-de-tejido-ignifugo\/\">ign\u00edfugo<\/a><\/span>s, pueden pasar con \u00e9xito la prueba est\u00e1ndar y demostrar excelentes capacidades de protecci\u00f3n contra incendios.<br \/>\nYa sea un campo profesional que persiga una estabilidad a largo plazo <a href=\"https:\/\/www.sikortex.com\/es\/fabricante-de-tejido-ignifugo\/\"><span style=\"color: #3366ff;\">ign\u00edfugo<\/span><\/a> efectos o un escenario de aplicaci\u00f3n diaria que se centra en el costo y la practicidad, nuestra 600D p<a href=\"https:\/\/www.sikortex.com\/es\/tejidos-de-poliester\/\"><span style=\"color: #3366ff;\">Oleister<\/span><\/a> La tela ign\u00edfuga puede brindarle una opci\u00f3n segura y de alta calidad con su rendimiento confiable y calidad que cumple con el est\u00e1ndar NFPA 701.<\/p>","protected":false},"excerpt":{"rendered":"<p>2000 metros (pedido m\u00ednimo)<\/p>","protected":false},"featured_media":7635,"comment_status":"closed","ping_status":"closed","template":"","meta":{"_uag_custom_page_level_css":"","site-sidebar-layout":"default","site-content-layout":"default","ast-site-content-layout":"","site-content-style":"default","site-sidebar-style":"default","ast-global-header-display":"","ast-banner-title-visibility":"","ast-main-header-display":"","ast-hfb-above-header-display":"","ast-hfb-below-header-display":"","ast-hfb-mobile-header-display":"","site-post-title":"","ast-breadcrumbs-content":"","ast-featured-img":"","footer-sml-layout":"","theme-transparent-header-meta":"default","adv-header-id-meta":"","stick-header-meta":"default","header-above-stick-meta":"","header-main-stick-meta":"","header-below-stick-meta":"","astra-migrate-meta-layouts":"default","ast-page-background-enabled":"default","ast-page-background-meta":{"desktop":{"background-color":"","background-image":"","background-repeat":"repeat","background-position":"center center","background-size":"auto","background-attachment":"scroll","background-type":"","background-media":"","overlay-type":"","overlay-color":"","overlay-opacity":"","overlay-gradient":""},"tablet":{"background-color":"","background-image":"","background-repeat":"repeat","background-position":"center center","background-size":"auto","background-attachment":"scroll","background-type":"","background-media":"","overlay-type":"","overlay-color":"","overlay-opacity":"","overlay-gradient":""},"mobile":{"background-color":"","background-image":"","background-repeat":"repeat","background-position":"center center","background-size":"auto","background-attachment":"scroll","background-type":"","background-media":"","overlay-type":"","overlay-color":"","overlay-opacity":"","overlay-gradient":""}},"ast-content-background-meta":{"desktop":{"background-color":"var(--ast-global-color-5)","background-image":"","background-repeat":"repeat","background-position":"center center","background-size":"auto","background-attachment":"scroll","background-type":"","background-media":"","overlay-type":"","overlay-color":"","overlay-opacity":"","overlay-gradient":""},"tablet":{"background-color":"var(--ast-global-color-5)","background-image":"","background-repeat":"repeat","background-position":"center center","background-size":"auto","background-attachment":"scroll","background-type":"","background-media":"","overlay-type":"","overlay-color":"","overlay-opacity":"","overlay-gradient":""},"mobile":{"background-color":"var(--ast-global-color-5)","background-image":"","background-repeat":"repeat","background-position":"center center","background-size":"auto","background-attachment":"scroll","background-type":"","background-media":"","overlay-type":"","overlay-color":"","overlay-opacity":"","overlay-gradient":""}}},"product_brand":[],"product_cat":[432,416,1184,403,433,414],"product_tag":[],"class_list":{"0":"post-7634","1":"product","2":"type-product","3":"status-publish","4":"has-post-thumbnail","6":"product_cat-fabric-for-tent","7":"product_cat-fire-retardant-fabrics","8":"product_cat-oxford-fabric","9":"product_cat-polyester-fabrics","10":"product_cat-textile-for-industrial","11":"product_cat-waterproof-fabrics","12":"desktop-align-left","13":"tablet-align-left","14":"mobile-align-left","15":"ast-product-gallery-layout-vertical-slider","16":"ast-product-tabs-layout-horizontal","18":"first","19":"instock","20":"shipping-taxable","21":"product-type-simple"},"uagb_featured_image_src":{"full":["https:\/\/www.sikortex.com\/wp-content\/uploads\/2025\/01\/Flame-Retardant-Oxford-Fabric.jpg",800,747,false],"thumbnail":["https:\/\/www.sikortex.com\/wp-content\/uploads\/2025\/01\/Flame-Retardant-Oxford-Fabric-150x150.jpg",150,150,true],"medium":["https:\/\/www.sikortex.com\/wp-content\/uploads\/2025\/01\/Flame-Retardant-Oxford-Fabric-300x280.jpg",300,280,true],"medium_large":["https:\/\/www.sikortex.com\/wp-content\/uploads\/2025\/01\/Flame-Retardant-Oxford-Fabric-768x717.jpg",768,717,true],"large":["https:\/\/www.sikortex.com\/wp-content\/uploads\/2025\/01\/Flame-Retardant-Oxford-Fabric.jpg",800,747,false],"1536x1536":["https:\/\/www.sikortex.com\/wp-content\/uploads\/2025\/01\/Flame-Retardant-Oxford-Fabric.jpg",800,747,false],"2048x2048":["https:\/\/www.sikortex.com\/wp-content\/uploads\/2025\/01\/Flame-Retardant-Oxford-Fabric.jpg",800,747,false],"trp-custom-language-flag":["https:\/\/www.sikortex.com\/wp-content\/uploads\/2025\/01\/Flame-Retardant-Oxford-Fabric-13x12.jpg",13,12,true],"woocommerce_thumbnail":["https:\/\/www.sikortex.com\/wp-content\/uploads\/2025\/01\/Flame-Retardant-Oxford-Fabric-300x300.jpg",300,300,true],"woocommerce_single":["https:\/\/www.sikortex.com\/wp-content\/uploads\/2025\/01\/Flame-Retardant-Oxford-Fabric-600x560.jpg",600,560,true],"woocommerce_gallery_thumbnail":["https:\/\/www.sikortex.com\/wp-content\/uploads\/2025\/01\/Flame-Retardant-Oxford-Fabric-100x100.jpg",100,100,true]},"uagb_author_info":{"display_name":"Perry","author_link":"https:\/\/www.sikortex.com\/es\/author\/"},"uagb_comment_info":0,"uagb_excerpt":"2000 Meters(Min.Order)","_links":{"self":[{"href":"https:\/\/www.sikortex.com\/es\/wp-json\/wp\/v2\/product\/7634","targetHints":{"allow":["GET"]}}],"collection":[{"href":"https:\/\/www.sikortex.com\/es\/wp-json\/wp\/v2\/product"}],"about":[{"href":"https:\/\/www.sikortex.com\/es\/wp-json\/wp\/v2\/types\/product"}],"replies":[{"embeddable":true,"href":"https:\/\/www.sikortex.com\/es\/wp-json\/wp\/v2\/comments?post=7634"}],"wp:featuredmedia":[{"embeddable":true,"href":"https:\/\/www.sikortex.com\/es\/wp-json\/wp\/v2\/media\/7635"}],"wp:attachment":[{"href":"https:\/\/www.sikortex.com\/es\/wp-json\/wp\/v2\/media?parent=7634"}],"wp:term":[{"taxonomy":"product_brand","embeddable":true,"href":"https:\/\/www.sikortex.com\/es\/wp-json\/wp\/v2\/product_brand?post=7634"},{"taxonomy":"product_cat","embeddable":true,"href":"https:\/\/www.sikortex.com\/es\/wp-json\/wp\/v2\/product_cat?post=7634"},{"taxonomy":"product_tag","embeddable":true,"href":"https:\/\/www.sikortex.com\/es\/wp-json\/wp\/v2\/product_tag?post=7634"}],"curies":[{"name":"gracias","href":"https:\/\/api.w.org\/{rel}","templated":true}]}}