{"id":7576,"date":"2024-12-26T15:06:48","date_gmt":"2024-12-26T07:06:48","guid":{"rendered":"https:\/\/www.sikortex.com\/?post_type=product&#038;p=7576"},"modified":"2025-02-17T17:39:47","modified_gmt":"2025-02-17T09:39:47","slug":"revestimiento-de-pu-impermeable-oxford-de-nailon-210d","status":"publish","type":"product","link":"https:\/\/www.sikortex.com\/es\/producto\/revestimiento-de-pu-impermeable-oxford-de-nailon-210d\/","title":{"rendered":"Tejido Oxford de nailon 210D con revestimiento de PU impermeable"},"content":{"rendered":"<h3 class=\"header-vfC6AV auto-hide-last-sibling-br\">Tejido Oxford de nailon 210D impermeable: la opci\u00f3n preferida para mochilas y equipo de acampada<\/h3>\n<h4 class=\"header-vfC6AV auto-hide-last-sibling-br\">Duradero y resistente, afrontando los desaf\u00edos de frente<\/h4>\n<p>&nbsp;<\/p>\n<div class=\"auto-hide-last-sibling-br paragraph-JOTKXA paragraph-element br-paragraph-space\">En el campo de las mochilas y el equipo de acampada, la durabilidad es de suma importancia. La tela Oxford de nailon 210D <a href=\"https:\/\/www.sikortex.com\/es\/repelente-al-agua-resistente-impermeable\/\"><span style=\"color: #3366ff;\">impermeable<\/span><\/a> El tejido, donde \u201cD\u201d representa el denier, tiene un grosor de hilo indicado por el valor 210, lo que logra un equilibrio entre ligereza y resistencia. Est\u00e1 tejido de forma compacta con una disposici\u00f3n de fibras estable. Este tejido puede soportar la fricci\u00f3n a larga distancia de las mochilas y el desgaste del equipo de campamento en terrenos complejos, siendo resistente a desgarros y roturas, lo que garantiza el uso a largo plazo del equipo.<\/div>\n<div><\/div>\n<h4 class=\"header-vfC6AV auto-hide-last-sibling-br\">Doble revestimiento, con excelente rendimiento a prueba de agua<\/h4>\n<div class=\"auto-hide-last-sibling-br paragraph-JOTKXA paragraph-element br-paragraph-space\">La ventaja destacada de este tejido reside en su <a href=\"https:\/\/www.sikortex.com\/es\/repelente-al-agua-resistente-impermeable\/\"><span style=\"color: #3366ff;\">impermeable<\/span> <\/a>Propiedad. Adoptamos un m\u00e9todo de producci\u00f3n de doble revestimiento, lo que permite la formaci\u00f3n de una estructura impermeable m\u00e1s compacta en la superficie de la tela. Cuando las gotas de agua caen sobre ella, se deslizan r\u00e1pidamente y nunca penetran, como si el equipo estuviera cubierto por un impermeable invisible, bloqueando eficazmente la humedad externa. Cuando se ve atrapado por un aguacero repentino durante un campamento al aire libre, los art\u00edculos dentro de la mochila pueden permanecer secos, lo que proporciona un fuerte soporte para su uso en entornos h\u00famedos.<\/div>\n<div><\/div>\n<h4 class=\"header-vfC6AV auto-hide-last-sibling-br\">Ligero y port\u00e1til, para un viaje relajante.<\/h4>\n<div class=\"auto-hide-last-sibling-br paragraph-JOTKXA paragraph-element br-paragraph-space\">Si bien la funcionalidad es fundamental, la ligereza tambi\u00e9n es muy valorada. El nailon 210D <a href=\"https:\/\/www.sikortex.com\/es\/tejido-cortavientos-ripstop-tejido-de-algodon-nylon-5\/\"><span style=\"color: #3366ff;\">Oxford<\/span><\/a> <a href=\"https:\/\/www.sikortex.com\/es\/repelente-al-agua-resistente-impermeable\/\"><span style=\"color: #3366ff;\">tela impermeable<\/span><\/a> Tiene una textura ligera. A pesar de su dureza e impermeabilidad, no a\u00f1ade mucho peso. Los viajeros que llevan mochilas hechas de este tejido pueden caminar largas distancias sin sentirse sobrecargados debido a la tela, y los campistas pueden trasladar su equipo con mayor facilidad, lo que hace que los viajes al aire libre sean agradables y sin estr\u00e9s.<\/div>\n<div><\/div>\n<h4 class=\"header-vfC6AV auto-hide-last-sibling-br\">Ampliamente aplicado, satisface diversas necesidades<\/h4>\n<div class=\"auto-hide-last-sibling-br paragraph-JOTKXA paragraph-element br-paragraph-space\">La ventaja de este tejido tambi\u00e9n reside en su versatilidad. En la fabricaci\u00f3n de mochilas, es adecuado para varios tipos de mochilas, como las de monta\u00f1ismo, senderismo y viajes. En cuanto a los equipos de acampada, se utiliza habitualmente en tiendas de campa\u00f1a, forros para sacos de dormir y fundas para colchonetas a prueba de humedad. Su amplia aplicabilidad demuestra su flexibilidad y practicidad, satisfaciendo diversas necesidades y aportando comodidad.<\/div>\n<p>&nbsp;<\/p>\n<div class=\"auto-hide-last-sibling-br paragraph-JOTKXA paragraph-element br-paragraph-space\">Con su durabilidad, excelente rendimiento a prueba de agua, peso ligero y versatilidad, el nailon 210D <a href=\"https:\/\/www.sikortex.com\/es\/tejido-cortavientos-ripstop-tejido-de-algodon-nylon-5\/\"><span style=\"color: #3366ff;\">Oxford<\/span><\/a> <a href=\"https:\/\/www.sikortex.com\/es\/repelente-al-agua-resistente-impermeable\/\"><span style=\"color: #3366ff;\">impermeable<\/span><\/a> La tela es la mejor opci\u00f3n para mochilas y equipos de acampada. Proporciona un soporte fiable para viajes al aire libre y ayuda a las personas a disfrutar plenamente de la naturaleza.<\/div>","protected":false},"excerpt":{"rendered":"<p>1200 metros (pedido m\u00ednimo)<\/p>","protected":false},"featured_media":7581,"comment_status":"closed","ping_status":"closed","template":"","meta":{"_uag_custom_page_level_css":"","site-sidebar-layout":"default","site-content-layout":"default","ast-site-content-layout":"","site-content-style":"default","site-sidebar-style":"default","ast-global-header-display":"","ast-banner-title-visibility":"","ast-main-header-display":"","ast-hfb-above-header-display":"","ast-hfb-below-header-display":"","ast-hfb-mobile-header-display":"","site-post-title":"","ast-breadcrumbs-content":"","ast-featured-img":"","footer-sml-layout":"","theme-transparent-header-meta":"default","adv-header-id-meta":"","stick-header-meta":"default","header-above-stick-meta":"","header-main-stick-meta":"","header-below-stick-meta":"","astra-migrate-meta-layouts":"default","ast-page-background-enabled":"default","ast-page-background-meta":{"desktop":{"background-color":"","background-image":"","background-repeat":"repeat","background-position":"center center","background-size":"auto","background-attachment":"scroll","background-type":"","background-media":"","overlay-type":"","overlay-color":"","overlay-opacity":"","overlay-gradient":""},"tablet":{"background-color":"","background-image":"","background-repeat":"repeat","background-position":"center center","background-size":"auto","background-attachment":"scroll","background-type":"","background-media":"","overlay-type":"","overlay-color":"","overlay-opacity":"","overlay-gradient":""},"mobile":{"background-color":"","background-image":"","background-repeat":"repeat","background-position":"center center","background-size":"auto","background-attachment":"scroll","background-type":"","background-media":"","overlay-type":"","overlay-color":"","overlay-opacity":"","overlay-gradient":""}},"ast-content-background-meta":{"desktop":{"background-color":"var(--ast-global-color-5)","background-image":"","background-repeat":"repeat","background-position":"center center","background-size":"auto","background-attachment":"scroll","background-type":"","background-media":"","overlay-type":"","overlay-color":"","overlay-opacity":"","overlay-gradient":""},"tablet":{"background-color":"var(--ast-global-color-5)","background-image":"","background-repeat":"repeat","background-position":"center center","background-size":"auto","background-attachment":"scroll","background-type":"","background-media":"","overlay-type":"","overlay-color":"","overlay-opacity":"","overlay-gradient":""},"mobile":{"background-color":"var(--ast-global-color-5)","background-image":"","background-repeat":"repeat","background-position":"center center","background-size":"auto","background-attachment":"scroll","background-type":"","background-media":"","overlay-type":"","overlay-color":"","overlay-opacity":"","overlay-gradient":""}}},"product_brand":[],"product_cat":[1206,432,404,1184,433,414],"product_tag":[],"class_list":{"0":"post-7576","1":"product","2":"type-product","3":"status-publish","4":"has-post-thumbnail","6":"product_cat-fabric-for-bag","7":"product_cat-fabric-for-tent","8":"product_cat-nylon-fabrics","9":"product_cat-oxford-fabric","10":"product_cat-textile-for-industrial","11":"product_cat-waterproof-fabrics","12":"pa_available_colors-h-black","13":"desktop-align-left","14":"tablet-align-left","15":"mobile-align-left","16":"ast-product-gallery-layout-vertical-slider","17":"ast-product-tabs-layout-horizontal","19":"first","20":"instock","21":"shipping-taxable","22":"product-type-simple"},"uagb_featured_image_src":{"full":["https:\/\/www.sikortex.com\/wp-content\/uploads\/2024\/12\/210D-Nylon-Oxford-Waterproof.jpg",800,800,false],"thumbnail":["https:\/\/www.sikortex.com\/wp-content\/uploads\/2024\/12\/210D-Nylon-Oxford-Waterproof-150x150.jpg",150,150,true],"medium":["https:\/\/www.sikortex.com\/wp-content\/uploads\/2024\/12\/210D-Nylon-Oxford-Waterproof-300x300.jpg",300,300,true],"medium_large":["https:\/\/www.sikortex.com\/wp-content\/uploads\/2024\/12\/210D-Nylon-Oxford-Waterproof-768x768.jpg",768,768,true],"large":["https:\/\/www.sikortex.com\/wp-content\/uploads\/2024\/12\/210D-Nylon-Oxford-Waterproof.jpg",800,800,false],"1536x1536":["https:\/\/www.sikortex.com\/wp-content\/uploads\/2024\/12\/210D-Nylon-Oxford-Waterproof.jpg",800,800,false],"2048x2048":["https:\/\/www.sikortex.com\/wp-content\/uploads\/2024\/12\/210D-Nylon-Oxford-Waterproof.jpg",800,800,false],"trp-custom-language-flag":["https:\/\/www.sikortex.com\/wp-content\/uploads\/2024\/12\/210D-Nylon-Oxford-Waterproof-12x12.jpg",12,12,true],"woocommerce_thumbnail":["https:\/\/www.sikortex.com\/wp-content\/uploads\/2024\/12\/210D-Nylon-Oxford-Waterproof-300x300.jpg",300,300,true],"woocommerce_single":["https:\/\/www.sikortex.com\/wp-content\/uploads\/2024\/12\/210D-Nylon-Oxford-Waterproof-600x600.jpg",600,600,true],"woocommerce_gallery_thumbnail":["https:\/\/www.sikortex.com\/wp-content\/uploads\/2024\/12\/210D-Nylon-Oxford-Waterproof-100x100.jpg",100,100,true]},"uagb_author_info":{"display_name":"Perry","author_link":"https:\/\/www.sikortex.com\/es\/author\/"},"uagb_comment_info":0,"uagb_excerpt":"1200 Meters(Min.Order)","_links":{"self":[{"href":"https:\/\/www.sikortex.com\/es\/wp-json\/wp\/v2\/product\/7576","targetHints":{"allow":["GET"]}}],"collection":[{"href":"https:\/\/www.sikortex.com\/es\/wp-json\/wp\/v2\/product"}],"about":[{"href":"https:\/\/www.sikortex.com\/es\/wp-json\/wp\/v2\/types\/product"}],"replies":[{"embeddable":true,"href":"https:\/\/www.sikortex.com\/es\/wp-json\/wp\/v2\/comments?post=7576"}],"wp:featuredmedia":[{"embeddable":true,"href":"https:\/\/www.sikortex.com\/es\/wp-json\/wp\/v2\/media\/7581"}],"wp:attachment":[{"href":"https:\/\/www.sikortex.com\/es\/wp-json\/wp\/v2\/media?parent=7576"}],"wp:term":[{"taxonomy":"product_brand","embeddable":true,"href":"https:\/\/www.sikortex.com\/es\/wp-json\/wp\/v2\/product_brand?post=7576"},{"taxonomy":"product_cat","embeddable":true,"href":"https:\/\/www.sikortex.com\/es\/wp-json\/wp\/v2\/product_cat?post=7576"},{"taxonomy":"product_tag","embeddable":true,"href":"https:\/\/www.sikortex.com\/es\/wp-json\/wp\/v2\/product_tag?post=7576"}],"curies":[{"name":"gracias","href":"https:\/\/api.w.org\/{rel}","templated":true}]}}