{"id":7415,"date":"2024-12-23T15:14:44","date_gmt":"2024-12-23T07:14:44","guid":{"rendered":"https:\/\/www.sikortex.com\/?post_type=product&#038;p=7415"},"modified":"2025-03-17T15:14:51","modified_gmt":"2025-03-17T07:14:51","slug":"tejido-recubierto-de-tpu-para-inflables","status":"publish","type":"product","link":"https:\/\/www.sikortex.com\/es\/producto\/tejido-recubierto-de-tpu-para-inflables\/","title":{"rendered":"Tejido de nailon bal\u00edstico 840D recubierto de TPU para inflables"},"content":{"rendered":"<h3 class=\"header-vfC6AV auto-hide-last-sibling-br\">Introducci\u00f3n al nylon bal\u00edstico 840D<\/h3>\n<p>&nbsp;<\/p>\n<p>SIKOR-TEX como proveedor de material inflable. Bal\u00edstico <a href=\"https:\/\/www.sikortex.com\/es\/fabricante-de-tejido-de-nailon\/\"><span style=\"color: #3366ff;\">Nylon<\/span><\/a> El nailon bal\u00edstico 840D es un material excelente conocido por su excelente resistencia al desgarro. Este tejido se utiliza en una amplia gama de aplicaciones, especialmente en productos inflables o impermeables. El nailon bal\u00edstico 840D es ideal para fabricar art\u00edculos como mochilas, balsas para mochilas, bolsas impermeables y equipos para empacar bicicletas.<br \/>\nTambi\u00e9n ofrecemos tela de nailon 210D y 420D para productos inflables. Como material inflable, la buena hermeticidad es especialmente importante, y nuestro TPU <a href=\"\/es\/fabricantes-de-tejidos-revestidos\/\"><span style=\"color: #3366ff;\">revestimiento<\/span><\/a> es el mejor .<\/p>\n<h3 class=\"header-vfC6AV auto-hide-last-sibling-br\">Opciones de revestimiento de TPU<\/h3>\n<p>&nbsp;<\/p>\n<div class=\"auto-hide-last-sibling-br paragraph-JOTKXA paragraph-element br-paragraph-space\">Una de las caracter\u00edsticas clave del nailon bal\u00edstico 840D es su TPU <a href=\"\/es\/fabricantes-de-tejidos-revestidos\/\"><span style=\"color: #3366ff;\">Tejido recubierto<\/span><\/a>La tela est\u00e1 disponible con TPU de una sola cara. <a href=\"\/es\/fabricantes-de-tejidos-revestidos\/\"><span style=\"color: #3366ff;\">revestimiento<\/span> <\/a>(acabado mate), que proporciona una mejor <a href=\"https:\/\/www.sikortex.com\/es\/repelente-al-agua-resistente-impermeable\/\"><span style=\"color: #3366ff;\">impermeable<\/span><\/a> El espesor del recubrimiento de TPU del nailon bal\u00edstico 840D es relativamente significativo, lo que le confiere una gran resistencia.<\/div>\n<p><span style=\"font-size: 16px;\">barrera impermeable para los dedos. Adem\u00e1s, tambi\u00e9n se puede fabricar con un revestimiento de TPU de doble cara, lo que mejora a\u00fan m\u00e1s<\/span><\/p>\n<p>&nbsp;<\/p>\n<p><span style=\"font-size: 16px;\">Mejorando su rendimiento a prueba de agua y durabilidad.<\/span><\/p>\n<p style=\"font-size: 16px; font-style: normal; font-weight: 400;\"><span style=\"font-size: 1.5em; font-weight: bold;\">Comparaci\u00f3n con el revestimiento de PU<\/span><\/p>\n<p><img loading=\"lazy\" decoding=\"async\" class=\"wp-image-7599 alignright\" src=\"https:\/\/www.sikortex.com\/wp-content\/uploads\/2024\/12\/inflatable-fabric-e1735620650635-300x164.jpg\" alt=\"Tela para inflables\" width=\"542\" height=\"296\" title=\"\" srcset=\"https:\/\/www.sikortex.com\/wp-content\/uploads\/2024\/12\/inflatable-fabric-e1735620650635-300x164.jpg 300w, https:\/\/www.sikortex.com\/wp-content\/uploads\/2024\/12\/inflatable-fabric-e1735620650635-18x10.jpg 18w, https:\/\/www.sikortex.com\/wp-content\/uploads\/2024\/12\/inflatable-fabric-e1735620650635-600x328.jpg 600w, https:\/\/www.sikortex.com\/wp-content\/uploads\/2024\/12\/inflatable-fabric-e1735620650635.jpg 742w\" sizes=\"auto, (max-width: 542px) 100vw, 542px\" \/><\/p>\n<div class=\"auto-hide-last-sibling-br paragraph-JOTKXA paragraph-element br-paragraph-space\">Adem\u00e1s del revestimiento de TPU, el nailon bal\u00edstico 840D tambi\u00e9n se puede recubrir con PU. Sin embargo, al utilizar el revestimiento de PU, el grosor del tejido se reduce significativamente en comparaci\u00f3n con el revestimiento de TPU.<a href=\"\/es\/fabricantes-de-tejidos-revestidos\/\"><span style=\"color: #3366ff;\">saburral<\/span><\/a> La elecci\u00f3n entre el revestimiento de TPU y el de PU depende de los requisitos espec\u00edficos del producto final. Para aplicaciones en las que la m\u00e1xima durabilidad y una protecci\u00f3n impermeable gruesa son cruciales, a menudo se prefiere el revestimiento de TPU sobre nailon bal\u00edstico 840D.<\/div>\n<h3 class=\"header-vfC6AV auto-hide-last-sibling-br\">Durabilidad y aplicaciones<\/h3>\n<p>&nbsp;<\/p>\n<div class=\"auto-hide-last-sibling-br paragraph-JOTKXA paragraph-element br-paragraph-space\">La durabilidad de Ballistic <a href=\"https:\/\/www.sikortex.com\/es\/fabricante-de-tejido-de-nailon\/\"><span style=\"color: #3366ff;\">Nylon<\/span><\/a> El 840D lo convierte en una opci\u00f3n ideal para equipos para actividades al aire libre. Ya sea una mochila que necesita soportar terrenos dif\u00edciles y cargas pesadas o un packraft que tiene que soportar los rigores de las actividades acu\u00e1ticas, Ballistic <a href=\"https:\/\/www.sikortex.com\/es\/fabricante-de-tejido-de-nailon\/\"><span style=\"color: #3366ff;\">Nylon<\/span><\/a> El tejido 840D demuestra su eficacia. Las propiedades resistentes al desgarro de este tejido garantizan una larga vida \u00fatil de los productos fabricados con \u00e9l.<\/div>\n<h3 class=\"header-vfC6AV auto-hide-last-sibling-br\">Comportamiento impermeable en productos espec\u00edficos<\/h3>\n<p>&nbsp;<\/p>\n<div class=\"auto-hide-last-sibling-br paragraph-JOTKXA paragraph-element br-paragraph-space\">Para <a href=\"https:\/\/www.sikortex.com\/es\/repelente-al-agua-resistente-impermeable\/\"><span style=\"color: #3366ff;\">impermeable<\/span><\/a> Bolsas y material de embalaje para bicicletas, Ballistic <a href=\"https:\/\/www.sikortex.com\/es\/fabricante-de-tejido-de-nailon\/\"><span style=\"color: #3366ff;\">Nylon<\/span> <\/a>840D con su TPU <a href=\"\/es\/fabricantes-de-tejidos-revestidos\/\"><span style=\"color: #3366ff;\">revestimiento<\/span><\/a> Proporciona una protecci\u00f3n fiable contra el agua. El acabado mate del TPU de una sola cara <a href=\"\/es\/fabricantes-de-tejidos-revestidos\/\"><span style=\"color: #3366ff;\">revestimiento<\/span><\/a> da un aspecto elegante y profesional a los productos. En general, Ballistic <a href=\"https:\/\/www.sikortex.com\/es\/fabricante-de-tejido-de-nailon\/\"><span style=\"color: #3366ff;\">Nylon<\/span> <\/a>840D, con sus diversas opciones de recubrimiento y excelente resistencia al desgarro, es el mejor material inflable y material impermeable.<\/div>","protected":false},"excerpt":{"rendered":"<p>1200 metros (pedido m\u00ednimo)<\/p>","protected":false},"featured_media":7418,"comment_status":"closed","ping_status":"closed","template":"","meta":{"_uag_custom_page_level_css":"","site-sidebar-layout":"default","site-content-layout":"default","ast-site-content-layout":"default","site-content-style":"default","site-sidebar-style":"default","ast-global-header-display":"","ast-banner-title-visibility":"","ast-main-header-display":"","ast-hfb-above-header-display":"","ast-hfb-below-header-display":"","ast-hfb-mobile-header-display":"","site-post-title":"","ast-breadcrumbs-content":"","ast-featured-img":"","footer-sml-layout":"","theme-transparent-header-meta":"default","adv-header-id-meta":"","stick-header-meta":"default","header-above-stick-meta":"","header-main-stick-meta":"","header-below-stick-meta":"","astra-migrate-meta-layouts":"set","ast-page-background-enabled":"default","ast-page-background-meta":{"desktop":{"background-color":"","background-image":"","background-repeat":"repeat","background-position":"center center","background-size":"auto","background-attachment":"scroll","background-type":"","background-media":"","overlay-type":"","overlay-color":"","overlay-opacity":"","overlay-gradient":""},"tablet":{"background-color":"","background-image":"","background-repeat":"repeat","background-position":"center center","background-size":"auto","background-attachment":"scroll","background-type":"","background-media":"","overlay-type":"","overlay-color":"","overlay-opacity":"","overlay-gradient":""},"mobile":{"background-color":"","background-image":"","background-repeat":"repeat","background-position":"center center","background-size":"auto","background-attachment":"scroll","background-type":"","background-media":"","overlay-type":"","overlay-color":"","overlay-opacity":"","overlay-gradient":""}},"ast-content-background-meta":{"desktop":{"background-color":"var(--ast-global-color-5)","background-image":"","background-repeat":"repeat","background-position":"center center","background-size":"auto","background-attachment":"scroll","background-type":"","background-media":"","overlay-type":"","overlay-color":"","overlay-opacity":"","overlay-gradient":""},"tablet":{"background-color":"var(--ast-global-color-5)","background-image":"","background-repeat":"repeat","background-position":"center center","background-size":"auto","background-attachment":"scroll","background-type":"","background-media":"","overlay-type":"","overlay-color":"","overlay-opacity":"","overlay-gradient":""},"mobile":{"background-color":"var(--ast-global-color-5)","background-image":"","background-repeat":"repeat","background-position":"center center","background-size":"auto","background-attachment":"scroll","background-type":"","background-media":"","overlay-type":"","overlay-color":"","overlay-opacity":"","overlay-gradient":""}}},"product_brand":[],"product_cat":[1206,423,432,404,1184,433,414],"product_tag":[],"class_list":{"0":"post-7415","1":"product","2":"type-product","3":"status-publish","4":"has-post-thumbnail","6":"product_cat-fabric-for-bag","7":"product_cat-fabric-for-military-police","8":"product_cat-fabric-for-tent","9":"product_cat-nylon-fabrics","10":"product_cat-oxford-fabric","11":"product_cat-textile-for-industrial","12":"product_cat-waterproof-fabrics","13":"pa_available_colors-h-black","14":"desktop-align-left","15":"tablet-align-left","16":"mobile-align-left","17":"ast-product-gallery-layout-vertical-slider","18":"ast-product-tabs-layout-horizontal","20":"first","21":"instock","22":"shipping-taxable","23":"product-type-simple"},"uagb_featured_image_src":{"full":["https:\/\/www.sikortex.com\/wp-content\/uploads\/2024\/12\/Nylon-840D-TPU-Coated.jpg",800,800,false],"thumbnail":["https:\/\/www.sikortex.com\/wp-content\/uploads\/2024\/12\/Nylon-840D-TPU-Coated-150x150.jpg",150,150,true],"medium":["https:\/\/www.sikortex.com\/wp-content\/uploads\/2024\/12\/Nylon-840D-TPU-Coated-300x300.jpg",300,300,true],"medium_large":["https:\/\/www.sikortex.com\/wp-content\/uploads\/2024\/12\/Nylon-840D-TPU-Coated-768x768.jpg",768,768,true],"large":["https:\/\/www.sikortex.com\/wp-content\/uploads\/2024\/12\/Nylon-840D-TPU-Coated.jpg",800,800,false],"1536x1536":["https:\/\/www.sikortex.com\/wp-content\/uploads\/2024\/12\/Nylon-840D-TPU-Coated.jpg",800,800,false],"2048x2048":["https:\/\/www.sikortex.com\/wp-content\/uploads\/2024\/12\/Nylon-840D-TPU-Coated.jpg",800,800,false],"trp-custom-language-flag":["https:\/\/www.sikortex.com\/wp-content\/uploads\/2024\/12\/Nylon-840D-TPU-Coated-12x12.jpg",12,12,true],"woocommerce_thumbnail":["https:\/\/www.sikortex.com\/wp-content\/uploads\/2024\/12\/Nylon-840D-TPU-Coated-300x300.jpg",300,300,true],"woocommerce_single":["https:\/\/www.sikortex.com\/wp-content\/uploads\/2024\/12\/Nylon-840D-TPU-Coated-600x600.jpg",600,600,true],"woocommerce_gallery_thumbnail":["https:\/\/www.sikortex.com\/wp-content\/uploads\/2024\/12\/Nylon-840D-TPU-Coated-100x100.jpg",100,100,true]},"uagb_author_info":{"display_name":"Perry","author_link":"https:\/\/www.sikortex.com\/es\/author\/"},"uagb_comment_info":0,"uagb_excerpt":"1200 Meters(Min.Order)","_links":{"self":[{"href":"https:\/\/www.sikortex.com\/es\/wp-json\/wp\/v2\/product\/7415","targetHints":{"allow":["GET"]}}],"collection":[{"href":"https:\/\/www.sikortex.com\/es\/wp-json\/wp\/v2\/product"}],"about":[{"href":"https:\/\/www.sikortex.com\/es\/wp-json\/wp\/v2\/types\/product"}],"replies":[{"embeddable":true,"href":"https:\/\/www.sikortex.com\/es\/wp-json\/wp\/v2\/comments?post=7415"}],"wp:featuredmedia":[{"embeddable":true,"href":"https:\/\/www.sikortex.com\/es\/wp-json\/wp\/v2\/media\/7418"}],"wp:attachment":[{"href":"https:\/\/www.sikortex.com\/es\/wp-json\/wp\/v2\/media?parent=7415"}],"wp:term":[{"taxonomy":"product_brand","embeddable":true,"href":"https:\/\/www.sikortex.com\/es\/wp-json\/wp\/v2\/product_brand?post=7415"},{"taxonomy":"product_cat","embeddable":true,"href":"https:\/\/www.sikortex.com\/es\/wp-json\/wp\/v2\/product_cat?post=7415"},{"taxonomy":"product_tag","embeddable":true,"href":"https:\/\/www.sikortex.com\/es\/wp-json\/wp\/v2\/product_tag?post=7415"}],"curies":[{"name":"gracias","href":"https:\/\/api.w.org\/{rel}","templated":true}]}}