{"id":7409,"date":"2024-12-23T13:34:08","date_gmt":"2024-12-23T05:34:08","guid":{"rendered":"https:\/\/www.sikortex.com\/?post_type=product&#038;p=7409"},"modified":"2024-12-27T14:14:53","modified_gmt":"2024-12-27T06:14:53","slug":"tejido-oxford-de-poliester-420d-con-revestimiento-de-poliuretano","status":"publish","type":"product","link":"https:\/\/www.sikortex.com\/es\/producto\/tejido-oxford-de-poliester-420d-con-revestimiento-de-poliuretano\/","title":{"rendered":"Tejido Oxford de poli\u00e9ster 420D con revestimiento de poliuretano impermeable y retardante de llama para tiendas de campa\u00f1a"},"content":{"rendered":"<h4 class=\"header-vfC6AV auto-hide-last-sibling-br\">Caracter\u00edsticas del tejido Oxford 420D de poli\u00e9ster<\/h4>\n<p>&nbsp;<\/p>\n<div class=\"auto-hide-last-sibling-br paragraph-JOTKXA paragraph-element br-paragraph-space\">El tejido Oxford 420D de poli\u00e9ster comparte algunas caracter\u00edsticas comunes con el tejido Oxford 600D. Sin embargo, tiene un denier inferior, 420. Suele estar recubierto de PU o PVC, lo que confiere al tejido de poli\u00e9ster Oxford 420D propiedades impermeables y una mayor resistencia. Este tejido logra un equilibrio entre durabilidad y peso, lo que lo convierte en una opci\u00f3n popular para productos relativamente ligeros, como bolsas, impermeables y peque\u00f1os equipos de exterior. Aunque puede no ser tan grueso como <a href=\"https:\/\/www.sikortex.com\/es\/producto\/sk8362-oxford-tejido-ignifugo-13\/\"><span style=\"color: #3366ff;\">Tejido Oxford 600D<\/span><\/a>El tejido Oxford 420D de poli\u00e9ster sigue ofreciendo un rendimiento y una protecci\u00f3n fiables.<\/div>\n<div><\/div>\n<h4 class=\"header-vfC6AV auto-hide-last-sibling-br\">Aplicaciones del tejido Oxford 420D de poli\u00e9ster<\/h4>\n<p><strong>Bolsas peque\u00f1as<\/strong>: El tejido Oxford 420D de poli\u00e9ster es muy adecuado para fabricar bolsas peque\u00f1as, como mochilas de uso diario, bolsas de mensajero y bolsos de mano. Su peso ligero lo convierte en la mejor opci\u00f3n para el transporte diario.<\/p>\n<p><strong>Impermeables<\/strong>: Impermeables y capas de poli\u00e9ster 420D Oxford tejido poseen <a href=\"https:\/\/www.sikortex.com\/es\/revista\/impermeable-y-repelente-al-agua\/\"><span style=\"color: #3366ff;\">impermeable<\/span><\/a> protecci\u00f3n. No son demasiado voluminosos y siguen siendo c\u00f3modos y pr\u00e1cticos incluso en condiciones de humedad.<\/p>\n<p><strong>Accesorios<\/strong>: Este tejido se utiliza habitualmente para fabricar accesorios de exterior, como peque\u00f1as bolsas, carteras y fundas de tel\u00e9fono, donde el equilibrio entre durabilidad y peso del tejido de poli\u00e9ster 420D Oxford es de suma importancia.<\/p>\n<p><strong>Carpas<\/strong>: Tejido de poli\u00e9ster 420D Oxford, con buena resistencia, peso ligero y relativamente buena capacidad impermeable, es m\u00e1s apropiado para la fabricaci\u00f3n de tiendas de campa\u00f1a al aire libre.<\/p>\n<h4 class=\"header-vfC6AV auto-hide-last-sibling-br\">Rendimiento del tejido Oxford 420D de poli\u00e9ster<\/h4>\n<p><strong>Durabilidad equilibrada<\/strong>: Proporciona durabilidad sin ser excesivamente pesado.<\/p>\n<p><strong>Impermeable<\/strong>: Puede recubrirse para conseguir impermeabilidad. El revestimiento del tejido Oxford 420D de poli\u00e9ster desempe\u00f1a un papel importante en la mejora de su funci\u00f3n impermeable.<\/p>\n<p><strong>Versatilidad<\/strong>: Es aplicable a una amplia variedad de usos, especialmente cuando el peso es un factor crucial. El tejido Oxford 420D de poli\u00e9ster se puede utilizar bien en diferentes escenarios.<\/p>\n<h4 class=\"header-vfC6AV auto-hide-last-sibling-br\">Tratamientos de acabado opcionales<\/h4>\n<div class=\"auto-hide-last-sibling-br paragraph-JOTKXA paragraph-element br-paragraph-space\">El tejido Oxford 420D de poli\u00e9ster puede someterse a recubrimientos de PVC, PU y <a href=\"https:\/\/www.sikortex.com\/es\/telas-ignifugas\/\"><span style=\"color: #3366ff;\">ign\u00edfugo<\/span><\/a> acabado. Estos tratamientos mejoran a\u00fan m\u00e1s las prestaciones del tejido de poli\u00e9ster 420D Oxford y ampl\u00edan su gama de aplicaciones.<\/div>","protected":false},"excerpt":{"rendered":"<p>1200 metros (pedido m\u00ednimo)<\/p>","protected":false},"featured_media":7413,"comment_status":"closed","ping_status":"closed","template":"","meta":{"_uag_custom_page_level_css":"","site-sidebar-layout":"default","site-content-layout":"default","ast-site-content-layout":"","site-content-style":"default","site-sidebar-style":"default","ast-global-header-display":"","ast-banner-title-visibility":"","ast-main-header-display":"","ast-hfb-above-header-display":"","ast-hfb-below-header-display":"","ast-hfb-mobile-header-display":"","site-post-title":"","ast-breadcrumbs-content":"","ast-featured-img":"","footer-sml-layout":"","theme-transparent-header-meta":"default","adv-header-id-meta":"","stick-header-meta":"default","header-above-stick-meta":"","header-main-stick-meta":"","header-below-stick-meta":"","astra-migrate-meta-layouts":"default","ast-page-background-enabled":"default","ast-page-background-meta":{"desktop":{"background-color":"","background-image":"","background-repeat":"repeat","background-position":"center center","background-size":"auto","background-attachment":"scroll","background-type":"","background-media":"","overlay-type":"","overlay-color":"","overlay-opacity":"","overlay-gradient":""},"tablet":{"background-color":"","background-image":"","background-repeat":"repeat","background-position":"center center","background-size":"auto","background-attachment":"scroll","background-type":"","background-media":"","overlay-type":"","overlay-color":"","overlay-opacity":"","overlay-gradient":""},"mobile":{"background-color":"","background-image":"","background-repeat":"repeat","background-position":"center center","background-size":"auto","background-attachment":"scroll","background-type":"","background-media":"","overlay-type":"","overlay-color":"","overlay-opacity":"","overlay-gradient":""}},"ast-content-background-meta":{"desktop":{"background-color":"var(--ast-global-color-5)","background-image":"","background-repeat":"repeat","background-position":"center center","background-size":"auto","background-attachment":"scroll","background-type":"","background-media":"","overlay-type":"","overlay-color":"","overlay-opacity":"","overlay-gradient":""},"tablet":{"background-color":"var(--ast-global-color-5)","background-image":"","background-repeat":"repeat","background-position":"center center","background-size":"auto","background-attachment":"scroll","background-type":"","background-media":"","overlay-type":"","overlay-color":"","overlay-opacity":"","overlay-gradient":""},"mobile":{"background-color":"var(--ast-global-color-5)","background-image":"","background-repeat":"repeat","background-position":"center center","background-size":"auto","background-attachment":"scroll","background-type":"","background-media":"","overlay-type":"","overlay-color":"","overlay-opacity":"","overlay-gradient":""}}},"product_brand":[],"product_cat":[432,1184,403,433,414],"product_tag":[],"class_list":{"0":"post-7409","1":"product","2":"type-product","3":"status-publish","4":"has-post-thumbnail","6":"product_cat-fabric-for-tent","7":"product_cat-oxford-fabric","8":"product_cat-polyester-fabrics","9":"product_cat-textile-for-industrial","10":"product_cat-waterproof-fabrics","11":"pa_available_colors-911052-spc","12":"desktop-align-left","13":"tablet-align-left","14":"mobile-align-left","15":"ast-product-gallery-layout-vertical-slider","16":"ast-product-tabs-layout-horizontal","18":"first","19":"instock","20":"shipping-taxable","21":"product-type-simple"},"uagb_featured_image_src":{"full":["https:\/\/www.sikortex.com\/wp-content\/uploads\/2024\/12\/Polyester-420D-Oxford-Fabric.jpg",800,800,false],"thumbnail":["https:\/\/www.sikortex.com\/wp-content\/uploads\/2024\/12\/Polyester-420D-Oxford-Fabric-150x150.jpg",150,150,true],"medium":["https:\/\/www.sikortex.com\/wp-content\/uploads\/2024\/12\/Polyester-420D-Oxford-Fabric-300x300.jpg",300,300,true],"medium_large":["https:\/\/www.sikortex.com\/wp-content\/uploads\/2024\/12\/Polyester-420D-Oxford-Fabric-768x768.jpg",768,768,true],"large":["https:\/\/www.sikortex.com\/wp-content\/uploads\/2024\/12\/Polyester-420D-Oxford-Fabric.jpg",800,800,false],"1536x1536":["https:\/\/www.sikortex.com\/wp-content\/uploads\/2024\/12\/Polyester-420D-Oxford-Fabric.jpg",800,800,false],"2048x2048":["https:\/\/www.sikortex.com\/wp-content\/uploads\/2024\/12\/Polyester-420D-Oxford-Fabric.jpg",800,800,false],"trp-custom-language-flag":["https:\/\/www.sikortex.com\/wp-content\/uploads\/2024\/12\/Polyester-420D-Oxford-Fabric-12x12.jpg",12,12,true],"woocommerce_thumbnail":["https:\/\/www.sikortex.com\/wp-content\/uploads\/2024\/12\/Polyester-420D-Oxford-Fabric-300x300.jpg",300,300,true],"woocommerce_single":["https:\/\/www.sikortex.com\/wp-content\/uploads\/2024\/12\/Polyester-420D-Oxford-Fabric-600x600.jpg",600,600,true],"woocommerce_gallery_thumbnail":["https:\/\/www.sikortex.com\/wp-content\/uploads\/2024\/12\/Polyester-420D-Oxford-Fabric-100x100.jpg",100,100,true]},"uagb_author_info":{"display_name":"Perry","author_link":"https:\/\/www.sikortex.com\/es\/author\/"},"uagb_comment_info":0,"uagb_excerpt":"1200 Meters(Min.Order)","_links":{"self":[{"href":"https:\/\/www.sikortex.com\/es\/wp-json\/wp\/v2\/product\/7409","targetHints":{"allow":["GET"]}}],"collection":[{"href":"https:\/\/www.sikortex.com\/es\/wp-json\/wp\/v2\/product"}],"about":[{"href":"https:\/\/www.sikortex.com\/es\/wp-json\/wp\/v2\/types\/product"}],"replies":[{"embeddable":true,"href":"https:\/\/www.sikortex.com\/es\/wp-json\/wp\/v2\/comments?post=7409"}],"wp:featuredmedia":[{"embeddable":true,"href":"https:\/\/www.sikortex.com\/es\/wp-json\/wp\/v2\/media\/7413"}],"wp:attachment":[{"href":"https:\/\/www.sikortex.com\/es\/wp-json\/wp\/v2\/media?parent=7409"}],"wp:term":[{"taxonomy":"product_brand","embeddable":true,"href":"https:\/\/www.sikortex.com\/es\/wp-json\/wp\/v2\/product_brand?post=7409"},{"taxonomy":"product_cat","embeddable":true,"href":"https:\/\/www.sikortex.com\/es\/wp-json\/wp\/v2\/product_cat?post=7409"},{"taxonomy":"product_tag","embeddable":true,"href":"https:\/\/www.sikortex.com\/es\/wp-json\/wp\/v2\/product_tag?post=7409"}],"curies":[{"name":"gracias","href":"https:\/\/api.w.org\/{rel}","templated":true}]}}