{"id":7364,"date":"2024-12-21T11:14:12","date_gmt":"2024-12-21T03:14:12","guid":{"rendered":"https:\/\/www.sikortex.com\/?post_type=product&#038;p=7364"},"modified":"2025-04-02T10:32:30","modified_gmt":"2025-04-02T02:32:30","slug":"tejido-de-poliester-600d-tenido-en-solucion-de-tela-oxford","status":"publish","type":"product","link":"https:\/\/www.sikortex.com\/es\/producto\/tejido-de-poliester-600d-tenido-en-solucion-de-tela-oxford\/","title":{"rendered":"Tejido de poli\u00e9ster 600D te\u00f1ido en soluci\u00f3n Tejidos Oxford"},"content":{"rendered":"<h4>Tejido de poli\u00e9ster 600D te\u00f1ido en soluci\u00f3n Tejidos Oxford<\/h4>\n<p>Nuestro tejido impermeable de poli\u00e9ster 600D es un verdadero denier 600\u00d7600, no el 600\u00d7300 m\u00e1s ligero y menos duradero. Nuestro material 600D no solo es fuerte y resistente a la abrasi\u00f3n, sino que tambi\u00e9n tiene mayor flexibilidad y mejor impermeabilidad gracias al revestimiento de PU tras el laminado en caliente. Nuestro tejido de poli\u00e9ster 600D tiene una resistencia a la presi\u00f3n hidrost\u00e1tica de m\u00e1s de 1000 mm.<\/p>\n<h4>Poli\u00e9ster te\u00f1ido en masa, color duradero<\/h4>\n<p>Nuestro 600D est\u00e1 te\u00f1ido en masa, a diferencia de la mayor\u00eda de los tejidos habituales del mercado. \u00bfPor qu\u00e9 es tan importante? Esto significa que el color no se aplica a la superficie, sino que forma parte del hilo utilizado para fabricar el tejido. El color se extiende por todo el material. El color de los materiales te\u00f1idos en masa dura m\u00e1s tiempo y, en la mayor\u00eda de los casos, nuestro tejido 600D te\u00f1ido en masa puede utilizarse al aire libre durante m\u00e1s de 3 a\u00f1os sin deste\u00f1irse. (Esto es similar a nuestro <a href=\"https:\/\/www.sikortex.com\/es\/telas-anti-infrarrojos-3\/\"><span style=\"color: #3366ff;\">tejido acr\u00edlico te\u00f1ido en masa<\/span><\/a>otra gran elecci\u00f3n para materiales de exterior o impermeables).<\/p>\n<h4>Tejido de poli\u00e9ster 600D Aplicaci\u00f3n<\/h4>\n<p>El 600D es probablemente el material m\u00e1s utilizado en mochilas, equipos de exterior, muebles de exterior, edificios de exterior y diversos equipos industriales, pero los clientes tambi\u00e9n lo utilizan para hacer cubiertas de barcos y <a href=\"https:\/\/www.sikortex.com\/es\/tejido-cortavientos-ripstop-tejido-de-algodon-nylon-2\/\"><span style=\"color: #3366ff;\">toldos<\/span><\/a> gracias a sus propiedades impermeables y resistentes al moho.<\/p>\n<h4>SIKOR-TEX es su mejor proveedor de poli\u00e9ster 600D al por mayor.<\/h4>\n<h4 style=\"font-style: normal;\"><img loading=\"lazy\" decoding=\"async\" class=\"wp-image-7060 alignright\" src=\"https:\/\/www.sikortex.com\/wp-content\/uploads\/2024\/09\/Solution-dyed-acrylic-fiber-e1726019567653-300x190.png\" alt=\"\" width=\"364\" height=\"230\" title=\"\" srcset=\"https:\/\/www.sikortex.com\/wp-content\/uploads\/2024\/09\/Solution-dyed-acrylic-fiber-e1726019567653-300x190.png 300w, https:\/\/www.sikortex.com\/wp-content\/uploads\/2024\/09\/Solution-dyed-acrylic-fiber-e1726019567653-18x12.png 18w, https:\/\/www.sikortex.com\/wp-content\/uploads\/2024\/09\/Solution-dyed-acrylic-fiber-e1726019567653.png 520w\" sizes=\"auto, (max-width: 364px) 100vw, 364px\" \/><\/h4>\n<p>Nuestra fabricaci\u00f3n comienza con fibras te\u00f1idas en masa, que abarcan la hilatura, la fabricaci\u00f3n y el acabado, lo cual es esencial para garantizar que nuestros tejidos tengan la mejor solidez a la luz y resistencia a los rayos UV; tambi\u00e9n ofrecemos un procesamiento ign\u00edfugo que<\/p>\n<p>puede cumplir <a href=\"https:\/\/www.sikortex.com\/es\/telas-ignifugas\/\">ign\u00edfugo<\/a> normas como NFPA 701, CPAI-84,EN 13773, etc. Le ofrecemos servicios de personalizaci\u00f3n en masa (incluyendo <a href=\"https:\/\/www.sikortex.com\/es\/producto\/600d-dty-oxford-telas-antibacterianas\/\"><span style=\"color: #3366ff;\">1200D<\/span><\/a> tela, <a href=\"https:\/\/www.sikortex.com\/es\/producto\/sk8362-oxford-tejido-ignifugo-9\/\"><span style=\"color: #3366ff;\">900D<\/span><\/a> 600D o tejido acr\u00edlico te\u00f1ido en masa) de alta calidad y a precios competitivos.<\/p>\n<h4 style=\"font-style: normal;\"><img loading=\"lazy\" decoding=\"async\" class=\"alignright wp-image-7241\" src=\"https:\/\/www.sikortex.com\/wp-content\/uploads\/2024\/12\/Solution-dyed-polyester-150D-300x200.jpg\" alt=\"\" width=\"383\" height=\"255\" title=\"\" srcset=\"https:\/\/www.sikortex.com\/wp-content\/uploads\/2024\/12\/Solution-dyed-polyester-150D-300x200.jpg 300w, https:\/\/www.sikortex.com\/wp-content\/uploads\/2024\/12\/Solution-dyed-polyester-150D-768x511.jpg 768w, https:\/\/www.sikortex.com\/wp-content\/uploads\/2024\/12\/Solution-dyed-polyester-150D-18x12.jpg 18w, https:\/\/www.sikortex.com\/wp-content\/uploads\/2024\/12\/Solution-dyed-polyester-150D-600x399.jpg 600w, https:\/\/www.sikortex.com\/wp-content\/uploads\/2024\/12\/Solution-dyed-polyester-150D.jpg 796w\" sizes=\"auto, (max-width: 383px) 100vw, 383px\" \/><\/h4>\n<p>Nuestro tejido de poli\u00e9ster 600D utiliza tecnolog\u00eda de soluci\u00f3n, y el tejido no requiere el uso de agua durante el proceso de fabricaci\u00f3n, lo que es respetuoso con el medio ambiente, ahorra energ\u00eda y reduce las emisiones de carbono. En l\u00ednea con la tendencia de desarrollo textil sostenible<\/p>\n<p><a href=\"https:\/\/www.sikortex.com\/es\/telas-impermeables-2\/\"><span style=\"color: #3366ff;\">\u00bfLa tela Oxford es impermeable?<\/span><\/a><\/p>\n<p>Nuestra <a href=\"https:\/\/www.sikortex.com\/es\/tejido-cortavientos-ripstop-tejido-de-algodon-nylon-5\/\"><span style=\"color: #3366ff;\">tela Oxford<\/span><\/a> no s\u00f3lo es impermeable, sino que tambi\u00e9n es resistente a la humedad superficial (m\u00e1s informaci\u00f3n)<\/p>","protected":false},"excerpt":{"rendered":"<p>1200 metros (pedido m\u00ednimo)<\/p>","protected":false},"featured_media":7366,"comment_status":"closed","ping_status":"closed","template":"","meta":{"_uag_custom_page_level_css":"","site-sidebar-layout":"default","site-content-layout":"default","ast-site-content-layout":"","site-content-style":"default","site-sidebar-style":"default","ast-global-header-display":"","ast-banner-title-visibility":"","ast-main-header-display":"","ast-hfb-above-header-display":"","ast-hfb-below-header-display":"","ast-hfb-mobile-header-display":"","site-post-title":"","ast-breadcrumbs-content":"","ast-featured-img":"","footer-sml-layout":"","theme-transparent-header-meta":"default","adv-header-id-meta":"","stick-header-meta":"default","header-above-stick-meta":"","header-main-stick-meta":"","header-below-stick-meta":"","astra-migrate-meta-layouts":"default","ast-page-background-enabled":"default","ast-page-background-meta":{"desktop":{"background-color":"","background-image":"","background-repeat":"repeat","background-position":"center center","background-size":"auto","background-attachment":"scroll","background-type":"","background-media":"","overlay-type":"","overlay-color":"","overlay-opacity":"","overlay-gradient":""},"tablet":{"background-color":"","background-image":"","background-repeat":"repeat","background-position":"center center","background-size":"auto","background-attachment":"scroll","background-type":"","background-media":"","overlay-type":"","overlay-color":"","overlay-opacity":"","overlay-gradient":""},"mobile":{"background-color":"","background-image":"","background-repeat":"repeat","background-position":"center center","background-size":"auto","background-attachment":"scroll","background-type":"","background-media":"","overlay-type":"","overlay-color":"","overlay-opacity":"","overlay-gradient":""}},"ast-content-background-meta":{"desktop":{"background-color":"var(--ast-global-color-5)","background-image":"","background-repeat":"repeat","background-position":"center center","background-size":"auto","background-attachment":"scroll","background-type":"","background-media":"","overlay-type":"","overlay-color":"","overlay-opacity":"","overlay-gradient":""},"tablet":{"background-color":"var(--ast-global-color-5)","background-image":"","background-repeat":"repeat","background-position":"center center","background-size":"auto","background-attachment":"scroll","background-type":"","background-media":"","overlay-type":"","overlay-color":"","overlay-opacity":"","overlay-gradient":""},"mobile":{"background-color":"var(--ast-global-color-5)","background-image":"","background-repeat":"repeat","background-position":"center center","background-size":"auto","background-attachment":"scroll","background-type":"","background-media":"","overlay-type":"","overlay-color":"","overlay-opacity":"","overlay-gradient":""}}},"product_brand":[],"product_cat":[1126,432,1218,1184,1185,433,414],"product_tag":[],"class_list":{"0":"post-7364","1":"product","2":"type-product","3":"status-publish","4":"has-post-thumbnail","6":"product_cat-fabric-for-awning","7":"product_cat-fabric-for-tent","8":"product_cat-marine-fabrics","9":"product_cat-oxford-fabric","10":"product_cat-solution-dyed-polyester-fabrics","11":"product_cat-textile-for-industrial","12":"product_cat-waterproof-fabrics","13":"pa_available_colors-911052-spc","14":"desktop-align-left","15":"tablet-align-left","16":"mobile-align-left","17":"ast-product-gallery-layout-vertical-slider","18":"ast-product-tabs-layout-horizontal","20":"first","21":"instock","22":"shipping-taxable","23":"product-type-simple"},"uagb_featured_image_src":{"full":["https:\/\/www.sikortex.com\/wp-content\/uploads\/2024\/12\/600D-Polyester-Fabric.jpg",800,800,false],"thumbnail":["https:\/\/www.sikortex.com\/wp-content\/uploads\/2024\/12\/600D-Polyester-Fabric-150x150.jpg",150,150,true],"medium":["https:\/\/www.sikortex.com\/wp-content\/uploads\/2024\/12\/600D-Polyester-Fabric-300x300.jpg",300,300,true],"medium_large":["https:\/\/www.sikortex.com\/wp-content\/uploads\/2024\/12\/600D-Polyester-Fabric-768x768.jpg",768,768,true],"large":["https:\/\/www.sikortex.com\/wp-content\/uploads\/2024\/12\/600D-Polyester-Fabric.jpg",800,800,false],"1536x1536":["https:\/\/www.sikortex.com\/wp-content\/uploads\/2024\/12\/600D-Polyester-Fabric.jpg",800,800,false],"2048x2048":["https:\/\/www.sikortex.com\/wp-content\/uploads\/2024\/12\/600D-Polyester-Fabric.jpg",800,800,false],"trp-custom-language-flag":["https:\/\/www.sikortex.com\/wp-content\/uploads\/2024\/12\/600D-Polyester-Fabric-12x12.jpg",12,12,true],"woocommerce_thumbnail":["https:\/\/www.sikortex.com\/wp-content\/uploads\/2024\/12\/600D-Polyester-Fabric-300x300.jpg",300,300,true],"woocommerce_single":["https:\/\/www.sikortex.com\/wp-content\/uploads\/2024\/12\/600D-Polyester-Fabric-600x600.jpg",600,600,true],"woocommerce_gallery_thumbnail":["https:\/\/www.sikortex.com\/wp-content\/uploads\/2024\/12\/600D-Polyester-Fabric-100x100.jpg",100,100,true]},"uagb_author_info":{"display_name":"Perry","author_link":"https:\/\/www.sikortex.com\/es\/author\/"},"uagb_comment_info":0,"uagb_excerpt":"1200 Meters(Min.Order)","_links":{"self":[{"href":"https:\/\/www.sikortex.com\/es\/wp-json\/wp\/v2\/product\/7364","targetHints":{"allow":["GET"]}}],"collection":[{"href":"https:\/\/www.sikortex.com\/es\/wp-json\/wp\/v2\/product"}],"about":[{"href":"https:\/\/www.sikortex.com\/es\/wp-json\/wp\/v2\/types\/product"}],"replies":[{"embeddable":true,"href":"https:\/\/www.sikortex.com\/es\/wp-json\/wp\/v2\/comments?post=7364"}],"wp:featuredmedia":[{"embeddable":true,"href":"https:\/\/www.sikortex.com\/es\/wp-json\/wp\/v2\/media\/7366"}],"wp:attachment":[{"href":"https:\/\/www.sikortex.com\/es\/wp-json\/wp\/v2\/media?parent=7364"}],"wp:term":[{"taxonomy":"product_brand","embeddable":true,"href":"https:\/\/www.sikortex.com\/es\/wp-json\/wp\/v2\/product_brand?post=7364"},{"taxonomy":"product_cat","embeddable":true,"href":"https:\/\/www.sikortex.com\/es\/wp-json\/wp\/v2\/product_cat?post=7364"},{"taxonomy":"product_tag","embeddable":true,"href":"https:\/\/www.sikortex.com\/es\/wp-json\/wp\/v2\/product_tag?post=7364"}],"curies":[{"name":"gracias","href":"https:\/\/api.w.org\/{rel}","templated":true}]}}