{"id":7320,"date":"2024-12-16T16:34:43","date_gmt":"2024-12-16T08:34:43","guid":{"rendered":"https:\/\/www.sikortex.com\/?post_type=product&#038;p=7320"},"modified":"2025-03-21T14:14:26","modified_gmt":"2025-03-21T06:14:26","slug":"sk8362-oxford-tejido-ignifugo-14","status":"publish","type":"product","link":"https:\/\/www.sikortex.com\/es\/producto\/sk8362-oxford-tejido-ignifugo-14\/","title":{"rendered":"Tejidos antidesgarro de nailon bal\u00edstico de 1000D y 1680D"},"content":{"rendered":"<p>Nylon bal\u00edstico: un tejido duradero y vers\u00e1til<br \/>\nEl nailon bal\u00edstico, un tejido extraordinario con una rica historia, fue desarrollado por DuPont durante la Segunda Guerra Mundial. Se dise\u00f1\u00f3 para que tuviera una durabilidad y resistencia extraordinarias, inicialmente con la intenci\u00f3n de proteger al personal militar. En concreto, se dise\u00f1\u00f3 para utilizarlo en chalecos antibalas para los tripulantes de aviones, protegi\u00e9ndolos de los peligros de las balas, la metralla y los impactos bal\u00edsticos. La construcci\u00f3n implicaba laminar m\u00faltiples capas de tejido grueso para mejorar su capacidad protectora.<\/p>\n<p>Sin embargo, a medida que la tecnolog\u00eda avanz\u00f3, a finales de la d\u00e9cada de 1970, <a href=\"https:\/\/www.sikortex.com\/es\/tela-militar-ripstop-tela\/\"><span style=\"color: #3366ff;\">militar<\/span><\/a> Se han hecho cambios en los blindajes m\u00e1s avanzados, como el Kevlar\u00ae, el polietileno de peso molecular ultraalto y las tecnolog\u00edas de placas de cer\u00e1mica. Estos nuevos materiales demostraron ser mucho m\u00e1s eficaces para detener las balas y la metralla, lo que hace que el nailon bal\u00edstico sea menos adecuado para su prop\u00f3sito original de protecci\u00f3n bal\u00edstica. Sin embargo, ha encontrado una nueva vida en una multitud de otras aplicaciones.<\/p>\n<p>En la d\u00e9cada de 1980, el t\u00e9rmino &quot;bal\u00edstico&quot; gan\u00f3 una importante popularidad en el mercado de consumo, especialmente en la industria del equipaje. El tejido resistente, combinado con su conocida resistencia y superficie lisa, lo convirtieron en una opci\u00f3n atractiva. Desde entonces, se ha convertido en un elemento b\u00e1sico en la producci\u00f3n de diversos art\u00edculos. Por ejemplo, se utiliza com\u00fanmente en maletas, bolsos de lona, maletines, camas para mascotas, etc. <a href=\"https:\/\/www.sikortex.com\/es\/revista\/tejidos-para-vestuario-laboral\/\"><span style=\"color: #3366ff;\">ropa de trabajo<\/span><\/a>, sillas, mochilas, mantas para caballos y estuches personalizados. El exclusivo &quot;tejido bal\u00edstico&quot;, que es un tejido de canasta de 2x2, desempe\u00f1a un papel crucial en la maximizaci\u00f3n de la resistencia al desgarro de la tela y la durabilidad general. Este patr\u00f3n de tejido transforma los hilos de nailon individuales en un material altamente resistente.<img loading=\"lazy\" decoding=\"async\" class=\"wp-image-7349 alignright\" src=\"https:\/\/www.sikortex.com\/wp-content\/uploads\/2024\/12\/Ballistic-Nylon-1680D-300x124.jpg\" alt=\"\" width=\"799\" height=\"330\" title=\"\" srcset=\"https:\/\/www.sikortex.com\/wp-content\/uploads\/2024\/12\/Ballistic-Nylon-1680D-300x124.jpg 300w, https:\/\/www.sikortex.com\/wp-content\/uploads\/2024\/12\/Ballistic-Nylon-1680D-768x318.jpg 768w, https:\/\/www.sikortex.com\/wp-content\/uploads\/2024\/12\/Ballistic-Nylon-1680D-18x7.jpg 18w, https:\/\/www.sikortex.com\/wp-content\/uploads\/2024\/12\/Ballistic-Nylon-1680D-600x248.jpg 600w, https:\/\/www.sikortex.com\/wp-content\/uploads\/2024\/12\/Ballistic-Nylon-1680D.jpg 800w\" sizes=\"auto, (max-width: 799px) 100vw, 799px\" \/><\/p>\n<p>Las telas de nailon bal\u00edstico suelen estar confeccionadas con hilos de nailon de deniers ultraaltos. Entre ellos, los nailon bal\u00edsticos 1680D y 1000D son particularmente populares y ampliamente utilizados. Es importante se\u00f1alar que muchas personas a menudo malinterpretan la relaci\u00f3n entre las caracter\u00edsticas del nailon bal\u00edstico y el peso del hilo de deniers. El tejido de canasta de 2\u00d72 es lo que realmente lo distingue. <a href=\"https:\/\/www.sikortex.com\/es\/perfil-de-la-empresa\/\"><span style=\"color: #3366ff;\">SIKOR-TEX<\/span><\/a> es un reconocido productor de productos bal\u00edsticos de alta calidad. <a href=\"https:\/\/www.sikortex.com\/es\/fabricante-de-tejido-de-nailon\/\"><span style=\"color: #3366ff;\">tejidos de nailon<\/span><\/a>, contribuyendo a la disponibilidad de materiales de primera calidad en el mercado.<\/p>\n<p>Nuestro material bal\u00edstico de nailon 1680D destaca por su alta resistencia y durabilidad. Adem\u00e1s, se ve reforzado con un revestimiento de poliuretano, lo que le otorga una <a href=\"https:\/\/www.sikortex.com\/es\/repelente-al-agua-resistente-impermeable\/\"><span style=\"color: #3366ff;\">impermeable<\/span><\/a> propiedades. Esto lo hace adecuado para una amplia gama de aplicaciones donde tanto la durabilidad como <a href=\"\/es\/sobre-tejido-oxford-impermeable\/\"><span style=\"color: #3366ff;\">Resistencia al agua<\/span><\/a> son esenciales. Por otro lado, el nailon bal\u00edstico 1680D es el preferido para proyectos que exigen no solo dureza sino tambi\u00e9n <a href=\"https:\/\/www.sikortex.com\/es\/repelente-al-agua-resistente-impermeable\/\"><span style=\"color: #3366ff;\">impermeable<\/span><\/a> y caracter\u00edsticas a prueba de moho. Es un material sint\u00e9tico de tejido de canasta muy resistente que puede soportar condiciones duras y un uso intensivo.<\/p>\n<p>En conclusi\u00f3n, si busca un tejido que combine durabilidad excepcional, resistencia al desgaste y versatilidad, el nailon bal\u00edstico es una opci\u00f3n excelente. Su amplia gama de aplicaciones y su rendimiento comprobado a lo largo de los a\u00f1os lo convierten en una opci\u00f3n confiable para diversas industrias y consumidores por igual. Ya sea para crear equipos de viaje duraderos o <a href=\"https:\/\/www.sikortex.com\/es\/revista\/tejidos-para-vestuario-laboral\/\"><span style=\"color: #3366ff;\">ropa de trabajo,<\/span><\/a> El nailon bal\u00edstico sigue demostrando su valor.<\/p>\n<p><a href=\"\/es\/proveedor-de-tejido-antidesgarro\/\"><span style=\"color: #3366ff;\">Obtenga m\u00e1s informaci\u00f3n sobre los tejidos ripstop<\/span><\/a><\/p>","protected":false},"excerpt":{"rendered":"<p>1200 metros (pedido m\u00ednimo)<\/p>","protected":false},"featured_media":7352,"comment_status":"closed","ping_status":"closed","template":"","meta":{"_uag_custom_page_level_css":"","site-sidebar-layout":"default","site-content-layout":"default","ast-site-content-layout":"default","site-content-style":"default","site-sidebar-style":"default","ast-global-header-display":"","ast-banner-title-visibility":"","ast-main-header-display":"","ast-hfb-above-header-display":"","ast-hfb-below-header-display":"","ast-hfb-mobile-header-display":"","site-post-title":"","ast-breadcrumbs-content":"","ast-featured-img":"","footer-sml-layout":"","theme-transparent-header-meta":"default","adv-header-id-meta":"","stick-header-meta":"default","header-above-stick-meta":"","header-main-stick-meta":"","header-below-stick-meta":"","astra-migrate-meta-layouts":"set","ast-page-background-enabled":"default","ast-page-background-meta":{"desktop":{"background-color":"","background-image":"","background-repeat":"repeat","background-position":"center center","background-size":"auto","background-attachment":"scroll","background-type":"","background-media":"","overlay-type":"","overlay-color":"","overlay-opacity":"","overlay-gradient":""},"tablet":{"background-color":"","background-image":"","background-repeat":"repeat","background-position":"center center","background-size":"auto","background-attachment":"scroll","background-type":"","background-media":"","overlay-type":"","overlay-color":"","overlay-opacity":"","overlay-gradient":""},"mobile":{"background-color":"","background-image":"","background-repeat":"repeat","background-position":"center center","background-size":"auto","background-attachment":"scroll","background-type":"","background-media":"","overlay-type":"","overlay-color":"","overlay-opacity":"","overlay-gradient":""}},"ast-content-background-meta":{"desktop":{"background-color":"var(--ast-global-color-5)","background-image":"","background-repeat":"repeat","background-position":"center center","background-size":"auto","background-attachment":"scroll","background-type":"","background-media":"","overlay-type":"","overlay-color":"","overlay-opacity":"","overlay-gradient":""},"tablet":{"background-color":"var(--ast-global-color-5)","background-image":"","background-repeat":"repeat","background-position":"center center","background-size":"auto","background-attachment":"scroll","background-type":"","background-media":"","overlay-type":"","overlay-color":"","overlay-opacity":"","overlay-gradient":""},"mobile":{"background-color":"var(--ast-global-color-5)","background-image":"","background-repeat":"repeat","background-position":"center center","background-size":"auto","background-attachment":"scroll","background-type":"","background-media":"","overlay-type":"","overlay-color":"","overlay-opacity":"","overlay-gradient":""}}},"product_brand":[],"product_cat":[1206,1183,423,430,428,432,404,1184,427,433,414],"product_tag":[],"class_list":{"0":"post-7320","1":"product","2":"type-product","3":"status-publish","4":"has-post-thumbnail","6":"product_cat-fabric-for-bag","7":"product_cat-fabric-for-horse-blankets","8":"product_cat-fabric-for-military-police","9":"product_cat-fabric-for-motorwear","10":"product_cat-fabric-for-outdoor-sports","11":"product_cat-fabric-for-tent","12":"product_cat-nylon-fabrics","13":"product_cat-oxford-fabric","14":"product_cat-petroleum-and-petrochemical","15":"product_cat-textile-for-industrial","16":"product_cat-waterproof-fabrics","17":"pa_available_colors-1526-52","18":"desktop-align-left","19":"tablet-align-left","20":"mobile-align-left","21":"ast-product-gallery-layout-vertical-slider","22":"ast-product-tabs-layout-horizontal","24":"first","25":"instock","26":"shipping-taxable","27":"product-type-simple"},"uagb_featured_image_src":{"full":["https:\/\/www.sikortex.com\/wp-content\/uploads\/2024\/12\/Ballistic-Nylon-1680D-PU-Coated.jpg",800,800,false],"thumbnail":["https:\/\/www.sikortex.com\/wp-content\/uploads\/2024\/12\/Ballistic-Nylon-1680D-PU-Coated-150x150.jpg",150,150,true],"medium":["https:\/\/www.sikortex.com\/wp-content\/uploads\/2024\/12\/Ballistic-Nylon-1680D-PU-Coated-300x300.jpg",300,300,true],"medium_large":["https:\/\/www.sikortex.com\/wp-content\/uploads\/2024\/12\/Ballistic-Nylon-1680D-PU-Coated-768x768.jpg",768,768,true],"large":["https:\/\/www.sikortex.com\/wp-content\/uploads\/2024\/12\/Ballistic-Nylon-1680D-PU-Coated.jpg",800,800,false],"1536x1536":["https:\/\/www.sikortex.com\/wp-content\/uploads\/2024\/12\/Ballistic-Nylon-1680D-PU-Coated.jpg",800,800,false],"2048x2048":["https:\/\/www.sikortex.com\/wp-content\/uploads\/2024\/12\/Ballistic-Nylon-1680D-PU-Coated.jpg",800,800,false],"trp-custom-language-flag":["https:\/\/www.sikortex.com\/wp-content\/uploads\/2024\/12\/Ballistic-Nylon-1680D-PU-Coated-12x12.jpg",12,12,true],"woocommerce_thumbnail":["https:\/\/www.sikortex.com\/wp-content\/uploads\/2024\/12\/Ballistic-Nylon-1680D-PU-Coated-300x300.jpg",300,300,true],"woocommerce_single":["https:\/\/www.sikortex.com\/wp-content\/uploads\/2024\/12\/Ballistic-Nylon-1680D-PU-Coated-600x600.jpg",600,600,true],"woocommerce_gallery_thumbnail":["https:\/\/www.sikortex.com\/wp-content\/uploads\/2024\/12\/Ballistic-Nylon-1680D-PU-Coated-100x100.jpg",100,100,true]},"uagb_author_info":{"display_name":"Perry","author_link":"https:\/\/www.sikortex.com\/es\/author\/"},"uagb_comment_info":0,"uagb_excerpt":"1200 Meters(Min.Order)","_links":{"self":[{"href":"https:\/\/www.sikortex.com\/es\/wp-json\/wp\/v2\/product\/7320","targetHints":{"allow":["GET"]}}],"collection":[{"href":"https:\/\/www.sikortex.com\/es\/wp-json\/wp\/v2\/product"}],"about":[{"href":"https:\/\/www.sikortex.com\/es\/wp-json\/wp\/v2\/types\/product"}],"replies":[{"embeddable":true,"href":"https:\/\/www.sikortex.com\/es\/wp-json\/wp\/v2\/comments?post=7320"}],"wp:featuredmedia":[{"embeddable":true,"href":"https:\/\/www.sikortex.com\/es\/wp-json\/wp\/v2\/media\/7352"}],"wp:attachment":[{"href":"https:\/\/www.sikortex.com\/es\/wp-json\/wp\/v2\/media?parent=7320"}],"wp:term":[{"taxonomy":"product_brand","embeddable":true,"href":"https:\/\/www.sikortex.com\/es\/wp-json\/wp\/v2\/product_brand?post=7320"},{"taxonomy":"product_cat","embeddable":true,"href":"https:\/\/www.sikortex.com\/es\/wp-json\/wp\/v2\/product_cat?post=7320"},{"taxonomy":"product_tag","embeddable":true,"href":"https:\/\/www.sikortex.com\/es\/wp-json\/wp\/v2\/product_tag?post=7320"}],"curies":[{"name":"gracias","href":"https:\/\/api.w.org\/{rel}","templated":true}]}}