{"id":7316,"date":"2024-12-16T11:08:06","date_gmt":"2024-12-16T03:08:06","guid":{"rendered":"https:\/\/www.sikortex.com\/?post_type=product&#038;p=7316"},"modified":"2025-02-17T17:40:24","modified_gmt":"2025-02-17T09:40:24","slug":"sk8362-oxford-tejido-ignifugo-13","status":"publish","type":"product","link":"https:\/\/www.sikortex.com\/es\/producto\/sk8362-oxford-tejido-ignifugo-13\/","title":{"rendered":"Tejido de poli\u00e9ster 600D Revestimiento de PU impermeable"},"content":{"rendered":"<h4 class=\"header-vfC6AV auto-hide-last-sibling-br\">Tejido de poli\u00e9ster 600D: Composici\u00f3n y proceso de tejido<\/h4>\n<div class=\"auto-hide-last-sibling-br paragraph-JOTKXA paragraph-element br-paragraph-space\">Poli\u00e9ster 600D <a href=\"https:\/\/www.sikortex.com\/es\/2024\/09\/05\/proveedor-de-tejido-antidesgarro-material-antidesgarro\/\"><span style=\"color: #3366ff;\">Ripstop (antidesgarro)<\/span><\/a> <a href=\"\/es\/fabricantes-de-tejidos-revestidos\/\"><span style=\"color: #3366ff;\">Recubierto de PU<\/span><\/a> La tela se fabrica duplicando y tejiendo dos hilos de 300D. Este m\u00e9todo de producci\u00f3n le da al tejido un aspecto m\u00e1s texturizado. El hilo duplicado le otorga al tejido una gran resistencia y lo hace adecuado para una variedad de procesos de acabado, como la fabricaci\u00f3n de 600D. <a href=\"\/es\/fabricantes-de-tejidos-revestidos\/\"><span style=\"color: #3366ff;\">Recubierto de PU<\/span><\/a> Tejido, tejido de poli\u00e9ster 600D con revestimiento ign\u00edfugo y 600D <a href=\"https:\/\/www.sikortex.com\/es\/repelente-al-agua-resistente-impermeable\/\"><span style=\"color: #3366ff;\">impermeable<\/span> <\/a><a href=\"\/es\/fabricantes-de-tejidos-revestidos\/\"><span style=\"color: #3366ff;\">Tejido recubierto<\/span><\/a>.<\/div>\n<div><\/div>\n<h4 class=\"header-vfC6AV auto-hide-last-sibling-br\">Tejido de poli\u00e9ster 600D: Especificaciones de propiedades f\u00edsicas<\/h4>\n<div class=\"auto-hide-last-sibling-br paragraph-JOTKXA paragraph-element br-paragraph-space\">El tejido 600D para prendas exteriores es un tejido de peso medio con una excelente durabilidad y resistencia a la abrasi\u00f3n. Seg\u00fan el m\u00e9todo de ensayo AS 2001.2.16, este tejido pesa aproximadamente 230 g\/m\u00b2, con una fuerza de rotura en urdimbre de unos 2.400 N y una fuerza de rotura en trama de 1.500 N. El m\u00e9todo de ensayo AS 2001.2.10 tambi\u00e9n muestra que puede soportar una fuerza de desgarro de 145N en ambas direcciones, urdimbre y trama.<\/div>\n<h4 class=\"header-vfC6AV auto-hide-last-sibling-br\"><\/h4>\n<h4 class=\"header-vfC6AV auto-hide-last-sibling-br\">Tejido de poli\u00e9ster 600D: Caracter\u00edsticas y or\u00edgenes del material<\/h4>\n<div class=\"auto-hide-last-sibling-br paragraph-JOTKXA paragraph-element br-paragraph-space\">El tejido de poli\u00e9ster 600D est\u00e1 hecho de poli\u00e9ster 100%. Este tejido es reconocido mundialmente por su alta resistencia y durabilidad y es uno de los textiles m\u00e1s populares a nivel mundial. Se utiliza com\u00fanmente en miles de aplicaciones industriales y de consumo. Es un tejido sint\u00e9tico, generalmente derivado del petr\u00f3leo, pero tambi\u00e9n hay algunos productos hechos a partir de \u00e9l. <a href=\"https:\/\/www.sikortex.com\/es\/revista\/creando-moda-eco-amigable-2\/\"><span style=\"color: #3366ff;\">reciclable<\/span><\/a> y materiales biodegradables. Adem\u00e1s de resistencia y durabilidad, el tejido de poli\u00e9ster 600D tambi\u00e9n tiene propiedades transpirables.<\/div>\n<div><\/div>\n<h4 class=\"header-vfC6AV auto-hide-last-sibling-br\">Tejido de poli\u00e9ster 600D: Revestimiento PU impermeable<\/h4>\n<div class=\"auto-hide-last-sibling-br paragraph-JOTKXA paragraph-element br-paragraph-space\">La superficie de ripstop de poli\u00e9ster 600D <a href=\"\/es\/fabricantes-de-tejidos-revestidos\/\"><span style=\"color: #3366ff;\">Recubierto de PU<\/span><\/a> La tela est\u00e1 recubierta de poliuretano, lo que le confiere una excelente <a href=\"https:\/\/www.sikortex.com\/es\/repelente-al-agua-resistente-impermeable\/\"><span style=\"color: #3366ff;\">impermeable<\/span> <\/a>Propiedades de PU: aporta propiedades de PU al tejido y ayuda a prevenir la acumulaci\u00f3n de suciedad. Adem\u00e1s, al ser m\u00e1s ligero que la lona, es m\u00e1s f\u00e1cil de limpiar y mantener. Adem\u00e1s, el revestimiento hace que el tejido sea muy resistente a la abrasi\u00f3n, los impactos y los desgarros. El revestimiento de PU tambi\u00e9n a\u00f1ade resistencia a la tracci\u00f3n y a los rayos UV al tejido, lo que lo convierte en una opci\u00f3n ideal para productos de exterior.<\/div>\n<div><\/div>\n<h4 class=\"header-vfC6AV auto-hide-last-sibling-br\">Tejido de poli\u00e9ster 600D: Coste y practicidad<\/h4>\n<div class=\"auto-hide-last-sibling-br paragraph-JOTKXA paragraph-element br-paragraph-space\">Incluso despu\u00e9s <a href=\"\/es\/fabricantes-de-tejidos-revestidos\/\"><span style=\"color: #3366ff;\">revestimiento de poliuretano<\/span><\/a> Tratamiento, tejido 600D, un tejido ligero, compacto y vers\u00e1til, y adem\u00e1s muy rentable. Por un lado, el coste de <a href=\"https:\/\/www.sikortex.com\/es\/tejidos-de-poliester\/\"><span style=\"color: #3366ff;\">poli\u00e9ster<\/span><\/a> es inferior a la de<span style=\"color: #3366ff;\"><a style=\"color: #3366ff;\" href=\"https:\/\/www.sikortex.com\/es\/fabricante-de-tejido-de-nailon\/\"> nilo<\/a>norte<\/span>Por otro lado, su proceso de producci\u00f3n es m\u00e1s sencillo, requiriendo menos recursos y menos energ\u00eda, reduciendo as\u00ed los costes de producci\u00f3n. Sumado a sus caracter\u00edsticas ligeras y compactas, el coste de transporte de este tejido tambi\u00e9n es menor.<\/div>\n<div><\/div>\n<h4 class=\"header-vfC6AV auto-hide-last-sibling-br\">Tejido de poli\u00e9ster 600D: Diversos escenarios de aplicaci\u00f3n<\/h4>\n<div class=\"auto-hide-last-sibling-br paragraph-JOTKXA paragraph-element br-paragraph-space\">Poliuretano antidesgarro de poli\u00e9ster 600D <a href=\"\/es\/fabricantes-de-tejidos-revestidos\/\"><span style=\"color: #3366ff;\">revestimiento<\/span><\/a> El tejido es, sin duda, un tejido excepcional, por lo que tiene una gama de aplicaciones extremadamente amplia. Se utiliza en todo, desde accesorios sencillos como monederos hasta mochilas, morrales y bolsos para c\u00e1maras. Tambi\u00e9n es un tejido de uso com\u00fan en la industria ecuestre para hacer mantas y accesorios para caballos. Es una opci\u00f3n popular para hacer abrigos y accesorios para perros. Este tejido tambi\u00e9n es adecuado para fundas de barcos y fundas de autom\u00f3viles y es un material ideal para hacer tiendas de campa\u00f1a, bolsos y maletas.<\/div>\n<div><a href=\"https:\/\/www.sikortex.com\/es\/tejido-cortavientos-ripstop-tejido-de-algodon-nylon-5\/\"><span style=\"color: #3366ff;\">aprende m\u00e1s<\/span><\/a><\/div>","protected":false},"excerpt":{"rendered":"<p>1200 metros (pedido m\u00ednimo)<\/p>","protected":false},"featured_media":7235,"comment_status":"closed","ping_status":"closed","template":"","meta":{"_uag_custom_page_level_css":"","site-sidebar-layout":"default","site-content-layout":"default","ast-site-content-layout":"","site-content-style":"default","site-sidebar-style":"default","ast-global-header-display":"","ast-banner-title-visibility":"","ast-main-header-display":"","ast-hfb-above-header-display":"","ast-hfb-below-header-display":"","ast-hfb-mobile-header-display":"","site-post-title":"","ast-breadcrumbs-content":"","ast-featured-img":"","footer-sml-layout":"","theme-transparent-header-meta":"default","adv-header-id-meta":"","stick-header-meta":"default","header-above-stick-meta":"","header-main-stick-meta":"","header-below-stick-meta":"","astra-migrate-meta-layouts":"default","ast-page-background-enabled":"default","ast-page-background-meta":{"desktop":{"background-color":"","background-image":"","background-repeat":"repeat","background-position":"center center","background-size":"auto","background-attachment":"scroll","background-type":"","background-media":"","overlay-type":"","overlay-color":"","overlay-opacity":"","overlay-gradient":""},"tablet":{"background-color":"","background-image":"","background-repeat":"repeat","background-position":"center center","background-size":"auto","background-attachment":"scroll","background-type":"","background-media":"","overlay-type":"","overlay-color":"","overlay-opacity":"","overlay-gradient":""},"mobile":{"background-color":"","background-image":"","background-repeat":"repeat","background-position":"center center","background-size":"auto","background-attachment":"scroll","background-type":"","background-media":"","overlay-type":"","overlay-color":"","overlay-opacity":"","overlay-gradient":""}},"ast-content-background-meta":{"desktop":{"background-color":"var(--ast-global-color-5)","background-image":"","background-repeat":"repeat","background-position":"center center","background-size":"auto","background-attachment":"scroll","background-type":"","background-media":"","overlay-type":"","overlay-color":"","overlay-opacity":"","overlay-gradient":""},"tablet":{"background-color":"var(--ast-global-color-5)","background-image":"","background-repeat":"repeat","background-position":"center center","background-size":"auto","background-attachment":"scroll","background-type":"","background-media":"","overlay-type":"","overlay-color":"","overlay-opacity":"","overlay-gradient":""},"mobile":{"background-color":"var(--ast-global-color-5)","background-image":"","background-repeat":"repeat","background-position":"center center","background-size":"auto","background-attachment":"scroll","background-type":"","background-media":"","overlay-type":"","overlay-color":"","overlay-opacity":"","overlay-gradient":""}}},"product_brand":[],"product_cat":[1206,1183,432,1184,403,433,414],"product_tag":[],"class_list":{"0":"post-7316","1":"product","2":"type-product","3":"status-publish","4":"has-post-thumbnail","6":"product_cat-fabric-for-bag","7":"product_cat-fabric-for-horse-blankets","8":"product_cat-fabric-for-tent","9":"product_cat-oxford-fabric","10":"product_cat-polyester-fabrics","11":"product_cat-textile-for-industrial","12":"product_cat-waterproof-fabrics","13":"pa_available_colors-911052-spc","14":"desktop-align-left","15":"tablet-align-left","16":"mobile-align-left","17":"ast-product-gallery-layout-vertical-slider","18":"ast-product-tabs-layout-horizontal","20":"first","21":"instock","22":"shipping-taxable","23":"product-type-simple"},"uagb_featured_image_src":{"full":["https:\/\/www.sikortex.com\/wp-content\/uploads\/2024\/11\/polyester-ripstop-oxford.jpg",800,800,false],"thumbnail":["https:\/\/www.sikortex.com\/wp-content\/uploads\/2024\/11\/polyester-ripstop-oxford-150x150.jpg",150,150,true],"medium":["https:\/\/www.sikortex.com\/wp-content\/uploads\/2024\/11\/polyester-ripstop-oxford-300x300.jpg",300,300,true],"medium_large":["https:\/\/www.sikortex.com\/wp-content\/uploads\/2024\/11\/polyester-ripstop-oxford-768x768.jpg",768,768,true],"large":["https:\/\/www.sikortex.com\/wp-content\/uploads\/2024\/11\/polyester-ripstop-oxford.jpg",800,800,false],"1536x1536":["https:\/\/www.sikortex.com\/wp-content\/uploads\/2024\/11\/polyester-ripstop-oxford.jpg",800,800,false],"2048x2048":["https:\/\/www.sikortex.com\/wp-content\/uploads\/2024\/11\/polyester-ripstop-oxford.jpg",800,800,false],"trp-custom-language-flag":["https:\/\/www.sikortex.com\/wp-content\/uploads\/2024\/11\/polyester-ripstop-oxford-12x12.jpg",12,12,true],"woocommerce_thumbnail":["https:\/\/www.sikortex.com\/wp-content\/uploads\/2024\/11\/polyester-ripstop-oxford-300x300.jpg",300,300,true],"woocommerce_single":["https:\/\/www.sikortex.com\/wp-content\/uploads\/2024\/11\/polyester-ripstop-oxford-600x600.jpg",600,600,true],"woocommerce_gallery_thumbnail":["https:\/\/www.sikortex.com\/wp-content\/uploads\/2024\/11\/polyester-ripstop-oxford-100x100.jpg",100,100,true]},"uagb_author_info":{"display_name":"Perry","author_link":"https:\/\/www.sikortex.com\/es\/author\/"},"uagb_comment_info":0,"uagb_excerpt":"1200 Meters(Min.Order)","_links":{"self":[{"href":"https:\/\/www.sikortex.com\/es\/wp-json\/wp\/v2\/product\/7316","targetHints":{"allow":["GET"]}}],"collection":[{"href":"https:\/\/www.sikortex.com\/es\/wp-json\/wp\/v2\/product"}],"about":[{"href":"https:\/\/www.sikortex.com\/es\/wp-json\/wp\/v2\/types\/product"}],"replies":[{"embeddable":true,"href":"https:\/\/www.sikortex.com\/es\/wp-json\/wp\/v2\/comments?post=7316"}],"wp:featuredmedia":[{"embeddable":true,"href":"https:\/\/www.sikortex.com\/es\/wp-json\/wp\/v2\/media\/7235"}],"wp:attachment":[{"href":"https:\/\/www.sikortex.com\/es\/wp-json\/wp\/v2\/media?parent=7316"}],"wp:term":[{"taxonomy":"product_brand","embeddable":true,"href":"https:\/\/www.sikortex.com\/es\/wp-json\/wp\/v2\/product_brand?post=7316"},{"taxonomy":"product_cat","embeddable":true,"href":"https:\/\/www.sikortex.com\/es\/wp-json\/wp\/v2\/product_cat?post=7316"},{"taxonomy":"product_tag","embeddable":true,"href":"https:\/\/www.sikortex.com\/es\/wp-json\/wp\/v2\/product_tag?post=7316"}],"curies":[{"name":"gracias","href":"https:\/\/api.w.org\/{rel}","templated":true}]}}