{"id":7270,"date":"2024-12-11T11:03:48","date_gmt":"2024-12-11T03:03:48","guid":{"rendered":"https:\/\/www.sikortex.com\/?post_type=product&#038;p=7270"},"modified":"2024-12-27T14:18:17","modified_gmt":"2024-12-27T06:18:17","slug":"sk8362-oxford-tejido-ignifugo-9","status":"publish","type":"product","link":"https:\/\/www.sikortex.com\/es\/producto\/sk8362-oxford-tejido-ignifugo-9\/","title":{"rendered":"Tejido antidesgarro recubierto de PU de poli\u00e9ster 900D para mantas de caballos"},"content":{"rendered":"<div class=\"auto-hide-last-sibling-br paragraph-u1TS5p paragraph-element br-paragraph-space\">Nuestra tela antidesgarros recubierta de PU de poli\u00e9ster 900D para mantas para caballos. Esta tela est\u00e1 confeccionada con poli\u00e9ster 900D, lo que proporciona un grosor que logra el equilibrio perfecto. La t\u00e9cnica de tejido antidesgarros es una caracter\u00edstica clave, que le otorga a la tela una notable resistencia a la tracci\u00f3n y al desgarro. Incluso cuando los caballos corren vigorosamente o ruedan juguetonamente, la tela permanece intacta, lo que elimina las preocupaciones por desgarros.<\/div>\n<p>&nbsp;<\/p>\n<div class=\"auto-hide-last-sibling-br paragraph-u1TS5p paragraph-element br-paragraph-space\">La incorporaci\u00f3n de un revestimiento de PU impermeable y transpirable mejora a\u00fan m\u00e1s su funcionalidad. Act\u00faa como un escudo fiable contra el clima tormentoso, manteniendo a los caballos secos y c\u00f3modos. La alta transpirabilidad del proceso de revestimiento permite que la humedad escape, evitando la acumulaci\u00f3n de humedad y asegurando que la piel del caballo se mantenga en buenas condiciones.<\/div>\n<p>&nbsp;<\/p>\n<div class=\"auto-hide-last-sibling-br paragraph-u1TS5p paragraph-element br-paragraph-space\">Otra ventaja destacable es su suavidad. A pesar de su durabilidad, el tejido es delicado con el pelaje y la piel del caballo, evitando rozaduras o molestias. Esto es fundamental, ya que los caballos tienen una piel sensible y necesitan un tejido que sea resistente y suave a la vez.<\/div>\n<p>&nbsp;<\/p>\n<div class=\"auto-hide-last-sibling-br paragraph-u1TS5p paragraph-element br-paragraph-space\">Adem\u00e1s, nuestra tela antidesgarros con revestimiento de PU de poli\u00e9ster 900D para mantas para caballos tambi\u00e9n es respetuosa con el medio ambiente. Se fabrica mediante procesos de producci\u00f3n avanzados que minimizan los residuos y el consumo de energ\u00eda. Los materiales utilizados son reciclables, lo que reduce el impacto ambiental y contribuye a la producci\u00f3n textil sostenible. Esto la convierte no solo en una excelente opci\u00f3n para el bienestar de los caballos, sino tambi\u00e9n para la salud de nuestro planeta.<\/div>\n<p>&nbsp;<\/p>\n<div class=\"auto-hide-last-sibling-br paragraph-u1TS5p paragraph-element br-paragraph-space\">Adem\u00e1s, la tela de las mantas para caballos tiene excelentes propiedades anti-UV. Bloquea eficazmente los da\u00f1inos rayos ultravioleta, protegiendo a los caballos de posibles da\u00f1os solares, especialmente durante largas horas de actividades al aire libre. En resumen, nuestra tela de poli\u00e9ster 900D combina resistencia, impermeabilidad, transpirabilidad, suavidad, protecci\u00f3n UV y respeto al medio ambiente, lo que la convierte en un material ideal para mantas para caballos que puede satisfacer las diversas necesidades de los caballos y brindarles el mejor cuidado y protecci\u00f3n.<\/div>","protected":false},"excerpt":{"rendered":"<p>1200 metros (pedido m\u00ednimo)<\/p>","protected":false},"featured_media":7271,"comment_status":"closed","ping_status":"closed","template":"","meta":{"_uag_custom_page_level_css":"","site-sidebar-layout":"default","site-content-layout":"default","ast-site-content-layout":"","site-content-style":"default","site-sidebar-style":"default","ast-global-header-display":"","ast-banner-title-visibility":"","ast-main-header-display":"","ast-hfb-above-header-display":"","ast-hfb-below-header-display":"","ast-hfb-mobile-header-display":"","site-post-title":"","ast-breadcrumbs-content":"","ast-featured-img":"","footer-sml-layout":"","theme-transparent-header-meta":"default","adv-header-id-meta":"","stick-header-meta":"default","header-above-stick-meta":"","header-main-stick-meta":"","header-below-stick-meta":"","astra-migrate-meta-layouts":"default","ast-page-background-enabled":"default","ast-page-background-meta":{"desktop":{"background-color":"","background-image":"","background-repeat":"repeat","background-position":"center center","background-size":"auto","background-attachment":"scroll","background-type":"","background-media":"","overlay-type":"","overlay-color":"","overlay-opacity":"","overlay-gradient":""},"tablet":{"background-color":"","background-image":"","background-repeat":"repeat","background-position":"center center","background-size":"auto","background-attachment":"scroll","background-type":"","background-media":"","overlay-type":"","overlay-color":"","overlay-opacity":"","overlay-gradient":""},"mobile":{"background-color":"","background-image":"","background-repeat":"repeat","background-position":"center center","background-size":"auto","background-attachment":"scroll","background-type":"","background-media":"","overlay-type":"","overlay-color":"","overlay-opacity":"","overlay-gradient":""}},"ast-content-background-meta":{"desktop":{"background-color":"var(--ast-global-color-5)","background-image":"","background-repeat":"repeat","background-position":"center center","background-size":"auto","background-attachment":"scroll","background-type":"","background-media":"","overlay-type":"","overlay-color":"","overlay-opacity":"","overlay-gradient":""},"tablet":{"background-color":"var(--ast-global-color-5)","background-image":"","background-repeat":"repeat","background-position":"center center","background-size":"auto","background-attachment":"scroll","background-type":"","background-media":"","overlay-type":"","overlay-color":"","overlay-opacity":"","overlay-gradient":""},"mobile":{"background-color":"var(--ast-global-color-5)","background-image":"","background-repeat":"repeat","background-position":"center center","background-size":"auto","background-attachment":"scroll","background-type":"","background-media":"","overlay-type":"","overlay-color":"","overlay-opacity":"","overlay-gradient":""}}},"product_brand":[],"product_cat":[1183,432,1184,433,414],"product_tag":[],"class_list":{"0":"post-7270","1":"product","2":"type-product","3":"status-publish","4":"has-post-thumbnail","6":"product_cat-fabric-for-horse-blankets","7":"product_cat-fabric-for-tent","8":"product_cat-oxford-fabric","9":"product_cat-textile-for-industrial","10":"product_cat-waterproof-fabrics","11":"pa_available_colors-911052-spc","12":"desktop-align-left","13":"tablet-align-left","14":"mobile-align-left","15":"ast-product-gallery-layout-vertical-slider","16":"ast-product-tabs-layout-horizontal","18":"first","19":"instock","20":"shipping-taxable","21":"product-type-simple"},"uagb_featured_image_src":{"full":["https:\/\/www.sikortex.com\/wp-content\/uploads\/2024\/12\/Fabric-for-horse-blanket-3.jpg",800,800,false],"thumbnail":["https:\/\/www.sikortex.com\/wp-content\/uploads\/2024\/12\/Fabric-for-horse-blanket-3-150x150.jpg",150,150,true],"medium":["https:\/\/www.sikortex.com\/wp-content\/uploads\/2024\/12\/Fabric-for-horse-blanket-3-300x300.jpg",300,300,true],"medium_large":["https:\/\/www.sikortex.com\/wp-content\/uploads\/2024\/12\/Fabric-for-horse-blanket-3-768x768.jpg",768,768,true],"large":["https:\/\/www.sikortex.com\/wp-content\/uploads\/2024\/12\/Fabric-for-horse-blanket-3.jpg",800,800,false],"1536x1536":["https:\/\/www.sikortex.com\/wp-content\/uploads\/2024\/12\/Fabric-for-horse-blanket-3.jpg",800,800,false],"2048x2048":["https:\/\/www.sikortex.com\/wp-content\/uploads\/2024\/12\/Fabric-for-horse-blanket-3.jpg",800,800,false],"trp-custom-language-flag":["https:\/\/www.sikortex.com\/wp-content\/uploads\/2024\/12\/Fabric-for-horse-blanket-3-12x12.jpg",12,12,true],"woocommerce_thumbnail":["https:\/\/www.sikortex.com\/wp-content\/uploads\/2024\/12\/Fabric-for-horse-blanket-3-300x300.jpg",300,300,true],"woocommerce_single":["https:\/\/www.sikortex.com\/wp-content\/uploads\/2024\/12\/Fabric-for-horse-blanket-3-600x600.jpg",600,600,true],"woocommerce_gallery_thumbnail":["https:\/\/www.sikortex.com\/wp-content\/uploads\/2024\/12\/Fabric-for-horse-blanket-3-100x100.jpg",100,100,true]},"uagb_author_info":{"display_name":"Perry","author_link":"https:\/\/www.sikortex.com\/es\/author\/"},"uagb_comment_info":0,"uagb_excerpt":"1200 Meters(Min.Order)","_links":{"self":[{"href":"https:\/\/www.sikortex.com\/es\/wp-json\/wp\/v2\/product\/7270","targetHints":{"allow":["GET"]}}],"collection":[{"href":"https:\/\/www.sikortex.com\/es\/wp-json\/wp\/v2\/product"}],"about":[{"href":"https:\/\/www.sikortex.com\/es\/wp-json\/wp\/v2\/types\/product"}],"replies":[{"embeddable":true,"href":"https:\/\/www.sikortex.com\/es\/wp-json\/wp\/v2\/comments?post=7270"}],"wp:featuredmedia":[{"embeddable":true,"href":"https:\/\/www.sikortex.com\/es\/wp-json\/wp\/v2\/media\/7271"}],"wp:attachment":[{"href":"https:\/\/www.sikortex.com\/es\/wp-json\/wp\/v2\/media?parent=7270"}],"wp:term":[{"taxonomy":"product_brand","embeddable":true,"href":"https:\/\/www.sikortex.com\/es\/wp-json\/wp\/v2\/product_brand?post=7270"},{"taxonomy":"product_cat","embeddable":true,"href":"https:\/\/www.sikortex.com\/es\/wp-json\/wp\/v2\/product_cat?post=7270"},{"taxonomy":"product_tag","embeddable":true,"href":"https:\/\/www.sikortex.com\/es\/wp-json\/wp\/v2\/product_tag?post=7270"}],"curies":[{"name":"gracias","href":"https:\/\/api.w.org\/{rel}","templated":true}]}}