{"id":7174,"date":"2024-11-20T15:56:44","date_gmt":"2024-11-20T07:56:44","guid":{"rendered":"https:\/\/www.sikortex.com\/?post_type=product&#038;p=7174"},"modified":"2025-01-07T10:23:17","modified_gmt":"2025-01-07T02:23:17","slug":"sk8362-oxford-tejido-ignifugo-8","status":"publish","type":"product","link":"https:\/\/www.sikortex.com\/es\/producto\/sk8362-oxford-tejido-ignifugo-8\/","title":{"rendered":"Tejido ripstop oxford de poli\u00e9ster para alfombras para caballos"},"content":{"rendered":"<h4>Tejido ripstop oxford de poli\u00e9ster para alfombras para caballos<\/h4>\n<p>Nuestro tejido ripstop oxford de poli\u00e9ster puede utilizarse para confeccionar mantas para caballos. Este tejido est\u00e1 hecho de poli\u00e9ster 300D, 500D, 600D, 900D, 120D para satisfacer diferentes requisitos de grosor. La tecnolog\u00eda de tejido ripstop es una caracter\u00edstica clave que confiere al tejido una extraordinaria resistencia a la tracci\u00f3n y al desgarro. Incluso si el caballo corre en\u00e9rgicamente o se revuelca jugando, el tejido permanece intacto sin preocuparse por los desgarros.<\/p>\n<p>La adici\u00f3n de un revestimiento de PU impermeable y transpirable mejora a\u00fan m\u00e1s su funcionalidad. Act\u00faa como una barrera fiable contra el tiempo tormentoso, manteniendo a los caballos secos y c\u00f3modos. La alta transpirabilidad del proceso de revestimiento permite que la humedad salga, evitando que se acumule, lo que garantiza que la piel del caballo se mantenga en un estado saludable.<\/p>\n<p>Otra ventaja significativa es su suavidad. A pesar de ser duradero, este tejido es suave con el pelaje y la piel del caballo, evitando cualquier rozadura o molestia. Esto es crucial porque la piel del caballo es sensible y requiere un tejido que sea resistente y suave a la vez.<\/p>\n<p>Adem\u00e1s, nuestro tejido ripstop oxford de poli\u00e9ster tambi\u00e9n es respetuoso con el medio ambiente. Se fabrica mediante procesos de producci\u00f3n avanzados que minimizan los residuos y el consumo de energ\u00eda. Los materiales utilizados son reciclables, lo que reduce el impacto en el medio ambiente y contribuye a una producci\u00f3n textil sostenible. Esto no s\u00f3lo lo convierte en una excelente opci\u00f3n para el bienestar de los caballos, sino tambi\u00e9n para la salud del planeta.<\/p>\n<p>Adem\u00e1s, el tejido de la manta para caballos tiene una excelente resistencia a los rayos UV. Bloquea eficazmente los da\u00f1inos rayos UV, protegiendo a los caballos de posibles da\u00f1os solares, especialmente durante largos periodos de actividades al aire libre. En resumen, nuestro tejido ripstop oxford de poli\u00e9ster combina resistencia, impermeabilidad, transpirabilidad, suavidad, protecci\u00f3n UV y protecci\u00f3n medioambiental, lo que lo convierte en un material ideal para mantas para caballos que puede satisfacer las distintas necesidades de los caballos y proporcionarles el mejor cuidado y protecci\u00f3n.<\/p>\n<p>&nbsp;<\/p>","protected":false},"excerpt":{"rendered":"<p>1200 metros (pedido m\u00ednimo)<\/p>","protected":false},"featured_media":7234,"comment_status":"closed","ping_status":"closed","template":"","meta":{"_uag_custom_page_level_css":"","site-sidebar-layout":"default","site-content-layout":"default","ast-site-content-layout":"","site-content-style":"default","site-sidebar-style":"default","ast-global-header-display":"","ast-banner-title-visibility":"","ast-main-header-display":"","ast-hfb-above-header-display":"","ast-hfb-below-header-display":"","ast-hfb-mobile-header-display":"","site-post-title":"","ast-breadcrumbs-content":"","ast-featured-img":"","footer-sml-layout":"","theme-transparent-header-meta":"default","adv-header-id-meta":"","stick-header-meta":"default","header-above-stick-meta":"","header-main-stick-meta":"","header-below-stick-meta":"","astra-migrate-meta-layouts":"default","ast-page-background-enabled":"default","ast-page-background-meta":{"desktop":{"background-color":"","background-image":"","background-repeat":"repeat","background-position":"center center","background-size":"auto","background-attachment":"scroll","background-type":"","background-media":"","overlay-type":"","overlay-color":"","overlay-opacity":"","overlay-gradient":""},"tablet":{"background-color":"","background-image":"","background-repeat":"repeat","background-position":"center center","background-size":"auto","background-attachment":"scroll","background-type":"","background-media":"","overlay-type":"","overlay-color":"","overlay-opacity":"","overlay-gradient":""},"mobile":{"background-color":"","background-image":"","background-repeat":"repeat","background-position":"center center","background-size":"auto","background-attachment":"scroll","background-type":"","background-media":"","overlay-type":"","overlay-color":"","overlay-opacity":"","overlay-gradient":""}},"ast-content-background-meta":{"desktop":{"background-color":"var(--ast-global-color-5)","background-image":"","background-repeat":"repeat","background-position":"center center","background-size":"auto","background-attachment":"scroll","background-type":"","background-media":"","overlay-type":"","overlay-color":"","overlay-opacity":"","overlay-gradient":""},"tablet":{"background-color":"var(--ast-global-color-5)","background-image":"","background-repeat":"repeat","background-position":"center center","background-size":"auto","background-attachment":"scroll","background-type":"","background-media":"","overlay-type":"","overlay-color":"","overlay-opacity":"","overlay-gradient":""},"mobile":{"background-color":"var(--ast-global-color-5)","background-image":"","background-repeat":"repeat","background-position":"center center","background-size":"auto","background-attachment":"scroll","background-type":"","background-media":"","overlay-type":"","overlay-color":"","overlay-opacity":"","overlay-gradient":""}}},"product_brand":[],"product_cat":[1183,432,1184,427,433,414],"product_tag":[],"class_list":{"0":"post-7174","1":"product","2":"type-product","3":"status-publish","4":"has-post-thumbnail","6":"product_cat-fabric-for-horse-blankets","7":"product_cat-fabric-for-tent","8":"product_cat-oxford-fabric","9":"product_cat-petroleum-and-petrochemical","10":"product_cat-textile-for-industrial","11":"product_cat-waterproof-fabrics","12":"pa_available_colors-911052-spc","13":"desktop-align-left","14":"tablet-align-left","15":"mobile-align-left","16":"ast-product-gallery-layout-vertical-slider","17":"ast-product-tabs-layout-horizontal","19":"first","20":"instock","21":"shipping-taxable","22":"product-type-simple"},"uagb_featured_image_src":{"full":["https:\/\/www.sikortex.com\/wp-content\/uploads\/2024\/11\/fabric-for-Horse-Rugs-2.jpg",800,734,false],"thumbnail":["https:\/\/www.sikortex.com\/wp-content\/uploads\/2024\/11\/fabric-for-Horse-Rugs-2-150x150.jpg",150,150,true],"medium":["https:\/\/www.sikortex.com\/wp-content\/uploads\/2024\/11\/fabric-for-Horse-Rugs-2-300x275.jpg",300,275,true],"medium_large":["https:\/\/www.sikortex.com\/wp-content\/uploads\/2024\/11\/fabric-for-Horse-Rugs-2-768x705.jpg",768,705,true],"large":["https:\/\/www.sikortex.com\/wp-content\/uploads\/2024\/11\/fabric-for-Horse-Rugs-2.jpg",800,734,false],"1536x1536":["https:\/\/www.sikortex.com\/wp-content\/uploads\/2024\/11\/fabric-for-Horse-Rugs-2.jpg",800,734,false],"2048x2048":["https:\/\/www.sikortex.com\/wp-content\/uploads\/2024\/11\/fabric-for-Horse-Rugs-2.jpg",800,734,false],"trp-custom-language-flag":["https:\/\/www.sikortex.com\/wp-content\/uploads\/2024\/11\/fabric-for-Horse-Rugs-2-13x12.jpg",13,12,true],"woocommerce_thumbnail":["https:\/\/www.sikortex.com\/wp-content\/uploads\/2024\/11\/fabric-for-Horse-Rugs-2-300x300.jpg",300,300,true],"woocommerce_single":["https:\/\/www.sikortex.com\/wp-content\/uploads\/2024\/11\/fabric-for-Horse-Rugs-2-600x551.jpg",600,551,true],"woocommerce_gallery_thumbnail":["https:\/\/www.sikortex.com\/wp-content\/uploads\/2024\/11\/fabric-for-Horse-Rugs-2-100x100.jpg",100,100,true]},"uagb_author_info":{"display_name":"Sandy","author_link":"https:\/\/www.sikortex.com\/es\/author\/"},"uagb_comment_info":0,"uagb_excerpt":"1200 Meters(Min.Order)","_links":{"self":[{"href":"https:\/\/www.sikortex.com\/es\/wp-json\/wp\/v2\/product\/7174","targetHints":{"allow":["GET"]}}],"collection":[{"href":"https:\/\/www.sikortex.com\/es\/wp-json\/wp\/v2\/product"}],"about":[{"href":"https:\/\/www.sikortex.com\/es\/wp-json\/wp\/v2\/types\/product"}],"replies":[{"embeddable":true,"href":"https:\/\/www.sikortex.com\/es\/wp-json\/wp\/v2\/comments?post=7174"}],"wp:featuredmedia":[{"embeddable":true,"href":"https:\/\/www.sikortex.com\/es\/wp-json\/wp\/v2\/media\/7234"}],"wp:attachment":[{"href":"https:\/\/www.sikortex.com\/es\/wp-json\/wp\/v2\/media?parent=7174"}],"wp:term":[{"taxonomy":"product_brand","embeddable":true,"href":"https:\/\/www.sikortex.com\/es\/wp-json\/wp\/v2\/product_brand?post=7174"},{"taxonomy":"product_cat","embeddable":true,"href":"https:\/\/www.sikortex.com\/es\/wp-json\/wp\/v2\/product_cat?post=7174"},{"taxonomy":"product_tag","embeddable":true,"href":"https:\/\/www.sikortex.com\/es\/wp-json\/wp\/v2\/product_tag?post=7174"}],"curies":[{"name":"gracias","href":"https:\/\/api.w.org\/{rel}","templated":true}]}}