{"id":7172,"date":"2024-11-20T14:51:51","date_gmt":"2024-11-20T06:51:51","guid":{"rendered":"https:\/\/www.sikortex.com\/?post_type=product&#038;p=7172"},"modified":"2024-12-24T11:12:56","modified_gmt":"2024-12-24T03:12:56","slug":"sk8362-oxford-tejido-ignifugo-7","status":"publish","type":"product","link":"https:\/\/www.sikortex.com\/es\/producto\/sk8362-oxford-tejido-ignifugo-7\/","title":{"rendered":"Tejido Soft Shell de nailon y elastano para mantas de caballos"},"content":{"rendered":"<p>El tejido soft shell de nailon y elastano para mantas de caballos tiene una estructura de tres capas. La exterior es de nylon spandex, la intermedia es una membrana impermeable y transpirable de alta calidad, y la interior es de forro polar de poli\u00e9ster, lo que garantiza la comodidad y la funcionalidad.<\/p>\n<h5 class=\"auto-hide-last-sibling-br paragraph-u1TS5p paragraph-element br-paragraph-space\">Caracter\u00edsticas:<\/h5>\n<p>&nbsp;<\/p>\n<ol class=\"auto-hide-last-sibling-br\">\n<li>Nylon spandex reforzado el\u00e1stico en cuatro direcciones, adecuado para que los caballos corran libremente. La propiedad \u00fanica de estiramiento en cuatro direcciones de este tejido es una caracter\u00edstica notable. Permite que la manta para caballos se adapte a cada movimiento del caballo, ya sea un sprint repentino, un giro brusco o un salto de altura. Esta elasticidad garantiza que la manta no restrinja la amplitud de movimiento natural del caballo, proporcion\u00e1ndole el m\u00e1ximo confort y libertad durante el ejercicio y las actividades diarias. Es como una segunda piel para el caballo que se mueve con \u00e9l, mejorando su rendimiento y bienestar generales.<\/li>\n<\/ol>\n<p>&nbsp;<\/p>\n<div class=\"auto-hide-last-sibling-br paragraph-u1TS5p paragraph-element br-paragraph-space\"><strong>Durabilidad excepcional para un uso riguroso<\/strong><\/div>\n<p>&nbsp;<\/p>\n<ol class=\"auto-hide-last-sibling-br\" start=\"2\">\n<li>Nylon spandex para mantas de caballos,El material de nylon es muy resistente a la abrasi\u00f3n y al desgarro. Los caballos son animales activos, y sus mantas est\u00e1n constantemente expuestas a diversos terrenos y fuentes potenciales de da\u00f1os. El nailon de este tejido suave se elige espec\u00edficamente por su capacidad para soportar los rigores de la vida ecuestre. Puede soportar la fricci\u00f3n contra superficies rugosas, el impacto de ramas u otros objetos, y el desgaste general que conlleva el estilo de vida activo de un caballo. Esta durabilidad significa que la manta para caballos durar\u00e1 m\u00e1s tiempo, ahorrando al propietario el coste y las molestias de las sustituciones frecuentes.<\/li>\n<\/ol>\n<p>&nbsp;<\/p>\n<div class=\"auto-hide-last-sibling-br paragraph-u1TS5p paragraph-element br-paragraph-space\"><strong>Dise\u00f1o innovador inspirado en la ropa de exterior<\/strong><\/div>\n<p>&nbsp;<\/p>\n<ol class=\"auto-hide-last-sibling-br\" start=\"3\">\n<li>Basada en el concepto de dise\u00f1o de la ropa de exterior soft shell, es ligera, impermeable y transpirable. La resistencia m\u00e1xima a la presi\u00f3n hidrost\u00e1tica alcanza m\u00e1s de 10.000 mm, y la permeabilidad m\u00e1xima al vapor de humedad (MVP) es superior a 10.000 g\/\u33a1. La inspiraci\u00f3n en la ropa de exterior ha dado lugar a una manta para caballos que combina funcionalidad y comodidad. La ligereza del tejido no supone una carga para el caballo, lo que le permite moverse con mayor facilidad. El alto \u00edndice de impermeabilidad garantiza que el caballo se mantenga seco incluso en condiciones de lluvia intensa o humedad, mientras que la excelente transpirabilidad evita el sobrecalentamiento y la acumulaci\u00f3n de humedad bajo la manta. Este equilibrio es crucial para mantener la temperatura corporal del caballo y su salud en general.<\/li>\n<\/ol>\n<p>&nbsp;<\/p>\n<div class=\"auto-hide-last-sibling-br paragraph-u1TS5p paragraph-element br-paragraph-space\"><strong>Textura superior y atractivo t\u00e1ctil<\/strong><\/div>\n<p>&nbsp;<\/p>\n<ol class=\"auto-hide-last-sibling-br\" start=\"4\">\n<li>El tejido es a la vez resistente y fino, con una textura de alta calidad y un tacto suave. No s\u00f3lo proporciona una excelente protecci\u00f3n, sino que tambi\u00e9n ofrece un aspecto est\u00e9ticamente agradable. La combinaci\u00f3n de resistencia y finura del tejido es una prueba de su calidad. El tacto suave no s\u00f3lo es agradable, sino que tambi\u00e9n indica que es menos probable que el tejido cause irritaciones o molestias en la piel del caballo. La textura y el aspecto general de la manta para caballos a\u00f1aden un toque de elegancia, lo que la convierte en un accesorio pr\u00e1ctico y con estilo para cualquier caballo.<\/li>\n<\/ol>","protected":false},"excerpt":{"rendered":"<p>1200 metros (pedido m\u00ednimo)<\/p>","protected":false},"featured_media":7188,"comment_status":"closed","ping_status":"closed","template":"","meta":{"_uag_custom_page_level_css":"","site-sidebar-layout":"default","site-content-layout":"default","ast-site-content-layout":"","site-content-style":"default","site-sidebar-style":"default","ast-global-header-display":"","ast-banner-title-visibility":"","ast-main-header-display":"","ast-hfb-above-header-display":"","ast-hfb-below-header-display":"","ast-hfb-mobile-header-display":"","site-post-title":"","ast-breadcrumbs-content":"","ast-featured-img":"","footer-sml-layout":"","theme-transparent-header-meta":"default","adv-header-id-meta":"","stick-header-meta":"default","header-above-stick-meta":"","header-main-stick-meta":"","header-below-stick-meta":"","astra-migrate-meta-layouts":"default","ast-page-background-enabled":"default","ast-page-background-meta":{"desktop":{"background-color":"","background-image":"","background-repeat":"repeat","background-position":"center center","background-size":"auto","background-attachment":"scroll","background-type":"","background-media":"","overlay-type":"","overlay-color":"","overlay-opacity":"","overlay-gradient":""},"tablet":{"background-color":"","background-image":"","background-repeat":"repeat","background-position":"center center","background-size":"auto","background-attachment":"scroll","background-type":"","background-media":"","overlay-type":"","overlay-color":"","overlay-opacity":"","overlay-gradient":""},"mobile":{"background-color":"","background-image":"","background-repeat":"repeat","background-position":"center center","background-size":"auto","background-attachment":"scroll","background-type":"","background-media":"","overlay-type":"","overlay-color":"","overlay-opacity":"","overlay-gradient":""}},"ast-content-background-meta":{"desktop":{"background-color":"var(--ast-global-color-5)","background-image":"","background-repeat":"repeat","background-position":"center center","background-size":"auto","background-attachment":"scroll","background-type":"","background-media":"","overlay-type":"","overlay-color":"","overlay-opacity":"","overlay-gradient":""},"tablet":{"background-color":"var(--ast-global-color-5)","background-image":"","background-repeat":"repeat","background-position":"center center","background-size":"auto","background-attachment":"scroll","background-type":"","background-media":"","overlay-type":"","overlay-color":"","overlay-opacity":"","overlay-gradient":""},"mobile":{"background-color":"var(--ast-global-color-5)","background-image":"","background-repeat":"repeat","background-position":"center center","background-size":"auto","background-attachment":"scroll","background-type":"","background-media":"","overlay-type":"","overlay-color":"","overlay-opacity":"","overlay-gradient":""}}},"product_brand":[],"product_cat":[426,1183,421,404,427,414],"product_tag":[],"class_list":{"0":"post-7172","1":"product","2":"type-product","3":"status-publish","4":"has-post-thumbnail","6":"product_cat-constructionmining","7":"product_cat-fabric-for-horse-blankets","8":"product_cat-foul-weather-fabrics","9":"product_cat-nylon-fabrics","10":"product_cat-petroleum-and-petrochemical","11":"product_cat-waterproof-fabrics","12":"pa_available_colors-911052-spc","13":"desktop-align-left","14":"tablet-align-left","15":"mobile-align-left","16":"ast-product-gallery-layout-vertical-slider","17":"ast-product-tabs-layout-horizontal","19":"first","20":"instock","21":"shipping-taxable","22":"product-type-simple"},"uagb_featured_image_src":{"full":["https:\/\/www.sikortex.com\/wp-content\/uploads\/2024\/11\/\u5fae\u4fe1\u56fe\u7247_20241129134815-scaled.jpg",2560,2560,false],"thumbnail":["https:\/\/www.sikortex.com\/wp-content\/uploads\/2024\/11\/\u5fae\u4fe1\u56fe\u7247_20241129134815-150x150.jpg",150,150,true],"medium":["https:\/\/www.sikortex.com\/wp-content\/uploads\/2024\/11\/\u5fae\u4fe1\u56fe\u7247_20241129134815-300x300.jpg",300,300,true],"medium_large":["https:\/\/www.sikortex.com\/wp-content\/uploads\/2024\/11\/\u5fae\u4fe1\u56fe\u7247_20241129134815-768x768.jpg",768,768,true],"large":["https:\/\/www.sikortex.com\/wp-content\/uploads\/2024\/11\/\u5fae\u4fe1\u56fe\u7247_20241129134815-1024x1024.jpg",1024,1024,true],"1536x1536":["https:\/\/www.sikortex.com\/wp-content\/uploads\/2024\/11\/\u5fae\u4fe1\u56fe\u7247_20241129134815-1536x1536.jpg",1536,1536,true],"2048x2048":["https:\/\/www.sikortex.com\/wp-content\/uploads\/2024\/11\/\u5fae\u4fe1\u56fe\u7247_20241129134815-2048x2048.jpg",2048,2048,true],"trp-custom-language-flag":["https:\/\/www.sikortex.com\/wp-content\/uploads\/2024\/11\/\u5fae\u4fe1\u56fe\u7247_20241129134815-12x12.jpg",12,12,true],"woocommerce_thumbnail":["https:\/\/www.sikortex.com\/wp-content\/uploads\/2024\/11\/\u5fae\u4fe1\u56fe\u7247_20241129134815-300x300.jpg",300,300,true],"woocommerce_single":["https:\/\/www.sikortex.com\/wp-content\/uploads\/2024\/11\/\u5fae\u4fe1\u56fe\u7247_20241129134815-600x600.jpg",600,600,true],"woocommerce_gallery_thumbnail":["https:\/\/www.sikortex.com\/wp-content\/uploads\/2024\/11\/\u5fae\u4fe1\u56fe\u7247_20241129134815-100x100.jpg",100,100,true]},"uagb_author_info":{"display_name":"Sandy","author_link":"https:\/\/www.sikortex.com\/es\/author\/"},"uagb_comment_info":0,"uagb_excerpt":"1200 Meters(Min.Order)","_links":{"self":[{"href":"https:\/\/www.sikortex.com\/es\/wp-json\/wp\/v2\/product\/7172","targetHints":{"allow":["GET"]}}],"collection":[{"href":"https:\/\/www.sikortex.com\/es\/wp-json\/wp\/v2\/product"}],"about":[{"href":"https:\/\/www.sikortex.com\/es\/wp-json\/wp\/v2\/types\/product"}],"replies":[{"embeddable":true,"href":"https:\/\/www.sikortex.com\/es\/wp-json\/wp\/v2\/comments?post=7172"}],"wp:featuredmedia":[{"embeddable":true,"href":"https:\/\/www.sikortex.com\/es\/wp-json\/wp\/v2\/media\/7188"}],"wp:attachment":[{"href":"https:\/\/www.sikortex.com\/es\/wp-json\/wp\/v2\/media?parent=7172"}],"wp:term":[{"taxonomy":"product_brand","embeddable":true,"href":"https:\/\/www.sikortex.com\/es\/wp-json\/wp\/v2\/product_brand?post=7172"},{"taxonomy":"product_cat","embeddable":true,"href":"https:\/\/www.sikortex.com\/es\/wp-json\/wp\/v2\/product_cat?post=7172"},{"taxonomy":"product_tag","embeddable":true,"href":"https:\/\/www.sikortex.com\/es\/wp-json\/wp\/v2\/product_tag?post=7172"}],"curies":[{"name":"gracias","href":"https:\/\/api.w.org\/{rel}","templated":true}]}}