{"id":7165,"date":"2024-11-19T15:13:55","date_gmt":"2024-11-19T07:13:55","guid":{"rendered":"https:\/\/www.sikortex.com\/?post_type=product&#038;p=7165"},"modified":"2025-01-07T10:19:40","modified_gmt":"2025-01-07T02:19:40","slug":"sk8362-oxford-tejido-ignifugo-5","status":"publish","type":"product","link":"https:\/\/www.sikortex.com\/es\/producto\/sk8362-oxford-tejido-ignifugo-5\/","title":{"rendered":"Tejido antidesgarro de nailon 650D con revestimiento de PU para mantas de caballos"},"content":{"rendered":"<h4>Tejido para manta de caballo con revestimiento de PU y nailon antidesgarro 650D: la combinaci\u00f3n perfecta de durabilidad y estilo<\/h4>\n<p>&nbsp;<\/p>\n<p>En cuanto a la selecci\u00f3n de materiales para mantas para caballos, la tela antidesgarro de nailon 650D revestida con PU es la primera opci\u00f3n. Esta tela combina fuerza, resistencia al agua y resistencia a la abrasi\u00f3n con una est\u00e9tica vibrante y est\u00e1 dise\u00f1ada para brindar un rendimiento duradero en todos los entornos.<\/p>\n<p>Caracter\u00edsticas del material: Calidad superior para durabilidad en exteriores<\/p>\n<p>1. Propiedades del material de nailon<\/p>\n<p>Alta resistencia: esta tela de alta resistencia puede soportar mejor el peso y no se da\u00f1a ni se rompe f\u00e1cilmente, lo que garantiza la durabilidad de la manta para caballos.<\/p>\n<p>Ligero: el material de nailon es relativamente liviano. Cuando se usa como manta para caballos, no le impone demasiada carga al caballo, lo que le permite moverse con m\u00e1s facilidad mientras usa la manta.<\/p>\n<p>2. Resistencia al desgarro: los hilos reforzados pueden evitar que los desgarros se expandan a\u00fan m\u00e1s. Incluso si la tela est\u00e1 ligeramente da\u00f1ada, no se extender\u00e1 f\u00e1cilmente hasta formar grandes desgarros, lo que prolonga enormemente la vida \u00fatil de la tela.<\/p>\n<p>3. Caracter\u00edsticas del revestimiento de PU:<\/p>\n<p>Buena impermeabilidad: puede evitar eficazmente que los caballos se mojen con la lluvia al aire libre, mantener a los caballos secos y evitar que los caballos se enfermen o se sientan inc\u00f3modos debido a la humedad.<\/p>\n<p>Mayor resistencia al desgaste: puede reducir el da\u00f1o a la tela de la manta para caballos durante el uso y extender a\u00fan m\u00e1s la vida \u00fatil de la manta para caballos.<\/p>\n<p>Transpirabilidad: Adem\u00e1s de ser impermeable, tambi\u00e9n permite que la piel del caballo mantenga cierto grado de respiraci\u00f3n, evitando que los caballos sufran problemas en la piel causados por estar envueltos en materiales no transpirables durante mucho tiempo.<\/p>\n<p>4. Otras funciones:<\/p>\n<p>F\u00e1cil de limpiar: la superficie es relativamente lisa, es menos propensa a mancharse con polvo y suciedad y es m\u00e1s f\u00e1cil de limpiar despu\u00e9s de ensuciarse. La mayor\u00eda de las manchas se pueden quitar simplemente pasando un pa\u00f1o h\u00famedo.<\/p>\n<p>Buena resistencia a la intemperie: Puede adaptarse a diferentes condiciones clim\u00e1ticas. Ya sea verano caluroso o invierno fr\u00edo, puede mantener un buen rendimiento y no se ve afectado f\u00e1cilmente por factores como la temperatura y la humedad, lo que provoca problemas como deformaci\u00f3n y envejecimiento.<\/p>\n<p>Los tejidos Ripstop de nailon 650D son ideales para una variedad de aplicaciones al aire libre, que incluyen:<\/p>\n<p>Mochilas: Su alta resistencia y resistencia al desgarro lo convierten en un material ideal para mochilas para exteriores.<br \/>\nRopa para exteriores: mejora la durabilidad de la ropa y prolonga su vida \u00fatil.<br \/>\nTela de tienda: proporciona buenas propiedades a prueba de viento, lluvia y desgarro.<\/p>\n<p>Soporte de personalizaci\u00f3n: Adapte su tejido a la perfecci\u00f3n<\/p>\n<p>Ofrecemos amplias opciones de personalizaci\u00f3n, incluida una amplia gama de colores, dimensiones personalizadas, diversos grosores de revestimiento de PU e impresi\u00f3n para la marca o el dise\u00f1o. Adapte el tejido a sus necesidades exactas, garantizando el m\u00e1ximo impacto y satisfacci\u00f3n.<\/p>\n<p>Descubra c\u00f3mo la tela antidesgarro de nailon 650D puede mejorar sus productos para exteriores con una durabilidad y un estilo inigualables. P\u00f3ngase en contacto con nosotros hoy mismo para obtener m\u00e1s informaci\u00f3n sobre personalizaci\u00f3n y disponibilidad.<\/p>","protected":false},"excerpt":{"rendered":"<p>1200 metros (pedido m\u00ednimo)<\/p>","protected":false},"featured_media":7229,"comment_status":"closed","ping_status":"closed","template":"","meta":{"_uag_custom_page_level_css":"","site-sidebar-layout":"default","site-content-layout":"default","ast-site-content-layout":"","site-content-style":"default","site-sidebar-style":"default","ast-global-header-display":"","ast-banner-title-visibility":"","ast-main-header-display":"","ast-hfb-above-header-display":"","ast-hfb-below-header-display":"","ast-hfb-mobile-header-display":"","site-post-title":"","ast-breadcrumbs-content":"","ast-featured-img":"","footer-sml-layout":"","theme-transparent-header-meta":"default","adv-header-id-meta":"","stick-header-meta":"default","header-above-stick-meta":"","header-main-stick-meta":"","header-below-stick-meta":"","astra-migrate-meta-layouts":"default","ast-page-background-enabled":"default","ast-page-background-meta":{"desktop":{"background-color":"","background-image":"","background-repeat":"repeat","background-position":"center center","background-size":"auto","background-attachment":"scroll","background-type":"","background-media":"","overlay-type":"","overlay-color":"","overlay-opacity":"","overlay-gradient":""},"tablet":{"background-color":"","background-image":"","background-repeat":"repeat","background-position":"center center","background-size":"auto","background-attachment":"scroll","background-type":"","background-media":"","overlay-type":"","overlay-color":"","overlay-opacity":"","overlay-gradient":""},"mobile":{"background-color":"","background-image":"","background-repeat":"repeat","background-position":"center center","background-size":"auto","background-attachment":"scroll","background-type":"","background-media":"","overlay-type":"","overlay-color":"","overlay-opacity":"","overlay-gradient":""}},"ast-content-background-meta":{"desktop":{"background-color":"var(--ast-global-color-5)","background-image":"","background-repeat":"repeat","background-position":"center center","background-size":"auto","background-attachment":"scroll","background-type":"","background-media":"","overlay-type":"","overlay-color":"","overlay-opacity":"","overlay-gradient":""},"tablet":{"background-color":"var(--ast-global-color-5)","background-image":"","background-repeat":"repeat","background-position":"center center","background-size":"auto","background-attachment":"scroll","background-type":"","background-media":"","overlay-type":"","overlay-color":"","overlay-opacity":"","overlay-gradient":""},"mobile":{"background-color":"var(--ast-global-color-5)","background-image":"","background-repeat":"repeat","background-position":"center center","background-size":"auto","background-attachment":"scroll","background-type":"","background-media":"","overlay-type":"","overlay-color":"","overlay-opacity":"","overlay-gradient":""}}},"product_brand":[],"product_cat":[426,1183,432,404,433,414],"product_tag":[],"class_list":{"0":"post-7165","1":"product","2":"type-product","3":"status-publish","4":"has-post-thumbnail","6":"product_cat-constructionmining","7":"product_cat-fabric-for-horse-blankets","8":"product_cat-fabric-for-tent","9":"product_cat-nylon-fabrics","10":"product_cat-textile-for-industrial","11":"product_cat-waterproof-fabrics","12":"pa_available_colors-911052-spc","13":"desktop-align-left","14":"tablet-align-left","15":"mobile-align-left","16":"ast-product-gallery-layout-vertical-slider","17":"ast-product-tabs-layout-horizontal","19":"first","20":"instock","21":"shipping-taxable","22":"product-type-simple"},"uagb_featured_image_src":{"full":["https:\/\/www.sikortex.com\/wp-content\/uploads\/2024\/11\/Horse-Blanket-Fabric-Ripstop.jpg",600,600,false],"thumbnail":["https:\/\/www.sikortex.com\/wp-content\/uploads\/2024\/11\/Horse-Blanket-Fabric-Ripstop-150x150.jpg",150,150,true],"medium":["https:\/\/www.sikortex.com\/wp-content\/uploads\/2024\/11\/Horse-Blanket-Fabric-Ripstop-300x300.jpg",300,300,true],"medium_large":["https:\/\/www.sikortex.com\/wp-content\/uploads\/2024\/11\/Horse-Blanket-Fabric-Ripstop.jpg",600,600,false],"large":["https:\/\/www.sikortex.com\/wp-content\/uploads\/2024\/11\/Horse-Blanket-Fabric-Ripstop.jpg",600,600,false],"1536x1536":["https:\/\/www.sikortex.com\/wp-content\/uploads\/2024\/11\/Horse-Blanket-Fabric-Ripstop.jpg",600,600,false],"2048x2048":["https:\/\/www.sikortex.com\/wp-content\/uploads\/2024\/11\/Horse-Blanket-Fabric-Ripstop.jpg",600,600,false],"trp-custom-language-flag":["https:\/\/www.sikortex.com\/wp-content\/uploads\/2024\/11\/Horse-Blanket-Fabric-Ripstop-12x12.jpg",12,12,true],"woocommerce_thumbnail":["https:\/\/www.sikortex.com\/wp-content\/uploads\/2024\/11\/Horse-Blanket-Fabric-Ripstop-300x300.jpg",300,300,true],"woocommerce_single":["https:\/\/www.sikortex.com\/wp-content\/uploads\/2024\/11\/Horse-Blanket-Fabric-Ripstop.jpg",600,600,false],"woocommerce_gallery_thumbnail":["https:\/\/www.sikortex.com\/wp-content\/uploads\/2024\/11\/Horse-Blanket-Fabric-Ripstop-100x100.jpg",100,100,true]},"uagb_author_info":{"display_name":"Sandy","author_link":"https:\/\/www.sikortex.com\/es\/author\/"},"uagb_comment_info":0,"uagb_excerpt":"1200 Meters(Min.Order)","_links":{"self":[{"href":"https:\/\/www.sikortex.com\/es\/wp-json\/wp\/v2\/product\/7165","targetHints":{"allow":["GET"]}}],"collection":[{"href":"https:\/\/www.sikortex.com\/es\/wp-json\/wp\/v2\/product"}],"about":[{"href":"https:\/\/www.sikortex.com\/es\/wp-json\/wp\/v2\/types\/product"}],"replies":[{"embeddable":true,"href":"https:\/\/www.sikortex.com\/es\/wp-json\/wp\/v2\/comments?post=7165"}],"wp:featuredmedia":[{"embeddable":true,"href":"https:\/\/www.sikortex.com\/es\/wp-json\/wp\/v2\/media\/7229"}],"wp:attachment":[{"href":"https:\/\/www.sikortex.com\/es\/wp-json\/wp\/v2\/media?parent=7165"}],"wp:term":[{"taxonomy":"product_brand","embeddable":true,"href":"https:\/\/www.sikortex.com\/es\/wp-json\/wp\/v2\/product_brand?post=7165"},{"taxonomy":"product_cat","embeddable":true,"href":"https:\/\/www.sikortex.com\/es\/wp-json\/wp\/v2\/product_cat?post=7165"},{"taxonomy":"product_tag","embeddable":true,"href":"https:\/\/www.sikortex.com\/es\/wp-json\/wp\/v2\/product_tag?post=7165"}],"curies":[{"name":"gracias","href":"https:\/\/api.w.org\/{rel}","templated":true}]}}