{"id":7056,"date":"2024-09-10T13:39:24","date_gmt":"2024-09-10T05:39:24","guid":{"rendered":"https:\/\/www.sikortex.com\/?post_type=product&#038;p=7056"},"modified":"2025-08-18T14:04:33","modified_gmt":"2025-08-18T06:04:33","slug":"sk8344-polyestre-algodon-tejido-elastico-4","status":"publish","type":"product","link":"https:\/\/www.sikortex.com\/es\/producto\/sk8344-polyestre-algodon-tejido-elastico-4\/","title":{"rendered":"Tejidos acr\u00edlicos te\u00f1idos en soluci\u00f3n para exteriores"},"content":{"rendered":"<p>Tejidos acr\u00edlicos te\u00f1idos en soluci\u00f3n: calidad excepcional para sus necesidades<\/p>\n<p>Cuando se trata de telas, las telas acr\u00edlicas te\u00f1idas en soluci\u00f3n son una opci\u00f3n destacada con una serie de caracter\u00edsticas que las hacen muy deseables.<\/p>\n<p><strong>Ventajas<\/strong>:<\/p>\n<p>La solidez del color de nuestra tela acr\u00edlica te\u00f1ida en soluci\u00f3n es realmente notable. Con la capacidad de resistir pruebas de rayos ultravioleta durante m\u00e1s de 1500 horas sin decolorarse, esta tela garantiza que sus tonos vibrantes durar\u00e1n m\u00e1s de 5 a\u00f1os. Esta longevidad del color es una ventaja significativa, especialmente para art\u00edculos que est\u00e1n expuestos a la luz solar o a una iluminaci\u00f3n intensa de manera regular. Ya sea para muebles de exterior o elementos decorativos, puede confiar en que la tela conservar\u00e1 su atractivo est\u00e9tico.<\/p>\n<p>La flexibilidad en los pedidos es otra ventaja clave. Nuestra cantidad m\u00ednima de pedido es muy flexible, lo que permite que tanto los clientes peque\u00f1os como los grandes puedan acceder a nuestra tela de alta calidad. El ancho est\u00e1ndar de 120 cm\/150 cm es conveniente, y la opci\u00f3n de personalizar los anchos y los colores seg\u00fan los requisitos espec\u00edficos brinda a nuestros clientes la libertad de crear productos \u00fanicos y personalizados.<\/p>\n<p>El acabado de tefl\u00f3n de la tela proporciona una excelente protecci\u00f3n. Es resistente al aceite, a las manchas y al agua. Esto significa que los derrames accidentales o la exposici\u00f3n a diversas sustancias se pueden tratar f\u00e1cilmente. A menudo, basta con pasar un pa\u00f1o para eliminar las manchas, lo que hace que el mantenimiento sea muy sencillo. Esta caracter\u00edstica es especialmente valiosa en entornos en los que es probable que la tela se ensucie o se humedezca.<\/p>\n<p><strong>Aplicaciones<\/strong>:<\/p>\n<p>Las aplicaciones de <span style=\"color: #3366ff;\"><a style=\"color: #3366ff;\" href=\"https:\/\/www.sikortex.com\/es\/telas-anti-infrarrojos-3\/\">tejidos acr\u00edlicos te\u00f1idos en soluci\u00f3n<\/a><\/span> Son muy diversos. En espacios exteriores, son perfectos para cojines de patio, sombrillas y cortinas para exteriores. La resistencia a los rayos UV y la naturaleza resistente a la intemperie de la tela garantizan que sus muebles y decoraci\u00f3n de exterior se vean bien a pesar de los elementos. En el mundo n\u00e1utico, se pueden usar para cubiertas de barcos y velas, ya que pueden soportar las duras condiciones del mar. Para interiores de viviendas, son ideales para hacer cortinas, alfombras y tapizados. La durabilidad de la tela y sus propiedades de f\u00e1cil limpieza la convierten en una opci\u00f3n pr\u00e1ctica para los hogares. En el sector comercial, se pueden usar en hoteles, restaurantes y caf\u00e9s para manteles y fundas de sillas.<\/p>\n<p>En resumen, las telas acr\u00edlicas te\u00f1idas en soluci\u00f3n ofrecen una combinaci\u00f3n \u00fanica de ventajas. Su solidez del color, flexibilidad en los pedidos y acabado protector las convierten en una excelente opci\u00f3n para una amplia variedad de aplicaciones. A pesar del peque\u00f1o problema de la transpirabilidad en algunos casos, su calidad y rendimiento generales son realmente excepcionales. Cont\u00e1ctenos hoy para explorar c\u00f3mo estas telas pueden mejorar sus proyectos.<\/p>\n<h4 style=\"text-align: center;\">Ficha t\u00e9cnica de tejidos acr\u00edlicos te\u00f1idos en soluci\u00f3n SIKOR-TEX<\/h4>\n<table style=\"height: 757px;\" width=\"1333\">\n<tbody>\n<tr>\n<td style=\"text-align: center;\" width=\"271\"><strong>Art\u00edculos de prueba<\/strong><\/td>\n<td style=\"text-align: center;\" width=\"229\"><strong>M\u00e9todo de prueba<\/strong><\/td>\n<td style=\"text-align: center;\" width=\"218\"><strong>Requisito<\/strong><\/td>\n<\/tr>\n<tr>\n<td style=\"text-align: center;\">Ancho del rollo<\/td>\n<td style=\"text-align: center;\"><\/td>\n<td style=\"text-align: center;\" width=\"218\">54\u2033-61\u2033\/137-155 cm (\u00b12 cm)<\/td>\n<\/tr>\n<tr>\n<td style=\"text-align: center;\" width=\"271\">Longitud del rollo (promedio)<\/td>\n<td style=\"text-align: center;\"><\/td>\n<td style=\"text-align: center;\" width=\"218\">50 metros<\/td>\n<\/tr>\n<tr>\n<td style=\"text-align: center;\" width=\"271\">Composici\u00f3n<\/td>\n<td style=\"text-align: center;\"><\/td>\n<td style=\"text-align: center;\" width=\"218\">100%Soluci\u00f3n acr\u00edlica te\u00f1ida<\/td>\n<\/tr>\n<tr>\n<td style=\"text-align: center;\">Peso<\/td>\n<td style=\"text-align: center;\"><\/td>\n<td style=\"text-align: center;\" width=\"218\">220-400 g\/m\u00b2<\/td>\n<\/tr>\n<tr>\n<td style=\"text-align: center;\" width=\"271\">Solidez del color al frote<\/td>\n<td style=\"text-align: center;\">ISO 105-X12:2016<\/td>\n<td style=\"text-align: center;\" width=\"218\">Tinci\u00f3n en seco 4-5<br \/>\nTinci\u00f3n h\u00fameda 4-5<\/td>\n<\/tr>\n<tr>\n<td style=\"text-align: center;\" width=\"271\">Solidez del color a la luz<\/td>\n<td style=\"text-align: center;\" width=\"229\">ISO 105-B02:2014<\/td>\n<td style=\"text-align: center;\">8<\/td>\n<\/tr>\n<tr>\n<td style=\"text-align: center;\" width=\"271\">Solidez del color a la intemperie<\/td>\n<td style=\"text-align: center;\">ISO 105-B04:1994<\/td>\n<td style=\"text-align: center;\">7<\/td>\n<\/tr>\n<tr>\n<td style=\"text-align: center;\" width=\"271\">Solidez del color a la luz<br \/>\n(Despu\u00e9s de 1500 horas cambio en Shad)<\/td>\n<td style=\"text-align: center;\" width=\"229\">Norma AATCC TM 16.3-2014;<br \/>\nOpci\u00f3n 3; L\u00e1mpara de arco de xen\u00f3n<\/td>\n<td style=\"text-align: center;\" width=\"218\">4<\/td>\n<\/tr>\n<tr>\n<td style=\"text-align: center;\" width=\"271\">Hidr\u00f3fugo<br \/>\n20 \u00b1 2 \u2103<\/td>\n<td style=\"text-align: center;\">1SO 4920:2012(E)Prueba de pulverizaci\u00f3n<\/td>\n<td style=\"text-align: center;\" width=\"218\">4-5<\/td>\n<\/tr>\n<tr>\n<td style=\"text-align: center;\" width=\"271\">Repelente de alcohol y agua<br \/>\n0,6 cm 10 s 45\u00b0<\/td>\n<td style=\"text-align: center;\">AATCC 193<\/td>\n<td style=\"text-align: center;\">4<\/td>\n<\/tr>\n<tr>\n<td style=\"text-align: center;\" width=\"271\">Repelente de aceite<br \/>\n0,6 cm 30 s 45\u00b0 27,3 mN\/m<\/td>\n<td style=\"text-align: center;\">AATCC 118<\/td>\n<td style=\"text-align: center;\">3<\/td>\n<\/tr>\n<tr>\n<td style=\"text-align: center;\">Clasificaci\u00f3n UPF<\/td>\n<td style=\"text-align: center;\">AATCC 183-2014<\/td>\n<td style=\"text-align: center;\" width=\"218\">50+<\/td>\n<\/tr>\n<\/tbody>\n<\/table>\n<p>&nbsp;<\/p>\n<p>&nbsp;<\/p>\n<p>&nbsp;<\/p>\n<p>&nbsp;<\/p>\n<p>&nbsp;<\/p>","protected":false},"excerpt":{"rendered":"<p><span style=\"vertical-align: inherit;\"><span style=\"vertical-align: inherit;\">1000 m (cantidad m\u00ednima de pedido)<\/span><\/span><\/p>","protected":false},"featured_media":7125,"comment_status":"closed","ping_status":"closed","template":"","meta":{"_uag_custom_page_level_css":"","site-sidebar-layout":"default","site-content-layout":"default","ast-site-content-layout":"","site-content-style":"default","site-sidebar-style":"default","ast-global-header-display":"","ast-banner-title-visibility":"","ast-main-header-display":"","ast-hfb-above-header-display":"","ast-hfb-below-header-display":"","ast-hfb-mobile-header-display":"","site-post-title":"","ast-breadcrumbs-content":"","ast-featured-img":"","footer-sml-layout":"","theme-transparent-header-meta":"default","adv-header-id-meta":"","stick-header-meta":"default","header-above-stick-meta":"","header-main-stick-meta":"","header-below-stick-meta":"","astra-migrate-meta-layouts":"default","ast-page-background-enabled":"default","ast-page-background-meta":{"desktop":{"background-color":"","background-image":"","background-repeat":"repeat","background-position":"center center","background-size":"auto","background-attachment":"scroll","background-type":"","background-media":"","overlay-type":"","overlay-color":"","overlay-opacity":"","overlay-gradient":""},"tablet":{"background-color":"","background-image":"","background-repeat":"repeat","background-position":"center center","background-size":"auto","background-attachment":"scroll","background-type":"","background-media":"","overlay-type":"","overlay-color":"","overlay-opacity":"","overlay-gradient":""},"mobile":{"background-color":"","background-image":"","background-repeat":"repeat","background-position":"center center","background-size":"auto","background-attachment":"scroll","background-type":"","background-media":"","overlay-type":"","overlay-color":"","overlay-opacity":"","overlay-gradient":""}},"ast-content-background-meta":{"desktop":{"background-color":"var(--ast-global-color-5)","background-image":"","background-repeat":"repeat","background-position":"center center","background-size":"auto","background-attachment":"scroll","background-type":"","background-media":"","overlay-type":"","overlay-color":"","overlay-opacity":"","overlay-gradient":""},"tablet":{"background-color":"var(--ast-global-color-5)","background-image":"","background-repeat":"repeat","background-position":"center center","background-size":"auto","background-attachment":"scroll","background-type":"","background-media":"","overlay-type":"","overlay-color":"","overlay-opacity":"","overlay-gradient":""},"mobile":{"background-color":"var(--ast-global-color-5)","background-image":"","background-repeat":"repeat","background-position":"center center","background-size":"auto","background-attachment":"scroll","background-type":"","background-media":"","overlay-type":"","overlay-color":"","overlay-opacity":"","overlay-gradient":""}}},"product_brand":[],"product_cat":[1169,1126,433,1697,414],"product_tag":[],"class_list":{"0":"post-7056","1":"product","2":"type-product","3":"status-publish","4":"has-post-thumbnail","6":"product_cat-solution-dyed-acrylic-fabric","7":"product_cat-fabric-for-awning","8":"product_cat-textile-for-industrial","9":"product_cat-uv-protection-fabric","10":"product_cat-waterproof-fabrics","11":"pa_available_colors-1526-03","12":"pa_available_colors-1526-07","13":"pa_available_colors-1526-39","14":"pa_available_colors-1526-42","15":"pa_available_colors-1526-43","16":"pa_available_colors-1526-48","17":"pa_available_colors-1526-49","18":"pa_available_colors-1526-50","19":"pa_available_colors-1526-51","20":"pa_available_colors-1526-52","21":"desktop-align-left","22":"tablet-align-left","23":"mobile-align-left","24":"ast-product-gallery-layout-vertical-slider","25":"ast-product-tabs-layout-horizontal","27":"first","28":"instock","29":"shipping-taxable","30":"product-type-simple"},"uagb_featured_image_src":{"full":["https:\/\/www.sikortex.com\/wp-content\/uploads\/2024\/09\/Detail-01.jpg",800,800,false],"thumbnail":["https:\/\/www.sikortex.com\/wp-content\/uploads\/2024\/09\/Detail-01-150x150.jpg",150,150,true],"medium":["https:\/\/www.sikortex.com\/wp-content\/uploads\/2024\/09\/Detail-01-300x300.jpg",300,300,true],"medium_large":["https:\/\/www.sikortex.com\/wp-content\/uploads\/2024\/09\/Detail-01-768x768.jpg",768,768,true],"large":["https:\/\/www.sikortex.com\/wp-content\/uploads\/2024\/09\/Detail-01.jpg",800,800,false],"1536x1536":["https:\/\/www.sikortex.com\/wp-content\/uploads\/2024\/09\/Detail-01.jpg",800,800,false],"2048x2048":["https:\/\/www.sikortex.com\/wp-content\/uploads\/2024\/09\/Detail-01.jpg",800,800,false],"trp-custom-language-flag":["https:\/\/www.sikortex.com\/wp-content\/uploads\/2024\/09\/Detail-01-12x12.jpg",12,12,true],"woocommerce_thumbnail":["https:\/\/www.sikortex.com\/wp-content\/uploads\/2024\/09\/Detail-01-300x300.jpg",300,300,true],"woocommerce_single":["https:\/\/www.sikortex.com\/wp-content\/uploads\/2024\/09\/Detail-01-600x600.jpg",600,600,true],"woocommerce_gallery_thumbnail":["https:\/\/www.sikortex.com\/wp-content\/uploads\/2024\/09\/Detail-01-100x100.jpg",100,100,true]},"uagb_author_info":{"display_name":"Perry","author_link":"https:\/\/www.sikortex.com\/es\/author\/"},"uagb_comment_info":0,"uagb_excerpt":"1000 m\uff08MOQ\uff09","_links":{"self":[{"href":"https:\/\/www.sikortex.com\/es\/wp-json\/wp\/v2\/product\/7056","targetHints":{"allow":["GET"]}}],"collection":[{"href":"https:\/\/www.sikortex.com\/es\/wp-json\/wp\/v2\/product"}],"about":[{"href":"https:\/\/www.sikortex.com\/es\/wp-json\/wp\/v2\/types\/product"}],"replies":[{"embeddable":true,"href":"https:\/\/www.sikortex.com\/es\/wp-json\/wp\/v2\/comments?post=7056"}],"wp:featuredmedia":[{"embeddable":true,"href":"https:\/\/www.sikortex.com\/es\/wp-json\/wp\/v2\/media\/7125"}],"wp:attachment":[{"href":"https:\/\/www.sikortex.com\/es\/wp-json\/wp\/v2\/media?parent=7056"}],"wp:term":[{"taxonomy":"product_brand","embeddable":true,"href":"https:\/\/www.sikortex.com\/es\/wp-json\/wp\/v2\/product_brand?post=7056"},{"taxonomy":"product_cat","embeddable":true,"href":"https:\/\/www.sikortex.com\/es\/wp-json\/wp\/v2\/product_cat?post=7056"},{"taxonomy":"product_tag","embeddable":true,"href":"https:\/\/www.sikortex.com\/es\/wp-json\/wp\/v2\/product_tag?post=7056"}],"curies":[{"name":"gracias","href":"https:\/\/api.w.org\/{rel}","templated":true}]}}