{"id":6777,"date":"2023-11-06T09:41:55","date_gmt":"2023-11-06T01:41:55","guid":{"rendered":"https:\/\/www.sikortex.com\/?post_type=product&#038;p=6777"},"modified":"2023-11-06T10:05:01","modified_gmt":"2023-11-06T02:05:01","slug":"sk8238-3","status":"publish","type":"product","link":"https:\/\/www.sikortex.com\/es\/producto\/sk8238-3\/","title":{"rendered":"Tela reciclable preacolchada de doble cara"},"content":{"rendered":"<p>Tejido preacolchado de doble cara reciclable de SIKOR-TEX<\/p>\n<p>La tecnolog\u00eda de uni\u00f3n por ultrasonidos es un m\u00e9todo sin agujas ni hilos que utiliza vibraci\u00f3n ultras\u00f3nica para fusionar dos o m\u00e1s capas de materiales mediante fricci\u00f3n de alta frecuencia. Esta tecnolog\u00eda tiene amplias aplicaciones en sectores como el textil, el pl\u00e1stico, los interiores de autom\u00f3viles y los dispositivos m\u00e9dicos.<\/p>\n<p>El algod\u00f3n de poli\u00e9ster pulverizado es un material de relleno con buena suavidad y resistencia. Durante el proceso de uni\u00f3n, el algod\u00f3n de poli\u00e9ster pulverizado se puede colocar en el \u00e1rea de relleno deseada y luego se puede fusionar con otros materiales mediante vibraci\u00f3n ultras\u00f3nica para crear una conexi\u00f3n fuerte. El material de relleno puede mejorar la comodidad, la elasticidad y el rendimiento del aislamiento del producto.<\/p>\n<p>El algod\u00f3n pulverizado de poli\u00e9ster reciclable se refiere a un tipo de material de relleno que se puede recuperar y reutilizar de manera eficaz. Durante el uso, si es necesario reemplazar el material de relleno o realizar el mantenimiento del producto, el algod\u00f3n pulverizado de poli\u00e9ster usado se puede separar y reciclar utilizando m\u00e9todos adecuados. Esta pr\u00e1ctica sostenible contribuye al reciclaje de recursos y reduce el impacto ambiental.<\/p>\n<p>Nuestras telas preacolchadas han adoptado una t\u00e9cnica conveniente para dise\u00f1ar patrones en el proceso de uni\u00f3n. Esta tecnolog\u00eda satisface las necesidades creativas de los dise\u00f1adores y tiene una cantidad m\u00ednima de pedido muy baja, lo que elimina las preocupaciones sobre los costos de desarrollo. Proporciona a los dise\u00f1adores una soluci\u00f3n conveniente y rentable, que les permite hacer realidad sus ideas de vanguardia.<\/p>\n<p>&nbsp;<\/p>\n<p>&nbsp;<\/p>\n<p>&nbsp;<\/p>","protected":false},"excerpt":{"rendered":"<p>1000 metros (pedido m\u00ednimo)<\/p>","protected":false},"featured_media":6780,"comment_status":"closed","ping_status":"closed","template":"","meta":{"_uag_custom_page_level_css":"","site-sidebar-layout":"default","site-content-layout":"default","ast-site-content-layout":"","site-content-style":"default","site-sidebar-style":"default","ast-global-header-display":"","ast-banner-title-visibility":"","ast-main-header-display":"","ast-hfb-above-header-display":"","ast-hfb-below-header-display":"","ast-hfb-mobile-header-display":"","site-post-title":"","ast-breadcrumbs-content":"","ast-featured-img":"","footer-sml-layout":"","theme-transparent-header-meta":"default","adv-header-id-meta":"","stick-header-meta":"default","header-above-stick-meta":"","header-main-stick-meta":"","header-below-stick-meta":"","astra-migrate-meta-layouts":"default","ast-page-background-enabled":"default","ast-page-background-meta":{"desktop":{"background-color":"","background-image":"","background-repeat":"repeat","background-position":"center center","background-size":"auto","background-attachment":"scroll","background-type":"","background-media":"","overlay-type":"","overlay-color":"","overlay-opacity":"","overlay-gradient":""},"tablet":{"background-color":"","background-image":"","background-repeat":"repeat","background-position":"center center","background-size":"auto","background-attachment":"scroll","background-type":"","background-media":"","overlay-type":"","overlay-color":"","overlay-opacity":"","overlay-gradient":""},"mobile":{"background-color":"","background-image":"","background-repeat":"repeat","background-position":"center center","background-size":"auto","background-attachment":"scroll","background-type":"","background-media":"","overlay-type":"","overlay-color":"","overlay-opacity":"","overlay-gradient":""}},"ast-content-background-meta":{"desktop":{"background-color":"var(--ast-global-color-5)","background-image":"","background-repeat":"repeat","background-position":"center center","background-size":"auto","background-attachment":"scroll","background-type":"","background-media":"","overlay-type":"","overlay-color":"","overlay-opacity":"","overlay-gradient":""},"tablet":{"background-color":"var(--ast-global-color-5)","background-image":"","background-repeat":"repeat","background-position":"center center","background-size":"auto","background-attachment":"scroll","background-type":"","background-media":"","overlay-type":"","overlay-color":"","overlay-opacity":"","overlay-gradient":""},"mobile":{"background-color":"var(--ast-global-color-5)","background-image":"","background-repeat":"repeat","background-position":"center center","background-size":"auto","background-attachment":"scroll","background-type":"","background-media":"","overlay-type":"","overlay-color":"","overlay-opacity":"","overlay-gradient":""}}},"product_brand":[],"product_cat":[431,428,403,414],"product_tag":[],"class_list":{"0":"post-6777","1":"product","2":"type-product","3":"status-publish","4":"has-post-thumbnail","6":"product_cat-fabric-for-commuting-clothing","7":"product_cat-fabric-for-outdoor-sports","8":"product_cat-polyester-fabrics","9":"product_cat-waterproof-fabrics","10":"pa_available_colors-fluorescent-orange","11":"pa_available_colors-fluorescent-red","12":"pa_available_colors-fluorescent-yellow","13":"desktop-align-left","14":"tablet-align-left","15":"mobile-align-left","16":"ast-product-gallery-layout-vertical-slider","17":"ast-product-tabs-layout-horizontal","19":"first","20":"instock","21":"shipping-taxable","22":"product-type-simple"},"uagb_featured_image_src":{"full":["https:\/\/www.sikortex.com\/wp-content\/uploads\/2023\/11\/photobank-2023-10-31T092541.603.jpg",1000,667,false],"thumbnail":["https:\/\/www.sikortex.com\/wp-content\/uploads\/2023\/11\/photobank-2023-10-31T092541.603-150x150.jpg",150,150,true],"medium":["https:\/\/www.sikortex.com\/wp-content\/uploads\/2023\/11\/photobank-2023-10-31T092541.603-300x200.jpg",300,200,true],"medium_large":["https:\/\/www.sikortex.com\/wp-content\/uploads\/2023\/11\/photobank-2023-10-31T092541.603-768x512.jpg",768,512,true],"large":["https:\/\/www.sikortex.com\/wp-content\/uploads\/2023\/11\/photobank-2023-10-31T092541.603.jpg",1000,667,false],"1536x1536":["https:\/\/www.sikortex.com\/wp-content\/uploads\/2023\/11\/photobank-2023-10-31T092541.603.jpg",1000,667,false],"2048x2048":["https:\/\/www.sikortex.com\/wp-content\/uploads\/2023\/11\/photobank-2023-10-31T092541.603.jpg",1000,667,false],"trp-custom-language-flag":["https:\/\/www.sikortex.com\/wp-content\/uploads\/2023\/11\/photobank-2023-10-31T092541.603-18x12.jpg",18,12,true],"woocommerce_thumbnail":["https:\/\/www.sikortex.com\/wp-content\/uploads\/2023\/11\/photobank-2023-10-31T092541.603-300x300.jpg",300,300,true],"woocommerce_single":["https:\/\/www.sikortex.com\/wp-content\/uploads\/2023\/11\/photobank-2023-10-31T092541.603-600x400.jpg",600,400,true],"woocommerce_gallery_thumbnail":["https:\/\/www.sikortex.com\/wp-content\/uploads\/2023\/11\/photobank-2023-10-31T092541.603-100x100.jpg",100,100,true]},"uagb_author_info":{"display_name":"Perry","author_link":"https:\/\/www.sikortex.com\/es\/author\/"},"uagb_comment_info":0,"uagb_excerpt":"1000 Meters(Min.Order)","_links":{"self":[{"href":"https:\/\/www.sikortex.com\/es\/wp-json\/wp\/v2\/product\/6777","targetHints":{"allow":["GET"]}}],"collection":[{"href":"https:\/\/www.sikortex.com\/es\/wp-json\/wp\/v2\/product"}],"about":[{"href":"https:\/\/www.sikortex.com\/es\/wp-json\/wp\/v2\/types\/product"}],"replies":[{"embeddable":true,"href":"https:\/\/www.sikortex.com\/es\/wp-json\/wp\/v2\/comments?post=6777"}],"wp:featuredmedia":[{"embeddable":true,"href":"https:\/\/www.sikortex.com\/es\/wp-json\/wp\/v2\/media\/6780"}],"wp:attachment":[{"href":"https:\/\/www.sikortex.com\/es\/wp-json\/wp\/v2\/media?parent=6777"}],"wp:term":[{"taxonomy":"product_brand","embeddable":true,"href":"https:\/\/www.sikortex.com\/es\/wp-json\/wp\/v2\/product_brand?post=6777"},{"taxonomy":"product_cat","embeddable":true,"href":"https:\/\/www.sikortex.com\/es\/wp-json\/wp\/v2\/product_cat?post=6777"},{"taxonomy":"product_tag","embeddable":true,"href":"https:\/\/www.sikortex.com\/es\/wp-json\/wp\/v2\/product_tag?post=6777"}],"curies":[{"name":"gracias","href":"https:\/\/api.w.org\/{rel}","templated":true}]}}