{"id":6445,"date":"2023-10-19T17:10:53","date_gmt":"2023-10-19T09:10:53","guid":{"rendered":"https:\/\/www.sikortex.com\/?post_type=product&#038;p=6445"},"modified":"2025-08-18T14:04:42","modified_gmt":"2025-08-18T06:04:42","slug":"sk8362-oxford-tejido-ignifugo-3","status":"publish","type":"product","link":"https:\/\/www.sikortex.com\/es\/producto\/sk8362-oxford-tejido-ignifugo-3\/","title":{"rendered":"Tejido de poli\u00e9ster te\u00f1ido en soluci\u00f3n 450D con revestimiento de PU para toldos"},"content":{"rendered":"<h4>Tejido de poli\u00e9ster te\u00f1ido en soluci\u00f3n 450D con revestimiento de PU para toldos: la combinaci\u00f3n perfecta de durabilidad y estilo<\/h4>\n<p>Cuando se trata de soluciones para exteriores, el tejido de poli\u00e9ster te\u00f1ido l\u00edquido 450D con revestimiento de poliuretano (PU) es la mejor opci\u00f3n. <a href=\"https:\/\/www.sikortex.com\/es\/fabricante-de-telas-para-toldos\/\"><span style=\"color: #3366ff;\">toldos<\/span><\/a>Combinando resistencia, resistencia a la intemperie y est\u00e9tica vibrante, esta tela est\u00e1 dise\u00f1ada para brindar un rendimiento duradero en todos los entornos.<\/p>\n<p>Caracter\u00edsticas del material: Calidad superior para durabilidad en exteriores<\/p>\n<p>1. Profundidad de color y uniformidad mejoradas:<br \/>\n<a href=\"https:\/\/www.sikortex.com\/es\/telas-anti-infrarrojos-3\/\"><span style=\"color: #3366ff;\">El proceso de te\u00f1ido l\u00edquido<\/span><\/a> penetra profundamente en las fibras, produciendo un color intenso y uniforme que resiste la decoloraci\u00f3n por la luz solar y la exposici\u00f3n a la intemperie. Esto garantiza que su <a href=\"https:\/\/www.sikortex.com\/es\/fabricante-de-telas-para-toldos\/\"><span style=\"color: #3366ff;\">toldos<\/span><\/a> Mantienen su atractivo visual durante a\u00f1os.<\/p>\n<p>2. 450<a href=\"https:\/\/www.sikortex.com\/es\/2025\/01\/10\/que-es-negacionista\/\"><span style=\"color: #3366ff;\">Negacionista<\/span><\/a> Resistencia del poli\u00e9ster:<br \/>\nCon una clasificaci\u00f3n de 450D, esta tela ofrece alta resistencia a la tracci\u00f3n y durabilidad, perfecta para aplicaciones al aire libre que soportan las tensiones del viento, la lluvia y el sol.<\/p>\n<p>3. Revestimiento de PU para una m\u00e1xima protecci\u00f3n:<br \/>\nEl revestimiento de poliuretano a\u00f1ade resistencia al agua, evita la formaci\u00f3n de moho y protege contra las manchas. Esto garantiza que el tejido se mantenga resistente en condiciones adversas, proporcionando cobijo y sombra fiables.<\/p>\n<p>4. Resistencia a los rayos UV y al moho:<br \/>\nLa tela est\u00e1 especialmente dise\u00f1ada para <a href=\"\/es\/tejido-tenido-en-solucion\/\"><span style=\"color: #3366ff;\">resistir los rayos ultravioleta (UV)<\/span><\/a>, reduciendo el riesgo de decoloraci\u00f3n y degradaci\u00f3n. Adem\u00e1s, su <a href=\"https:\/\/www.sikortex.com\/es\/telas-antimicrobianas\/\"><span style=\"color: #3366ff;\">resistencia al moho<\/span><\/a> Lo mantiene limpio e higi\u00e9nico incluso en ambientes h\u00famedos.<\/p>\n<p>Usos principales: Vers\u00e1til y fiable para todas las aplicaciones en exteriores<\/p>\n<p>La tela de poli\u00e9ster te\u00f1ida en soluci\u00f3n 450D es ideal para diversas aplicaciones al aire libre, que incluyen:<\/p>\n<p>Tejido Para <a href=\"https:\/\/www.sikortex.com\/es\/fabricante-de-telas-para-toldos\/\"><span style=\"color: #3366ff;\">Toldo<\/span><\/a>:Para uso residencial y comercial, proporciona protecci\u00f3n solar duradera y elegante.<br \/>\nTejidos para fundas de muebles de exterior: resisten los da\u00f1os de la intemperie y conservan su color.<br \/>\nTejidos para cubiertas marinas y <a href=\"https:\/\/www.sikortex.com\/es\/fabricantes-de-telas-para-carpas\/\"><span style=\"color: #3366ff;\">Carpas<\/span><\/a>:donde la resistencia al agua y la protecci\u00f3n UV son cruciales.<\/p>\n<p>Soporte de personalizaci\u00f3n: Adapte su tejido a la perfecci\u00f3n<\/p>\n<p>Ofrecemos amplias opciones de personalizaci\u00f3n, incluida una amplia gama de colores, dimensiones personalizadas, diversos grosores de revestimiento de PU e impresi\u00f3n para la marca o el dise\u00f1o. Adapte el tejido a sus necesidades exactas, garantizando el m\u00e1ximo impacto y satisfacci\u00f3n.<\/p>\n<p>Descubra c\u00f3mo la tela de poli\u00e9ster te\u00f1ida l\u00edquida 450D puede mejorar sus productos para exteriores con una durabilidad y un estilo inigualables. <span style=\"color: #3366ff;\"><a style=\"color: #3366ff;\" href=\"https:\/\/www.sikortex.com\/es\/contactenos\/\">Cont\u00e1ctenos<\/a><\/span> hoy para obtener m\u00e1s informaci\u00f3n sobre personalizaci\u00f3n y disponibilidad.<\/p>","protected":false},"excerpt":{"rendered":"<p>1200 metros (pedido m\u00ednimo)<\/p>","protected":false},"featured_media":7070,"comment_status":"closed","ping_status":"closed","template":"","meta":{"_uag_custom_page_level_css":"","site-sidebar-layout":"default","site-content-layout":"default","ast-site-content-layout":"","site-content-style":"default","site-sidebar-style":"default","ast-global-header-display":"","ast-banner-title-visibility":"","ast-main-header-display":"","ast-hfb-above-header-display":"","ast-hfb-below-header-display":"","ast-hfb-mobile-header-display":"","site-post-title":"","ast-breadcrumbs-content":"","ast-featured-img":"","footer-sml-layout":"","theme-transparent-header-meta":"default","adv-header-id-meta":"","stick-header-meta":"default","header-above-stick-meta":"","header-main-stick-meta":"","header-below-stick-meta":"","astra-migrate-meta-layouts":"default","ast-page-background-enabled":"default","ast-page-background-meta":{"desktop":{"background-color":"","background-image":"","background-repeat":"repeat","background-position":"center center","background-size":"auto","background-attachment":"scroll","background-type":"","background-media":"","overlay-type":"","overlay-color":"","overlay-opacity":"","overlay-gradient":""},"tablet":{"background-color":"","background-image":"","background-repeat":"repeat","background-position":"center center","background-size":"auto","background-attachment":"scroll","background-type":"","background-media":"","overlay-type":"","overlay-color":"","overlay-opacity":"","overlay-gradient":""},"mobile":{"background-color":"","background-image":"","background-repeat":"repeat","background-position":"center center","background-size":"auto","background-attachment":"scroll","background-type":"","background-media":"","overlay-type":"","overlay-color":"","overlay-opacity":"","overlay-gradient":""}},"ast-content-background-meta":{"desktop":{"background-color":"var(--ast-global-color-5)","background-image":"","background-repeat":"repeat","background-position":"center center","background-size":"auto","background-attachment":"scroll","background-type":"","background-media":"","overlay-type":"","overlay-color":"","overlay-opacity":"","overlay-gradient":""},"tablet":{"background-color":"var(--ast-global-color-5)","background-image":"","background-repeat":"repeat","background-position":"center center","background-size":"auto","background-attachment":"scroll","background-type":"","background-media":"","overlay-type":"","overlay-color":"","overlay-opacity":"","overlay-gradient":""},"mobile":{"background-color":"var(--ast-global-color-5)","background-image":"","background-repeat":"repeat","background-position":"center center","background-size":"auto","background-attachment":"scroll","background-type":"","background-media":"","overlay-type":"","overlay-color":"","overlay-opacity":"","overlay-gradient":""}}},"product_brand":[],"product_cat":[1126,1169,433,1697,414],"product_tag":[],"class_list":{"0":"post-6445","1":"product","2":"type-product","3":"status-publish","4":"has-post-thumbnail","6":"product_cat-fabric-for-awning","7":"product_cat-solution-dyed-acrylic-fabric","8":"product_cat-textile-for-industrial","9":"product_cat-uv-protection-fabric","10":"product_cat-waterproof-fabrics","11":"pa_available_colors-911052-spc","12":"desktop-align-left","13":"tablet-align-left","14":"mobile-align-left","15":"ast-product-gallery-layout-vertical-slider","16":"ast-product-tabs-layout-horizontal","18":"first","19":"instock","20":"shipping-taxable","21":"product-type-simple"},"uagb_featured_image_src":{"full":["https:\/\/www.sikortex.com\/wp-content\/uploads\/2024\/09\/O1CN01AJNxka1HxtfJZgfy9_959560825-0-cib.jpg",800,800,false],"thumbnail":["https:\/\/www.sikortex.com\/wp-content\/uploads\/2024\/09\/O1CN01AJNxka1HxtfJZgfy9_959560825-0-cib-150x150.jpg",150,150,true],"medium":["https:\/\/www.sikortex.com\/wp-content\/uploads\/2024\/09\/O1CN01AJNxka1HxtfJZgfy9_959560825-0-cib-300x300.jpg",300,300,true],"medium_large":["https:\/\/www.sikortex.com\/wp-content\/uploads\/2024\/09\/O1CN01AJNxka1HxtfJZgfy9_959560825-0-cib-768x768.jpg",768,768,true],"large":["https:\/\/www.sikortex.com\/wp-content\/uploads\/2024\/09\/O1CN01AJNxka1HxtfJZgfy9_959560825-0-cib.jpg",800,800,false],"1536x1536":["https:\/\/www.sikortex.com\/wp-content\/uploads\/2024\/09\/O1CN01AJNxka1HxtfJZgfy9_959560825-0-cib.jpg",800,800,false],"2048x2048":["https:\/\/www.sikortex.com\/wp-content\/uploads\/2024\/09\/O1CN01AJNxka1HxtfJZgfy9_959560825-0-cib.jpg",800,800,false],"trp-custom-language-flag":["https:\/\/www.sikortex.com\/wp-content\/uploads\/2024\/09\/O1CN01AJNxka1HxtfJZgfy9_959560825-0-cib-12x12.jpg",12,12,true],"woocommerce_thumbnail":["https:\/\/www.sikortex.com\/wp-content\/uploads\/2024\/09\/O1CN01AJNxka1HxtfJZgfy9_959560825-0-cib-300x300.jpg",300,300,true],"woocommerce_single":["https:\/\/www.sikortex.com\/wp-content\/uploads\/2024\/09\/O1CN01AJNxka1HxtfJZgfy9_959560825-0-cib-600x600.jpg",600,600,true],"woocommerce_gallery_thumbnail":["https:\/\/www.sikortex.com\/wp-content\/uploads\/2024\/09\/O1CN01AJNxka1HxtfJZgfy9_959560825-0-cib-100x100.jpg",100,100,true]},"uagb_author_info":{"display_name":"Perry","author_link":"https:\/\/www.sikortex.com\/es\/author\/"},"uagb_comment_info":0,"uagb_excerpt":"1200 Meters(Min.Order)","_links":{"self":[{"href":"https:\/\/www.sikortex.com\/es\/wp-json\/wp\/v2\/product\/6445","targetHints":{"allow":["GET"]}}],"collection":[{"href":"https:\/\/www.sikortex.com\/es\/wp-json\/wp\/v2\/product"}],"about":[{"href":"https:\/\/www.sikortex.com\/es\/wp-json\/wp\/v2\/types\/product"}],"replies":[{"embeddable":true,"href":"https:\/\/www.sikortex.com\/es\/wp-json\/wp\/v2\/comments?post=6445"}],"wp:featuredmedia":[{"embeddable":true,"href":"https:\/\/www.sikortex.com\/es\/wp-json\/wp\/v2\/media\/7070"}],"wp:attachment":[{"href":"https:\/\/www.sikortex.com\/es\/wp-json\/wp\/v2\/media?parent=6445"}],"wp:term":[{"taxonomy":"product_brand","embeddable":true,"href":"https:\/\/www.sikortex.com\/es\/wp-json\/wp\/v2\/product_brand?post=6445"},{"taxonomy":"product_cat","embeddable":true,"href":"https:\/\/www.sikortex.com\/es\/wp-json\/wp\/v2\/product_cat?post=6445"},{"taxonomy":"product_tag","embeddable":true,"href":"https:\/\/www.sikortex.com\/es\/wp-json\/wp\/v2\/product_tag?post=6445"}],"curies":[{"name":"gracias","href":"https:\/\/api.w.org\/{rel}","templated":true}]}}