{"id":6250,"date":"2023-09-24T12:03:36","date_gmt":"2023-09-24T04:03:36","guid":{"rendered":"https:\/\/www.sikortex.com\/?post_type=product&#038;p=6250"},"modified":"2023-11-05T14:30:55","modified_gmt":"2023-11-05T06:30:55","slug":"sk8263-nylon-algodon-ropa-de-trabajo-tejido-2","status":"publish","type":"product","link":"https:\/\/www.sikortex.com\/es\/producto\/sk8263-nylon-algodon-ropa-de-trabajo-tejido-2\/","title":{"rendered":"Tela de nailon y algod\u00f3n para cortavientos."},"content":{"rendered":"<p>El tejido de nailon y algod\u00f3n SIKOR-TEX para cortavientos ofrece una combinaci\u00f3n \u00fanica de resistencia, comodidad y estilo. El tejido combina lo mejor de ambos mundos, utilizando fibras de nailon en la direcci\u00f3n de la urdimbre e hilo de algod\u00f3n en la direcci\u00f3n de la trama, creando una estructura de entretejido \u00fanica que lo distingue de los tejidos mixtos tradicionales.<br \/>\nProporcionamos tejidos el\u00e1sticos de nailon y algod\u00f3n con espesores de 80 g\/m\u00b2 a 350 g\/m\u00b2, en tejido liso, sarga y dobby, y admitimos la personalizaci\u00f3n de muestras.<\/p>\n<p>Experimente la sensaci\u00f3n superior de la superficie de nuestra tela, que muestra la suavidad y la resistencia a la abrasi\u00f3n del nailon, a la vez que proporciona sutiles toques de la textura natural del hilo de algod\u00f3n. Incorpora las mejores cualidades de ambos materiales, ofreciendo alta resistencia, propiedades antiarrugas, as\u00ed como propiedades agradables para la piel y transpirables similares al algod\u00f3n.<\/p>\n<p>Este tejido especial es perfecto para confeccionar prendas vers\u00e1tiles, cortavientos, chaquetas y art\u00edculos de moda. Ofrece durabilidad, lo que garantiza que sus prendas puedan soportar un uso riguroso, al mismo tiempo que proporciona un nivel de comodidad que le permite sentirse a gusto durante todo el d\u00eda.<\/p>","protected":false},"excerpt":{"rendered":"<p>1000 metros (pedido m\u00ednimo)<\/p>","protected":false},"featured_media":6264,"comment_status":"closed","ping_status":"closed","template":"","meta":{"_uag_custom_page_level_css":"","site-sidebar-layout":"default","site-content-layout":"default","ast-site-content-layout":"","site-content-style":"default","site-sidebar-style":"default","ast-global-header-display":"","ast-banner-title-visibility":"","ast-main-header-display":"","ast-hfb-above-header-display":"","ast-hfb-below-header-display":"","ast-hfb-mobile-header-display":"","site-post-title":"","ast-breadcrumbs-content":"","ast-featured-img":"","footer-sml-layout":"","theme-transparent-header-meta":"default","adv-header-id-meta":"","stick-header-meta":"default","header-above-stick-meta":"","header-main-stick-meta":"","header-below-stick-meta":"","astra-migrate-meta-layouts":"default","ast-page-background-enabled":"default","ast-page-background-meta":{"desktop":{"background-color":"","background-image":"","background-repeat":"repeat","background-position":"center center","background-size":"auto","background-attachment":"scroll","background-type":"","background-media":"","overlay-type":"","overlay-color":"","overlay-opacity":"","overlay-gradient":""},"tablet":{"background-color":"","background-image":"","background-repeat":"repeat","background-position":"center center","background-size":"auto","background-attachment":"scroll","background-type":"","background-media":"","overlay-type":"","overlay-color":"","overlay-opacity":"","overlay-gradient":""},"mobile":{"background-color":"","background-image":"","background-repeat":"repeat","background-position":"center center","background-size":"auto","background-attachment":"scroll","background-type":"","background-media":"","overlay-type":"","overlay-color":"","overlay-opacity":"","overlay-gradient":""}},"ast-content-background-meta":{"desktop":{"background-color":"var(--ast-global-color-5)","background-image":"","background-repeat":"repeat","background-position":"center center","background-size":"auto","background-attachment":"scroll","background-type":"","background-media":"","overlay-type":"","overlay-color":"","overlay-opacity":"","overlay-gradient":""},"tablet":{"background-color":"var(--ast-global-color-5)","background-image":"","background-repeat":"repeat","background-position":"center center","background-size":"auto","background-attachment":"scroll","background-type":"","background-media":"","overlay-type":"","overlay-color":"","overlay-opacity":"","overlay-gradient":""},"mobile":{"background-color":"var(--ast-global-color-5)","background-image":"","background-repeat":"repeat","background-position":"center center","background-size":"auto","background-attachment":"scroll","background-type":"","background-media":"","overlay-type":"","overlay-color":"","overlay-opacity":"","overlay-gradient":""}}},"product_brand":[],"product_cat":[426,431,406,425],"product_tag":[],"class_list":{"0":"post-6250","1":"product","2":"type-product","3":"status-publish","4":"has-post-thumbnail","6":"product_cat-constructionmining","7":"product_cat-fabric-for-commuting-clothing","8":"product_cat-nylon-cotton","9":"product_cat-security-emergencies-road-services","10":"pa_available_colors-911052-spc","11":"desktop-align-left","12":"tablet-align-left","13":"mobile-align-left","14":"ast-product-gallery-layout-vertical-slider","15":"ast-product-tabs-layout-horizontal","17":"first","18":"instock","19":"shipping-taxable","20":"product-type-simple"},"uagb_featured_image_src":{"full":["https:\/\/www.sikortex.com\/wp-content\/uploads\/2023\/09\/Nylon-cotton-fabric-for-jacket.jpg",1920,1920,false],"thumbnail":["https:\/\/www.sikortex.com\/wp-content\/uploads\/2023\/09\/Nylon-cotton-fabric-for-jacket-150x150.jpg",150,150,true],"medium":["https:\/\/www.sikortex.com\/wp-content\/uploads\/2023\/09\/Nylon-cotton-fabric-for-jacket-300x300.jpg",300,300,true],"medium_large":["https:\/\/www.sikortex.com\/wp-content\/uploads\/2023\/09\/Nylon-cotton-fabric-for-jacket-768x768.jpg",768,768,true],"large":["https:\/\/www.sikortex.com\/wp-content\/uploads\/2023\/09\/Nylon-cotton-fabric-for-jacket-1024x1024.jpg",1024,1024,true],"1536x1536":["https:\/\/www.sikortex.com\/wp-content\/uploads\/2023\/09\/Nylon-cotton-fabric-for-jacket-1536x1536.jpg",1536,1536,true],"2048x2048":["https:\/\/www.sikortex.com\/wp-content\/uploads\/2023\/09\/Nylon-cotton-fabric-for-jacket.jpg",1920,1920,false],"trp-custom-language-flag":["https:\/\/www.sikortex.com\/wp-content\/uploads\/2023\/09\/Nylon-cotton-fabric-for-jacket-12x12.jpg",12,12,true],"woocommerce_thumbnail":["https:\/\/www.sikortex.com\/wp-content\/uploads\/2023\/09\/Nylon-cotton-fabric-for-jacket-300x300.jpg",300,300,true],"woocommerce_single":["https:\/\/www.sikortex.com\/wp-content\/uploads\/2023\/09\/Nylon-cotton-fabric-for-jacket-600x600.jpg",600,600,true],"woocommerce_gallery_thumbnail":["https:\/\/www.sikortex.com\/wp-content\/uploads\/2023\/09\/Nylon-cotton-fabric-for-jacket-100x100.jpg",100,100,true]},"uagb_author_info":{"display_name":"Perry","author_link":"https:\/\/www.sikortex.com\/es\/author\/"},"uagb_comment_info":0,"uagb_excerpt":"1000 Meters(Min.Order)","_links":{"self":[{"href":"https:\/\/www.sikortex.com\/es\/wp-json\/wp\/v2\/product\/6250","targetHints":{"allow":["GET"]}}],"collection":[{"href":"https:\/\/www.sikortex.com\/es\/wp-json\/wp\/v2\/product"}],"about":[{"href":"https:\/\/www.sikortex.com\/es\/wp-json\/wp\/v2\/types\/product"}],"replies":[{"embeddable":true,"href":"https:\/\/www.sikortex.com\/es\/wp-json\/wp\/v2\/comments?post=6250"}],"wp:featuredmedia":[{"embeddable":true,"href":"https:\/\/www.sikortex.com\/es\/wp-json\/wp\/v2\/media\/6264"}],"wp:attachment":[{"href":"https:\/\/www.sikortex.com\/es\/wp-json\/wp\/v2\/media?parent=6250"}],"wp:term":[{"taxonomy":"product_brand","embeddable":true,"href":"https:\/\/www.sikortex.com\/es\/wp-json\/wp\/v2\/product_brand?post=6250"},{"taxonomy":"product_cat","embeddable":true,"href":"https:\/\/www.sikortex.com\/es\/wp-json\/wp\/v2\/product_cat?post=6250"},{"taxonomy":"product_tag","embeddable":true,"href":"https:\/\/www.sikortex.com\/es\/wp-json\/wp\/v2\/product_tag?post=6250"}],"curies":[{"name":"gracias","href":"https:\/\/api.w.org\/{rel}","templated":true}]}}