{"id":6169,"date":"2023-09-05T17:50:15","date_gmt":"2023-09-05T09:50:15","guid":{"rendered":"https:\/\/www.sikortex.com\/?post_type=product&#038;p=6169"},"modified":"2025-01-08T12:36:28","modified_gmt":"2025-01-08T04:36:28","slug":"300d-color-fluorescente-oxford-3","status":"publish","type":"product","link":"https:\/\/www.sikortex.com\/es\/producto\/300d-color-fluorescente-oxford-3\/","title":{"rendered":"Fabricante de telas Softshell de alta visibilidad"},"content":{"rendered":"<h5>Fabricante de telas de alta visibilidad SIKOR-TEX<\/h5>\n<p>La alta visibilidad m\u00e1s ligera <a href=\"https:\/\/www.sikortex.com\/es\/tejido-impermeable-y-transpirable\/\"><span style=\"color: #3366ff;\">Capa blanda<\/span><\/a> Tela disponible, esta tela consta de 3 capas de poli\u00e9ster ultrafino laminado con TPU para mayor durabilidad y resistencia en exteriores hostiles. Los colores fluorescentes vibrantes mejoran la visibilidad y garantizan una f\u00e1cil visualizaci\u00f3n en condiciones de poca luz o entornos peligrosos, lo que aumenta la seguridad de los trabajadores o viajeros al aire libre, pero es extremadamente <a href=\"https:\/\/www.sikortex.com\/es\/tejido-cortavientos-ripstop-tejido-de-algodon-nylon-3\/\"><span style=\"color: #3366ff;\">ligero<\/span><\/a>.<\/p>\n<p>Tejido de alta visibilidad de color fluorescente, un tejido de alta visibilidad dise\u00f1ado para un rendimiento \u00f3ptimo en diversos entornos de trabajo. Este tejido combina funcionalidad, durabilidad y visibilidad para garantizar la seguridad de los trabajadores en condiciones exigentes.<\/p>\n<p>El color fluorescente mejora la visibilidad, lo que lo hace ideal para rescate en carretera, personal de servicio en carretera, polic\u00eda de tr\u00e1nsito, transporte log\u00edstico y trabajadores al aire libre. El revestimiento de PU proporciona <a href=\"\/es\/sobre-tejido-oxford-impermeable\/\"><span style=\"color: #3366ff;\">repelencia al agua<\/span><\/a>, protegi\u00e9ndote de la lluvia y manteni\u00e9ndote seco. Adem\u00e1s, la tecnolog\u00eda innovadora y la alta transpirabilidad de la <a href=\"https:\/\/www.sikortex.com\/es\/2025\/01\/03\/fabricantes-de-tejidos-revestidos\/\"><span style=\"color: #3366ff;\">revestimiento de poliuretano<\/span><\/a> Permite una eficiente eliminaci\u00f3n del sudor, garantizando su comodidad incluso en condiciones clim\u00e1ticas adversas.<\/p>\n<p>Nuestro tejido Softshell de alta visibilidad no solo es pr\u00e1ctico, sino tambi\u00e9n f\u00e1cil de limpiar, lo que garantiza su durabilidad y mantiene sus propiedades de alta visibilidad. Elija este tejido para su ropa de trabajo y experimente su rendimiento y confiabilidad superiores en entornos de trabajo exigentes.<\/p>","protected":false},"excerpt":{"rendered":"<p>1500 metros (pedido m\u00ednimo)<\/p>","protected":false},"featured_media":6170,"comment_status":"closed","ping_status":"closed","template":"","meta":{"_uag_custom_page_level_css":"","site-sidebar-layout":"default","site-content-layout":"default","ast-site-content-layout":"","site-content-style":"default","site-sidebar-style":"default","ast-global-header-display":"","ast-banner-title-visibility":"","ast-main-header-display":"","ast-hfb-above-header-display":"","ast-hfb-below-header-display":"","ast-hfb-mobile-header-display":"","site-post-title":"","ast-breadcrumbs-content":"","ast-featured-img":"","footer-sml-layout":"","theme-transparent-header-meta":"default","adv-header-id-meta":"","stick-header-meta":"default","header-above-stick-meta":"","header-main-stick-meta":"","header-below-stick-meta":"","astra-migrate-meta-layouts":"default","ast-page-background-enabled":"default","ast-page-background-meta":{"desktop":{"background-color":"","background-image":"","background-repeat":"repeat","background-position":"center center","background-size":"auto","background-attachment":"scroll","background-type":"","background-media":"","overlay-type":"","overlay-color":"","overlay-opacity":"","overlay-gradient":""},"tablet":{"background-color":"","background-image":"","background-repeat":"repeat","background-position":"center center","background-size":"auto","background-attachment":"scroll","background-type":"","background-media":"","overlay-type":"","overlay-color":"","overlay-opacity":"","overlay-gradient":""},"mobile":{"background-color":"","background-image":"","background-repeat":"repeat","background-position":"center center","background-size":"auto","background-attachment":"scroll","background-type":"","background-media":"","overlay-type":"","overlay-color":"","overlay-opacity":"","overlay-gradient":""}},"ast-content-background-meta":{"desktop":{"background-color":"var(--ast-global-color-5)","background-image":"","background-repeat":"repeat","background-position":"center center","background-size":"auto","background-attachment":"scroll","background-type":"","background-media":"","overlay-type":"","overlay-color":"","overlay-opacity":"","overlay-gradient":""},"tablet":{"background-color":"var(--ast-global-color-5)","background-image":"","background-repeat":"repeat","background-position":"center center","background-size":"auto","background-attachment":"scroll","background-type":"","background-media":"","overlay-type":"","overlay-color":"","overlay-opacity":"","overlay-gradient":""},"mobile":{"background-color":"var(--ast-global-color-5)","background-image":"","background-repeat":"repeat","background-position":"center center","background-size":"auto","background-attachment":"scroll","background-type":"","background-media":"","overlay-type":"","overlay-color":"","overlay-opacity":"","overlay-gradient":""}}},"product_brand":[],"product_cat":[426,421,427,403,425,414],"product_tag":[],"class_list":{"0":"post-6169","1":"product","2":"type-product","3":"status-publish","4":"has-post-thumbnail","6":"product_cat-constructionmining","7":"product_cat-foul-weather-fabrics","8":"product_cat-petroleum-and-petrochemical","9":"product_cat-polyester-fabrics","10":"product_cat-security-emergencies-road-services","11":"product_cat-waterproof-fabrics","12":"pa_available_colors-fluorescent-orange","13":"pa_available_colors-fluorescent-yellow","14":"desktop-align-left","15":"tablet-align-left","16":"mobile-align-left","17":"ast-product-gallery-layout-vertical-slider","18":"ast-product-tabs-layout-horizontal","20":"first","21":"instock","22":"shipping-taxable","23":"product-type-simple"},"uagb_featured_image_src":{"full":["https:\/\/www.sikortex.com\/wp-content\/uploads\/2023\/09\/High-visibility-softshell-fabric.jpg",800,800,false],"thumbnail":["https:\/\/www.sikortex.com\/wp-content\/uploads\/2023\/09\/High-visibility-softshell-fabric-150x150.jpg",150,150,true],"medium":["https:\/\/www.sikortex.com\/wp-content\/uploads\/2023\/09\/High-visibility-softshell-fabric-300x300.jpg",300,300,true],"medium_large":["https:\/\/www.sikortex.com\/wp-content\/uploads\/2023\/09\/High-visibility-softshell-fabric-768x768.jpg",768,768,true],"large":["https:\/\/www.sikortex.com\/wp-content\/uploads\/2023\/09\/High-visibility-softshell-fabric.jpg",800,800,false],"1536x1536":["https:\/\/www.sikortex.com\/wp-content\/uploads\/2023\/09\/High-visibility-softshell-fabric.jpg",800,800,false],"2048x2048":["https:\/\/www.sikortex.com\/wp-content\/uploads\/2023\/09\/High-visibility-softshell-fabric.jpg",800,800,false],"trp-custom-language-flag":["https:\/\/www.sikortex.com\/wp-content\/uploads\/2023\/09\/High-visibility-softshell-fabric-12x12.jpg",12,12,true],"woocommerce_thumbnail":["https:\/\/www.sikortex.com\/wp-content\/uploads\/2023\/09\/High-visibility-softshell-fabric-300x300.jpg",300,300,true],"woocommerce_single":["https:\/\/www.sikortex.com\/wp-content\/uploads\/2023\/09\/High-visibility-softshell-fabric-600x600.jpg",600,600,true],"woocommerce_gallery_thumbnail":["https:\/\/www.sikortex.com\/wp-content\/uploads\/2023\/09\/High-visibility-softshell-fabric-100x100.jpg",100,100,true]},"uagb_author_info":{"display_name":"Perry","author_link":"https:\/\/www.sikortex.com\/es\/author\/"},"uagb_comment_info":0,"uagb_excerpt":"1500 Meters(Min.Order)","_links":{"self":[{"href":"https:\/\/www.sikortex.com\/es\/wp-json\/wp\/v2\/product\/6169","targetHints":{"allow":["GET"]}}],"collection":[{"href":"https:\/\/www.sikortex.com\/es\/wp-json\/wp\/v2\/product"}],"about":[{"href":"https:\/\/www.sikortex.com\/es\/wp-json\/wp\/v2\/types\/product"}],"replies":[{"embeddable":true,"href":"https:\/\/www.sikortex.com\/es\/wp-json\/wp\/v2\/comments?post=6169"}],"wp:featuredmedia":[{"embeddable":true,"href":"https:\/\/www.sikortex.com\/es\/wp-json\/wp\/v2\/media\/6170"}],"wp:attachment":[{"href":"https:\/\/www.sikortex.com\/es\/wp-json\/wp\/v2\/media?parent=6169"}],"wp:term":[{"taxonomy":"product_brand","embeddable":true,"href":"https:\/\/www.sikortex.com\/es\/wp-json\/wp\/v2\/product_brand?post=6169"},{"taxonomy":"product_cat","embeddable":true,"href":"https:\/\/www.sikortex.com\/es\/wp-json\/wp\/v2\/product_cat?post=6169"},{"taxonomy":"product_tag","embeddable":true,"href":"https:\/\/www.sikortex.com\/es\/wp-json\/wp\/v2\/product_tag?post=6169"}],"curies":[{"name":"gracias","href":"https:\/\/api.w.org\/{rel}","templated":true}]}}