{"id":4766,"date":"2023-06-28T16:43:35","date_gmt":"2023-06-28T08:43:35","guid":{"rendered":"http:\/\/shihan.vihsu.com\/?post_type=product&#038;p=4766"},"modified":"2025-01-08T12:38:58","modified_gmt":"2025-01-08T04:38:58","slug":"300d-color-fluorescente-oxford","status":"publish","type":"product","link":"https:\/\/www.sikortex.com\/es\/producto\/300d-color-fluorescente-oxford\/","title":{"rendered":"Recubrimiento antiest\u00e1tico 300D Color fluorescente Oxford"},"content":{"rendered":"<h5>Fabricante de telas de alta visibilidad SIKOR-TEX<\/h5>\n<p>Recubrimiento antiest\u00e1tico 300D Color fluorescente Oxford, a <a href=\"https:\/\/www.sikortex.com\/es\/revista\/functional-fabric\/telas-de-alta-visibilidad\/\">tejido de alta visibilidad<\/a> Dise\u00f1ado para un rendimiento \u00f3ptimo en una variedad de entornos de trabajo. La fibra de carbono incrustada en el tejido disipa eficazmente la electricidad est\u00e1tica; Este tejido combina funcionalidad, durabilidad y visibilidad para mantener seguros a los trabajadores en condiciones exigentes.<\/p>\n<p>Los colores fluorescentes mejoran la visibilidad y son ideales para su uso por parte del personal de servicio vial, de energ\u00eda, petroqu\u00edmica, gas, energ\u00eda y trabajadores al aire libre. <a href=\"https:\/\/www.sikortex.com\/es\/2025\/01\/03\/fabricantes-de-tejidos-revestidos\/\"><span style=\"color: #3366ff;\">revestimiento de poliuretano<\/span><\/a> es <a href=\"\/es\/sobre-tejido-oxford-impermeable\/\"><span style=\"color: #3366ff;\">hidr\u00f3fugo<\/span><\/a> para protegerte de la lluvia y mantenerte seco. Adem\u00e1s, la innovadora tecnolog\u00eda de <a href=\"https:\/\/www.sikortex.com\/es\/2025\/01\/03\/fabricantes-de-tejidos-revestidos\/\"><span style=\"color: #3366ff;\">revestimiento de poliuretano<\/span><\/a> y su alta transpirabilidad puede absorber eficazmente la transpiraci\u00f3n, garantizando su comodidad incluso en condiciones clim\u00e1ticas adversas.<\/p>","protected":false},"excerpt":{"rendered":"<p>600 metros (pedido m\u00ednimo)<\/p>","protected":false},"featured_media":4414,"comment_status":"closed","ping_status":"closed","template":"","meta":{"_uag_custom_page_level_css":"","site-sidebar-layout":"default","site-content-layout":"default","ast-site-content-layout":"","site-content-style":"default","site-sidebar-style":"default","ast-global-header-display":"","ast-banner-title-visibility":"","ast-main-header-display":"","ast-hfb-above-header-display":"","ast-hfb-below-header-display":"","ast-hfb-mobile-header-display":"","site-post-title":"","ast-breadcrumbs-content":"","ast-featured-img":"","footer-sml-layout":"","theme-transparent-header-meta":"default","adv-header-id-meta":"","stick-header-meta":"default","header-above-stick-meta":"","header-main-stick-meta":"","header-below-stick-meta":"","astra-migrate-meta-layouts":"default","ast-page-background-enabled":"default","ast-page-background-meta":{"desktop":{"background-color":"","background-image":"","background-repeat":"repeat","background-position":"center center","background-size":"auto","background-attachment":"scroll","background-type":"","background-media":"","overlay-type":"","overlay-color":"","overlay-opacity":"","overlay-gradient":""},"tablet":{"background-color":"","background-image":"","background-repeat":"repeat","background-position":"center center","background-size":"auto","background-attachment":"scroll","background-type":"","background-media":"","overlay-type":"","overlay-color":"","overlay-opacity":"","overlay-gradient":""},"mobile":{"background-color":"","background-image":"","background-repeat":"repeat","background-position":"center center","background-size":"auto","background-attachment":"scroll","background-type":"","background-media":"","overlay-type":"","overlay-color":"","overlay-opacity":"","overlay-gradient":""}},"ast-content-background-meta":{"desktop":{"background-color":"var(--ast-global-color-5)","background-image":"","background-repeat":"repeat","background-position":"center center","background-size":"auto","background-attachment":"scroll","background-type":"","background-media":"","overlay-type":"","overlay-color":"","overlay-opacity":"","overlay-gradient":""},"tablet":{"background-color":"var(--ast-global-color-5)","background-image":"","background-repeat":"repeat","background-position":"center center","background-size":"auto","background-attachment":"scroll","background-type":"","background-media":"","overlay-type":"","overlay-color":"","overlay-opacity":"","overlay-gradient":""},"mobile":{"background-color":"var(--ast-global-color-5)","background-image":"","background-repeat":"repeat","background-position":"center center","background-size":"auto","background-attachment":"scroll","background-type":"","background-media":"","overlay-type":"","overlay-color":"","overlay-opacity":"","overlay-gradient":""}}},"product_brand":[],"product_cat":[413,426,423,1184,427,403,425],"product_tag":[],"class_list":{"0":"post-4766","1":"product","2":"type-product","3":"status-publish","4":"has-post-thumbnail","6":"product_cat-antistatic-fabrics","7":"product_cat-constructionmining","8":"product_cat-fabric-for-military-police","9":"product_cat-oxford-fabric","10":"product_cat-petroleum-and-petrochemical","11":"product_cat-polyester-fabrics","12":"product_cat-security-emergencies-road-services","13":"pa_available_colors-911052-spc","14":"desktop-align-left","15":"tablet-align-left","16":"mobile-align-left","17":"ast-product-gallery-layout-vertical-slider","18":"ast-product-tabs-layout-horizontal","20":"first","21":"instock","22":"shipping-taxable","23":"product-type-simple"},"uagb_featured_image_src":{"full":["https:\/\/www.sikortex.com\/wp-content\/uploads\/2023\/06\/11838128510_742988091.jpg",680,680,false],"thumbnail":["https:\/\/www.sikortex.com\/wp-content\/uploads\/2023\/06\/11838128510_742988091-150x150.jpg",150,150,true],"medium":["https:\/\/www.sikortex.com\/wp-content\/uploads\/2023\/06\/11838128510_742988091-300x300.jpg",300,300,true],"medium_large":["https:\/\/www.sikortex.com\/wp-content\/uploads\/2023\/06\/11838128510_742988091.jpg",680,680,false],"large":["https:\/\/www.sikortex.com\/wp-content\/uploads\/2023\/06\/11838128510_742988091.jpg",680,680,false],"1536x1536":["https:\/\/www.sikortex.com\/wp-content\/uploads\/2023\/06\/11838128510_742988091.jpg",680,680,false],"2048x2048":["https:\/\/www.sikortex.com\/wp-content\/uploads\/2023\/06\/11838128510_742988091.jpg",680,680,false],"trp-custom-language-flag":["https:\/\/www.sikortex.com\/wp-content\/uploads\/2023\/06\/11838128510_742988091.jpg",12,12,false],"woocommerce_thumbnail":["https:\/\/www.sikortex.com\/wp-content\/uploads\/2023\/06\/11838128510_742988091-300x300.jpg",300,300,true],"woocommerce_single":["https:\/\/www.sikortex.com\/wp-content\/uploads\/2023\/06\/11838128510_742988091-600x600.jpg",600,600,true],"woocommerce_gallery_thumbnail":["https:\/\/www.sikortex.com\/wp-content\/uploads\/2023\/06\/11838128510_742988091-100x100.jpg",100,100,true]},"uagb_author_info":{"display_name":"Perry","author_link":"https:\/\/www.sikortex.com\/es\/author\/"},"uagb_comment_info":0,"uagb_excerpt":"600 Meters(Min.Order)","_links":{"self":[{"href":"https:\/\/www.sikortex.com\/es\/wp-json\/wp\/v2\/product\/4766","targetHints":{"allow":["GET"]}}],"collection":[{"href":"https:\/\/www.sikortex.com\/es\/wp-json\/wp\/v2\/product"}],"about":[{"href":"https:\/\/www.sikortex.com\/es\/wp-json\/wp\/v2\/types\/product"}],"replies":[{"embeddable":true,"href":"https:\/\/www.sikortex.com\/es\/wp-json\/wp\/v2\/comments?post=4766"}],"wp:featuredmedia":[{"embeddable":true,"href":"https:\/\/www.sikortex.com\/es\/wp-json\/wp\/v2\/media\/4414"}],"wp:attachment":[{"href":"https:\/\/www.sikortex.com\/es\/wp-json\/wp\/v2\/media?parent=4766"}],"wp:term":[{"taxonomy":"product_brand","embeddable":true,"href":"https:\/\/www.sikortex.com\/es\/wp-json\/wp\/v2\/product_brand?post=4766"},{"taxonomy":"product_cat","embeddable":true,"href":"https:\/\/www.sikortex.com\/es\/wp-json\/wp\/v2\/product_cat?post=4766"},{"taxonomy":"product_tag","embeddable":true,"href":"https:\/\/www.sikortex.com\/es\/wp-json\/wp\/v2\/product_tag?post=4766"}],"curies":[{"name":"gracias","href":"https:\/\/api.w.org\/{rel}","templated":true}]}}