{"id":4758,"date":"2023-06-28T16:09:41","date_gmt":"2023-06-28T08:09:41","guid":{"rendered":"http:\/\/shihan.vihsu.com\/?post_type=product&#038;p=4758"},"modified":"2025-02-17T17:43:37","modified_gmt":"2025-02-17T09:43:37","slug":"600d-dty-oxford-telas-antibacterianas","status":"publish","type":"product","link":"https:\/\/www.sikortex.com\/es\/producto\/600d-dty-oxford-telas-antibacterianas\/","title":{"rendered":"Tejidos industriales de poli\u00e9ster 1200D de gran peso"},"content":{"rendered":"<p>El tejido de poli\u00e9ster 1200D tiene usos industriales. Se puede recubrir para que sea impermeable y transpirable, o se puede convertir en tejido ign\u00edfugo.<br \/>\nComo tejido industrial, tiene una amplia gama de usos en protecci\u00f3n industrial.<\/p>\n<p>Lona industrial:<br \/>\nEn los sectores industriales como la construcci\u00f3n y el transporte de carga, la tela de poli\u00e9ster 1200D se puede convertir en lona industrial despu\u00e9s de recubrirla con propiedades impermeables y transpirables. Para cubrir materiales de construcci\u00f3n, puede evitar eficazmente que la lluvia da\u00f1e los materiales y la transpirabilidad ayuda a evitar que los materiales debajo de la lona se enmohezcan. En el transporte de carga, puede proteger de manera confiable las mercanc\u00edas del clima y la transpirabilidad puede evitar que las mercanc\u00edas se da\u00f1en debido al sellado a largo plazo.<\/p>\n<p>Cubierta protectora del equipo:<br \/>\nSe utiliza para cubrir y proteger varios tipos de maquinaria y equipos industriales, como m\u00e1quinas herramienta grandes, motores, compresores, etc. El rendimiento a prueba de agua puede evitar que la lluvia y la humedad erosionen los componentes clave del equipo, y la transpirabilidad puede evitar que la superficie o el metal interno del equipo se oxiden y corroan debido a la falta de circulaci\u00f3n de aire en la cubierta, lo que extiende la vida \u00fatil del equipo y asegura su funcionamiento estable.<\/p>\n<p>Instalaciones al aire libre<br \/>\nToldos para exteriores y toldos contra la lluvia: se pueden utilizar para fabricar instalaciones al aire libre, como toldos para el exterior de edificios y toldos contra la lluvia en estacionamientos al aire libre. Su impermeabilidad puede bloquear eficazmente la invasi\u00f3n de agua de lluvia y proporcionar un espacio seco para el \u00e1rea de abajo en la temporada de lluvias; la funci\u00f3n transpirable puede reducir los problemas de condensaci\u00f3n y moho que pueden ocurrir en un entorno cerrado a largo plazo, mantener la estabilidad del propio rendimiento de la lona y brindar a las personas un refugio c\u00f3modo al aire libre durante mucho tiempo.<\/p>\n<p>Almacenamiento y embalaje<br \/>\nMateriales de embalaje para cargas grandes: En el almacenamiento y transporte de algunos productos industriales grandes o materias primas con altos requisitos de resistencia a la humedad, este tejido de poli\u00e9ster 1200D impermeable y transpirable se puede utilizar como material de embalaje. Puede evitar que la humedad externa penetre en el embalaje y provoque da\u00f1os a las mercanc\u00edas, y puede garantizar un cierto grado de circulaci\u00f3n de aire en el embalaje, evitando la acumulaci\u00f3n de vapor de agua y el deterioro de las mercanc\u00edas causado por un sellado completo, y garantizando la calidad y seguridad de las mercanc\u00edas durante el almacenamiento y el transporte.<br \/>\nUso de la funci\u00f3n retardante de llama<\/p>\n<p>Lucha contra incendios y rescate de emergencia<br \/>\nMateriales auxiliares para equipos de extinci\u00f3n de incendios: como las grandes fundas protectoras para equipos de extinci\u00f3n de incendios en el lugar de rescate de incendios y los materiales de protecci\u00f3n exterior de las mangueras contra incendios. En el entorno complejo y peligroso de la escena del incendio, la tela de poli\u00e9ster 1200D ign\u00edfuga puede resistir eficazmente la invasi\u00f3n de llamas, evitar que el equipo se da\u00f1e por la propagaci\u00f3n de las llamas, garantizar el uso normal del equipo de extinci\u00f3n de incendios en momentos cr\u00edticos y brindar un fuerte apoyo para el progreso sin problemas del trabajo de extinci\u00f3n de incendios y rescate.<\/p>\n<p>Instalaciones temporales para rescate de emergencia:<br \/>\nEn el lugar del incendio o en otras situaciones de rescate en caso de desastre, se han construido instalaciones temporales, como carpas de centro de mando temporal y carpas de almacenamiento de material de rescate, hechas de telas de poli\u00e9ster ign\u00edfugas de 1200D. Esto puede evitar que las carpas se enciendan por las llamas circundantes, garantizar el desarrollo seguro de las labores de rescate, proporcionar un espacio relativamente seguro para los rescatistas y las v\u00edctimas del desastre y garantizar la realizaci\u00f3n ordenada de las operaciones de rescate.<\/p>\n<p>Transporte<br \/>\nProtecci\u00f3n de los interiores de los veh\u00edculos: el uso de tejidos ign\u00edfugos de alto gramaje en las partes interiores de veh\u00edculos de gran tama\u00f1o, como barcos y trenes, como fundas de asientos y materiales para envolver los paneles interiores, puede mejorar la seguridad general de los veh\u00edculos. En caso de emergencia, como un incendio, los tejidos ign\u00edfugos pueden retrasar la propagaci\u00f3n del fuego, ganar m\u00e1s tiempo de evacuaci\u00f3n para los pasajeros y reducir las v\u00edctimas y las p\u00e9rdidas materiales causadas por los incendios.<\/p>\n<p>Seguridad industrial<br \/>\nInstalaciones de protecci\u00f3n en \u00e1reas de alto riesgo: Instalaciones de protecci\u00f3n en algunos sitios industriales con riesgos de incendio extremadamente altos, como \u00e1reas de operaci\u00f3n a alta temperatura y \u00e1reas de almacenamiento de materiales inflamables y explosivos en industrias como la petroqu\u00edmica y la fundici\u00f3n de metales. Por ejemplo, cortinas de aislamiento, materiales de revestimiento de paredes cortafuegos, etc. Cuando los empleados trabajan en estas \u00e1reas, estas instalaciones de protecci\u00f3n hechas de telas industriales de poli\u00e9ster 1200D ign\u00edfugas pueden reducir eficazmente el riesgo de propagaci\u00f3n del fuego causado por el fuego, garantizar la seguridad del personal y el funcionamiento estable de las instalaciones de producci\u00f3n, y reducir las p\u00e9rdidas a gran escala causadas por accidentes de incendio.<\/p>\n<p>Industria energ\u00e9tica<br \/>\nFundas protectoras para equipos el\u00e9ctricos: Las fundas protectoras fabricadas con tejidos resistentes al fuego se pueden utilizar para equipos el\u00e9ctricos, como transformadores de gran tama\u00f1o y armarios de distribuci\u00f3n en subestaciones. Cuando se produce un incendio debido a una aver\u00eda en un equipo el\u00e9ctrico, la funda protectora puede evitar la propagaci\u00f3n del fuego, proteger los equipos y las instalaciones circundantes, reducir las p\u00e9rdidas provocadas por el incendio, evitar las reacciones en cadena provocadas por un incendio en un equipo y paralizar todo el sistema el\u00e9ctrico, y garantizar la estabilidad y la seguridad del suministro el\u00e9ctrico.<\/p>","protected":false},"excerpt":{"rendered":"<p>1000 metros (pedido m\u00ednimo)<\/p>","protected":false},"featured_media":4901,"comment_status":"closed","ping_status":"closed","template":"","meta":{"_uag_custom_page_level_css":"","site-sidebar-layout":"default","site-content-layout":"default","ast-site-content-layout":"","site-content-style":"default","site-sidebar-style":"default","ast-global-header-display":"","ast-banner-title-visibility":"","ast-main-header-display":"","ast-hfb-above-header-display":"","ast-hfb-below-header-display":"","ast-hfb-mobile-header-display":"","site-post-title":"","ast-breadcrumbs-content":"","ast-featured-img":"","footer-sml-layout":"","theme-transparent-header-meta":"default","adv-header-id-meta":"","stick-header-meta":"default","header-above-stick-meta":"","header-main-stick-meta":"","header-below-stick-meta":"","astra-migrate-meta-layouts":"default","ast-page-background-enabled":"default","ast-page-background-meta":{"desktop":{"background-color":"","background-image":"","background-repeat":"repeat","background-position":"center center","background-size":"auto","background-attachment":"scroll","background-type":"","background-media":"","overlay-type":"","overlay-color":"","overlay-opacity":"","overlay-gradient":""},"tablet":{"background-color":"","background-image":"","background-repeat":"repeat","background-position":"center center","background-size":"auto","background-attachment":"scroll","background-type":"","background-media":"","overlay-type":"","overlay-color":"","overlay-opacity":"","overlay-gradient":""},"mobile":{"background-color":"","background-image":"","background-repeat":"repeat","background-position":"center center","background-size":"auto","background-attachment":"scroll","background-type":"","background-media":"","overlay-type":"","overlay-color":"","overlay-opacity":"","overlay-gradient":""}},"ast-content-background-meta":{"desktop":{"background-color":"var(--ast-global-color-5)","background-image":"","background-repeat":"repeat","background-position":"center center","background-size":"auto","background-attachment":"scroll","background-type":"","background-media":"","overlay-type":"","overlay-color":"","overlay-opacity":"","overlay-gradient":""},"tablet":{"background-color":"var(--ast-global-color-5)","background-image":"","background-repeat":"repeat","background-position":"center center","background-size":"auto","background-attachment":"scroll","background-type":"","background-media":"","overlay-type":"","overlay-color":"","overlay-opacity":"","overlay-gradient":""},"mobile":{"background-color":"var(--ast-global-color-5)","background-image":"","background-repeat":"repeat","background-position":"center center","background-size":"auto","background-attachment":"scroll","background-type":"","background-media":"","overlay-type":"","overlay-color":"","overlay-opacity":"","overlay-gradient":""}}},"product_brand":[],"product_cat":[417,1206,1183,432,1184,403,433,414],"product_tag":[],"class_list":{"0":"post-4758","1":"product","2":"type-product","3":"status-publish","4":"has-post-thumbnail","6":"product_cat-anti-bacterial-fabrics","7":"product_cat-fabric-for-bag","8":"product_cat-fabric-for-horse-blankets","9":"product_cat-fabric-for-tent","10":"product_cat-oxford-fabric","11":"product_cat-polyester-fabrics","12":"product_cat-textile-for-industrial","13":"product_cat-waterproof-fabrics","14":"pa_available_colors-911052-spc","15":"desktop-align-left","16":"tablet-align-left","17":"mobile-align-left","18":"ast-product-gallery-layout-vertical-slider","19":"ast-product-tabs-layout-horizontal","21":"first","22":"instock","23":"shipping-taxable","24":"product-type-simple"},"uagb_featured_image_src":{"full":["https:\/\/www.sikortex.com\/wp-content\/uploads\/2023\/06\/1-18.jpg",800,800,false],"thumbnail":["https:\/\/www.sikortex.com\/wp-content\/uploads\/2023\/06\/1-18-150x150.jpg",150,150,true],"medium":["https:\/\/www.sikortex.com\/wp-content\/uploads\/2023\/06\/1-18-300x300.jpg",300,300,true],"medium_large":["https:\/\/www.sikortex.com\/wp-content\/uploads\/2023\/06\/1-18-768x768.jpg",768,768,true],"large":["https:\/\/www.sikortex.com\/wp-content\/uploads\/2023\/06\/1-18.jpg",800,800,false],"1536x1536":["https:\/\/www.sikortex.com\/wp-content\/uploads\/2023\/06\/1-18.jpg",800,800,false],"2048x2048":["https:\/\/www.sikortex.com\/wp-content\/uploads\/2023\/06\/1-18.jpg",800,800,false],"trp-custom-language-flag":["https:\/\/www.sikortex.com\/wp-content\/uploads\/2023\/06\/1-18.jpg",12,12,false],"woocommerce_thumbnail":["https:\/\/www.sikortex.com\/wp-content\/uploads\/2023\/06\/1-18-300x300.jpg",300,300,true],"woocommerce_single":["https:\/\/www.sikortex.com\/wp-content\/uploads\/2023\/06\/1-18-600x600.jpg",600,600,true],"woocommerce_gallery_thumbnail":["https:\/\/www.sikortex.com\/wp-content\/uploads\/2023\/06\/1-18-100x100.jpg",100,100,true]},"uagb_author_info":{"display_name":"Perry","author_link":"https:\/\/www.sikortex.com\/es\/author\/"},"uagb_comment_info":0,"uagb_excerpt":"1000 Meters(Min.Order)","_links":{"self":[{"href":"https:\/\/www.sikortex.com\/es\/wp-json\/wp\/v2\/product\/4758","targetHints":{"allow":["GET"]}}],"collection":[{"href":"https:\/\/www.sikortex.com\/es\/wp-json\/wp\/v2\/product"}],"about":[{"href":"https:\/\/www.sikortex.com\/es\/wp-json\/wp\/v2\/types\/product"}],"replies":[{"embeddable":true,"href":"https:\/\/www.sikortex.com\/es\/wp-json\/wp\/v2\/comments?post=4758"}],"wp:featuredmedia":[{"embeddable":true,"href":"https:\/\/www.sikortex.com\/es\/wp-json\/wp\/v2\/media\/4901"}],"wp:attachment":[{"href":"https:\/\/www.sikortex.com\/es\/wp-json\/wp\/v2\/media?parent=4758"}],"wp:term":[{"taxonomy":"product_brand","embeddable":true,"href":"https:\/\/www.sikortex.com\/es\/wp-json\/wp\/v2\/product_brand?post=4758"},{"taxonomy":"product_cat","embeddable":true,"href":"https:\/\/www.sikortex.com\/es\/wp-json\/wp\/v2\/product_cat?post=4758"},{"taxonomy":"product_tag","embeddable":true,"href":"https:\/\/www.sikortex.com\/es\/wp-json\/wp\/v2\/product_tag?post=4758"}],"curies":[{"name":"gracias","href":"https:\/\/api.w.org\/{rel}","templated":true}]}}