{"id":4587,"date":"2023-06-27T16:04:45","date_gmt":"2023-06-27T08:04:45","guid":{"rendered":"http:\/\/shihan.vihsu.com\/?post_type=product&#038;p=4587"},"modified":"2025-01-08T12:46:49","modified_gmt":"2025-01-08T04:46:49","slug":"t400-trama-tela-elastica-de-poliester","status":"publish","type":"product","link":"https:\/\/www.sikortex.com\/es\/producto\/t400-trama-tela-elastica-de-poliester\/","title":{"rendered":"Tejido el\u00e1stico de poli\u00e9ster T400 de alta visibilidad de color amarillo fluorescente"},"content":{"rendered":"<h5>Fabricante de tejidos de alta visibilidad SIKOR-TEX<\/h5>\n<p>SIKOR-TEX T400 Poli\u00e9ster <a href=\"https:\/\/www.sikortex.com\/es\/telas-elasticas\/\"><span style=\"color: #3366ff;\">El\u00e1stico<\/span><\/a> La tela amarilla fluorescente es un material de alto rendimiento dise\u00f1ado para una variedad de aplicaciones. Sus propiedades \u00fanicas la hacen ideal para su uso en transporte, rescate en carretera y ropa de trabajo al aire libre.<br \/>\nLa Tela Amarilla Fluorescente se caracteriza por su elasticidad, <a href=\"https:\/\/www.sikortex.com\/es\/telas-de-alta-visibilidad\/\"><span style=\"color: #3366ff;\">Alta visibilidad<\/span><\/a>, y <a href=\"https:\/\/www.sikortex.com\/es\/tejido-impermeable-y-transpirable\/\"><span style=\"color: #3366ff;\">Transpirabilidad impermeable<\/span><\/a>, lo que lo convierte en un material vers\u00e1til que se puede utilizar en muchos entornos diferentes. El acabado laminado de TPU agrega una capa adicional de durabilidad y protecci\u00f3n, lo que garantiza que la tela pueda soportar incluso las condiciones m\u00e1s duras. El color amarillo fluorescente del Elastic <a href=\"https:\/\/www.sikortex.com\/es\/telas-de-alta-visibilidad\/\"><span style=\"color: #3366ff;\">Alta visibilidad<\/span><\/a> La tela aumenta la visibilidad en condiciones de poca luz, lo que la hace ideal para usar en situaciones donde la seguridad es una prioridad m\u00e1xima. Adem\u00e1s, la tela es f\u00e1cil de cuidar y se puede lavar y secar a m\u00e1quina. En general, la tela de trama amarilla fluorescente T400 de poli\u00e9ster <a href=\"https:\/\/www.sikortex.com\/es\/telas-elasticas\/\"><span style=\"color: #3366ff;\">El\u00e1stico<\/span><\/a> La tela es un material de alta calidad que se adapta a una amplia gama de aplicaciones y entornos.<\/p>\n<p><a href=\"https:\/\/www.sikortex.com\/es\/buscador-de-telas\/\">BUSCADOR DE TELA<\/a><\/p>","protected":false},"excerpt":{"rendered":"<p>1000 metros (pedido m\u00ednimo)<\/p>","protected":false},"featured_media":4593,"comment_status":"closed","ping_status":"closed","template":"","meta":{"_uag_custom_page_level_css":"","site-sidebar-layout":"default","site-content-layout":"default","ast-site-content-layout":"","site-content-style":"default","site-sidebar-style":"default","ast-global-header-display":"","ast-banner-title-visibility":"","ast-main-header-display":"","ast-hfb-above-header-display":"","ast-hfb-below-header-display":"","ast-hfb-mobile-header-display":"","site-post-title":"","ast-breadcrumbs-content":"","ast-featured-img":"","footer-sml-layout":"","theme-transparent-header-meta":"default","adv-header-id-meta":"","stick-header-meta":"default","header-above-stick-meta":"","header-main-stick-meta":"","header-below-stick-meta":"","astra-migrate-meta-layouts":"default","ast-page-background-enabled":"default","ast-page-background-meta":{"desktop":{"background-color":"","background-image":"","background-repeat":"repeat","background-position":"center center","background-size":"auto","background-attachment":"scroll","background-type":"","background-media":"","overlay-type":"","overlay-color":"","overlay-opacity":"","overlay-gradient":""},"tablet":{"background-color":"","background-image":"","background-repeat":"repeat","background-position":"center center","background-size":"auto","background-attachment":"scroll","background-type":"","background-media":"","overlay-type":"","overlay-color":"","overlay-opacity":"","overlay-gradient":""},"mobile":{"background-color":"","background-image":"","background-repeat":"repeat","background-position":"center center","background-size":"auto","background-attachment":"scroll","background-type":"","background-media":"","overlay-type":"","overlay-color":"","overlay-opacity":"","overlay-gradient":""}},"ast-content-background-meta":{"desktop":{"background-color":"var(--ast-global-color-5)","background-image":"","background-repeat":"repeat","background-position":"center center","background-size":"auto","background-attachment":"scroll","background-type":"","background-media":"","overlay-type":"","overlay-color":"","overlay-opacity":"","overlay-gradient":""},"tablet":{"background-color":"var(--ast-global-color-5)","background-image":"","background-repeat":"repeat","background-position":"center center","background-size":"auto","background-attachment":"scroll","background-type":"","background-media":"","overlay-type":"","overlay-color":"","overlay-opacity":"","overlay-gradient":""},"mobile":{"background-color":"var(--ast-global-color-5)","background-image":"","background-repeat":"repeat","background-position":"center center","background-size":"auto","background-attachment":"scroll","background-type":"","background-media":"","overlay-type":"","overlay-color":"","overlay-opacity":"","overlay-gradient":""}}},"product_brand":[],"product_cat":[431,428,403,420],"product_tag":[],"class_list":{"0":"post-4587","1":"product","2":"type-product","3":"status-publish","4":"has-post-thumbnail","6":"product_cat-fabric-for-commuting-clothing","7":"product_cat-fabric-for-outdoor-sports","8":"product_cat-polyester-fabrics","9":"product_cat-stretch-fabrics","10":"pa_available_colors-fluorescent-yellow","11":"desktop-align-left","12":"tablet-align-left","13":"mobile-align-left","14":"ast-product-gallery-layout-vertical-slider","15":"ast-product-tabs-layout-horizontal","17":"first","18":"instock","19":"shipping-taxable","20":"product-type-simple"},"uagb_featured_image_src":{"full":["https:\/\/www.sikortex.com\/wp-content\/uploads\/2023\/06\/IMG_5175-e1693106898297.jpg",800,800,false],"thumbnail":["https:\/\/www.sikortex.com\/wp-content\/uploads\/2023\/06\/IMG_5175-e1693106898297-150x150.jpg",150,150,true],"medium":["https:\/\/www.sikortex.com\/wp-content\/uploads\/2023\/06\/IMG_5175-e1693106898297-300x300.jpg",300,300,true],"medium_large":["https:\/\/www.sikortex.com\/wp-content\/uploads\/2023\/06\/IMG_5175-e1693106898297-768x768.jpg",768,768,true],"large":["https:\/\/www.sikortex.com\/wp-content\/uploads\/2023\/06\/IMG_5175-e1693106898297.jpg",800,800,false],"1536x1536":["https:\/\/www.sikortex.com\/wp-content\/uploads\/2023\/06\/IMG_5175-e1693106898297.jpg",800,800,false],"2048x2048":["https:\/\/www.sikortex.com\/wp-content\/uploads\/2023\/06\/IMG_5175-e1693106898297.jpg",800,800,false],"trp-custom-language-flag":["https:\/\/www.sikortex.com\/wp-content\/uploads\/2023\/06\/IMG_5175-e1693106898297-12x12.jpg",12,12,true],"woocommerce_thumbnail":["https:\/\/www.sikortex.com\/wp-content\/uploads\/2023\/06\/IMG_5175-e1693106898297-300x300.jpg",300,300,true],"woocommerce_single":["https:\/\/www.sikortex.com\/wp-content\/uploads\/2023\/06\/IMG_5175-e1693106898297-600x600.jpg",600,600,true],"woocommerce_gallery_thumbnail":["https:\/\/www.sikortex.com\/wp-content\/uploads\/2023\/06\/IMG_5175-e1693106898297-100x100.jpg",100,100,true]},"uagb_author_info":{"display_name":"Perry","author_link":"https:\/\/www.sikortex.com\/es\/author\/"},"uagb_comment_info":0,"uagb_excerpt":"1000 Meters(Min.Order)","_links":{"self":[{"href":"https:\/\/www.sikortex.com\/es\/wp-json\/wp\/v2\/product\/4587","targetHints":{"allow":["GET"]}}],"collection":[{"href":"https:\/\/www.sikortex.com\/es\/wp-json\/wp\/v2\/product"}],"about":[{"href":"https:\/\/www.sikortex.com\/es\/wp-json\/wp\/v2\/types\/product"}],"replies":[{"embeddable":true,"href":"https:\/\/www.sikortex.com\/es\/wp-json\/wp\/v2\/comments?post=4587"}],"wp:featuredmedia":[{"embeddable":true,"href":"https:\/\/www.sikortex.com\/es\/wp-json\/wp\/v2\/media\/4593"}],"wp:attachment":[{"href":"https:\/\/www.sikortex.com\/es\/wp-json\/wp\/v2\/media?parent=4587"}],"wp:term":[{"taxonomy":"product_brand","embeddable":true,"href":"https:\/\/www.sikortex.com\/es\/wp-json\/wp\/v2\/product_brand?post=4587"},{"taxonomy":"product_cat","embeddable":true,"href":"https:\/\/www.sikortex.com\/es\/wp-json\/wp\/v2\/product_cat?post=4587"},{"taxonomy":"product_tag","embeddable":true,"href":"https:\/\/www.sikortex.com\/es\/wp-json\/wp\/v2\/product_tag?post=4587"}],"curies":[{"name":"gracias","href":"https:\/\/api.w.org\/{rel}","templated":true}]}}