{"id":4571,"date":"2023-06-27T15:44:10","date_gmt":"2023-06-27T07:44:10","guid":{"rendered":"http:\/\/shihan.vihsu.com\/?post_type=product&#038;p=4571"},"modified":"2024-12-17T10:25:03","modified_gmt":"2024-12-17T02:25:03","slug":"poliester-150d-cationico-compuesto-fibra-tejido","status":"publish","type":"product","link":"https:\/\/www.sikortex.com\/es\/producto\/poliester-150d-cationico-compuesto-fibra-tejido\/","title":{"rendered":"Tejido cati\u00f3nico de fibra compuesta de poli\u00e9ster mezclado 150D"},"content":{"rendered":"<p>El tejido cati\u00f3nico de fibra compuesta de poli\u00e9ster mezclado SIKOR-TEX 150D es un material de primera calidad ideal para aplicaciones de ropa de trabajo informal y al aire libre. La tela tiene una textura de lino natural con un tacto similar al del algod\u00f3n para brindar comodidad durante mucho tiempo. Adem\u00e1s, tiene un acabado laminado de PU que lo hace resistente al agua, lo que lo hace ideal para usar en ambientes exteriores.<br \/>\nEl aspecto similar al lino de la tela la distingue de otros materiales, y su tacto similar al del algod\u00f3n la convierte en una excelente opci\u00f3n tanto para uso informal como para ropa de trabajo. Las propiedades impermeables del tejido lo hacen ideal para ropa de trabajo al aire libre, ya que brinda protecci\u00f3n y es c\u00f3modo de usar.<\/p>\n<p><a href=\"https:\/\/www.sikortex.com\/es\/buscador-de-telas\/\"><span style=\"color: #3366ff;\">BUSCADOR DE TELA<\/span><\/a><\/p>","protected":false},"excerpt":{"rendered":"<p>1000 metros (pedido m\u00ednimo)<\/p>","protected":false},"featured_media":4572,"comment_status":"closed","ping_status":"closed","template":"","meta":{"_uag_custom_page_level_css":"","site-sidebar-layout":"default","site-content-layout":"default","ast-site-content-layout":"","site-content-style":"default","site-sidebar-style":"default","ast-global-header-display":"","ast-banner-title-visibility":"","ast-main-header-display":"","ast-hfb-above-header-display":"","ast-hfb-below-header-display":"","ast-hfb-mobile-header-display":"","site-post-title":"","ast-breadcrumbs-content":"","ast-featured-img":"","footer-sml-layout":"","theme-transparent-header-meta":"default","adv-header-id-meta":"","stick-header-meta":"default","header-above-stick-meta":"","header-main-stick-meta":"","header-below-stick-meta":"","astra-migrate-meta-layouts":"default","ast-page-background-enabled":"default","ast-page-background-meta":{"desktop":{"background-color":"","background-image":"","background-repeat":"repeat","background-position":"center center","background-size":"auto","background-attachment":"scroll","background-type":"","background-media":"","overlay-type":"","overlay-color":"","overlay-opacity":"","overlay-gradient":""},"tablet":{"background-color":"","background-image":"","background-repeat":"repeat","background-position":"center center","background-size":"auto","background-attachment":"scroll","background-type":"","background-media":"","overlay-type":"","overlay-color":"","overlay-opacity":"","overlay-gradient":""},"mobile":{"background-color":"","background-image":"","background-repeat":"repeat","background-position":"center center","background-size":"auto","background-attachment":"scroll","background-type":"","background-media":"","overlay-type":"","overlay-color":"","overlay-opacity":"","overlay-gradient":""}},"ast-content-background-meta":{"desktop":{"background-color":"var(--ast-global-color-5)","background-image":"","background-repeat":"repeat","background-position":"center center","background-size":"auto","background-attachment":"scroll","background-type":"","background-media":"","overlay-type":"","overlay-color":"","overlay-opacity":"","overlay-gradient":""},"tablet":{"background-color":"var(--ast-global-color-5)","background-image":"","background-repeat":"repeat","background-position":"center center","background-size":"auto","background-attachment":"scroll","background-type":"","background-media":"","overlay-type":"","overlay-color":"","overlay-opacity":"","overlay-gradient":""},"mobile":{"background-color":"var(--ast-global-color-5)","background-image":"","background-repeat":"repeat","background-position":"center center","background-size":"auto","background-attachment":"scroll","background-type":"","background-media":"","overlay-type":"","overlay-color":"","overlay-opacity":"","overlay-gradient":""}}},"product_brand":[],"product_cat":[426,432,403,433],"product_tag":[],"class_list":{"0":"post-4571","1":"product","2":"type-product","3":"status-publish","4":"has-post-thumbnail","6":"product_cat-constructionmining","7":"product_cat-fabric-for-tent","8":"product_cat-polyester-fabrics","9":"product_cat-textile-for-industrial","10":"pa_available_colors-h-black","11":"desktop-align-left","12":"tablet-align-left","13":"mobile-align-left","14":"ast-product-gallery-layout-vertical-slider","15":"ast-product-tabs-layout-horizontal","17":"first","18":"instock","19":"shipping-taxable","20":"product-type-simple"},"uagb_featured_image_src":{"full":["https:\/\/www.sikortex.com\/wp-content\/uploads\/2023\/06\/IMG_5213.jpg",1024,1024,false],"thumbnail":["https:\/\/www.sikortex.com\/wp-content\/uploads\/2023\/06\/IMG_5213-150x150.jpg",150,150,true],"medium":["https:\/\/www.sikortex.com\/wp-content\/uploads\/2023\/06\/IMG_5213-300x300.jpg",300,300,true],"medium_large":["https:\/\/www.sikortex.com\/wp-content\/uploads\/2023\/06\/IMG_5213-768x768.jpg",768,768,true],"large":["https:\/\/www.sikortex.com\/wp-content\/uploads\/2023\/06\/IMG_5213.jpg",1024,1024,false],"1536x1536":["https:\/\/www.sikortex.com\/wp-content\/uploads\/2023\/06\/IMG_5213.jpg",1024,1024,false],"2048x2048":["https:\/\/www.sikortex.com\/wp-content\/uploads\/2023\/06\/IMG_5213.jpg",1024,1024,false],"trp-custom-language-flag":["https:\/\/www.sikortex.com\/wp-content\/uploads\/2023\/06\/IMG_5213.jpg",12,12,false],"woocommerce_thumbnail":["https:\/\/www.sikortex.com\/wp-content\/uploads\/2023\/06\/IMG_5213-300x300.jpg",300,300,true],"woocommerce_single":["https:\/\/www.sikortex.com\/wp-content\/uploads\/2023\/06\/IMG_5213-600x600.jpg",600,600,true],"woocommerce_gallery_thumbnail":["https:\/\/www.sikortex.com\/wp-content\/uploads\/2023\/06\/IMG_5213-100x100.jpg",100,100,true]},"uagb_author_info":{"display_name":"Perry","author_link":"https:\/\/www.sikortex.com\/es\/author\/"},"uagb_comment_info":0,"uagb_excerpt":"1000 Meters(Min.Order)","_links":{"self":[{"href":"https:\/\/www.sikortex.com\/es\/wp-json\/wp\/v2\/product\/4571","targetHints":{"allow":["GET"]}}],"collection":[{"href":"https:\/\/www.sikortex.com\/es\/wp-json\/wp\/v2\/product"}],"about":[{"href":"https:\/\/www.sikortex.com\/es\/wp-json\/wp\/v2\/types\/product"}],"replies":[{"embeddable":true,"href":"https:\/\/www.sikortex.com\/es\/wp-json\/wp\/v2\/comments?post=4571"}],"wp:featuredmedia":[{"embeddable":true,"href":"https:\/\/www.sikortex.com\/es\/wp-json\/wp\/v2\/media\/4572"}],"wp:attachment":[{"href":"https:\/\/www.sikortex.com\/es\/wp-json\/wp\/v2\/media?parent=4571"}],"wp:term":[{"taxonomy":"product_brand","embeddable":true,"href":"https:\/\/www.sikortex.com\/es\/wp-json\/wp\/v2\/product_brand?post=4571"},{"taxonomy":"product_cat","embeddable":true,"href":"https:\/\/www.sikortex.com\/es\/wp-json\/wp\/v2\/product_cat?post=4571"},{"taxonomy":"product_tag","embeddable":true,"href":"https:\/\/www.sikortex.com\/es\/wp-json\/wp\/v2\/product_tag?post=4571"}],"curies":[{"name":"gracias","href":"https:\/\/api.w.org\/{rel}","templated":true}]}}