{"id":4347,"date":"2023-06-26T17:16:07","date_gmt":"2023-06-26T09:16:07","guid":{"rendered":"http:\/\/shihan.vihsu.com\/?post_type=product&#038;p=4347"},"modified":"2025-08-18T14:04:52","modified_gmt":"2025-08-18T06:04:52","slug":"poliester-600d-cifrado-oxford","status":"publish","type":"product","link":"https:\/\/www.sikortex.com\/es\/producto\/poliester-600d-cifrado-oxford\/","title":{"rendered":"Tejido Oxford de poli\u00e9ster 600D cifrado con te\u00f1ido en soluci\u00f3n"},"content":{"rendered":"<h5>SIKOR-TEX es un fabricante de tejidos de alto rendimiento con sede en China.<\/h5>\n<p>La tela Oxford 600D de poli\u00e9ster encriptado te\u00f1ido en soluci\u00f3n con laminado de TPU es un material de alta calidad que es perfecto para crear prendas duraderas. <a href=\"https:\/\/www.sikortex.com\/es\/tejido-impermeable-y-transpirable\/\"><span style=\"color: #3366ff;\">Impermeable y transpirable.<\/span><\/a> ropa. Esta tela es ideal para hacer <a href=\"https:\/\/www.sikortex.com\/es\/tejido-para-ropa-de-motor\/\"><span style=\"color: #3366ff;\">Chaquetas de moto<\/span><\/a>, <a href=\"https:\/\/www.sikortex.com\/es\/tela-militar-ripstop-tela\/\"><span style=\"color: #3366ff;\">uniformes de policia<\/span><\/a>, y <a href=\"https:\/\/www.sikortex.com\/es\/revista\/tejidos-para-vestuario-laboral\/\"><span style=\"color: #3366ff;\">ropa de trabajo al aire libre<\/span><\/a>.<\/p>\n<p>La tela est\u00e1 hecha de fibras de poli\u00e9ster de alta resistencia que est\u00e1n estrechamente entrelazadas para crear un material resistente y duradero. La laminaci\u00f3n de TPU proporciona una capa adicional de protecci\u00f3n contra el agua, lo que la hace ideal para su uso en ambientes h\u00famedos.<\/p>\n<p>Adem\u00e1s de su durabilidad y capacidades de impermeabilizaci\u00f3n, Encrypted <a href=\"https:\/\/www.sikortex.com\/es\/tejido-cortavientos-ripstop-tejido-de-algodon-nylon-5\/\"><span style=\"color: #3366ff;\">Oxford<\/span><\/a> El tejido con laminado de TPU tambi\u00e9n es transpirable, lo que lo hace c\u00f3modo de usar durante per\u00edodos prolongados, incluso en condiciones c\u00e1lidas. La transpirabilidad del tejido tambi\u00e9n ayuda a prevenir la acumulaci\u00f3n de humedad, que puede resultar inc\u00f3moda y provocar irritaci\u00f3n de la piel.<\/p>","protected":false},"excerpt":{"rendered":"<p>800 metros (pedido m\u00ednimo)<\/p>","protected":false},"featured_media":4349,"comment_status":"closed","ping_status":"closed","template":"","meta":{"_uag_custom_page_level_css":"","site-sidebar-layout":"default","site-content-layout":"default","ast-site-content-layout":"","site-content-style":"default","site-sidebar-style":"default","ast-global-header-display":"","ast-banner-title-visibility":"","ast-main-header-display":"","ast-hfb-above-header-display":"","ast-hfb-below-header-display":"","ast-hfb-mobile-header-display":"","site-post-title":"","ast-breadcrumbs-content":"","ast-featured-img":"","footer-sml-layout":"","theme-transparent-header-meta":"default","adv-header-id-meta":"","stick-header-meta":"default","header-above-stick-meta":"","header-main-stick-meta":"","header-below-stick-meta":"","astra-migrate-meta-layouts":"default","ast-page-background-enabled":"default","ast-page-background-meta":{"desktop":{"background-color":"","background-image":"","background-repeat":"repeat","background-position":"center center","background-size":"auto","background-attachment":"scroll","background-type":"","background-media":"","overlay-type":"","overlay-color":"","overlay-opacity":"","overlay-gradient":""},"tablet":{"background-color":"","background-image":"","background-repeat":"repeat","background-position":"center center","background-size":"auto","background-attachment":"scroll","background-type":"","background-media":"","overlay-type":"","overlay-color":"","overlay-opacity":"","overlay-gradient":""},"mobile":{"background-color":"","background-image":"","background-repeat":"repeat","background-position":"center center","background-size":"auto","background-attachment":"scroll","background-type":"","background-media":"","overlay-type":"","overlay-color":"","overlay-opacity":"","overlay-gradient":""}},"ast-content-background-meta":{"desktop":{"background-color":"var(--ast-global-color-5)","background-image":"","background-repeat":"repeat","background-position":"center center","background-size":"auto","background-attachment":"scroll","background-type":"","background-media":"","overlay-type":"","overlay-color":"","overlay-opacity":"","overlay-gradient":""},"tablet":{"background-color":"var(--ast-global-color-5)","background-image":"","background-repeat":"repeat","background-position":"center center","background-size":"auto","background-attachment":"scroll","background-type":"","background-media":"","overlay-type":"","overlay-color":"","overlay-opacity":"","overlay-gradient":""},"mobile":{"background-color":"var(--ast-global-color-5)","background-image":"","background-repeat":"repeat","background-position":"center center","background-size":"auto","background-attachment":"scroll","background-type":"","background-media":"","overlay-type":"","overlay-color":"","overlay-opacity":"","overlay-gradient":""}}},"product_brand":[],"product_cat":[1126,1206,432,1218,1184,403,1185,433,1697,414],"product_tag":[],"class_list":{"0":"post-4347","1":"product","2":"type-product","3":"status-publish","4":"has-post-thumbnail","6":"product_cat-fabric-for-awning","7":"product_cat-fabric-for-bag","8":"product_cat-fabric-for-tent","9":"product_cat-marine-fabrics","10":"product_cat-oxford-fabric","11":"product_cat-polyester-fabrics","12":"product_cat-solution-dyed-polyester-fabrics","13":"product_cat-textile-for-industrial","14":"product_cat-uv-protection-fabric","15":"product_cat-waterproof-fabrics","16":"pa_available_colors-911052-spc","17":"desktop-align-left","18":"tablet-align-left","19":"mobile-align-left","20":"ast-product-gallery-layout-vertical-slider","21":"ast-product-tabs-layout-horizontal","23":"first","24":"instock","25":"shipping-taxable","26":"product-type-simple"},"uagb_featured_image_src":{"full":["https:\/\/www.sikortex.com\/wp-content\/uploads\/2023\/06\/O1CN01XYQMrO1zLHFkmoRgf_956506697-0-cib.jpg",1024,1024,false],"thumbnail":["https:\/\/www.sikortex.com\/wp-content\/uploads\/2023\/06\/O1CN01XYQMrO1zLHFkmoRgf_956506697-0-cib-150x150.jpg",150,150,true],"medium":["https:\/\/www.sikortex.com\/wp-content\/uploads\/2023\/06\/O1CN01XYQMrO1zLHFkmoRgf_956506697-0-cib-300x300.jpg",300,300,true],"medium_large":["https:\/\/www.sikortex.com\/wp-content\/uploads\/2023\/06\/O1CN01XYQMrO1zLHFkmoRgf_956506697-0-cib-768x768.jpg",768,768,true],"large":["https:\/\/www.sikortex.com\/wp-content\/uploads\/2023\/06\/O1CN01XYQMrO1zLHFkmoRgf_956506697-0-cib.jpg",1024,1024,false],"1536x1536":["https:\/\/www.sikortex.com\/wp-content\/uploads\/2023\/06\/O1CN01XYQMrO1zLHFkmoRgf_956506697-0-cib.jpg",1024,1024,false],"2048x2048":["https:\/\/www.sikortex.com\/wp-content\/uploads\/2023\/06\/O1CN01XYQMrO1zLHFkmoRgf_956506697-0-cib.jpg",1024,1024,false],"trp-custom-language-flag":["https:\/\/www.sikortex.com\/wp-content\/uploads\/2023\/06\/O1CN01XYQMrO1zLHFkmoRgf_956506697-0-cib.jpg",12,12,false],"woocommerce_thumbnail":["https:\/\/www.sikortex.com\/wp-content\/uploads\/2023\/06\/O1CN01XYQMrO1zLHFkmoRgf_956506697-0-cib-300x300.jpg",300,300,true],"woocommerce_single":["https:\/\/www.sikortex.com\/wp-content\/uploads\/2023\/06\/O1CN01XYQMrO1zLHFkmoRgf_956506697-0-cib-600x600.jpg",600,600,true],"woocommerce_gallery_thumbnail":["https:\/\/www.sikortex.com\/wp-content\/uploads\/2023\/06\/O1CN01XYQMrO1zLHFkmoRgf_956506697-0-cib-100x100.jpg",100,100,true]},"uagb_author_info":{"display_name":"Perry","author_link":"https:\/\/www.sikortex.com\/es\/author\/"},"uagb_comment_info":0,"uagb_excerpt":"800 Meters(Min.Order)","_links":{"self":[{"href":"https:\/\/www.sikortex.com\/es\/wp-json\/wp\/v2\/product\/4347","targetHints":{"allow":["GET"]}}],"collection":[{"href":"https:\/\/www.sikortex.com\/es\/wp-json\/wp\/v2\/product"}],"about":[{"href":"https:\/\/www.sikortex.com\/es\/wp-json\/wp\/v2\/types\/product"}],"replies":[{"embeddable":true,"href":"https:\/\/www.sikortex.com\/es\/wp-json\/wp\/v2\/comments?post=4347"}],"wp:featuredmedia":[{"embeddable":true,"href":"https:\/\/www.sikortex.com\/es\/wp-json\/wp\/v2\/media\/4349"}],"wp:attachment":[{"href":"https:\/\/www.sikortex.com\/es\/wp-json\/wp\/v2\/media?parent=4347"}],"wp:term":[{"taxonomy":"product_brand","embeddable":true,"href":"https:\/\/www.sikortex.com\/es\/wp-json\/wp\/v2\/product_brand?post=4347"},{"taxonomy":"product_cat","embeddable":true,"href":"https:\/\/www.sikortex.com\/es\/wp-json\/wp\/v2\/product_cat?post=4347"},{"taxonomy":"product_tag","embeddable":true,"href":"https:\/\/www.sikortex.com\/es\/wp-json\/wp\/v2\/product_tag?post=4347"}],"curies":[{"name":"gracias","href":"https:\/\/api.w.org\/{rel}","templated":true}]}}