{"id":4291,"date":"2023-06-26T16:22:56","date_gmt":"2023-06-26T08:22:56","guid":{"rendered":"http:\/\/shihan.vihsu.com\/?post_type=product&#038;p=4291"},"modified":"2025-02-17T17:44:03","modified_gmt":"2025-02-17T09:44:03","slug":"tejido-poliester-900d-camuflaje-impermeable-recubierto-de-pu-2","status":"publish","type":"product","link":"https:\/\/www.sikortex.com\/es\/producto\/tejido-poliester-900d-camuflaje-impermeable-recubierto-de-pu-2\/","title":{"rendered":"Tela recubierta de PU impermeable de camuflaje de poli\u00e9ster 900D"},"content":{"rendered":"<h6>SIKOR-TEX <span style=\"color: #3366ff;\"><a style=\"color: #3366ff;\" href=\"https:\/\/www.sikortex.com\/es\/tejido-cortavientos-ripstop-tejido-de-algodon-nylon-5\/\">tela Oxford<\/a><\/span> fabricante<\/h6>\n<p>La tela recubierta de PU impermeable de camuflaje de poli\u00e9ster 900D SIKOR-TEX es un material de alta calidad que se usa com\u00fanmente para aplicaciones al aire libre, como mochilas, tiendas de campa\u00f1a e impermeables. Es un material duradero y vers\u00e1til que puede soportar la exposici\u00f3n a los elementos, incluidos la lluvia, el viento y el sol.<br \/>\nEl patr\u00f3n de camuflaje en la tela agrega inter\u00e9s visual y ayuda a que la tela se mezcle con los entornos naturales. La tela tambi\u00e9n es resistente al agua, lo que la hace ideal para usar en equipos para exteriores que necesitan mantener el contenido seco. Su durabilidad y resistencia a la abrasi\u00f3n y al desgarro lo hacen adecuado para su uso en mochilas y otros equipos que requieren dureza adicional.<br \/>\nAdem\u00e1s de su uso en equipos para actividades al aire libre, la tela recubierta de PU impermeable de camuflaje de poli\u00e9ster 900D tambi\u00e9n se puede utilizar en la fabricaci\u00f3n de ropa y equipos militares. Su patr\u00f3n de camuflaje y su durabilidad lo convierten en un material ideal para productos que requieren tejidos de alto rendimiento.<br \/>\nEn resumen, la tela recubierta de PU impermeable de camuflaje de poli\u00e9ster 900D es un material vers\u00e1til y duradero que es adecuado para una amplia gama de aplicaciones, incluidos equipos para actividades al aire libre y ropa y equipos militares. Sus propiedades \u00fanicas lo convierten en una opci\u00f3n ideal para productos que requieren tejidos de alto rendimiento.<\/p>","protected":false},"excerpt":{"rendered":"<p>600 metros (pedido m\u00ednimo)<\/p>","protected":false},"featured_media":4292,"comment_status":"closed","ping_status":"closed","template":"","meta":{"_uag_custom_page_level_css":"","site-sidebar-layout":"default","site-content-layout":"default","ast-site-content-layout":"","site-content-style":"default","site-sidebar-style":"default","ast-global-header-display":"","ast-banner-title-visibility":"","ast-main-header-display":"","ast-hfb-above-header-display":"","ast-hfb-below-header-display":"","ast-hfb-mobile-header-display":"","site-post-title":"","ast-breadcrumbs-content":"","ast-featured-img":"","footer-sml-layout":"","theme-transparent-header-meta":"default","adv-header-id-meta":"","stick-header-meta":"default","header-above-stick-meta":"","header-main-stick-meta":"","header-below-stick-meta":"","astra-migrate-meta-layouts":"default","ast-page-background-enabled":"default","ast-page-background-meta":{"desktop":{"background-color":"","background-image":"","background-repeat":"repeat","background-position":"center center","background-size":"auto","background-attachment":"scroll","background-type":"","background-media":"","overlay-type":"","overlay-color":"","overlay-opacity":"","overlay-gradient":""},"tablet":{"background-color":"","background-image":"","background-repeat":"repeat","background-position":"center center","background-size":"auto","background-attachment":"scroll","background-type":"","background-media":"","overlay-type":"","overlay-color":"","overlay-opacity":"","overlay-gradient":""},"mobile":{"background-color":"","background-image":"","background-repeat":"repeat","background-position":"center center","background-size":"auto","background-attachment":"scroll","background-type":"","background-media":"","overlay-type":"","overlay-color":"","overlay-opacity":"","overlay-gradient":""}},"ast-content-background-meta":{"desktop":{"background-color":"var(--ast-global-color-5)","background-image":"","background-repeat":"repeat","background-position":"center center","background-size":"auto","background-attachment":"scroll","background-type":"","background-media":"","overlay-type":"","overlay-color":"","overlay-opacity":"","overlay-gradient":""},"tablet":{"background-color":"var(--ast-global-color-5)","background-image":"","background-repeat":"repeat","background-position":"center center","background-size":"auto","background-attachment":"scroll","background-type":"","background-media":"","overlay-type":"","overlay-color":"","overlay-opacity":"","overlay-gradient":""},"mobile":{"background-color":"var(--ast-global-color-5)","background-image":"","background-repeat":"repeat","background-position":"center center","background-size":"auto","background-attachment":"scroll","background-type":"","background-media":"","overlay-type":"","overlay-color":"","overlay-opacity":"","overlay-gradient":""}}},"product_brand":[],"product_cat":[1206,430,432,1184,403,414],"product_tag":[],"class_list":{"0":"post-4291","1":"product","2":"type-product","3":"status-publish","4":"has-post-thumbnail","6":"product_cat-fabric-for-bag","7":"product_cat-fabric-for-motorwear","8":"product_cat-fabric-for-tent","9":"product_cat-oxford-fabric","10":"product_cat-polyester-fabrics","11":"product_cat-waterproof-fabrics","12":"pa_available_colors-911052-spc","13":"desktop-align-left","14":"tablet-align-left","15":"mobile-align-left","16":"ast-product-gallery-layout-vertical-slider","17":"ast-product-tabs-layout-horizontal","19":"first","20":"instock","21":"shipping-taxable","22":"product-type-simple"},"uagb_featured_image_src":{"full":["https:\/\/www.sikortex.com\/wp-content\/uploads\/2023\/06\/O1CN01ZSJ3N01tSFTZGgDMI_2692505900-0-cib.jpg",1024,1024,false],"thumbnail":["https:\/\/www.sikortex.com\/wp-content\/uploads\/2023\/06\/O1CN01ZSJ3N01tSFTZGgDMI_2692505900-0-cib-150x150.jpg",150,150,true],"medium":["https:\/\/www.sikortex.com\/wp-content\/uploads\/2023\/06\/O1CN01ZSJ3N01tSFTZGgDMI_2692505900-0-cib-300x300.jpg",300,300,true],"medium_large":["https:\/\/www.sikortex.com\/wp-content\/uploads\/2023\/06\/O1CN01ZSJ3N01tSFTZGgDMI_2692505900-0-cib-768x768.jpg",768,768,true],"large":["https:\/\/www.sikortex.com\/wp-content\/uploads\/2023\/06\/O1CN01ZSJ3N01tSFTZGgDMI_2692505900-0-cib.jpg",1024,1024,false],"1536x1536":["https:\/\/www.sikortex.com\/wp-content\/uploads\/2023\/06\/O1CN01ZSJ3N01tSFTZGgDMI_2692505900-0-cib.jpg",1024,1024,false],"2048x2048":["https:\/\/www.sikortex.com\/wp-content\/uploads\/2023\/06\/O1CN01ZSJ3N01tSFTZGgDMI_2692505900-0-cib.jpg",1024,1024,false],"trp-custom-language-flag":["https:\/\/www.sikortex.com\/wp-content\/uploads\/2023\/06\/O1CN01ZSJ3N01tSFTZGgDMI_2692505900-0-cib.jpg",12,12,false],"woocommerce_thumbnail":["https:\/\/www.sikortex.com\/wp-content\/uploads\/2023\/06\/O1CN01ZSJ3N01tSFTZGgDMI_2692505900-0-cib-300x300.jpg",300,300,true],"woocommerce_single":["https:\/\/www.sikortex.com\/wp-content\/uploads\/2023\/06\/O1CN01ZSJ3N01tSFTZGgDMI_2692505900-0-cib-600x600.jpg",600,600,true],"woocommerce_gallery_thumbnail":["https:\/\/www.sikortex.com\/wp-content\/uploads\/2023\/06\/O1CN01ZSJ3N01tSFTZGgDMI_2692505900-0-cib-100x100.jpg",100,100,true]},"uagb_author_info":{"display_name":"Perry","author_link":"https:\/\/www.sikortex.com\/es\/author\/"},"uagb_comment_info":0,"uagb_excerpt":"600 Meters(Min.Order)","_links":{"self":[{"href":"https:\/\/www.sikortex.com\/es\/wp-json\/wp\/v2\/product\/4291","targetHints":{"allow":["GET"]}}],"collection":[{"href":"https:\/\/www.sikortex.com\/es\/wp-json\/wp\/v2\/product"}],"about":[{"href":"https:\/\/www.sikortex.com\/es\/wp-json\/wp\/v2\/types\/product"}],"replies":[{"embeddable":true,"href":"https:\/\/www.sikortex.com\/es\/wp-json\/wp\/v2\/comments?post=4291"}],"wp:featuredmedia":[{"embeddable":true,"href":"https:\/\/www.sikortex.com\/es\/wp-json\/wp\/v2\/media\/4292"}],"wp:attachment":[{"href":"https:\/\/www.sikortex.com\/es\/wp-json\/wp\/v2\/media?parent=4291"}],"wp:term":[{"taxonomy":"product_brand","embeddable":true,"href":"https:\/\/www.sikortex.com\/es\/wp-json\/wp\/v2\/product_brand?post=4291"},{"taxonomy":"product_cat","embeddable":true,"href":"https:\/\/www.sikortex.com\/es\/wp-json\/wp\/v2\/product_cat?post=4291"},{"taxonomy":"product_tag","embeddable":true,"href":"https:\/\/www.sikortex.com\/es\/wp-json\/wp\/v2\/product_tag?post=4291"}],"curies":[{"name":"gracias","href":"https:\/\/api.w.org\/{rel}","templated":true}]}}