{"id":4180,"date":"2023-06-25T15:16:24","date_gmt":"2023-06-25T07:16:24","guid":{"rendered":"http:\/\/shihan.vihsu.com\/?post_type=product&#038;p=4180"},"modified":"2025-01-18T11:32:54","modified_gmt":"2025-01-18T03:32:54","slug":"nailon-320d-twill-cuatro-vias-estiramiento-laminado-tpu-tela","status":"publish","type":"product","link":"https:\/\/www.sikortex.com\/es\/producto\/nailon-320d-twill-cuatro-vias-estiramiento-laminado-tpu-tela\/","title":{"rendered":"Tela de TPU laminada de nailon y spandex 320D"},"content":{"rendered":"<h6>Fabricante de tejidos de alto rendimiento SIKOR-TEX<\/h6>\n<p><a href=\"https:\/\/www.sikortex.com\/es\/perfil-de-la-empresa\/\"><span style=\"color: #3366ff;\">SIKOR-TEX<\/span><\/a> 320D <a href=\"https:\/\/www.sikortex.com\/es\/fabricante-de-tejido-de-nailon\/\"><span style=\"color: #3366ff;\">Nylon<\/span><\/a> Tejido de TPU laminado con elastano, el compa\u00f1ero ideal para los entusiastas de las actividades al aire libre y los aventureros. Dise\u00f1ado con precisi\u00f3n e innovaci\u00f3n, este tejido est\u00e1 dise\u00f1ado para brindarte energ\u00eda en tus viajes de monta\u00f1ismo.<\/p>\n<p>Confeccionado con una mezcla premium de nailon y licra, nuestro tejido ofrece una elasticidad y flexibilidad excepcionales, lo que garantiza movimiento y agilidad sin restricciones incluso en los terrenos m\u00e1s desafiantes. Disfrute de la libertad de superar sus l\u00edmites manteniendo una comodidad \u00f3ptima.<\/p>\n<p>Con sus avanzadas propiedades de absorci\u00f3n de humedad, nuestro tejido TPU te mantiene seco y c\u00f3modo, permitiendo que tu cuerpo respire durante actividades f\u00edsicas intensas. Dile adi\u00f3s a las molestias causadas por el sudor y da la bienvenida a un mejor rendimiento.<\/p>\n<p>La construcci\u00f3n duradera de nuestra tela de TPU garantiza un uso duradero y <a href=\"\/es\/proveedor-de-tejido-antidesgarro\/\"><span style=\"color: #3366ff;\">resistencia al desgarro<\/span><\/a>, para que puedas conquistar paisajes accidentados con confianza. Est\u00e1 dise\u00f1ado para soportar las exigencias del monta\u00f1ismo, brindando durabilidad sin comprometer la comodidad.<\/p>\n<p>Ya sea que necesite chaquetas, pantalones u otro equipo para sus aventuras de monta\u00f1ismo, nuestra tela de monta\u00f1ismo de nailon, lycra y spandex es la elecci\u00f3n perfecta. Experimente la combinaci\u00f3n perfecta de funcionalidad, flexibilidad y rendimiento, y lleve sus actividades al aire libre a nuevas alturas. Elija nuestra tela y libere su verdadero potencial al aire libre.<\/p>\n<p>Estirar <span style=\"color: #3366ff;\"><a style=\"color: #3366ff;\" href=\"https:\/\/www.sikortex.com\/es\/cordura-tejidos\/\">cordura<\/a><\/span> tela<\/p>","protected":false},"excerpt":{"rendered":"<p>1000 metros (pedido m\u00ednimo)<\/p>","protected":false},"featured_media":4183,"comment_status":"closed","ping_status":"closed","template":"","meta":{"_uag_custom_page_level_css":"","site-sidebar-layout":"default","site-content-layout":"default","ast-site-content-layout":"","site-content-style":"default","site-sidebar-style":"default","ast-global-header-display":"","ast-banner-title-visibility":"","ast-main-header-display":"","ast-hfb-above-header-display":"","ast-hfb-below-header-display":"","ast-hfb-mobile-header-display":"","site-post-title":"","ast-breadcrumbs-content":"","ast-featured-img":"","footer-sml-layout":"","theme-transparent-header-meta":"default","adv-header-id-meta":"","stick-header-meta":"default","header-above-stick-meta":"","header-main-stick-meta":"","header-below-stick-meta":"","astra-migrate-meta-layouts":"default","ast-page-background-enabled":"default","ast-page-background-meta":{"desktop":{"background-color":"","background-image":"","background-repeat":"repeat","background-position":"center center","background-size":"auto","background-attachment":"scroll","background-type":"","background-media":"","overlay-type":"","overlay-color":"","overlay-opacity":"","overlay-gradient":""},"tablet":{"background-color":"","background-image":"","background-repeat":"repeat","background-position":"center center","background-size":"auto","background-attachment":"scroll","background-type":"","background-media":"","overlay-type":"","overlay-color":"","overlay-opacity":"","overlay-gradient":""},"mobile":{"background-color":"","background-image":"","background-repeat":"repeat","background-position":"center center","background-size":"auto","background-attachment":"scroll","background-type":"","background-media":"","overlay-type":"","overlay-color":"","overlay-opacity":"","overlay-gradient":""}},"ast-content-background-meta":{"desktop":{"background-color":"var(--ast-global-color-5)","background-image":"","background-repeat":"repeat","background-position":"center center","background-size":"auto","background-attachment":"scroll","background-type":"","background-media":"","overlay-type":"","overlay-color":"","overlay-opacity":"","overlay-gradient":""},"tablet":{"background-color":"var(--ast-global-color-5)","background-image":"","background-repeat":"repeat","background-position":"center center","background-size":"auto","background-attachment":"scroll","background-type":"","background-media":"","overlay-type":"","overlay-color":"","overlay-opacity":"","overlay-gradient":""},"mobile":{"background-color":"var(--ast-global-color-5)","background-image":"","background-repeat":"repeat","background-position":"center center","background-size":"auto","background-attachment":"scroll","background-type":"","background-media":"","overlay-type":"","overlay-color":"","overlay-opacity":"","overlay-gradient":""}}},"product_brand":[],"product_cat":[431,423,428,421,404,420,414],"product_tag":[],"class_list":{"0":"post-4180","1":"product","2":"type-product","3":"status-publish","4":"has-post-thumbnail","6":"product_cat-fabric-for-commuting-clothing","7":"product_cat-fabric-for-military-police","8":"product_cat-fabric-for-outdoor-sports","9":"product_cat-foul-weather-fabrics","10":"product_cat-nylon-fabrics","11":"product_cat-stretch-fabrics","12":"product_cat-waterproof-fabrics","13":"pa_available_colors-911052-spc","14":"desktop-align-left","15":"tablet-align-left","16":"mobile-align-left","17":"ast-product-gallery-layout-vertical-slider","18":"ast-product-tabs-layout-horizontal","20":"first","21":"instock","22":"shipping-taxable","23":"product-type-simple"},"uagb_featured_image_src":{"full":["https:\/\/www.sikortex.com\/wp-content\/uploads\/2023\/06\/O1CN01C4pMgG1zLHBenx7CU_956506697-0-cib.jpg",1024,1024,false],"thumbnail":["https:\/\/www.sikortex.com\/wp-content\/uploads\/2023\/06\/O1CN01C4pMgG1zLHBenx7CU_956506697-0-cib-150x150.jpg",150,150,true],"medium":["https:\/\/www.sikortex.com\/wp-content\/uploads\/2023\/06\/O1CN01C4pMgG1zLHBenx7CU_956506697-0-cib-300x300.jpg",300,300,true],"medium_large":["https:\/\/www.sikortex.com\/wp-content\/uploads\/2023\/06\/O1CN01C4pMgG1zLHBenx7CU_956506697-0-cib-768x768.jpg",768,768,true],"large":["https:\/\/www.sikortex.com\/wp-content\/uploads\/2023\/06\/O1CN01C4pMgG1zLHBenx7CU_956506697-0-cib.jpg",1024,1024,false],"1536x1536":["https:\/\/www.sikortex.com\/wp-content\/uploads\/2023\/06\/O1CN01C4pMgG1zLHBenx7CU_956506697-0-cib.jpg",1024,1024,false],"2048x2048":["https:\/\/www.sikortex.com\/wp-content\/uploads\/2023\/06\/O1CN01C4pMgG1zLHBenx7CU_956506697-0-cib.jpg",1024,1024,false],"trp-custom-language-flag":["https:\/\/www.sikortex.com\/wp-content\/uploads\/2023\/06\/O1CN01C4pMgG1zLHBenx7CU_956506697-0-cib.jpg",12,12,false],"woocommerce_thumbnail":["https:\/\/www.sikortex.com\/wp-content\/uploads\/2023\/06\/O1CN01C4pMgG1zLHBenx7CU_956506697-0-cib-300x300.jpg",300,300,true],"woocommerce_single":["https:\/\/www.sikortex.com\/wp-content\/uploads\/2023\/06\/O1CN01C4pMgG1zLHBenx7CU_956506697-0-cib-600x600.jpg",600,600,true],"woocommerce_gallery_thumbnail":["https:\/\/www.sikortex.com\/wp-content\/uploads\/2023\/06\/O1CN01C4pMgG1zLHBenx7CU_956506697-0-cib-100x100.jpg",100,100,true]},"uagb_author_info":{"display_name":"Perry","author_link":"https:\/\/www.sikortex.com\/es\/author\/"},"uagb_comment_info":0,"uagb_excerpt":"1000 Meters(Min.Order)","_links":{"self":[{"href":"https:\/\/www.sikortex.com\/es\/wp-json\/wp\/v2\/product\/4180","targetHints":{"allow":["GET"]}}],"collection":[{"href":"https:\/\/www.sikortex.com\/es\/wp-json\/wp\/v2\/product"}],"about":[{"href":"https:\/\/www.sikortex.com\/es\/wp-json\/wp\/v2\/types\/product"}],"replies":[{"embeddable":true,"href":"https:\/\/www.sikortex.com\/es\/wp-json\/wp\/v2\/comments?post=4180"}],"wp:featuredmedia":[{"embeddable":true,"href":"https:\/\/www.sikortex.com\/es\/wp-json\/wp\/v2\/media\/4183"}],"wp:attachment":[{"href":"https:\/\/www.sikortex.com\/es\/wp-json\/wp\/v2\/media?parent=4180"}],"wp:term":[{"taxonomy":"product_brand","embeddable":true,"href":"https:\/\/www.sikortex.com\/es\/wp-json\/wp\/v2\/product_brand?post=4180"},{"taxonomy":"product_cat","embeddable":true,"href":"https:\/\/www.sikortex.com\/es\/wp-json\/wp\/v2\/product_cat?post=4180"},{"taxonomy":"product_tag","embeddable":true,"href":"https:\/\/www.sikortex.com\/es\/wp-json\/wp\/v2\/product_tag?post=4180"}],"curies":[{"name":"gracias","href":"https:\/\/api.w.org\/{rel}","templated":true}]}}