{"id":3960,"date":"2023-06-21T17:12:31","date_gmt":"2023-06-21T09:12:31","guid":{"rendered":"http:\/\/shihan.vihsu.com\/?post_type=product&#038;p=3960"},"modified":"2023-10-28T09:33:22","modified_gmt":"2023-10-28T01:33:22","slug":"nailon-30d-ripstop-doble-hilo-plaid-tejido-recubierto-de-silicona","status":"publish","type":"product","link":"https:\/\/www.sikortex.com\/es\/producto\/nailon-30d-ripstop-doble-hilo-plaid-tejido-recubierto-de-silicona\/","title":{"rendered":"Tela recubierta de silicona a cuadros de doble hilo Ripstop Silnylon 30D"},"content":{"rendered":"<p>Fabricante de tejidos de alto rendimiento SIKOR-TEX<\/p>\n<p>Tela recubierta de silicona a cuadros de doble hilo Ripstop Silnylon 30D<br \/>\nEste nailon ripstop resistente al desgarro, tambi\u00e9n conocido como silnylon, con revestimiento de silicona no solo es impermeable (3000 mm), sino que tambi\u00e9n aumenta la resistencia al desgaste del tejido, muy adecuado para confeccionar tiendas de campa\u00f1a, lonas, capas para la lluvia, camping y ultraligeros impermeables. . El revestimiento de silicona de dos capas, de una sola pieza y por ambos lados hace que el tejido sea impermeable y extremadamente resistente a los desgarros, manteniendo al mismo tiempo un peso reducido, especialmente para la parte inferior de una tienda de campa\u00f1a que est\u00e1 sujeta a mucha fricci\u00f3n.<\/p>\n<p>El tejido Ripstop Silnylon se estira cuando est\u00e1 mojado, lo que lo hace ideal para usar en todas las condiciones clim\u00e1ticas. Adem\u00e1s, es de secado r\u00e1pido, no el\u00e1stico y resistente al viento, lo que lo convierte en una opci\u00f3n vers\u00e1til para cualquier equipo para actividades al aire libre.<\/p>\n<p>Con un peso de s\u00f3lo 40 g\/m\u00b2, es ultraligero y f\u00e1cil de transportar, lo que lo hace perfecto para mochilas y otros equipos. Adem\u00e1s cumple con el certificado Oeko-Tex Standard 100 Clase II y REACH, garantizando su seguridad y calidad.<\/p>\n<p>Tenga en cuenta que el revestimiento de silicona mejora la resistencia a los rayos UV de la tela, pero debido a la delgadez de la tela, no es adecuado para un uso prolongado bajo la luz solar directa.<\/p>","protected":false},"excerpt":{"rendered":"<p>600 metros (pedido m\u00ednimo)<\/p>","protected":false},"featured_media":3961,"comment_status":"closed","ping_status":"closed","template":"","meta":{"_uag_custom_page_level_css":"","site-sidebar-layout":"default","site-content-layout":"default","ast-site-content-layout":"","site-content-style":"default","site-sidebar-style":"default","ast-global-header-display":"","ast-banner-title-visibility":"","ast-main-header-display":"","ast-hfb-above-header-display":"","ast-hfb-below-header-display":"","ast-hfb-mobile-header-display":"","site-post-title":"","ast-breadcrumbs-content":"","ast-featured-img":"","footer-sml-layout":"","theme-transparent-header-meta":"default","adv-header-id-meta":"","stick-header-meta":"default","header-above-stick-meta":"","header-main-stick-meta":"","header-below-stick-meta":"","astra-migrate-meta-layouts":"default","ast-page-background-enabled":"default","ast-page-background-meta":{"desktop":{"background-color":"","background-image":"","background-repeat":"repeat","background-position":"center center","background-size":"auto","background-attachment":"scroll","background-type":"","background-media":"","overlay-type":"","overlay-color":"","overlay-opacity":"","overlay-gradient":""},"tablet":{"background-color":"","background-image":"","background-repeat":"repeat","background-position":"center center","background-size":"auto","background-attachment":"scroll","background-type":"","background-media":"","overlay-type":"","overlay-color":"","overlay-opacity":"","overlay-gradient":""},"mobile":{"background-color":"","background-image":"","background-repeat":"repeat","background-position":"center center","background-size":"auto","background-attachment":"scroll","background-type":"","background-media":"","overlay-type":"","overlay-color":"","overlay-opacity":"","overlay-gradient":""}},"ast-content-background-meta":{"desktop":{"background-color":"var(--ast-global-color-5)","background-image":"","background-repeat":"repeat","background-position":"center center","background-size":"auto","background-attachment":"scroll","background-type":"","background-media":"","overlay-type":"","overlay-color":"","overlay-opacity":"","overlay-gradient":""},"tablet":{"background-color":"var(--ast-global-color-5)","background-image":"","background-repeat":"repeat","background-position":"center center","background-size":"auto","background-attachment":"scroll","background-type":"","background-media":"","overlay-type":"","overlay-color":"","overlay-opacity":"","overlay-gradient":""},"mobile":{"background-color":"var(--ast-global-color-5)","background-image":"","background-repeat":"repeat","background-position":"center center","background-size":"auto","background-attachment":"scroll","background-type":"","background-media":"","overlay-type":"","overlay-color":"","overlay-opacity":"","overlay-gradient":""}}},"product_brand":[],"product_cat":[428,432,1145,404,415,407,433,414],"product_tag":[],"class_list":{"0":"post-3960","1":"product","2":"type-product","3":"status-publish","4":"has-post-thumbnail","6":"product_cat-fabric-for-outdoor-sports","7":"product_cat-fabric-for-tent","8":"product_cat-lightweight-fabric","9":"product_cat-nylon-fabrics","10":"product_cat-oil-repellent-fabric","11":"product_cat-recycled-fabric","12":"product_cat-textile-for-industrial","13":"product_cat-waterproof-fabrics","14":"pa_available_colors-h-black","15":"desktop-align-left","16":"tablet-align-left","17":"mobile-align-left","18":"ast-product-gallery-layout-vertical-slider","19":"ast-product-tabs-layout-horizontal","21":"first","22":"instock","23":"shipping-taxable","24":"product-type-simple"},"uagb_featured_image_src":{"full":["https:\/\/www.sikortex.com\/wp-content\/uploads\/2023\/06\/9169665160_1058445396.jpg",1024,1024,false],"thumbnail":["https:\/\/www.sikortex.com\/wp-content\/uploads\/2023\/06\/9169665160_1058445396-150x150.jpg",150,150,true],"medium":["https:\/\/www.sikortex.com\/wp-content\/uploads\/2023\/06\/9169665160_1058445396-300x300.jpg",300,300,true],"medium_large":["https:\/\/www.sikortex.com\/wp-content\/uploads\/2023\/06\/9169665160_1058445396-768x768.jpg",768,768,true],"large":["https:\/\/www.sikortex.com\/wp-content\/uploads\/2023\/06\/9169665160_1058445396.jpg",1024,1024,false],"1536x1536":["https:\/\/www.sikortex.com\/wp-content\/uploads\/2023\/06\/9169665160_1058445396.jpg",1024,1024,false],"2048x2048":["https:\/\/www.sikortex.com\/wp-content\/uploads\/2023\/06\/9169665160_1058445396.jpg",1024,1024,false],"trp-custom-language-flag":["https:\/\/www.sikortex.com\/wp-content\/uploads\/2023\/06\/9169665160_1058445396.jpg",12,12,false],"woocommerce_thumbnail":["https:\/\/www.sikortex.com\/wp-content\/uploads\/2023\/06\/9169665160_1058445396-300x300.jpg",300,300,true],"woocommerce_single":["https:\/\/www.sikortex.com\/wp-content\/uploads\/2023\/06\/9169665160_1058445396-600x600.jpg",600,600,true],"woocommerce_gallery_thumbnail":["https:\/\/www.sikortex.com\/wp-content\/uploads\/2023\/06\/9169665160_1058445396-100x100.jpg",100,100,true]},"uagb_author_info":{"display_name":"Perry","author_link":"https:\/\/www.sikortex.com\/es\/author\/"},"uagb_comment_info":0,"uagb_excerpt":"600 Meters(Min.Order)","_links":{"self":[{"href":"https:\/\/www.sikortex.com\/es\/wp-json\/wp\/v2\/product\/3960","targetHints":{"allow":["GET"]}}],"collection":[{"href":"https:\/\/www.sikortex.com\/es\/wp-json\/wp\/v2\/product"}],"about":[{"href":"https:\/\/www.sikortex.com\/es\/wp-json\/wp\/v2\/types\/product"}],"replies":[{"embeddable":true,"href":"https:\/\/www.sikortex.com\/es\/wp-json\/wp\/v2\/comments?post=3960"}],"wp:featuredmedia":[{"embeddable":true,"href":"https:\/\/www.sikortex.com\/es\/wp-json\/wp\/v2\/media\/3961"}],"wp:attachment":[{"href":"https:\/\/www.sikortex.com\/es\/wp-json\/wp\/v2\/media?parent=3960"}],"wp:term":[{"taxonomy":"product_brand","embeddable":true,"href":"https:\/\/www.sikortex.com\/es\/wp-json\/wp\/v2\/product_brand?post=3960"},{"taxonomy":"product_cat","embeddable":true,"href":"https:\/\/www.sikortex.com\/es\/wp-json\/wp\/v2\/product_cat?post=3960"},{"taxonomy":"product_tag","embeddable":true,"href":"https:\/\/www.sikortex.com\/es\/wp-json\/wp\/v2\/product_tag?post=3960"}],"curies":[{"name":"gracias","href":"https:\/\/api.w.org\/{rel}","templated":true}]}}