{"id":2397,"date":"2023-06-02T17:02:11","date_gmt":"2023-06-02T09:02:11","guid":{"rendered":"http:\/\/203.196.10.64:3021\/?post_type=product&#038;p=2397"},"modified":"2024-12-31T14:35:39","modified_gmt":"2024-12-31T06:35:39","slug":"sk8283-poliester-elastico","status":"publish","type":"product","link":"https:\/\/www.sikortex.com\/es\/producto\/sk8283-poliester-elastico\/","title":{"rendered":"Tejido el\u00e1stico de poli\u00e9ster 100% de sarga con tacto de algod\u00f3n T800"},"content":{"rendered":"<h5>SIKOR-TEX es un fabricante de tejidos de alto rendimiento con sede en China.<\/h5>\n<h5>Tejido el\u00e1stico de poli\u00e9ster 100% de sarga con tacto de algod\u00f3n T800<\/h5>\n<p>El tejido T800 es un material muy vers\u00e1til que ofrece durabilidad y flexibilidad. Est\u00e1 fabricado en poli\u00e9ster 100% y est\u00e1 laminado con una pel\u00edcula de TPU para hacerlo impermeable. El patr\u00f3n el\u00e1stico de sarga en forma de diamante del tejido T800 proporciona una excelente elasticidad, lo que lo hace ideal para usar en productos que requieren un alto grado de flexibilidad. A pesar de su elasticidad, el tejido T800 tiene un tacto suave similar al del algod\u00f3n que lo hace c\u00f3modo de llevar.<\/p>\n<p>100%La tela de sarga el\u00e1stica de poli\u00e9ster T800 con tacto de algod\u00f3n es perfecta para una variedad de productos, incluidos chaquetas, abrigos y bolsos. Sus propiedades impermeables lo convierten en una excelente opci\u00f3n para ropa para actividades al aire libre, mientras que su elasticidad y textura c\u00f3moda lo hacen ideal para ropa deportiva. La tela T800 se puede personalizar para cumplir con requisitos espec\u00edficos y est\u00e1 disponible para su compra en rollos con diferentes opciones de empaque.<\/p>\n<p>Si busca un tejido de poli\u00e9ster el\u00e1stico que ofrezca durabilidad y flexibilidad, el tejido T800 es la opci\u00f3n perfecta. Su combinaci\u00f3n \u00fanica de elasticidad y suavidad lo hace ideal para una amplia gama de productos, desde equipamiento para actividades al aire libre hasta ropa deportiva. P\u00f3ngase en contacto con nosotros hoy mismo para obtener m\u00e1s informaci\u00f3n sobre c\u00f3mo el tejido T800 puede mejorar su pr\u00f3ximo proyecto.<\/p>\n<p>Tambi\u00e9n ofrecemos el\u00e1stico de poli\u00e9ster. <a href=\"https:\/\/www.sikortex.com\/es\/producto\/sk8344-polyestre-algodon-tejido-elastico-2\/\"><span style=\"color: #3366ff;\">T400<\/span><\/a> tela<\/p>","protected":false},"excerpt":{"rendered":"<p>1000 metros (pedido m\u00ednimo)<\/p>","protected":false},"featured_media":4053,"comment_status":"closed","ping_status":"closed","template":"","meta":{"_uag_custom_page_level_css":"","site-sidebar-layout":"default","site-content-layout":"default","ast-site-content-layout":"","site-content-style":"default","site-sidebar-style":"default","ast-global-header-display":"","ast-banner-title-visibility":"","ast-main-header-display":"","ast-hfb-above-header-display":"","ast-hfb-below-header-display":"","ast-hfb-mobile-header-display":"","site-post-title":"","ast-breadcrumbs-content":"","ast-featured-img":"","footer-sml-layout":"","theme-transparent-header-meta":"default","adv-header-id-meta":"","stick-header-meta":"default","header-above-stick-meta":"","header-main-stick-meta":"","header-below-stick-meta":"","astra-migrate-meta-layouts":"default","ast-page-background-enabled":"default","ast-page-background-meta":{"desktop":{"background-color":"","background-image":"","background-repeat":"repeat","background-position":"center center","background-size":"auto","background-attachment":"scroll","background-type":"","background-media":"","overlay-type":"","overlay-color":"","overlay-opacity":"","overlay-gradient":""},"tablet":{"background-color":"","background-image":"","background-repeat":"repeat","background-position":"center center","background-size":"auto","background-attachment":"scroll","background-type":"","background-media":"","overlay-type":"","overlay-color":"","overlay-opacity":"","overlay-gradient":""},"mobile":{"background-color":"","background-image":"","background-repeat":"repeat","background-position":"center center","background-size":"auto","background-attachment":"scroll","background-type":"","background-media":"","overlay-type":"","overlay-color":"","overlay-opacity":"","overlay-gradient":""}},"ast-content-background-meta":{"desktop":{"background-color":"var(--ast-global-color-5)","background-image":"","background-repeat":"repeat","background-position":"center center","background-size":"auto","background-attachment":"scroll","background-type":"","background-media":"","overlay-type":"","overlay-color":"","overlay-opacity":"","overlay-gradient":""},"tablet":{"background-color":"var(--ast-global-color-5)","background-image":"","background-repeat":"repeat","background-position":"center center","background-size":"auto","background-attachment":"scroll","background-type":"","background-media":"","overlay-type":"","overlay-color":"","overlay-opacity":"","overlay-gradient":""},"mobile":{"background-color":"var(--ast-global-color-5)","background-image":"","background-repeat":"repeat","background-position":"center center","background-size":"auto","background-attachment":"scroll","background-type":"","background-media":"","overlay-type":"","overlay-color":"","overlay-opacity":"","overlay-gradient":""}}},"product_brand":[],"product_cat":[431,428,403,407,420,414],"product_tag":[],"class_list":{"0":"post-2397","1":"product","2":"type-product","3":"status-publish","4":"has-post-thumbnail","6":"product_cat-fabric-for-commuting-clothing","7":"product_cat-fabric-for-outdoor-sports","8":"product_cat-polyester-fabrics","9":"product_cat-recycled-fabric","10":"product_cat-stretch-fabrics","11":"product_cat-waterproof-fabrics","12":"pa_available_colors-1526-03","13":"pa_available_colors-1526-05","14":"pa_available_colors-1526-10","15":"pa_available_colors-1526-13","16":"pa_available_colors-1526-17","17":"pa_available_colors-1526-28","18":"pa_available_colors-1526-31","19":"pa_available_colors-1526-32","20":"pa_available_colors-1526-33","21":"pa_available_colors-1526-35","22":"pa_available_colors-1526-38","23":"pa_available_colors-1526-45","24":"pa_available_colors-1526-49","25":"pa_available_colors-1526-59","26":"pa_available_colors-1526-60","27":"pa_available_colors-911052-spc","28":"pa_available_colors-000020-wht","29":"desktop-align-left","30":"tablet-align-left","31":"mobile-align-left","32":"ast-product-gallery-layout-vertical-slider","33":"ast-product-tabs-layout-horizontal","35":"first","36":"instock","37":"shipping-taxable","38":"product-type-simple"},"uagb_featured_image_src":{"full":["https:\/\/www.sikortex.com\/wp-content\/uploads\/2023\/06\/IMG_5580-scaled.jpg",2560,2560,false],"thumbnail":["https:\/\/www.sikortex.com\/wp-content\/uploads\/2023\/06\/IMG_5580-150x150.jpg",150,150,true],"medium":["https:\/\/www.sikortex.com\/wp-content\/uploads\/2023\/06\/IMG_5580-300x300.jpg",300,300,true],"medium_large":["https:\/\/www.sikortex.com\/wp-content\/uploads\/2023\/06\/IMG_5580-768x768.jpg",768,768,true],"large":["https:\/\/www.sikortex.com\/wp-content\/uploads\/2023\/06\/IMG_5580-1024x1024.jpg",1024,1024,true],"1536x1536":["https:\/\/www.sikortex.com\/wp-content\/uploads\/2023\/06\/IMG_5580-1536x1536.jpg",1536,1536,true],"2048x2048":["https:\/\/www.sikortex.com\/wp-content\/uploads\/2023\/06\/IMG_5580-2048x2048.jpg",2048,2048,true],"trp-custom-language-flag":["https:\/\/www.sikortex.com\/wp-content\/uploads\/2023\/06\/IMG_5580-scaled.jpg",12,12,false],"woocommerce_thumbnail":["https:\/\/www.sikortex.com\/wp-content\/uploads\/2023\/06\/IMG_5580-300x300.jpg",300,300,true],"woocommerce_single":["https:\/\/www.sikortex.com\/wp-content\/uploads\/2023\/06\/IMG_5580-600x600.jpg",600,600,true],"woocommerce_gallery_thumbnail":["https:\/\/www.sikortex.com\/wp-content\/uploads\/2023\/06\/IMG_5580-100x100.jpg",100,100,true]},"uagb_author_info":{"display_name":"Perry","author_link":"https:\/\/www.sikortex.com\/es\/author\/"},"uagb_comment_info":0,"uagb_excerpt":"1000 Meters(Min.Order)","_links":{"self":[{"href":"https:\/\/www.sikortex.com\/es\/wp-json\/wp\/v2\/product\/2397","targetHints":{"allow":["GET"]}}],"collection":[{"href":"https:\/\/www.sikortex.com\/es\/wp-json\/wp\/v2\/product"}],"about":[{"href":"https:\/\/www.sikortex.com\/es\/wp-json\/wp\/v2\/types\/product"}],"replies":[{"embeddable":true,"href":"https:\/\/www.sikortex.com\/es\/wp-json\/wp\/v2\/comments?post=2397"}],"wp:featuredmedia":[{"embeddable":true,"href":"https:\/\/www.sikortex.com\/es\/wp-json\/wp\/v2\/media\/4053"}],"wp:attachment":[{"href":"https:\/\/www.sikortex.com\/es\/wp-json\/wp\/v2\/media?parent=2397"}],"wp:term":[{"taxonomy":"product_brand","embeddable":true,"href":"https:\/\/www.sikortex.com\/es\/wp-json\/wp\/v2\/product_brand?post=2397"},{"taxonomy":"product_cat","embeddable":true,"href":"https:\/\/www.sikortex.com\/es\/wp-json\/wp\/v2\/product_cat?post=2397"},{"taxonomy":"product_tag","embeddable":true,"href":"https:\/\/www.sikortex.com\/es\/wp-json\/wp\/v2\/product_tag?post=2397"}],"curies":[{"name":"gracias","href":"https:\/\/api.w.org\/{rel}","templated":true}]}}