{"id":2338,"date":"2023-06-02T16:20:05","date_gmt":"2023-06-02T08:20:05","guid":{"rendered":"http:\/\/203.196.10.64:3021\/?post_type=product&#038;p=2338"},"modified":"2023-11-07T10:13:46","modified_gmt":"2023-11-07T02:13:46","slug":"sk8276-50d-t400-poliester-elastico-tejido","status":"publish","type":"product","link":"https:\/\/www.sikortex.com\/es\/producto\/sk8276-50d-t400-poliester-elastico-tejido\/","title":{"rendered":"Tela el\u00e1stica Sorona 50D\/75D DuPont T400"},"content":{"rendered":"<h5>\u00bfEl poli\u00e9ster es el\u00e1stico?<\/h5>\n<p>La tela 50D\/75D DuPont Elastic T400 Sorona es una fibra texturizada muy el\u00e1stica inventada por DuPont y conocida por su elasticidad duradera que se descompone m\u00e1s lentamente que el spandex. El material es muy adecuado para la confecci\u00f3n de abrigos informales, cortavientos y chaquetas de plumas, etc., y es popular por su suavidad, transpirabilidad y durabilidad.<\/p>\n<p>En comparaci\u00f3n con el material de algod\u00f3n, la fibra del material de poli\u00e9ster T400 es m\u00e1s esponjosa, lo que puede mantener el cuerpo caliente, lo que lo hace muy popular para las personas a las que les gustan los deportes y las personas que salen a dar largos paseos en climas fr\u00edos, porque este material puede mantener el calor. . Adem\u00e1s, el material es resistente al agua, por lo que no ser\u00e1 absorbido por la ropa cuando sudes, lo que lo hace ideal para ropa deportiva.<\/p>\n<p>Las propiedades el\u00e1sticas especiales del material sorona de poli\u00e9ster T400 le permiten estirarse naturalmente cuando se usa. Los fabricantes han hecho que este material sea m\u00e1s c\u00f3modo teniendo en cuenta esta caracter\u00edstica. No importa cu\u00e1n estirado est\u00e9 cuando se usa, el material vuelve a su forma y tama\u00f1o originales cuando se quita. Esa es una gran noticia, porque no hay necesidad de preocuparse de que la ropa de entrenamiento o los leggings aumenten dos tallas alg\u00fan d\u00eda.<\/p>\n<p>Las prendas de poli\u00e9ster puro encogen muy poco, por lo que encogerlas, si es necesario, es dif\u00edcil. Las prendas que mezclan poli\u00e9ster con fibras naturales pueden estirarse menos.<\/p>","protected":false},"excerpt":{"rendered":"<p>600 metros (pedido m\u00ednimo)<\/p>","protected":false},"featured_media":3910,"comment_status":"closed","ping_status":"closed","template":"","meta":{"_uag_custom_page_level_css":"","site-sidebar-layout":"default","site-content-layout":"default","ast-site-content-layout":"","site-content-style":"default","site-sidebar-style":"default","ast-global-header-display":"","ast-banner-title-visibility":"","ast-main-header-display":"","ast-hfb-above-header-display":"","ast-hfb-below-header-display":"","ast-hfb-mobile-header-display":"","site-post-title":"","ast-breadcrumbs-content":"","ast-featured-img":"","footer-sml-layout":"","theme-transparent-header-meta":"default","adv-header-id-meta":"","stick-header-meta":"default","header-above-stick-meta":"","header-main-stick-meta":"","header-below-stick-meta":"","astra-migrate-meta-layouts":"default","ast-page-background-enabled":"default","ast-page-background-meta":{"desktop":{"background-color":"","background-image":"","background-repeat":"repeat","background-position":"center center","background-size":"auto","background-attachment":"scroll","background-type":"","background-media":"","overlay-type":"","overlay-color":"","overlay-opacity":"","overlay-gradient":""},"tablet":{"background-color":"","background-image":"","background-repeat":"repeat","background-position":"center center","background-size":"auto","background-attachment":"scroll","background-type":"","background-media":"","overlay-type":"","overlay-color":"","overlay-opacity":"","overlay-gradient":""},"mobile":{"background-color":"","background-image":"","background-repeat":"repeat","background-position":"center center","background-size":"auto","background-attachment":"scroll","background-type":"","background-media":"","overlay-type":"","overlay-color":"","overlay-opacity":"","overlay-gradient":""}},"ast-content-background-meta":{"desktop":{"background-color":"var(--ast-global-color-5)","background-image":"","background-repeat":"repeat","background-position":"center center","background-size":"auto","background-attachment":"scroll","background-type":"","background-media":"","overlay-type":"","overlay-color":"","overlay-opacity":"","overlay-gradient":""},"tablet":{"background-color":"var(--ast-global-color-5)","background-image":"","background-repeat":"repeat","background-position":"center center","background-size":"auto","background-attachment":"scroll","background-type":"","background-media":"","overlay-type":"","overlay-color":"","overlay-opacity":"","overlay-gradient":""},"mobile":{"background-color":"var(--ast-global-color-5)","background-image":"","background-repeat":"repeat","background-position":"center center","background-size":"auto","background-attachment":"scroll","background-type":"","background-media":"","overlay-type":"","overlay-color":"","overlay-opacity":"","overlay-gradient":""}}},"product_brand":[],"product_cat":[431,428,1145,403,420,414],"product_tag":[],"class_list":{"0":"post-2338","1":"product","2":"type-product","3":"status-publish","4":"has-post-thumbnail","6":"product_cat-fabric-for-commuting-clothing","7":"product_cat-fabric-for-outdoor-sports","8":"product_cat-lightweight-fabric","9":"product_cat-polyester-fabrics","10":"product_cat-stretch-fabrics","11":"product_cat-waterproof-fabrics","12":"pa_available_colors-911052-spc","13":"desktop-align-left","14":"tablet-align-left","15":"mobile-align-left","16":"ast-product-gallery-layout-vertical-slider","17":"ast-product-tabs-layout-horizontal","19":"first","20":"instock","21":"shipping-taxable","22":"product-type-simple"},"uagb_featured_image_src":{"full":["https:\/\/www.sikortex.com\/wp-content\/uploads\/2023\/06\/O1CN01RKF87j1g9OJ5884OM_2207443834099-0-cib-1.jpg",1024,1024,false],"thumbnail":["https:\/\/www.sikortex.com\/wp-content\/uploads\/2023\/06\/O1CN01RKF87j1g9OJ5884OM_2207443834099-0-cib-1-150x150.jpg",150,150,true],"medium":["https:\/\/www.sikortex.com\/wp-content\/uploads\/2023\/06\/O1CN01RKF87j1g9OJ5884OM_2207443834099-0-cib-1-300x300.jpg",300,300,true],"medium_large":["https:\/\/www.sikortex.com\/wp-content\/uploads\/2023\/06\/O1CN01RKF87j1g9OJ5884OM_2207443834099-0-cib-1-768x768.jpg",768,768,true],"large":["https:\/\/www.sikortex.com\/wp-content\/uploads\/2023\/06\/O1CN01RKF87j1g9OJ5884OM_2207443834099-0-cib-1.jpg",1024,1024,false],"1536x1536":["https:\/\/www.sikortex.com\/wp-content\/uploads\/2023\/06\/O1CN01RKF87j1g9OJ5884OM_2207443834099-0-cib-1.jpg",1024,1024,false],"2048x2048":["https:\/\/www.sikortex.com\/wp-content\/uploads\/2023\/06\/O1CN01RKF87j1g9OJ5884OM_2207443834099-0-cib-1.jpg",1024,1024,false],"trp-custom-language-flag":["https:\/\/www.sikortex.com\/wp-content\/uploads\/2023\/06\/O1CN01RKF87j1g9OJ5884OM_2207443834099-0-cib-1.jpg",12,12,false],"woocommerce_thumbnail":["https:\/\/www.sikortex.com\/wp-content\/uploads\/2023\/06\/O1CN01RKF87j1g9OJ5884OM_2207443834099-0-cib-1-300x300.jpg",300,300,true],"woocommerce_single":["https:\/\/www.sikortex.com\/wp-content\/uploads\/2023\/06\/O1CN01RKF87j1g9OJ5884OM_2207443834099-0-cib-1-600x600.jpg",600,600,true],"woocommerce_gallery_thumbnail":["https:\/\/www.sikortex.com\/wp-content\/uploads\/2023\/06\/O1CN01RKF87j1g9OJ5884OM_2207443834099-0-cib-1-100x100.jpg",100,100,true]},"uagb_author_info":{"display_name":"Perry","author_link":"https:\/\/www.sikortex.com\/es\/author\/"},"uagb_comment_info":0,"uagb_excerpt":"600 Meters(Min.Order)","_links":{"self":[{"href":"https:\/\/www.sikortex.com\/es\/wp-json\/wp\/v2\/product\/2338","targetHints":{"allow":["GET"]}}],"collection":[{"href":"https:\/\/www.sikortex.com\/es\/wp-json\/wp\/v2\/product"}],"about":[{"href":"https:\/\/www.sikortex.com\/es\/wp-json\/wp\/v2\/types\/product"}],"replies":[{"embeddable":true,"href":"https:\/\/www.sikortex.com\/es\/wp-json\/wp\/v2\/comments?post=2338"}],"wp:featuredmedia":[{"embeddable":true,"href":"https:\/\/www.sikortex.com\/es\/wp-json\/wp\/v2\/media\/3910"}],"wp:attachment":[{"href":"https:\/\/www.sikortex.com\/es\/wp-json\/wp\/v2\/media?parent=2338"}],"wp:term":[{"taxonomy":"product_brand","embeddable":true,"href":"https:\/\/www.sikortex.com\/es\/wp-json\/wp\/v2\/product_brand?post=2338"},{"taxonomy":"product_cat","embeddable":true,"href":"https:\/\/www.sikortex.com\/es\/wp-json\/wp\/v2\/product_cat?post=2338"},{"taxonomy":"product_tag","embeddable":true,"href":"https:\/\/www.sikortex.com\/es\/wp-json\/wp\/v2\/product_tag?post=2338"}],"curies":[{"name":"gracias","href":"https:\/\/api.w.org\/{rel}","templated":true}]}}