{"id":2288,"date":"2023-06-02T16:00:53","date_gmt":"2023-06-02T08:00:53","guid":{"rendered":"http:\/\/203.196.10.64:3021\/?post_type=product&#038;p=2288"},"modified":"2025-02-17T17:45:35","modified_gmt":"2025-02-17T09:45:35","slug":"tejido-de-nailon-420d-con-revestimiento-de-pu-oxford","status":"publish","type":"product","link":"https:\/\/www.sikortex.com\/es\/producto\/tejido-de-nailon-420d-con-revestimiento-de-pu-oxford\/","title":{"rendered":"Tejido de nailon 420D con revestimiento de PU Oxford"},"content":{"rendered":"<h3 class=\"header-vfC6AV auto-hide-last-sibling-br\">Tejido de nailon 420D: una opci\u00f3n fiable para protegerse del mal tiempo<\/h3>\n<p>&nbsp;<\/p>\n<h4 class=\"header-vfC6AV auto-hide-last-sibling-br\">Artesan\u00eda meticulosa que sienta las bases de la durabilidad<\/h4>\n<div class=\"auto-hide-last-sibling-br paragraph-JOTKXA paragraph-element br-paragraph-space\">Nuestro tejido de nailon 420D se distingue desde el principio por su proceso de tejido. Los hilos est\u00e1n estrechamente entrelazados, construyendo una estructura f\u00edsica estable para el tejido y sentando una base s\u00f3lida para su durabilidad. Adem\u00e1s de esto, aplicamos un revestimiento de PU de dos capas. Esta no es una medida com\u00fan. El revestimiento de dos capas es como poner dos capas de armadura s\u00f3lida sobre el tejido. No solo mejora la resistencia general del tejido de manera integral, sino que tambi\u00e9n mejora significativamente su resistencia al desgarro. Imag\u00ednese que durante una aventura al aire libre, el equipo entra con frecuencia en contacto con rocas y ramas afiladas. Los tejidos comunes se rayar\u00edan f\u00e1cilmente, pero nuestro tejido de nailon 420D con un revestimiento de PU de dos capas puede resistir estos impactos tenazmente, asegurando la integridad del equipo y brindando una garant\u00eda confiable para sus viajes al aire libre.<\/div>\n<div><\/div>\n<h4 class=\"header-vfC6AV auto-hide-last-sibling-br\">Impermeabilizaci\u00f3n de doble funci\u00f3n que garantiza la sequedad<\/h4>\n<div class=\"auto-hide-last-sibling-br paragraph-JOTKXA paragraph-element br-paragraph-space\">Adem\u00e1s de su excelente durabilidad, nuestro tejido de nailon 420D va un paso m\u00e1s all\u00e1 en t\u00e9rminos de impermeabilidad. Ha sido sometido a un tratamiento DWR (repelente de agua duradero), que forma una estructura microsc\u00f3pica especial en la superficie del tejido. Cuando las gotas de agua lo tocan, se acumulan r\u00e1pidamente en perlas y se deslizan. Junto con el revestimiento de PU de dos capas, estas dos medidas funcionan juntas para lograr la mejor <a href=\"https:\/\/www.sikortex.com\/es\/revista\/impermeable-y-repelente-al-agua\/\"><span style=\"color: #3366ff;\">impermeable<\/span><\/a> Efecto. Ya sea que haya un aguacero fuerte o una niebla espesa, la tela puede bloquear completamente la humedad, manteniendo los art\u00edculos dentro del equipo secos en todo momento. Este rendimiento impermeable m\u00e1ximo es la protecci\u00f3n clave que nuestra tela de nailon 420D brinda para el equipo utilizado en condiciones clim\u00e1ticas adversas.<\/div>\n<div><\/div>\n<h4 class=\"header-vfC6AV auto-hide-last-sibling-br\">Excelente resistencia a la abrasi\u00f3n, manteniendo una protecci\u00f3n duradera<\/h4>\n<div class=\"auto-hide-last-sibling-br paragraph-JOTKXA paragraph-element br-paragraph-space\">En el complejo entorno exterior, la fricci\u00f3n est\u00e1 en todas partes. Nuestro tejido de nailon 420D demuestra una notable resistencia a la abrasi\u00f3n, gracias a sus propiedades materiales \u00fanicas y a su estructura de tejido apretado. Incluso despu\u00e9s de numerosos usos y caminatas de larga distancia, soportando una fricci\u00f3n de alta intensidad durante per\u00edodos prolongados, puede mantener buenas propiedades f\u00edsicas sin reducir su efecto protector sobre el equipo. Cada fricci\u00f3n es una prueba de su calidad, y nuestro tejido de nailon 420D siempre demuestra su excelente rendimiento.<\/div>\n<div><\/div>\n<h4 class=\"header-vfC6AV auto-hide-last-sibling-br\">Amplia aplicabilidad, confiable en todos los escenarios<\/h4>\n<div class=\"auto-hide-last-sibling-br paragraph-JOTKXA paragraph-element br-paragraph-space\">Con las numerosas ventajas destacadas mencionadas anteriormente, nuestro tejido de nailon 420D tiene una amplia gama de aplicaciones, especialmente en la fabricaci\u00f3n de equipos que deben soportar condiciones clim\u00e1ticas adversas. Ya sea una mochila de monta\u00f1ismo que tiene que soportar el viento, la lluvia y la fricci\u00f3n de las rocas durante las escaladas a las cimas, o una tienda de campa\u00f1a que tiene que resistir diversas condiciones clim\u00e1ticas complejas, nuestro tejido de nailon 420D puede brindar protecci\u00f3n confiable para estos equipos con su excelente rendimiento. Esto permite a los usuarios disfrutar de actividades al aire libre con tranquilidad incluso en condiciones clim\u00e1ticas adversas.<\/div>\n<p>&nbsp;<\/p>\n<div class=\"auto-hide-last-sibling-br paragraph-JOTKXA paragraph-element br-paragraph-space\">Nuestra tela de nailon 420D, con su durabilidad, resistencia al desgarro, impermeabilidad de doble funci\u00f3n y excelente resistencia a la abrasi\u00f3n elaborada a trav\u00e9s de una artesan\u00eda meticulosa, se ha convertido en una opci\u00f3n irremplazable de alta calidad en el campo del equipo para condiciones clim\u00e1ticas adversas, acompa\u00f1ando integralmente los viajes de aventura de los entusiastas del aire libre.<\/div>","protected":false},"excerpt":{"rendered":"<p>1000 metros (pedido m\u00ednimo)<\/p>","protected":false},"featured_media":6451,"comment_status":"closed","ping_status":"closed","template":"","meta":{"_uag_custom_page_level_css":"","site-sidebar-layout":"default","site-content-layout":"default","ast-site-content-layout":"","site-content-style":"default","site-sidebar-style":"default","ast-global-header-display":"","ast-banner-title-visibility":"","ast-main-header-display":"","ast-hfb-above-header-display":"","ast-hfb-below-header-display":"","ast-hfb-mobile-header-display":"","site-post-title":"","ast-breadcrumbs-content":"","ast-featured-img":"","footer-sml-layout":"","theme-transparent-header-meta":"default","adv-header-id-meta":"","stick-header-meta":"default","header-above-stick-meta":"","header-main-stick-meta":"","header-below-stick-meta":"","astra-migrate-meta-layouts":"default","ast-page-background-enabled":"default","ast-page-background-meta":{"desktop":{"background-color":"","background-image":"","background-repeat":"repeat","background-position":"center center","background-size":"auto","background-attachment":"scroll","background-type":"","background-media":"","overlay-type":"","overlay-color":"","overlay-opacity":"","overlay-gradient":""},"tablet":{"background-color":"","background-image":"","background-repeat":"repeat","background-position":"center center","background-size":"auto","background-attachment":"scroll","background-type":"","background-media":"","overlay-type":"","overlay-color":"","overlay-opacity":"","overlay-gradient":""},"mobile":{"background-color":"","background-image":"","background-repeat":"repeat","background-position":"center center","background-size":"auto","background-attachment":"scroll","background-type":"","background-media":"","overlay-type":"","overlay-color":"","overlay-opacity":"","overlay-gradient":""}},"ast-content-background-meta":{"desktop":{"background-color":"var(--ast-global-color-5)","background-image":"","background-repeat":"repeat","background-position":"center center","background-size":"auto","background-attachment":"scroll","background-type":"","background-media":"","overlay-type":"","overlay-color":"","overlay-opacity":"","overlay-gradient":""},"tablet":{"background-color":"var(--ast-global-color-5)","background-image":"","background-repeat":"repeat","background-position":"center center","background-size":"auto","background-attachment":"scroll","background-type":"","background-media":"","overlay-type":"","overlay-color":"","overlay-opacity":"","overlay-gradient":""},"mobile":{"background-color":"var(--ast-global-color-5)","background-image":"","background-repeat":"repeat","background-position":"center center","background-size":"auto","background-attachment":"scroll","background-type":"","background-media":"","overlay-type":"","overlay-color":"","overlay-opacity":"","overlay-gradient":""}}},"product_brand":[],"product_cat":[426,1206,423,430,432,404,1184,433,414],"product_tag":[],"class_list":{"0":"post-2288","1":"product","2":"type-product","3":"status-publish","4":"has-post-thumbnail","6":"product_cat-constructionmining","7":"product_cat-fabric-for-bag","8":"product_cat-fabric-for-military-police","9":"product_cat-fabric-for-motorwear","10":"product_cat-fabric-for-tent","11":"product_cat-nylon-fabrics","12":"product_cat-oxford-fabric","13":"product_cat-textile-for-industrial","14":"product_cat-waterproof-fabrics","15":"pa_available_colors-911052-spc","16":"desktop-align-left","17":"tablet-align-left","18":"mobile-align-left","19":"ast-product-gallery-layout-vertical-slider","20":"ast-product-tabs-layout-horizontal","22":"first","23":"instock","24":"shipping-taxable","25":"product-type-simple"},"uagb_featured_image_src":{"full":["https:\/\/www.sikortex.com\/wp-content\/uploads\/2023\/06\/nylon-oxford.jpg",800,800,false],"thumbnail":["https:\/\/www.sikortex.com\/wp-content\/uploads\/2023\/06\/nylon-oxford-150x150.jpg",150,150,true],"medium":["https:\/\/www.sikortex.com\/wp-content\/uploads\/2023\/06\/nylon-oxford-300x300.jpg",300,300,true],"medium_large":["https:\/\/www.sikortex.com\/wp-content\/uploads\/2023\/06\/nylon-oxford-768x768.jpg",768,768,true],"large":["https:\/\/www.sikortex.com\/wp-content\/uploads\/2023\/06\/nylon-oxford.jpg",800,800,false],"1536x1536":["https:\/\/www.sikortex.com\/wp-content\/uploads\/2023\/06\/nylon-oxford.jpg",800,800,false],"2048x2048":["https:\/\/www.sikortex.com\/wp-content\/uploads\/2023\/06\/nylon-oxford.jpg",800,800,false],"trp-custom-language-flag":["https:\/\/www.sikortex.com\/wp-content\/uploads\/2023\/06\/nylon-oxford-12x12.jpg",12,12,true],"woocommerce_thumbnail":["https:\/\/www.sikortex.com\/wp-content\/uploads\/2023\/06\/nylon-oxford-300x300.jpg",300,300,true],"woocommerce_single":["https:\/\/www.sikortex.com\/wp-content\/uploads\/2023\/06\/nylon-oxford-600x600.jpg",600,600,true],"woocommerce_gallery_thumbnail":["https:\/\/www.sikortex.com\/wp-content\/uploads\/2023\/06\/nylon-oxford-100x100.jpg",100,100,true]},"uagb_author_info":{"display_name":"Perry","author_link":"https:\/\/www.sikortex.com\/es\/author\/"},"uagb_comment_info":0,"uagb_excerpt":"1000 Meters(Min.Order)","_links":{"self":[{"href":"https:\/\/www.sikortex.com\/es\/wp-json\/wp\/v2\/product\/2288","targetHints":{"allow":["GET"]}}],"collection":[{"href":"https:\/\/www.sikortex.com\/es\/wp-json\/wp\/v2\/product"}],"about":[{"href":"https:\/\/www.sikortex.com\/es\/wp-json\/wp\/v2\/types\/product"}],"replies":[{"embeddable":true,"href":"https:\/\/www.sikortex.com\/es\/wp-json\/wp\/v2\/comments?post=2288"}],"wp:featuredmedia":[{"embeddable":true,"href":"https:\/\/www.sikortex.com\/es\/wp-json\/wp\/v2\/media\/6451"}],"wp:attachment":[{"href":"https:\/\/www.sikortex.com\/es\/wp-json\/wp\/v2\/media?parent=2288"}],"wp:term":[{"taxonomy":"product_brand","embeddable":true,"href":"https:\/\/www.sikortex.com\/es\/wp-json\/wp\/v2\/product_brand?post=2288"},{"taxonomy":"product_cat","embeddable":true,"href":"https:\/\/www.sikortex.com\/es\/wp-json\/wp\/v2\/product_cat?post=2288"},{"taxonomy":"product_tag","embeddable":true,"href":"https:\/\/www.sikortex.com\/es\/wp-json\/wp\/v2\/product_tag?post=2288"}],"curies":[{"name":"gracias","href":"https:\/\/api.w.org\/{rel}","templated":true}]}}