{"id":2252,"date":"2023-06-02T15:51:39","date_gmt":"2023-06-02T07:51:39","guid":{"rendered":"http:\/\/203.196.10.64:3021\/?post_type=product&#038;p=2252"},"modified":"2023-10-10T16:15:51","modified_gmt":"2023-10-10T08:15:51","slug":"sk8331-nylon-algodon-tela-resistente-al-desgaste","status":"publish","type":"product","link":"https:\/\/www.sikortex.com\/es\/producto\/sk8331-nylon-algodon-tela-resistente-al-desgaste\/","title":{"rendered":"50\/50 Mezcla de algod\u00f3n y nailon Tejido resistente al desgaste de alta resistencia"},"content":{"rendered":"<h5>Las mejores telas militares: mezclas de nailon y algod\u00f3n<\/h5>\n<p>\u00bfEst\u00e1 buscando un tejido de alta resistencia que pueda soportar entornos dif\u00edciles? No busque m\u00e1s, la innovadora mezcla de tejidos SIKOR-TEX de nailon 50% y algod\u00f3n 50%. Esta innovadora mezcla combina lo mejor de ambos mundos, combinando la transpirabilidad del algod\u00f3n con la excepcional durabilidad y resistencia del nailon.<br \/>\nLa adici\u00f3n de un dise\u00f1o de patr\u00f3n de cuadros no s\u00f3lo exhibe una notable resistencia al desgaste sino que tambi\u00e9n mejora en gran medida la resistencia al desgarro. Este dise\u00f1o \u00fanico garantiza que la tela pueda soportar incluso los entornos m\u00e1s hostiles, lo que la convierte en la elecci\u00f3n perfecta para quienes necesitan que su ropa resista el desgaste diario.<br \/>\nLa tela de nailon y algod\u00f3n SIKOR-TEX es m\u00e1s que duradera. Su resistencia al desgaste es m\u00e1s de tres veces mayor que la del algod\u00f3n poli\u00e9ster o el tejido de algod\u00f3n 100%, lo que lo convierte en una opci\u00f3n ideal para quienes requieren materiales de alto rendimiento. Tambi\u00e9n se encuentran disponibles opciones de impresi\u00f3n y acabados funcionales especiales, lo que lo convierte en uno de los tejidos m\u00e1s vers\u00e1tiles del mercado.<br \/>\nYa sea que trabaje en la industria militar, policial, de seguridad o de ropa de trabajo, nuestra tela es la elecci\u00f3n perfecta para usted. Su combinaci\u00f3n \u00fanica de materiales y dise\u00f1o lo convierten en la mejor opci\u00f3n para quienes exigen lo mejor en calidad y durabilidad. Elija nuestra mezcla de telas de nailon 50% y algod\u00f3n 50% para su pr\u00f3ximo proyecto y experimente la diferencia usted mismo.<\/p>","protected":false},"excerpt":{"rendered":"<p>3000 metros (pedido m\u00ednimo)<\/p>","protected":false},"featured_media":3877,"comment_status":"closed","ping_status":"closed","template":"","meta":{"_uag_custom_page_level_css":"","site-sidebar-layout":"default","site-content-layout":"default","ast-site-content-layout":"","site-content-style":"default","site-sidebar-style":"default","ast-global-header-display":"","ast-banner-title-visibility":"","ast-main-header-display":"","ast-hfb-above-header-display":"","ast-hfb-below-header-display":"","ast-hfb-mobile-header-display":"","site-post-title":"","ast-breadcrumbs-content":"","ast-featured-img":"","footer-sml-layout":"","theme-transparent-header-meta":"default","adv-header-id-meta":"","stick-header-meta":"default","header-above-stick-meta":"","header-main-stick-meta":"","header-below-stick-meta":"","astra-migrate-meta-layouts":"default","ast-page-background-enabled":"default","ast-page-background-meta":{"desktop":{"background-color":"","background-image":"","background-repeat":"repeat","background-position":"center center","background-size":"auto","background-attachment":"scroll","background-type":"","background-media":"","overlay-type":"","overlay-color":"","overlay-opacity":"","overlay-gradient":""},"tablet":{"background-color":"","background-image":"","background-repeat":"repeat","background-position":"center center","background-size":"auto","background-attachment":"scroll","background-type":"","background-media":"","overlay-type":"","overlay-color":"","overlay-opacity":"","overlay-gradient":""},"mobile":{"background-color":"","background-image":"","background-repeat":"repeat","background-position":"center center","background-size":"auto","background-attachment":"scroll","background-type":"","background-media":"","overlay-type":"","overlay-color":"","overlay-opacity":"","overlay-gradient":""}},"ast-content-background-meta":{"desktop":{"background-color":"var(--ast-global-color-5)","background-image":"","background-repeat":"repeat","background-position":"center center","background-size":"auto","background-attachment":"scroll","background-type":"","background-media":"","overlay-type":"","overlay-color":"","overlay-opacity":"","overlay-gradient":""},"tablet":{"background-color":"var(--ast-global-color-5)","background-image":"","background-repeat":"repeat","background-position":"center center","background-size":"auto","background-attachment":"scroll","background-type":"","background-media":"","overlay-type":"","overlay-color":"","overlay-opacity":"","overlay-gradient":""},"mobile":{"background-color":"var(--ast-global-color-5)","background-image":"","background-repeat":"repeat","background-position":"center center","background-size":"auto","background-attachment":"scroll","background-type":"","background-media":"","overlay-type":"","overlay-color":"","overlay-opacity":"","overlay-gradient":""}}},"product_brand":[],"product_cat":[419,426,423,428,406,427],"product_tag":[],"class_list":{"0":"post-2252","1":"product","2":"type-product","3":"status-publish","4":"has-post-thumbnail","6":"product_cat-anti-infrared-fabrics","7":"product_cat-constructionmining","8":"product_cat-fabric-for-military-police","9":"product_cat-fabric-for-outdoor-sports","10":"product_cat-nylon-cotton","11":"product_cat-petroleum-and-petrochemical","12":"pa_available_colors-911052-spc","13":"desktop-align-left","14":"tablet-align-left","15":"mobile-align-left","16":"ast-product-gallery-layout-vertical-slider","17":"ast-product-tabs-layout-horizontal","19":"first","20":"instock","21":"shipping-taxable","22":"product-type-simple"},"uagb_featured_image_src":{"full":["https:\/\/www.sikortex.com\/wp-content\/uploads\/2023\/06\/O1CN01wzQMQw1eKGJIlXM7q_969893852-0-cib-1.jpg",1024,1024,false],"thumbnail":["https:\/\/www.sikortex.com\/wp-content\/uploads\/2023\/06\/O1CN01wzQMQw1eKGJIlXM7q_969893852-0-cib-1-150x150.jpg",150,150,true],"medium":["https:\/\/www.sikortex.com\/wp-content\/uploads\/2023\/06\/O1CN01wzQMQw1eKGJIlXM7q_969893852-0-cib-1-300x300.jpg",300,300,true],"medium_large":["https:\/\/www.sikortex.com\/wp-content\/uploads\/2023\/06\/O1CN01wzQMQw1eKGJIlXM7q_969893852-0-cib-1-768x768.jpg",768,768,true],"large":["https:\/\/www.sikortex.com\/wp-content\/uploads\/2023\/06\/O1CN01wzQMQw1eKGJIlXM7q_969893852-0-cib-1.jpg",1024,1024,false],"1536x1536":["https:\/\/www.sikortex.com\/wp-content\/uploads\/2023\/06\/O1CN01wzQMQw1eKGJIlXM7q_969893852-0-cib-1.jpg",1024,1024,false],"2048x2048":["https:\/\/www.sikortex.com\/wp-content\/uploads\/2023\/06\/O1CN01wzQMQw1eKGJIlXM7q_969893852-0-cib-1.jpg",1024,1024,false],"trp-custom-language-flag":["https:\/\/www.sikortex.com\/wp-content\/uploads\/2023\/06\/O1CN01wzQMQw1eKGJIlXM7q_969893852-0-cib-1.jpg",12,12,false],"woocommerce_thumbnail":["https:\/\/www.sikortex.com\/wp-content\/uploads\/2023\/06\/O1CN01wzQMQw1eKGJIlXM7q_969893852-0-cib-1-300x300.jpg",300,300,true],"woocommerce_single":["https:\/\/www.sikortex.com\/wp-content\/uploads\/2023\/06\/O1CN01wzQMQw1eKGJIlXM7q_969893852-0-cib-1-600x600.jpg",600,600,true],"woocommerce_gallery_thumbnail":["https:\/\/www.sikortex.com\/wp-content\/uploads\/2023\/06\/O1CN01wzQMQw1eKGJIlXM7q_969893852-0-cib-1-100x100.jpg",100,100,true]},"uagb_author_info":{"display_name":"Perry","author_link":"https:\/\/www.sikortex.com\/es\/author\/"},"uagb_comment_info":0,"uagb_excerpt":"3000 Meters(Min.Order)","_links":{"self":[{"href":"https:\/\/www.sikortex.com\/es\/wp-json\/wp\/v2\/product\/2252","targetHints":{"allow":["GET"]}}],"collection":[{"href":"https:\/\/www.sikortex.com\/es\/wp-json\/wp\/v2\/product"}],"about":[{"href":"https:\/\/www.sikortex.com\/es\/wp-json\/wp\/v2\/types\/product"}],"replies":[{"embeddable":true,"href":"https:\/\/www.sikortex.com\/es\/wp-json\/wp\/v2\/comments?post=2252"}],"wp:featuredmedia":[{"embeddable":true,"href":"https:\/\/www.sikortex.com\/es\/wp-json\/wp\/v2\/media\/3877"}],"wp:attachment":[{"href":"https:\/\/www.sikortex.com\/es\/wp-json\/wp\/v2\/media?parent=2252"}],"wp:term":[{"taxonomy":"product_brand","embeddable":true,"href":"https:\/\/www.sikortex.com\/es\/wp-json\/wp\/v2\/product_brand?post=2252"},{"taxonomy":"product_cat","embeddable":true,"href":"https:\/\/www.sikortex.com\/es\/wp-json\/wp\/v2\/product_cat?post=2252"},{"taxonomy":"product_tag","embeddable":true,"href":"https:\/\/www.sikortex.com\/es\/wp-json\/wp\/v2\/product_tag?post=2252"}],"curies":[{"name":"gracias","href":"https:\/\/api.w.org\/{rel}","templated":true}]}}