{"id":2190,"date":"2023-06-02T15:37:28","date_gmt":"2023-06-02T07:37:28","guid":{"rendered":"http:\/\/203.196.10.64:3021\/?post_type=product&#038;p=2190"},"modified":"2023-10-24T08:59:51","modified_gmt":"2023-10-24T00:59:51","slug":"sk8261-nylon-lycra-tejido-montanismo","status":"publish","type":"product","link":"https:\/\/www.sikortex.com\/es\/producto\/sk8261-nylon-lycra-tejido-montanismo\/","title":{"rendered":"Nylon Spandex Lycra Stretch Monta\u00f1ismo Tejido"},"content":{"rendered":"<p>Tejido de monta\u00f1ismo el\u00e1stico de licra y nailon SIKOR-TEX, el compa\u00f1ero definitivo para los entusiastas y aventureros del aire libre. Dise\u00f1ado con precisi\u00f3n e innovaci\u00f3n, este tejido est\u00e1 dise\u00f1ado para empoderarte en tus viajes de monta\u00f1ismo.<\/p>\n<p>Confeccionado con una mezcla premium de nailon y licra, nuestro tejido ofrece una elasticidad y flexibilidad excepcionales, lo que garantiza movimiento y agilidad sin restricciones incluso en los terrenos m\u00e1s desafiantes. Disfrute de la libertad de superar sus l\u00edmites manteniendo una comodidad \u00f3ptima.<\/p>\n<p>Con sus avanzadas propiedades de absorci\u00f3n de la humedad, nuestro tejido te mantiene seco y c\u00f3modo, permitiendo que tu cuerpo respire durante actividades f\u00edsicas intensas. Dile adi\u00f3s a las molestias causadas por el sudor y da la bienvenida a un mejor rendimiento.<\/p>\n<p>La construcci\u00f3n duradera de nuestro tejido garantiza una resistencia duradera al desgaste, para que puedas conquistar paisajes escarpados con confianza. Est\u00e1 dise\u00f1ado para soportar las exigencias del monta\u00f1ismo, brindando durabilidad sin comprometer la comodidad.<\/p>\n<p>Ya sea que necesite chaquetas, pantalones u otro equipo para sus aventuras de monta\u00f1ismo, nuestro tejido de monta\u00f1ismo el\u00e1stico de licra y nailon es la elecci\u00f3n perfecta. Experimente la combinaci\u00f3n perfecta de funcionalidad, flexibilidad y rendimiento, y lleve sus actividades al aire libre a nuevas alturas. Elija nuestra tela y libere su verdadero potencial al aire libre.<\/p>","protected":false},"excerpt":{"rendered":"<p>600 metros (pedido m\u00ednimo)<\/p>","protected":false},"featured_media":3827,"comment_status":"closed","ping_status":"closed","template":"","meta":{"_uag_custom_page_level_css":"","site-sidebar-layout":"default","site-content-layout":"default","ast-site-content-layout":"","site-content-style":"default","site-sidebar-style":"default","ast-global-header-display":"","ast-banner-title-visibility":"","ast-main-header-display":"","ast-hfb-above-header-display":"","ast-hfb-below-header-display":"","ast-hfb-mobile-header-display":"","site-post-title":"","ast-breadcrumbs-content":"","ast-featured-img":"","footer-sml-layout":"","theme-transparent-header-meta":"default","adv-header-id-meta":"","stick-header-meta":"default","header-above-stick-meta":"","header-main-stick-meta":"","header-below-stick-meta":"","astra-migrate-meta-layouts":"default","ast-page-background-enabled":"default","ast-page-background-meta":{"desktop":{"background-color":"","background-image":"","background-repeat":"repeat","background-position":"center center","background-size":"auto","background-attachment":"scroll","background-type":"","background-media":"","overlay-type":"","overlay-color":"","overlay-opacity":"","overlay-gradient":""},"tablet":{"background-color":"","background-image":"","background-repeat":"repeat","background-position":"center center","background-size":"auto","background-attachment":"scroll","background-type":"","background-media":"","overlay-type":"","overlay-color":"","overlay-opacity":"","overlay-gradient":""},"mobile":{"background-color":"","background-image":"","background-repeat":"repeat","background-position":"center center","background-size":"auto","background-attachment":"scroll","background-type":"","background-media":"","overlay-type":"","overlay-color":"","overlay-opacity":"","overlay-gradient":""}},"ast-content-background-meta":{"desktop":{"background-color":"var(--ast-global-color-5)","background-image":"","background-repeat":"repeat","background-position":"center center","background-size":"auto","background-attachment":"scroll","background-type":"","background-media":"","overlay-type":"","overlay-color":"","overlay-opacity":"","overlay-gradient":""},"tablet":{"background-color":"var(--ast-global-color-5)","background-image":"","background-repeat":"repeat","background-position":"center center","background-size":"auto","background-attachment":"scroll","background-type":"","background-media":"","overlay-type":"","overlay-color":"","overlay-opacity":"","overlay-gradient":""},"mobile":{"background-color":"var(--ast-global-color-5)","background-image":"","background-repeat":"repeat","background-position":"center center","background-size":"auto","background-attachment":"scroll","background-type":"","background-media":"","overlay-type":"","overlay-color":"","overlay-opacity":"","overlay-gradient":""}}},"product_brand":[],"product_cat":[426,431,430,428,429,404,425,420],"product_tag":[],"class_list":{"0":"post-2190","1":"product","2":"type-product","3":"status-publish","4":"has-post-thumbnail","6":"product_cat-constructionmining","7":"product_cat-fabric-for-commuting-clothing","8":"product_cat-fabric-for-motorwear","9":"product_cat-fabric-for-outdoor-sports","10":"product_cat-fabric-for-sportswear","11":"product_cat-nylon-fabrics","12":"product_cat-security-emergencies-road-services","13":"product_cat-stretch-fabrics","14":"pa_available_colors-911052-spc","15":"desktop-align-left","16":"tablet-align-left","17":"mobile-align-left","18":"ast-product-gallery-layout-vertical-slider","19":"ast-product-tabs-layout-horizontal","21":"first","22":"instock","23":"shipping-taxable","24":"product-type-simple"},"uagb_featured_image_src":{"full":["https:\/\/www.sikortex.com\/wp-content\/uploads\/2023\/06\/O1CN01NXwjK91G9E49z8yIh_2212913800579-0-cib-1.jpg",1024,1024,false],"thumbnail":["https:\/\/www.sikortex.com\/wp-content\/uploads\/2023\/06\/O1CN01NXwjK91G9E49z8yIh_2212913800579-0-cib-1-150x150.jpg",150,150,true],"medium":["https:\/\/www.sikortex.com\/wp-content\/uploads\/2023\/06\/O1CN01NXwjK91G9E49z8yIh_2212913800579-0-cib-1-300x300.jpg",300,300,true],"medium_large":["https:\/\/www.sikortex.com\/wp-content\/uploads\/2023\/06\/O1CN01NXwjK91G9E49z8yIh_2212913800579-0-cib-1-768x768.jpg",768,768,true],"large":["https:\/\/www.sikortex.com\/wp-content\/uploads\/2023\/06\/O1CN01NXwjK91G9E49z8yIh_2212913800579-0-cib-1.jpg",1024,1024,false],"1536x1536":["https:\/\/www.sikortex.com\/wp-content\/uploads\/2023\/06\/O1CN01NXwjK91G9E49z8yIh_2212913800579-0-cib-1.jpg",1024,1024,false],"2048x2048":["https:\/\/www.sikortex.com\/wp-content\/uploads\/2023\/06\/O1CN01NXwjK91G9E49z8yIh_2212913800579-0-cib-1.jpg",1024,1024,false],"trp-custom-language-flag":["https:\/\/www.sikortex.com\/wp-content\/uploads\/2023\/06\/O1CN01NXwjK91G9E49z8yIh_2212913800579-0-cib-1.jpg",12,12,false],"woocommerce_thumbnail":["https:\/\/www.sikortex.com\/wp-content\/uploads\/2023\/06\/O1CN01NXwjK91G9E49z8yIh_2212913800579-0-cib-1-300x300.jpg",300,300,true],"woocommerce_single":["https:\/\/www.sikortex.com\/wp-content\/uploads\/2023\/06\/O1CN01NXwjK91G9E49z8yIh_2212913800579-0-cib-1-600x600.jpg",600,600,true],"woocommerce_gallery_thumbnail":["https:\/\/www.sikortex.com\/wp-content\/uploads\/2023\/06\/O1CN01NXwjK91G9E49z8yIh_2212913800579-0-cib-1-100x100.jpg",100,100,true]},"uagb_author_info":{"display_name":"Perry","author_link":"https:\/\/www.sikortex.com\/es\/author\/"},"uagb_comment_info":0,"uagb_excerpt":"600 Meters(Min.Order)","_links":{"self":[{"href":"https:\/\/www.sikortex.com\/es\/wp-json\/wp\/v2\/product\/2190","targetHints":{"allow":["GET"]}}],"collection":[{"href":"https:\/\/www.sikortex.com\/es\/wp-json\/wp\/v2\/product"}],"about":[{"href":"https:\/\/www.sikortex.com\/es\/wp-json\/wp\/v2\/types\/product"}],"replies":[{"embeddable":true,"href":"https:\/\/www.sikortex.com\/es\/wp-json\/wp\/v2\/comments?post=2190"}],"wp:featuredmedia":[{"embeddable":true,"href":"https:\/\/www.sikortex.com\/es\/wp-json\/wp\/v2\/media\/3827"}],"wp:attachment":[{"href":"https:\/\/www.sikortex.com\/es\/wp-json\/wp\/v2\/media?parent=2190"}],"wp:term":[{"taxonomy":"product_brand","embeddable":true,"href":"https:\/\/www.sikortex.com\/es\/wp-json\/wp\/v2\/product_brand?post=2190"},{"taxonomy":"product_cat","embeddable":true,"href":"https:\/\/www.sikortex.com\/es\/wp-json\/wp\/v2\/product_cat?post=2190"},{"taxonomy":"product_tag","embeddable":true,"href":"https:\/\/www.sikortex.com\/es\/wp-json\/wp\/v2\/product_tag?post=2190"}],"curies":[{"name":"gracias","href":"https:\/\/api.w.org\/{rel}","templated":true}]}}