{"id":2182,"date":"2023-06-02T15:34:27","date_gmt":"2023-06-02T07:34:27","guid":{"rendered":"http:\/\/203.196.10.64:3021\/?post_type=product&#038;p=2182"},"modified":"2024-03-24T20:31:41","modified_gmt":"2024-03-24T12:31:41","slug":"sk8340","status":"publish","type":"product","link":"https:\/\/www.sikortex.com\/es\/producto\/sk8340\/","title":{"rendered":"Tejido de TPU laminado el\u00e1stico de poli\u00e9ster 50D T800"},"content":{"rendered":"<h5>SIKOR-TEX es un fabricante de tejidos de alto rendimiento con sede en China.<\/h5>\n<h6>Una gama muy amplia de tejidos impermeables el\u00e1sticos<\/h6>\n<p>Tejido de TPU laminado el\u00e1stico de poli\u00e9ster 50D T800, un material de alto rendimiento que combina propiedades impermeables y transpirables para una comodidad \u00f3ptima durante las actividades al aire libre. Este tejido de 3 capas est\u00e1 dise\u00f1ado para resistir las duras condiciones clim\u00e1ticas mientras te mantiene seco y c\u00f3modo.<\/p>\n<p>La tela tiene un exterior de tela el\u00e1stica que brinda durabilidad y flexibilidad para permitir un movimiento sin restricciones. SIKOR-TEX ofrece una selecci\u00f3n de TPU laminado con diferentes espesores y propiedades, que incluyen grado primario, intermedio y alto, con una alta calificaci\u00f3n de impermeabilidad de m\u00e1s de 10000 mm, lo que garantiza una excelente resistencia a la lluvia y la humedad.<\/p>\n<p>Con sus excelentes propiedades impermeables y transpirables, este tejido es ideal para una variedad de aplicaciones al aire libre, incluidas chaquetas, pantalones y otras prendas exteriores. Ya sea que est\u00e9 de excursi\u00f3n, acampando o participando en una variedad de actividades deportivas, nuestras telas brindan una protecci\u00f3n confiable contra la lluvia, la nieve y el viento mientras lo mantienen c\u00f3modo y seco.<\/p>","protected":false},"excerpt":{"rendered":"<p>1000 metros (pedido m\u00ednimo)<\/p>","protected":false},"featured_media":3855,"comment_status":"closed","ping_status":"closed","template":"","meta":{"_uag_custom_page_level_css":"","site-sidebar-layout":"default","site-content-layout":"default","ast-site-content-layout":"","site-content-style":"default","site-sidebar-style":"default","ast-global-header-display":"","ast-banner-title-visibility":"","ast-main-header-display":"","ast-hfb-above-header-display":"","ast-hfb-below-header-display":"","ast-hfb-mobile-header-display":"","site-post-title":"","ast-breadcrumbs-content":"","ast-featured-img":"","footer-sml-layout":"","theme-transparent-header-meta":"default","adv-header-id-meta":"","stick-header-meta":"default","header-above-stick-meta":"","header-main-stick-meta":"","header-below-stick-meta":"","astra-migrate-meta-layouts":"default","ast-page-background-enabled":"default","ast-page-background-meta":{"desktop":{"background-color":"","background-image":"","background-repeat":"repeat","background-position":"center center","background-size":"auto","background-attachment":"scroll","background-type":"","background-media":"","overlay-type":"","overlay-color":"","overlay-opacity":"","overlay-gradient":""},"tablet":{"background-color":"","background-image":"","background-repeat":"repeat","background-position":"center center","background-size":"auto","background-attachment":"scroll","background-type":"","background-media":"","overlay-type":"","overlay-color":"","overlay-opacity":"","overlay-gradient":""},"mobile":{"background-color":"","background-image":"","background-repeat":"repeat","background-position":"center center","background-size":"auto","background-attachment":"scroll","background-type":"","background-media":"","overlay-type":"","overlay-color":"","overlay-opacity":"","overlay-gradient":""}},"ast-content-background-meta":{"desktop":{"background-color":"var(--ast-global-color-5)","background-image":"","background-repeat":"repeat","background-position":"center center","background-size":"auto","background-attachment":"scroll","background-type":"","background-media":"","overlay-type":"","overlay-color":"","overlay-opacity":"","overlay-gradient":""},"tablet":{"background-color":"var(--ast-global-color-5)","background-image":"","background-repeat":"repeat","background-position":"center center","background-size":"auto","background-attachment":"scroll","background-type":"","background-media":"","overlay-type":"","overlay-color":"","overlay-opacity":"","overlay-gradient":""},"mobile":{"background-color":"var(--ast-global-color-5)","background-image":"","background-repeat":"repeat","background-position":"center center","background-size":"auto","background-attachment":"scroll","background-type":"","background-media":"","overlay-type":"","overlay-color":"","overlay-opacity":"","overlay-gradient":""}}},"product_brand":[],"product_cat":[431,428,421,1145,1153,403,420,414],"product_tag":[],"class_list":{"0":"post-2182","1":"product","2":"type-product","3":"status-publish","4":"has-post-thumbnail","6":"product_cat-fabric-for-commuting-clothing","7":"product_cat-fabric-for-outdoor-sports","8":"product_cat-foul-weather-fabrics","9":"product_cat-lightweight-fabric","10":"product_cat-nano-breathable-fabric","11":"product_cat-polyester-fabrics","12":"product_cat-stretch-fabrics","13":"product_cat-waterproof-fabrics","14":"pa_available_colors-1526-03","15":"pa_available_colors-1526-04","16":"pa_available_colors-1526-05","17":"pa_available_colors-1526-06","18":"pa_available_colors-1526-07","19":"pa_available_colors-1526-08","20":"pa_available_colors-1526-09","21":"pa_available_colors-1526-10","22":"pa_available_colors-1526-11","23":"pa_available_colors-1526-12","24":"pa_available_colors-1526-13","25":"pa_available_colors-1526-14","26":"pa_available_colors-1526-15","27":"pa_available_colors-1526-16","28":"pa_available_colors-1526-17","29":"pa_available_colors-1526-18","30":"pa_available_colors-1526-19","31":"pa_available_colors-1526-20","32":"pa_available_colors-1526-21","33":"pa_available_colors-1526-22","34":"pa_available_colors-1526-23","35":"pa_available_colors-1526-24","36":"pa_available_colors-1526-25","37":"pa_available_colors-1526-26","38":"pa_available_colors-1526-27","39":"pa_available_colors-1526-28","40":"pa_available_colors-1526-29","41":"pa_available_colors-1526-30","42":"pa_available_colors-1526-31","43":"pa_available_colors-1526-32","44":"pa_available_colors-1526-33","45":"pa_available_colors-1526-34","46":"pa_available_colors-1526-35","47":"pa_available_colors-1526-36","48":"pa_available_colors-1526-37","49":"pa_available_colors-1526-38","50":"pa_available_colors-1526-39","51":"pa_available_colors-1526-40","52":"pa_available_colors-1526-41","53":"pa_available_colors-1526-42","54":"pa_available_colors-1526-43","55":"pa_available_colors-1526-44","56":"pa_available_colors-1526-45","57":"pa_available_colors-1526-46","58":"pa_available_colors-1526-47","59":"pa_available_colors-1526-48","60":"pa_available_colors-1526-49","61":"pa_available_colors-1526-50","62":"pa_available_colors-1526-51","63":"pa_available_colors-1526-52","64":"pa_available_colors-1526-53","65":"pa_available_colors-1526-54","66":"pa_available_colors-1526-55","67":"pa_available_colors-1526-56","68":"pa_available_colors-1526-57","69":"pa_available_colors-1526-58","70":"pa_available_colors-1526-59","71":"pa_available_colors-1526-60","72":"pa_available_colors-1526-61","73":"pa_available_colors-1526-62","74":"pa_available_colors-8236-1","75":"pa_available_colors-8236-10","76":"pa_available_colors-8236-11","77":"pa_available_colors-8236-12","78":"pa_available_colors-8236-13","79":"pa_available_colors-8236-15","80":"pa_available_colors-8236-16","81":"pa_available_colors-8236-17","82":"pa_available_colors-8236-18","83":"pa_available_colors-8236-19","84":"pa_available_colors-8236-2","85":"pa_available_colors-8236-20","86":"pa_available_colors-8236-3","87":"pa_available_colors-8236-4","88":"pa_available_colors-8236-5","89":"pa_available_colors-8236-6","90":"pa_available_colors-8236-7","91":"pa_available_colors-8236-8","92":"pa_available_colors-8236-9","93":"pa_available_colors-000014-wht","94":"pa_available_colors-911052-spc","95":"pa_available_colors-000020-wht","96":"desktop-align-left","97":"tablet-align-left","98":"mobile-align-left","99":"ast-product-gallery-layout-vertical-slider","100":"ast-product-tabs-layout-horizontal","102":"first","103":"instock","104":"shipping-taxable","105":"product-type-simple"},"uagb_featured_image_src":{"full":["https:\/\/www.sikortex.com\/wp-content\/uploads\/2023\/06\/photobank-27-1.jpg",1024,1024,false],"thumbnail":["https:\/\/www.sikortex.com\/wp-content\/uploads\/2023\/06\/photobank-27-1-150x150.jpg",150,150,true],"medium":["https:\/\/www.sikortex.com\/wp-content\/uploads\/2023\/06\/photobank-27-1-300x300.jpg",300,300,true],"medium_large":["https:\/\/www.sikortex.com\/wp-content\/uploads\/2023\/06\/photobank-27-1-768x768.jpg",768,768,true],"large":["https:\/\/www.sikortex.com\/wp-content\/uploads\/2023\/06\/photobank-27-1.jpg",1024,1024,false],"1536x1536":["https:\/\/www.sikortex.com\/wp-content\/uploads\/2023\/06\/photobank-27-1.jpg",1024,1024,false],"2048x2048":["https:\/\/www.sikortex.com\/wp-content\/uploads\/2023\/06\/photobank-27-1.jpg",1024,1024,false],"trp-custom-language-flag":["https:\/\/www.sikortex.com\/wp-content\/uploads\/2023\/06\/photobank-27-1.jpg",12,12,false],"woocommerce_thumbnail":["https:\/\/www.sikortex.com\/wp-content\/uploads\/2023\/06\/photobank-27-1-300x300.jpg",300,300,true],"woocommerce_single":["https:\/\/www.sikortex.com\/wp-content\/uploads\/2023\/06\/photobank-27-1-600x600.jpg",600,600,true],"woocommerce_gallery_thumbnail":["https:\/\/www.sikortex.com\/wp-content\/uploads\/2023\/06\/photobank-27-1-100x100.jpg",100,100,true]},"uagb_author_info":{"display_name":"Perry","author_link":"https:\/\/www.sikortex.com\/es\/author\/"},"uagb_comment_info":0,"uagb_excerpt":"1000 Meters(Min.Order)","_links":{"self":[{"href":"https:\/\/www.sikortex.com\/es\/wp-json\/wp\/v2\/product\/2182","targetHints":{"allow":["GET"]}}],"collection":[{"href":"https:\/\/www.sikortex.com\/es\/wp-json\/wp\/v2\/product"}],"about":[{"href":"https:\/\/www.sikortex.com\/es\/wp-json\/wp\/v2\/types\/product"}],"replies":[{"embeddable":true,"href":"https:\/\/www.sikortex.com\/es\/wp-json\/wp\/v2\/comments?post=2182"}],"wp:featuredmedia":[{"embeddable":true,"href":"https:\/\/www.sikortex.com\/es\/wp-json\/wp\/v2\/media\/3855"}],"wp:attachment":[{"href":"https:\/\/www.sikortex.com\/es\/wp-json\/wp\/v2\/media?parent=2182"}],"wp:term":[{"taxonomy":"product_brand","embeddable":true,"href":"https:\/\/www.sikortex.com\/es\/wp-json\/wp\/v2\/product_brand?post=2182"},{"taxonomy":"product_cat","embeddable":true,"href":"https:\/\/www.sikortex.com\/es\/wp-json\/wp\/v2\/product_cat?post=2182"},{"taxonomy":"product_tag","embeddable":true,"href":"https:\/\/www.sikortex.com\/es\/wp-json\/wp\/v2\/product_tag?post=2182"}],"curies":[{"name":"gracias","href":"https:\/\/api.w.org\/{rel}","templated":true}]}}