{"id":2161,"date":"2023-06-02T15:31:22","date_gmt":"2023-06-02T07:31:22","guid":{"rendered":"http:\/\/203.196.10.64:3021\/?post_type=product&#038;p=2161"},"modified":"2023-11-05T15:16:53","modified_gmt":"2023-11-05T07:16:53","slug":"sk8259-tejido-elastico-camuflaje","status":"publish","type":"product","link":"https:\/\/www.sikortex.com\/es\/producto\/sk8259-tejido-elastico-camuflaje\/","title":{"rendered":"Pa\u00f1o que sube tejido camuflaje impreso de la tela de nylon de Spandex 280GSM"},"content":{"rendered":"<p>&nbsp;<\/p>\n<p>Pa\u00f1o de escalada de tela de nailon y spandex tejido de camuflaje estampado SIKOR-TEX, meticulosamente elaborado para un rendimiento incomparable al aire libre. Dise\u00f1ados con nailon o poli\u00e9ster y spandex, estos tejidos redefinen la comodidad y la funcionalidad.<\/p>\n<p>Con su avanzada estructura de doble capa, nuestros tejidos ofrecen una superficie frontal suave para una mayor durabilidad y flexibilidad. El reverso muestra part\u00edculas de bucle innovadoras, que optimizan la transpirabilidad y las propiedades de absorci\u00f3n de la humedad, manteni\u00e9ndote seco y c\u00f3modo durante tus aventuras.<\/p>\n<p>Dise\u00f1ados espec\u00edficamente para monta\u00f1ismo, senderismo y escalada, nuestros tejidos proporcionan el equilibrio ideal entre elasticidad y resistencia, lo que permite un movimiento sin restricciones en terrenos dif\u00edciles. Est\u00e1n dise\u00f1ados por expertos para resistir las exigentes condiciones de la exploraci\u00f3n al aire libre, lo que garantiza la longevidad y la confiabilidad.<\/p>\n<p>Abraza la libertad de conquistar nuevas alturas con confianza. Nuestras telas para alpinismo son la elecci\u00f3n definitiva para confeccionar chaquetas, pantalones y ropa deportiva de alto rendimiento que satisfagan tu esp\u00edritu aventurero. Experimente el pin\u00e1culo de la comodidad y la funcionalidad, revolucionando su viaje al aire libre como nunca antes. Mejora tu equipo hoy con nuestros excepcionales tejidos para alpinismo.<\/p>","protected":false},"excerpt":{"rendered":"<p>600 metros (pedido m\u00ednimo)<\/p>","protected":false},"featured_media":3823,"comment_status":"closed","ping_status":"closed","template":"","meta":{"_uag_custom_page_level_css":"","site-sidebar-layout":"default","site-content-layout":"default","ast-site-content-layout":"","site-content-style":"default","site-sidebar-style":"default","ast-global-header-display":"","ast-banner-title-visibility":"","ast-main-header-display":"","ast-hfb-above-header-display":"","ast-hfb-below-header-display":"","ast-hfb-mobile-header-display":"","site-post-title":"","ast-breadcrumbs-content":"","ast-featured-img":"","footer-sml-layout":"","theme-transparent-header-meta":"default","adv-header-id-meta":"","stick-header-meta":"default","header-above-stick-meta":"","header-main-stick-meta":"","header-below-stick-meta":"","astra-migrate-meta-layouts":"default","ast-page-background-enabled":"default","ast-page-background-meta":{"desktop":{"background-color":"","background-image":"","background-repeat":"repeat","background-position":"center center","background-size":"auto","background-attachment":"scroll","background-type":"","background-media":"","overlay-type":"","overlay-color":"","overlay-opacity":"","overlay-gradient":""},"tablet":{"background-color":"","background-image":"","background-repeat":"repeat","background-position":"center center","background-size":"auto","background-attachment":"scroll","background-type":"","background-media":"","overlay-type":"","overlay-color":"","overlay-opacity":"","overlay-gradient":""},"mobile":{"background-color":"","background-image":"","background-repeat":"repeat","background-position":"center center","background-size":"auto","background-attachment":"scroll","background-type":"","background-media":"","overlay-type":"","overlay-color":"","overlay-opacity":"","overlay-gradient":""}},"ast-content-background-meta":{"desktop":{"background-color":"var(--ast-global-color-5)","background-image":"","background-repeat":"repeat","background-position":"center center","background-size":"auto","background-attachment":"scroll","background-type":"","background-media":"","overlay-type":"","overlay-color":"","overlay-opacity":"","overlay-gradient":""},"tablet":{"background-color":"var(--ast-global-color-5)","background-image":"","background-repeat":"repeat","background-position":"center center","background-size":"auto","background-attachment":"scroll","background-type":"","background-media":"","overlay-type":"","overlay-color":"","overlay-opacity":"","overlay-gradient":""},"mobile":{"background-color":"var(--ast-global-color-5)","background-image":"","background-repeat":"repeat","background-position":"center center","background-size":"auto","background-attachment":"scroll","background-type":"","background-media":"","overlay-type":"","overlay-color":"","overlay-opacity":"","overlay-gradient":""}}},"product_brand":[],"product_cat":[423,428,404,420],"product_tag":[],"class_list":{"0":"post-2161","1":"product","2":"type-product","3":"status-publish","4":"has-post-thumbnail","6":"product_cat-fabric-for-military-police","7":"product_cat-fabric-for-outdoor-sports","8":"product_cat-nylon-fabrics","9":"product_cat-stretch-fabrics","10":"pa_available_colors-yellow","11":"desktop-align-left","12":"tablet-align-left","13":"mobile-align-left","14":"ast-product-gallery-layout-vertical-slider","15":"ast-product-tabs-layout-horizontal","17":"first","18":"instock","19":"shipping-taxable","20":"product-type-simple"},"uagb_featured_image_src":{"full":["https:\/\/www.sikortex.com\/wp-content\/uploads\/2023\/06\/O1CN01Er1qbw1JA5jVxdS88_3828250987-0-cib-1.jpg",1024,1024,false],"thumbnail":["https:\/\/www.sikortex.com\/wp-content\/uploads\/2023\/06\/O1CN01Er1qbw1JA5jVxdS88_3828250987-0-cib-1-150x150.jpg",150,150,true],"medium":["https:\/\/www.sikortex.com\/wp-content\/uploads\/2023\/06\/O1CN01Er1qbw1JA5jVxdS88_3828250987-0-cib-1-300x300.jpg",300,300,true],"medium_large":["https:\/\/www.sikortex.com\/wp-content\/uploads\/2023\/06\/O1CN01Er1qbw1JA5jVxdS88_3828250987-0-cib-1-768x768.jpg",768,768,true],"large":["https:\/\/www.sikortex.com\/wp-content\/uploads\/2023\/06\/O1CN01Er1qbw1JA5jVxdS88_3828250987-0-cib-1.jpg",1024,1024,false],"1536x1536":["https:\/\/www.sikortex.com\/wp-content\/uploads\/2023\/06\/O1CN01Er1qbw1JA5jVxdS88_3828250987-0-cib-1.jpg",1024,1024,false],"2048x2048":["https:\/\/www.sikortex.com\/wp-content\/uploads\/2023\/06\/O1CN01Er1qbw1JA5jVxdS88_3828250987-0-cib-1.jpg",1024,1024,false],"trp-custom-language-flag":["https:\/\/www.sikortex.com\/wp-content\/uploads\/2023\/06\/O1CN01Er1qbw1JA5jVxdS88_3828250987-0-cib-1.jpg",12,12,false],"woocommerce_thumbnail":["https:\/\/www.sikortex.com\/wp-content\/uploads\/2023\/06\/O1CN01Er1qbw1JA5jVxdS88_3828250987-0-cib-1-300x300.jpg",300,300,true],"woocommerce_single":["https:\/\/www.sikortex.com\/wp-content\/uploads\/2023\/06\/O1CN01Er1qbw1JA5jVxdS88_3828250987-0-cib-1-600x600.jpg",600,600,true],"woocommerce_gallery_thumbnail":["https:\/\/www.sikortex.com\/wp-content\/uploads\/2023\/06\/O1CN01Er1qbw1JA5jVxdS88_3828250987-0-cib-1-100x100.jpg",100,100,true]},"uagb_author_info":{"display_name":"Perry","author_link":"https:\/\/www.sikortex.com\/es\/author\/"},"uagb_comment_info":0,"uagb_excerpt":"600 Meters(Min.Order)","_links":{"self":[{"href":"https:\/\/www.sikortex.com\/es\/wp-json\/wp\/v2\/product\/2161","targetHints":{"allow":["GET"]}}],"collection":[{"href":"https:\/\/www.sikortex.com\/es\/wp-json\/wp\/v2\/product"}],"about":[{"href":"https:\/\/www.sikortex.com\/es\/wp-json\/wp\/v2\/types\/product"}],"replies":[{"embeddable":true,"href":"https:\/\/www.sikortex.com\/es\/wp-json\/wp\/v2\/comments?post=2161"}],"wp:featuredmedia":[{"embeddable":true,"href":"https:\/\/www.sikortex.com\/es\/wp-json\/wp\/v2\/media\/3823"}],"wp:attachment":[{"href":"https:\/\/www.sikortex.com\/es\/wp-json\/wp\/v2\/media?parent=2161"}],"wp:term":[{"taxonomy":"product_brand","embeddable":true,"href":"https:\/\/www.sikortex.com\/es\/wp-json\/wp\/v2\/product_brand?post=2161"},{"taxonomy":"product_cat","embeddable":true,"href":"https:\/\/www.sikortex.com\/es\/wp-json\/wp\/v2\/product_cat?post=2161"},{"taxonomy":"product_tag","embeddable":true,"href":"https:\/\/www.sikortex.com\/es\/wp-json\/wp\/v2\/product_tag?post=2161"}],"curies":[{"name":"gracias","href":"https:\/\/api.w.org\/{rel}","templated":true}]}}