{"id":2146,"date":"2023-06-02T15:28:57","date_gmt":"2023-06-02T07:28:57","guid":{"rendered":"http:\/\/203.196.10.64:3021\/?post_type=product&#038;p=2146"},"modified":"2023-11-06T14:30:44","modified_gmt":"2023-11-06T06:30:44","slug":"sk8258-tejido-respirable-impermeable","status":"publish","type":"product","link":"https:\/\/www.sikortex.com\/es\/producto\/sk8258-tejido-respirable-impermeable\/","title":{"rendered":"Tejido transpirable impermeable de PTFE laminado el\u00e1stico 75D T800"},"content":{"rendered":"<p>Presentamos nuestro tejido transpirable impermeable de PTFE laminado el\u00e1stico 75D T800, un material de alto rendimiento que combina propiedades impermeables y transpirables para una comodidad \u00f3ptima en actividades al aire libre. Este tejido de 3 capas est\u00e1 dise\u00f1ado para soportar condiciones clim\u00e1ticas desafiantes mientras te mantiene seco y c\u00f3modo.<\/p>\n<p>El tejido cuenta con una capa exterior el\u00e1stica 75D T800, que proporciona durabilidad y flexibilidad para un movimiento sin restricciones. La membrana laminada de PTFE (politetrafluoroetileno) en la capa intermedia act\u00faa como una barrera impermeable, con un alto \u00edndice de resistencia al agua de 20000 mm, lo que garantiza una excelente protecci\u00f3n contra la lluvia y la humedad.<\/p>\n<p>Al mismo tiempo, la membrana de PTFE tambi\u00e9n cuenta con una alta transpirabilidad, lo que permite que el vapor de humedad escape y mantiene un microclima confortable dentro del tejido. Con un \u00edndice de transpirabilidad de 20.000 g\/m\u00b2\/24 h, podr\u00e1s mantenerte seco y sin sudar incluso durante actividades f\u00edsicas intensas.<\/p>\n<p>Con sus excepcionales propiedades impermeables y transpirables, este tejido es ideal para una variedad de aplicaciones al aire libre, incluidas chaquetas, pantalones y otras prendas exteriores. Ya sea que est\u00e9 haciendo senderismo, acampando o practicando diversas actividades deportivas, nuestro tejido de PTFE laminado el\u00e1stico le brindar\u00e1 protecci\u00f3n confiable contra la lluvia, la nieve y el viento, mientras lo mantendr\u00e1 c\u00f3modo y seco.<\/p>\n<p>Adem\u00e1s de sus caracter\u00edsticas funcionales, el tejido ofrece una sensaci\u00f3n c\u00f3moda sobre la piel. La capacidad de estiramiento permite facilidad de movimiento, mientras que el tacto suave mejora la comodidad general durante el uso.<\/p>\n<p>Elija nuestro tejido de PTFE laminado el\u00e1stico por sus excepcionales propiedades impermeables y transpirables. Experimente la libertad de movimiento y mant\u00e9ngase seco y c\u00f3modo en todas sus actividades al aire libre.<\/p>","protected":false},"excerpt":{"rendered":"<p>600 metros (pedido m\u00ednimo)<\/p>","protected":false},"featured_media":6005,"comment_status":"closed","ping_status":"closed","template":"","meta":{"_uag_custom_page_level_css":"","site-sidebar-layout":"default","site-content-layout":"default","ast-site-content-layout":"","site-content-style":"default","site-sidebar-style":"default","ast-global-header-display":"","ast-banner-title-visibility":"","ast-main-header-display":"","ast-hfb-above-header-display":"","ast-hfb-below-header-display":"","ast-hfb-mobile-header-display":"","site-post-title":"","ast-breadcrumbs-content":"","ast-featured-img":"","footer-sml-layout":"","theme-transparent-header-meta":"default","adv-header-id-meta":"","stick-header-meta":"default","header-above-stick-meta":"","header-main-stick-meta":"","header-below-stick-meta":"","astra-migrate-meta-layouts":"default","ast-page-background-enabled":"default","ast-page-background-meta":{"desktop":{"background-color":"","background-image":"","background-repeat":"repeat","background-position":"center center","background-size":"auto","background-attachment":"scroll","background-type":"","background-media":"","overlay-type":"","overlay-color":"","overlay-opacity":"","overlay-gradient":""},"tablet":{"background-color":"","background-image":"","background-repeat":"repeat","background-position":"center center","background-size":"auto","background-attachment":"scroll","background-type":"","background-media":"","overlay-type":"","overlay-color":"","overlay-opacity":"","overlay-gradient":""},"mobile":{"background-color":"","background-image":"","background-repeat":"repeat","background-position":"center center","background-size":"auto","background-attachment":"scroll","background-type":"","background-media":"","overlay-type":"","overlay-color":"","overlay-opacity":"","overlay-gradient":""}},"ast-content-background-meta":{"desktop":{"background-color":"var(--ast-global-color-5)","background-image":"","background-repeat":"repeat","background-position":"center center","background-size":"auto","background-attachment":"scroll","background-type":"","background-media":"","overlay-type":"","overlay-color":"","overlay-opacity":"","overlay-gradient":""},"tablet":{"background-color":"var(--ast-global-color-5)","background-image":"","background-repeat":"repeat","background-position":"center center","background-size":"auto","background-attachment":"scroll","background-type":"","background-media":"","overlay-type":"","overlay-color":"","overlay-opacity":"","overlay-gradient":""},"mobile":{"background-color":"var(--ast-global-color-5)","background-image":"","background-repeat":"repeat","background-position":"center center","background-size":"auto","background-attachment":"scroll","background-type":"","background-media":"","overlay-type":"","overlay-color":"","overlay-opacity":"","overlay-gradient":""}}},"product_brand":[],"product_cat":[431,430,428,421,415,403,414],"product_tag":[],"class_list":{"0":"post-2146","1":"product","2":"type-product","3":"status-publish","4":"has-post-thumbnail","6":"product_cat-fabric-for-commuting-clothing","7":"product_cat-fabric-for-motorwear","8":"product_cat-fabric-for-outdoor-sports","9":"product_cat-foul-weather-fabrics","10":"product_cat-oil-repellent-fabric","11":"product_cat-polyester-fabrics","12":"product_cat-waterproof-fabrics","13":"pa_available_colors-501001-spc","14":"pa_available_colors-h-black","15":"pa_available_colors-911052-spc","16":"pa_available_colors-000020-wht","17":"desktop-align-left","18":"tablet-align-left","19":"mobile-align-left","20":"ast-product-gallery-layout-vertical-slider","21":"ast-product-tabs-layout-horizontal","23":"first","24":"instock","25":"shipping-taxable","26":"product-type-simple"},"uagb_featured_image_src":{"full":["https:\/\/www.sikortex.com\/wp-content\/uploads\/2023\/06\/66-1.jpg",764,764,false],"thumbnail":["https:\/\/www.sikortex.com\/wp-content\/uploads\/2023\/06\/66-1-150x150.jpg",150,150,true],"medium":["https:\/\/www.sikortex.com\/wp-content\/uploads\/2023\/06\/66-1-300x300.jpg",300,300,true],"medium_large":["https:\/\/www.sikortex.com\/wp-content\/uploads\/2023\/06\/66-1.jpg",764,764,false],"large":["https:\/\/www.sikortex.com\/wp-content\/uploads\/2023\/06\/66-1.jpg",764,764,false],"1536x1536":["https:\/\/www.sikortex.com\/wp-content\/uploads\/2023\/06\/66-1.jpg",764,764,false],"2048x2048":["https:\/\/www.sikortex.com\/wp-content\/uploads\/2023\/06\/66-1.jpg",764,764,false],"trp-custom-language-flag":["https:\/\/www.sikortex.com\/wp-content\/uploads\/2023\/06\/66-1-12x12.jpg",12,12,true],"woocommerce_thumbnail":["https:\/\/www.sikortex.com\/wp-content\/uploads\/2023\/06\/66-1-300x300.jpg",300,300,true],"woocommerce_single":["https:\/\/www.sikortex.com\/wp-content\/uploads\/2023\/06\/66-1-600x600.jpg",600,600,true],"woocommerce_gallery_thumbnail":["https:\/\/www.sikortex.com\/wp-content\/uploads\/2023\/06\/66-1-100x100.jpg",100,100,true]},"uagb_author_info":{"display_name":"Perry","author_link":"https:\/\/www.sikortex.com\/es\/author\/"},"uagb_comment_info":0,"uagb_excerpt":"600 Meters(Min.Order)","_links":{"self":[{"href":"https:\/\/www.sikortex.com\/es\/wp-json\/wp\/v2\/product\/2146","targetHints":{"allow":["GET"]}}],"collection":[{"href":"https:\/\/www.sikortex.com\/es\/wp-json\/wp\/v2\/product"}],"about":[{"href":"https:\/\/www.sikortex.com\/es\/wp-json\/wp\/v2\/types\/product"}],"replies":[{"embeddable":true,"href":"https:\/\/www.sikortex.com\/es\/wp-json\/wp\/v2\/comments?post=2146"}],"wp:featuredmedia":[{"embeddable":true,"href":"https:\/\/www.sikortex.com\/es\/wp-json\/wp\/v2\/media\/6005"}],"wp:attachment":[{"href":"https:\/\/www.sikortex.com\/es\/wp-json\/wp\/v2\/media?parent=2146"}],"wp:term":[{"taxonomy":"product_brand","embeddable":true,"href":"https:\/\/www.sikortex.com\/es\/wp-json\/wp\/v2\/product_brand?post=2146"},{"taxonomy":"product_cat","embeddable":true,"href":"https:\/\/www.sikortex.com\/es\/wp-json\/wp\/v2\/product_cat?post=2146"},{"taxonomy":"product_tag","embeddable":true,"href":"https:\/\/www.sikortex.com\/es\/wp-json\/wp\/v2\/product_tag?post=2146"}],"curies":[{"name":"gracias","href":"https:\/\/api.w.org\/{rel}","templated":true}]}}