{"id":1940,"date":"2023-06-02T14:28:47","date_gmt":"2023-06-02T06:28:47","guid":{"rendered":"http:\/\/203.196.10.64:3021\/?post_type=product&#038;p=1940"},"modified":"2025-01-09T10:53:45","modified_gmt":"2025-01-09T02:53:45","slug":"sk8246-nylon-66","status":"publish","type":"product","link":"https:\/\/www.sikortex.com\/es\/producto\/sk8246-nylon-66\/","title":{"rendered":"Tejido ign\u00edfugo recubierto de PU de nailon 650D conforme a la norma EN ISO 11612"},"content":{"rendered":"<p><a href=\"https:\/\/www.sikortex.com\/es\/perfil-de-la-empresa\/\"><span style=\"color: #3366ff;\">SIKOR-TEX<\/span><\/a> fabricante de tejidos de alto rendimiento<\/p>\n<p>650D <a href=\"https:\/\/www.sikortex.com\/es\/fabricante-de-tejido-de-nailon\/\"><span style=\"color: #3366ff;\">Nylon<\/span><\/a> 66 <a href=\"https:\/\/www.sikortex.com\/es\/flame-retardant-fabrics\/\"><span style=\"color: #3366ff;\">Retardante de llama<\/span><\/a> Tejido recubierto, un tejido confiable y duradero dise\u00f1ado para <a href=\"https:\/\/www.sikortex.com\/es\/tela-militar-ripstop-tela\/\"><span style=\"color: #3366ff;\">militar<\/span><\/a> Aplicaciones. Este tejido est\u00e1 dise\u00f1ado espec\u00edficamente para cumplir con los estrictos requisitos de <a href=\"https:\/\/www.sikortex.com\/es\/tela-militar-ripstop-tela\/\"><span style=\"color: #3366ff;\">militar<\/span><\/a> uniformes, <a href=\"https:\/\/www.sikortex.com\/es\/tela-militar-ripstop-tela\/\"><span style=\"color: #3366ff;\">militar<\/span><\/a> Equipo y ropa protectora.<\/p>\n<p>Fabricado en 650D de alta calidad. <a href=\"https:\/\/www.sikortex.com\/es\/fabricante-de-tejido-de-nailon\/\"><span style=\"color: #3366ff;\">Nylon<\/span><\/a> 66 Material: este tejido ofrece una resistencia y durabilidad excepcionales. <a href=\"https:\/\/www.sikortex.com\/es\/fabricante-de-tejido-ignifugo\/\"><span style=\"color: #3366ff;\">ign\u00edfugo<\/span><\/a> El revestimiento proporciona una capa adicional de protecci\u00f3n, lo que garantiza una mayor seguridad en entornos peligrosos. La construcci\u00f3n y el revestimiento de la tela la hacen resistente a las llamas y ayudan a prevenir la propagaci\u00f3n del fuego.<\/p>\n<p>El 650D <a href=\"https:\/\/www.sikortex.com\/es\/fabricante-de-tejido-de-nailon\/\"><span style=\"color: #3366ff;\">Nylon<\/span><\/a> 66 <a href=\"https:\/\/www.sikortex.com\/es\/flame-retardant-fabrics\/\"><span style=\"color: #3366ff;\">Retardante de llama<\/span><\/a> La tela recubierta es ideal para <a href=\"https:\/\/www.sikortex.com\/es\/tela-militar-ripstop-tela\/\"><span style=\"color: #3366ff;\">militar<\/span><\/a> uniformes, brindando la durabilidad y protecci\u00f3n necesaria para el personal en campo. Tambi\u00e9n es ideal para la fabricaci\u00f3n <a href=\"https:\/\/www.sikortex.com\/es\/tela-militar-ripstop-tela\/\"><span style=\"color: #3366ff;\">militar<\/span><\/a> Equipos y ropa de protecci\u00f3n, donde la resistencia al fuego y al desgaste son esenciales.<\/p>\n<p>Explorar m\u00e1s <span style=\"color: #3366ff;\"><a style=\"color: #3366ff;\" href=\"https:\/\/www.sikortex.com\/es\/cordura-tejidos\/\">Telas de cordura<\/a><\/span><\/p>","protected":false},"excerpt":{"rendered":"<p>600 metros (pedido m\u00ednimo)<\/p>","protected":false},"featured_media":3729,"comment_status":"closed","ping_status":"closed","template":"","meta":{"_uag_custom_page_level_css":"","site-sidebar-layout":"default","site-content-layout":"default","ast-site-content-layout":"","site-content-style":"default","site-sidebar-style":"default","ast-global-header-display":"","ast-banner-title-visibility":"","ast-main-header-display":"","ast-hfb-above-header-display":"","ast-hfb-below-header-display":"","ast-hfb-mobile-header-display":"","site-post-title":"","ast-breadcrumbs-content":"","ast-featured-img":"","footer-sml-layout":"","theme-transparent-header-meta":"default","adv-header-id-meta":"","stick-header-meta":"default","header-above-stick-meta":"","header-main-stick-meta":"","header-below-stick-meta":"","astra-migrate-meta-layouts":"default","ast-page-background-enabled":"default","ast-page-background-meta":{"desktop":{"background-color":"","background-image":"","background-repeat":"repeat","background-position":"center center","background-size":"auto","background-attachment":"scroll","background-type":"","background-media":"","overlay-type":"","overlay-color":"","overlay-opacity":"","overlay-gradient":""},"tablet":{"background-color":"","background-image":"","background-repeat":"repeat","background-position":"center center","background-size":"auto","background-attachment":"scroll","background-type":"","background-media":"","overlay-type":"","overlay-color":"","overlay-opacity":"","overlay-gradient":""},"mobile":{"background-color":"","background-image":"","background-repeat":"repeat","background-position":"center center","background-size":"auto","background-attachment":"scroll","background-type":"","background-media":"","overlay-type":"","overlay-color":"","overlay-opacity":"","overlay-gradient":""}},"ast-content-background-meta":{"desktop":{"background-color":"var(--ast-global-color-5)","background-image":"","background-repeat":"repeat","background-position":"center center","background-size":"auto","background-attachment":"scroll","background-type":"","background-media":"","overlay-type":"","overlay-color":"","overlay-opacity":"","overlay-gradient":""},"tablet":{"background-color":"var(--ast-global-color-5)","background-image":"","background-repeat":"repeat","background-position":"center center","background-size":"auto","background-attachment":"scroll","background-type":"","background-media":"","overlay-type":"","overlay-color":"","overlay-opacity":"","overlay-gradient":""},"mobile":{"background-color":"var(--ast-global-color-5)","background-image":"","background-repeat":"repeat","background-position":"center center","background-size":"auto","background-attachment":"scroll","background-type":"","background-media":"","overlay-type":"","overlay-color":"","overlay-opacity":"","overlay-gradient":""}}},"product_brand":[],"product_cat":[423,416,404,427],"product_tag":[],"class_list":{"0":"post-1940","1":"product","2":"type-product","3":"status-publish","4":"has-post-thumbnail","6":"product_cat-fabric-for-military-police","7":"product_cat-fire-retardant-fabrics","8":"product_cat-nylon-fabrics","9":"product_cat-petroleum-and-petrochemical","10":"pa_available_colors-911052-spc","11":"desktop-align-left","12":"tablet-align-left","13":"mobile-align-left","14":"ast-product-gallery-layout-vertical-slider","15":"ast-product-tabs-layout-horizontal","17":"first","18":"instock","19":"shipping-taxable","20":"product-type-simple"},"uagb_featured_image_src":{"full":["https:\/\/www.sikortex.com\/wp-content\/uploads\/2023\/06\/O1CN01NGxpd31RbaLiC6Ahx_2206372042130-0-cib-1.jpg",1024,1024,false],"thumbnail":["https:\/\/www.sikortex.com\/wp-content\/uploads\/2023\/06\/O1CN01NGxpd31RbaLiC6Ahx_2206372042130-0-cib-1-150x150.jpg",150,150,true],"medium":["https:\/\/www.sikortex.com\/wp-content\/uploads\/2023\/06\/O1CN01NGxpd31RbaLiC6Ahx_2206372042130-0-cib-1-300x300.jpg",300,300,true],"medium_large":["https:\/\/www.sikortex.com\/wp-content\/uploads\/2023\/06\/O1CN01NGxpd31RbaLiC6Ahx_2206372042130-0-cib-1-768x768.jpg",768,768,true],"large":["https:\/\/www.sikortex.com\/wp-content\/uploads\/2023\/06\/O1CN01NGxpd31RbaLiC6Ahx_2206372042130-0-cib-1.jpg",1024,1024,false],"1536x1536":["https:\/\/www.sikortex.com\/wp-content\/uploads\/2023\/06\/O1CN01NGxpd31RbaLiC6Ahx_2206372042130-0-cib-1.jpg",1024,1024,false],"2048x2048":["https:\/\/www.sikortex.com\/wp-content\/uploads\/2023\/06\/O1CN01NGxpd31RbaLiC6Ahx_2206372042130-0-cib-1.jpg",1024,1024,false],"trp-custom-language-flag":["https:\/\/www.sikortex.com\/wp-content\/uploads\/2023\/06\/O1CN01NGxpd31RbaLiC6Ahx_2206372042130-0-cib-1.jpg",12,12,false],"woocommerce_thumbnail":["https:\/\/www.sikortex.com\/wp-content\/uploads\/2023\/06\/O1CN01NGxpd31RbaLiC6Ahx_2206372042130-0-cib-1-300x300.jpg",300,300,true],"woocommerce_single":["https:\/\/www.sikortex.com\/wp-content\/uploads\/2023\/06\/O1CN01NGxpd31RbaLiC6Ahx_2206372042130-0-cib-1-600x600.jpg",600,600,true],"woocommerce_gallery_thumbnail":["https:\/\/www.sikortex.com\/wp-content\/uploads\/2023\/06\/O1CN01NGxpd31RbaLiC6Ahx_2206372042130-0-cib-1-100x100.jpg",100,100,true]},"uagb_author_info":{"display_name":"Perry","author_link":"https:\/\/www.sikortex.com\/es\/author\/"},"uagb_comment_info":0,"uagb_excerpt":"600 Meters(Min.Order)","_links":{"self":[{"href":"https:\/\/www.sikortex.com\/es\/wp-json\/wp\/v2\/product\/1940","targetHints":{"allow":["GET"]}}],"collection":[{"href":"https:\/\/www.sikortex.com\/es\/wp-json\/wp\/v2\/product"}],"about":[{"href":"https:\/\/www.sikortex.com\/es\/wp-json\/wp\/v2\/types\/product"}],"replies":[{"embeddable":true,"href":"https:\/\/www.sikortex.com\/es\/wp-json\/wp\/v2\/comments?post=1940"}],"wp:featuredmedia":[{"embeddable":true,"href":"https:\/\/www.sikortex.com\/es\/wp-json\/wp\/v2\/media\/3729"}],"wp:attachment":[{"href":"https:\/\/www.sikortex.com\/es\/wp-json\/wp\/v2\/media?parent=1940"}],"wp:term":[{"taxonomy":"product_brand","embeddable":true,"href":"https:\/\/www.sikortex.com\/es\/wp-json\/wp\/v2\/product_brand?post=1940"},{"taxonomy":"product_cat","embeddable":true,"href":"https:\/\/www.sikortex.com\/es\/wp-json\/wp\/v2\/product_cat?post=1940"},{"taxonomy":"product_tag","embeddable":true,"href":"https:\/\/www.sikortex.com\/es\/wp-json\/wp\/v2\/product_tag?post=1940"}],"curies":[{"name":"gracias","href":"https:\/\/api.w.org\/{rel}","templated":true}]}}