{"id":1919,"date":"2023-06-02T14:22:04","date_gmt":"2023-06-02T06:22:04","guid":{"rendered":"http:\/\/203.196.10.64:3021\/?post_type=product&#038;p=1919"},"modified":"2025-01-08T12:42:37","modified_gmt":"2025-01-08T04:42:37","slug":"sk8244-700d-nylon","status":"publish","type":"product","link":"https:\/\/www.sikortex.com\/es\/producto\/sk8244-700d-nylon\/","title":{"rendered":"Tela Ripstop a cuadros de nailon 66 de 0,8 CM 700D ATY"},"content":{"rendered":"<p>Fabricante de tejidos de alto rendimiento SIKOR-TEX<\/p>\n<p>0,8 cm, 700 D, tela de algod\u00f3n <span style=\"color: #3366ff;\"><a style=\"color: #3366ff;\" href=\"https:\/\/www.sikortex.com\/es\/fabricante-de-tejido-de-nailon\/\">Nylon<\/a><\/span> 66 Cuadros <a href=\"https:\/\/www.sikortex.com\/es\/2024\/09\/05\/proveedor-de-tejido-antidesgarro-material-antidesgarro\/\"><span style=\"color: #3366ff;\">tela antidesgarros<\/span><\/a>, una opci\u00f3n robusta y vers\u00e1til para diversas aplicaciones. Esta tela est\u00e1 tejida con hilo texturizado Air de nailon 66 de 500 deniers, que brinda el aspecto y la sensaci\u00f3n del hilo de algod\u00f3n y, al mismo tiempo, ofrece una durabilidad excepcional.<\/p>\n<p>N66, conocido por sus propiedades de alta resistencia, supera al poli\u00e9ster tres veces y al nailon 6 dos veces en t\u00e9rminos de resistencia. La tela est\u00e1 dise\u00f1ada con un patr\u00f3n de cuadros distintivo y el patr\u00f3n de cuadros en relieve mejora la resistencia al desgarro en \u00e1reas espec\u00edficas. Esta caracter\u00edstica garantiza que el tejido pueda soportar un uso riguroso en equipos militares, cumpliendo con los est\u00e1ndares establecidos por los ej\u00e9rcitos de los pa\u00edses europeos y americanos.<\/p>\n<p>Nuestro ATY <span style=\"color: #3366ff;\"><a style=\"color: #3366ff;\" href=\"https:\/\/www.sikortex.com\/es\/fabricante-de-tejido-de-nailon\/\">Nylon<\/a><\/span> 66 Cuadros <a href=\"https:\/\/www.sikortex.com\/es\/2024\/09\/05\/proveedor-de-tejido-antidesgarro-material-antidesgarro\/\"><span style=\"color: #3366ff;\">tela antidesgarros<\/span><\/a> Encuentra amplias aplicaciones en la producci\u00f3n de chalecos t\u00e1cticos, uniformes militares, carcasas de protecci\u00f3n y ropa de trabajo resistente al desgaste para la industria pesada. Su durabilidad, resistencia al desgarro y fuerza lo convierten en una opci\u00f3n confiable para entornos exigentes.<\/p>\n<p>Explorar m\u00e1s <span style=\"color: #3366ff;\"><a style=\"color: #3366ff;\" href=\"https:\/\/www.sikortex.com\/es\/cordura-tejidos\/\">Telas de cordura<\/a><\/span><\/p>\n<p>&nbsp;<\/p>","protected":false},"excerpt":{"rendered":"<p>800 metros (pedido m\u00ednimo)<\/p>","protected":false},"featured_media":3706,"comment_status":"closed","ping_status":"closed","template":"","meta":{"_uag_custom_page_level_css":"","site-sidebar-layout":"default","site-content-layout":"default","ast-site-content-layout":"","site-content-style":"default","site-sidebar-style":"default","ast-global-header-display":"","ast-banner-title-visibility":"","ast-main-header-display":"","ast-hfb-above-header-display":"","ast-hfb-below-header-display":"","ast-hfb-mobile-header-display":"","site-post-title":"","ast-breadcrumbs-content":"","ast-featured-img":"","footer-sml-layout":"","theme-transparent-header-meta":"default","adv-header-id-meta":"","stick-header-meta":"default","header-above-stick-meta":"","header-main-stick-meta":"","header-below-stick-meta":"","astra-migrate-meta-layouts":"default","ast-page-background-enabled":"default","ast-page-background-meta":{"desktop":{"background-color":"","background-image":"","background-repeat":"repeat","background-position":"center center","background-size":"auto","background-attachment":"scroll","background-type":"","background-media":"","overlay-type":"","overlay-color":"","overlay-opacity":"","overlay-gradient":""},"tablet":{"background-color":"","background-image":"","background-repeat":"repeat","background-position":"center center","background-size":"auto","background-attachment":"scroll","background-type":"","background-media":"","overlay-type":"","overlay-color":"","overlay-opacity":"","overlay-gradient":""},"mobile":{"background-color":"","background-image":"","background-repeat":"repeat","background-position":"center center","background-size":"auto","background-attachment":"scroll","background-type":"","background-media":"","overlay-type":"","overlay-color":"","overlay-opacity":"","overlay-gradient":""}},"ast-content-background-meta":{"desktop":{"background-color":"var(--ast-global-color-5)","background-image":"","background-repeat":"repeat","background-position":"center center","background-size":"auto","background-attachment":"scroll","background-type":"","background-media":"","overlay-type":"","overlay-color":"","overlay-opacity":"","overlay-gradient":""},"tablet":{"background-color":"var(--ast-global-color-5)","background-image":"","background-repeat":"repeat","background-position":"center center","background-size":"auto","background-attachment":"scroll","background-type":"","background-media":"","overlay-type":"","overlay-color":"","overlay-opacity":"","overlay-gradient":""},"mobile":{"background-color":"var(--ast-global-color-5)","background-image":"","background-repeat":"repeat","background-position":"center center","background-size":"auto","background-attachment":"scroll","background-type":"","background-media":"","overlay-type":"","overlay-color":"","overlay-opacity":"","overlay-gradient":""}}},"product_brand":[],"product_cat":[423,404],"product_tag":[],"class_list":{"0":"post-1919","1":"product","2":"type-product","3":"status-publish","4":"has-post-thumbnail","6":"product_cat-fabric-for-military-police","7":"product_cat-nylon-fabrics","8":"pa_available_colors-olive-green","9":"pa_available_colors-911052-spc","10":"desktop-align-left","11":"tablet-align-left","12":"mobile-align-left","13":"ast-product-gallery-layout-vertical-slider","14":"ast-product-tabs-layout-horizontal","16":"first","17":"instock","18":"shipping-taxable","19":"product-type-simple"},"uagb_featured_image_src":{"full":["https:\/\/www.sikortex.com\/wp-content\/uploads\/2023\/06\/O1CN01ih0r781JA5f6s129X_3828250987-0-cib-1.jpg",1024,1024,false],"thumbnail":["https:\/\/www.sikortex.com\/wp-content\/uploads\/2023\/06\/O1CN01ih0r781JA5f6s129X_3828250987-0-cib-1-150x150.jpg",150,150,true],"medium":["https:\/\/www.sikortex.com\/wp-content\/uploads\/2023\/06\/O1CN01ih0r781JA5f6s129X_3828250987-0-cib-1-300x300.jpg",300,300,true],"medium_large":["https:\/\/www.sikortex.com\/wp-content\/uploads\/2023\/06\/O1CN01ih0r781JA5f6s129X_3828250987-0-cib-1-768x768.jpg",768,768,true],"large":["https:\/\/www.sikortex.com\/wp-content\/uploads\/2023\/06\/O1CN01ih0r781JA5f6s129X_3828250987-0-cib-1.jpg",1024,1024,false],"1536x1536":["https:\/\/www.sikortex.com\/wp-content\/uploads\/2023\/06\/O1CN01ih0r781JA5f6s129X_3828250987-0-cib-1.jpg",1024,1024,false],"2048x2048":["https:\/\/www.sikortex.com\/wp-content\/uploads\/2023\/06\/O1CN01ih0r781JA5f6s129X_3828250987-0-cib-1.jpg",1024,1024,false],"trp-custom-language-flag":["https:\/\/www.sikortex.com\/wp-content\/uploads\/2023\/06\/O1CN01ih0r781JA5f6s129X_3828250987-0-cib-1.jpg",12,12,false],"woocommerce_thumbnail":["https:\/\/www.sikortex.com\/wp-content\/uploads\/2023\/06\/O1CN01ih0r781JA5f6s129X_3828250987-0-cib-1-300x300.jpg",300,300,true],"woocommerce_single":["https:\/\/www.sikortex.com\/wp-content\/uploads\/2023\/06\/O1CN01ih0r781JA5f6s129X_3828250987-0-cib-1-600x600.jpg",600,600,true],"woocommerce_gallery_thumbnail":["https:\/\/www.sikortex.com\/wp-content\/uploads\/2023\/06\/O1CN01ih0r781JA5f6s129X_3828250987-0-cib-1-100x100.jpg",100,100,true]},"uagb_author_info":{"display_name":"Perry","author_link":"https:\/\/www.sikortex.com\/es\/author\/"},"uagb_comment_info":0,"uagb_excerpt":"800 Meters(Min.Order)","_links":{"self":[{"href":"https:\/\/www.sikortex.com\/es\/wp-json\/wp\/v2\/product\/1919","targetHints":{"allow":["GET"]}}],"collection":[{"href":"https:\/\/www.sikortex.com\/es\/wp-json\/wp\/v2\/product"}],"about":[{"href":"https:\/\/www.sikortex.com\/es\/wp-json\/wp\/v2\/types\/product"}],"replies":[{"embeddable":true,"href":"https:\/\/www.sikortex.com\/es\/wp-json\/wp\/v2\/comments?post=1919"}],"wp:featuredmedia":[{"embeddable":true,"href":"https:\/\/www.sikortex.com\/es\/wp-json\/wp\/v2\/media\/3706"}],"wp:attachment":[{"href":"https:\/\/www.sikortex.com\/es\/wp-json\/wp\/v2\/media?parent=1919"}],"wp:term":[{"taxonomy":"product_brand","embeddable":true,"href":"https:\/\/www.sikortex.com\/es\/wp-json\/wp\/v2\/product_brand?post=1919"},{"taxonomy":"product_cat","embeddable":true,"href":"https:\/\/www.sikortex.com\/es\/wp-json\/wp\/v2\/product_cat?post=1919"},{"taxonomy":"product_tag","embeddable":true,"href":"https:\/\/www.sikortex.com\/es\/wp-json\/wp\/v2\/product_tag?post=1919"}],"curies":[{"name":"gracias","href":"https:\/\/api.w.org\/{rel}","templated":true}]}}