{"id":1585,"date":"2023-05-31T11:02:24","date_gmt":"2023-05-31T03:02:24","guid":{"rendered":"http:\/\/203.196.10.64:3021\/?post_type=product&#038;p=1585"},"modified":"2023-10-09T12:31:27","modified_gmt":"2023-10-09T04:31:27","slug":"sk8226-tejido-poliester-antiestatico","status":"publish","type":"product","link":"https:\/\/www.sikortex.com\/es\/producto\/sk8226-tejido-poliester-antiestatico\/","title":{"rendered":"Tela escocesa ign\u00edfuga antiest\u00e1tica de poli\u00e9ster"},"content":{"rendered":"<p>Fabricante de tejidos de alto rendimiento SIKOR-TEX<\/p>\n<p>Tejido a cuadros antiest\u00e1tico ign\u00edfugo de poli\u00e9ster, una opci\u00f3n vers\u00e1til y confiable para diversas industrias. Este tejido est\u00e1 elaborado con poli\u00e9ster 97% y fibra de carbono 3%, lo que garantiza excelentes propiedades antiest\u00e1ticas y retardantes de llama. Lo que lo distingue es su patr\u00f3n de rejilla \u00fanico, con fibras de carbono conductoras tanto horizontal como verticalmente. Este dise\u00f1o permite una descarga eficiente de electricidad est\u00e1tica desde cualquier direcci\u00f3n.<\/p>\n<p>No s\u00f3lo proporciona un rendimiento excepcional, sino que tambi\u00e9n es rentable. El tejido puede someterse a procesos posteriores al acabado, como tratamientos y revestimientos repelentes al agua, mejorando su funcionalidad. Es perfecto para crear ropa de trabajo o ropa protectora para empleados en f\u00e1bricas de electr\u00f3nica, operadores de instrumentos de precisi\u00f3n y trabajadores en salas blancas libres de polvo.<\/p>","protected":false},"excerpt":{"rendered":"<p>1000 metros (pedido m\u00ednimo)<\/p>","protected":false},"featured_media":3723,"comment_status":"closed","ping_status":"closed","template":"","meta":{"_uag_custom_page_level_css":"","site-sidebar-layout":"default","site-content-layout":"default","ast-site-content-layout":"","site-content-style":"default","site-sidebar-style":"default","ast-global-header-display":"","ast-banner-title-visibility":"","ast-main-header-display":"","ast-hfb-above-header-display":"","ast-hfb-below-header-display":"","ast-hfb-mobile-header-display":"","site-post-title":"","ast-breadcrumbs-content":"","ast-featured-img":"","footer-sml-layout":"","theme-transparent-header-meta":"default","adv-header-id-meta":"","stick-header-meta":"default","header-above-stick-meta":"","header-main-stick-meta":"","header-below-stick-meta":"","astra-migrate-meta-layouts":"default","ast-page-background-enabled":"default","ast-page-background-meta":{"desktop":{"background-color":"","background-image":"","background-repeat":"repeat","background-position":"center center","background-size":"auto","background-attachment":"scroll","background-type":"","background-media":"","overlay-type":"","overlay-color":"","overlay-opacity":"","overlay-gradient":""},"tablet":{"background-color":"","background-image":"","background-repeat":"repeat","background-position":"center center","background-size":"auto","background-attachment":"scroll","background-type":"","background-media":"","overlay-type":"","overlay-color":"","overlay-opacity":"","overlay-gradient":""},"mobile":{"background-color":"","background-image":"","background-repeat":"repeat","background-position":"center center","background-size":"auto","background-attachment":"scroll","background-type":"","background-media":"","overlay-type":"","overlay-color":"","overlay-opacity":"","overlay-gradient":""}},"ast-content-background-meta":{"desktop":{"background-color":"var(--ast-global-color-5)","background-image":"","background-repeat":"repeat","background-position":"center center","background-size":"auto","background-attachment":"scroll","background-type":"","background-media":"","overlay-type":"","overlay-color":"","overlay-opacity":"","overlay-gradient":""},"tablet":{"background-color":"var(--ast-global-color-5)","background-image":"","background-repeat":"repeat","background-position":"center center","background-size":"auto","background-attachment":"scroll","background-type":"","background-media":"","overlay-type":"","overlay-color":"","overlay-opacity":"","overlay-gradient":""},"mobile":{"background-color":"var(--ast-global-color-5)","background-image":"","background-repeat":"repeat","background-position":"center center","background-size":"auto","background-attachment":"scroll","background-type":"","background-media":"","overlay-type":"","overlay-color":"","overlay-opacity":"","overlay-gradient":""}}},"product_brand":[],"product_cat":[413,427,403,433],"product_tag":[],"class_list":{"0":"post-1585","1":"product","2":"type-product","3":"status-publish","4":"has-post-thumbnail","6":"product_cat-antistatic-fabrics","7":"product_cat-petroleum-and-petrochemical","8":"product_cat-polyester-fabrics","9":"product_cat-textile-for-industrial","10":"pa_available_colors-484002-lgt","11":"pa_available_colors-471001-spc","12":"pa_available_colors-464005-lgt","13":"pa_available_colors-321005-ult","14":"pa_available_colors-fluorescent-orange","15":"pa_available_colors-fluorescent-red","16":"pa_available_colors-fluorescent-yellow","17":"pa_available_colors-301001-spc","18":"pa_available_colors-143001-std","19":"pa_available_colors-362001-std","20":"pa_available_colors-502001-std","21":"pa_available_colors-501001-spc","22":"pa_available_colors-000014-wht","23":"pa_available_colors-yellow","24":"pa_available_colors-911052-spc","25":"pa_available_colors-000020-wht","26":"desktop-align-left","27":"tablet-align-left","28":"mobile-align-left","29":"ast-product-gallery-layout-vertical-slider","30":"ast-product-tabs-layout-horizontal","32":"first","33":"instock","34":"shipping-taxable","35":"product-type-simple"},"uagb_featured_image_src":{"full":["https:\/\/www.sikortex.com\/wp-content\/uploads\/2023\/05\/O1CN01q2z7WA2054itrxlWu_2210428336797-0-cib-1.jpg",761,761,false],"thumbnail":["https:\/\/www.sikortex.com\/wp-content\/uploads\/2023\/05\/O1CN01q2z7WA2054itrxlWu_2210428336797-0-cib-1-150x150.jpg",150,150,true],"medium":["https:\/\/www.sikortex.com\/wp-content\/uploads\/2023\/05\/O1CN01q2z7WA2054itrxlWu_2210428336797-0-cib-1-300x300.jpg",300,300,true],"medium_large":["https:\/\/www.sikortex.com\/wp-content\/uploads\/2023\/05\/O1CN01q2z7WA2054itrxlWu_2210428336797-0-cib-1.jpg",761,761,false],"large":["https:\/\/www.sikortex.com\/wp-content\/uploads\/2023\/05\/O1CN01q2z7WA2054itrxlWu_2210428336797-0-cib-1.jpg",761,761,false],"1536x1536":["https:\/\/www.sikortex.com\/wp-content\/uploads\/2023\/05\/O1CN01q2z7WA2054itrxlWu_2210428336797-0-cib-1.jpg",761,761,false],"2048x2048":["https:\/\/www.sikortex.com\/wp-content\/uploads\/2023\/05\/O1CN01q2z7WA2054itrxlWu_2210428336797-0-cib-1.jpg",761,761,false],"trp-custom-language-flag":["https:\/\/www.sikortex.com\/wp-content\/uploads\/2023\/05\/O1CN01q2z7WA2054itrxlWu_2210428336797-0-cib-1.jpg",12,12,false],"woocommerce_thumbnail":["https:\/\/www.sikortex.com\/wp-content\/uploads\/2023\/05\/O1CN01q2z7WA2054itrxlWu_2210428336797-0-cib-1-300x300.jpg",300,300,true],"woocommerce_single":["https:\/\/www.sikortex.com\/wp-content\/uploads\/2023\/05\/O1CN01q2z7WA2054itrxlWu_2210428336797-0-cib-1-600x600.jpg",600,600,true],"woocommerce_gallery_thumbnail":["https:\/\/www.sikortex.com\/wp-content\/uploads\/2023\/05\/O1CN01q2z7WA2054itrxlWu_2210428336797-0-cib-1-100x100.jpg",100,100,true]},"uagb_author_info":{"display_name":"Perry","author_link":"https:\/\/www.sikortex.com\/es\/author\/"},"uagb_comment_info":0,"uagb_excerpt":"1000 Meters(Min.Order)","_links":{"self":[{"href":"https:\/\/www.sikortex.com\/es\/wp-json\/wp\/v2\/product\/1585","targetHints":{"allow":["GET"]}}],"collection":[{"href":"https:\/\/www.sikortex.com\/es\/wp-json\/wp\/v2\/product"}],"about":[{"href":"https:\/\/www.sikortex.com\/es\/wp-json\/wp\/v2\/types\/product"}],"replies":[{"embeddable":true,"href":"https:\/\/www.sikortex.com\/es\/wp-json\/wp\/v2\/comments?post=1585"}],"wp:featuredmedia":[{"embeddable":true,"href":"https:\/\/www.sikortex.com\/es\/wp-json\/wp\/v2\/media\/3723"}],"wp:attachment":[{"href":"https:\/\/www.sikortex.com\/es\/wp-json\/wp\/v2\/media?parent=1585"}],"wp:term":[{"taxonomy":"product_brand","embeddable":true,"href":"https:\/\/www.sikortex.com\/es\/wp-json\/wp\/v2\/product_brand?post=1585"},{"taxonomy":"product_cat","embeddable":true,"href":"https:\/\/www.sikortex.com\/es\/wp-json\/wp\/v2\/product_cat?post=1585"},{"taxonomy":"product_tag","embeddable":true,"href":"https:\/\/www.sikortex.com\/es\/wp-json\/wp\/v2\/product_tag?post=1585"}],"curies":[{"name":"gracias","href":"https:\/\/api.w.org\/{rel}","templated":true}]}}