{"id":8849,"date":"2025-08-20T09:47:01","date_gmt":"2025-08-20T01:47:01","guid":{"rendered":"https:\/\/www.sikortex.com\/?post_type=product&#038;p=8849"},"modified":"2025-08-21T12:41:56","modified_gmt":"2025-08-21T04:41:56","slug":"600d-polyester-pvc-sonnenschutzgewebe","status":"publish","type":"product","link":"https:\/\/www.sikortex.com\/de\/produkt\/600d-polyester-pvc-sonnenschutzgewebe\/","title":{"rendered":"600D Polyester PVC Sonnenschutzgewebe f\u00fcr Gartenm\u00f6bel"},"content":{"rendered":"<p>Einf\u00fchrung<br \/>\nDas 600D Polyester-PVC-Sonnenschutzgewebe ist abrieb- und rei\u00dffest, w\u00e4hrend die PVC-Beschichtung f\u00fcr vollst\u00e4ndige Wasserdichtigkeit sorgt. Der professionelle Sonnenschutz UPF50+ blockiert effektiv \u00fcber 98% UV-Strahlen. Dieses langlebige Sonnenschutzmaterial f\u00fcr den Au\u00dfenbereich eignet sich ideal f\u00fcr Gartenm\u00f6bel, Markisen, Zelte und mehr.<\/p>\n<p>Hauptmerkmale<br \/>\n1. Unsere Produktionslinien nutzen moderne Hochgeschwindigkeitsger\u00e4te und gew\u00e4hrleisten so eine effiziente und stabile Produktionskapazit\u00e4t, um den Anforderungen von Gro\u00dfauftr\u00e4gen gerecht zu werden.<br \/>\n2. Unsere Produkte bieten eine au\u00dfergew\u00f6hnliche Umweltvertr\u00e4glichkeit. Die PVC-Beschichtung entspricht den h\u00f6chsten Umweltstandards, einschlie\u00dflich der EU-REACH-Verordnung, und erf\u00fcllt strikt die einschl\u00e4gigen gesetzlichen Anforderungen der USA und Japans.<br \/>\n3. Dar\u00fcber hinaus halten wir einen Lagerbestand an Halbfertigprodukten vor, wodurch wir flexibel auf dringende Bedarfe reagieren und die Lieferzeiten deutlich verk\u00fcrzen k\u00f6nnen.<br \/>\n4. Zur Qualit\u00e4tskontrolle verwenden wir standardm\u00e4\u00dfig die US-amerikanischen ASTM-Standards f\u00fcr Aussehen und Qualit\u00e4tseinstufung, wir unterst\u00fctzen jedoch auch kundenspezifische Inspektionen auf der Grundlage spezifischer Kundenstandards.<br \/>\n5. F\u00fcr die Logistik bieten wir globale Lieferdienste an, die eine sichere und effiziente Lieferung an die meisten Standorte weltweit sowohl f\u00fcr gro\u00dfe Gro\u00dfhandelsbestellungen als auch f\u00fcr Kleinbestellungen gew\u00e4hrleisten und den Kunden dabei helfen, die Effizienz ihrer Lieferkette zu optimieren.<\/p>\n<p><a href=\"https:\/\/www.sikortex.com\/de\/kontaktiere-uns\/\"><span style=\"color: #0000ff;\">Kontaktieren Sie uns noch heute, um Muster anzufordern.<\/span><\/a><\/p>","protected":false},"excerpt":{"rendered":"<p>3000 Meter (Mindestbestellmenge)<\/p>","protected":false},"featured_media":8887,"comment_status":"closed","ping_status":"closed","template":"","meta":{"_uag_custom_page_level_css":"","site-sidebar-layout":"default","site-content-layout":"","ast-site-content-layout":"default","site-content-style":"default","site-sidebar-style":"default","ast-global-header-display":"","ast-banner-title-visibility":"","ast-main-header-display":"","ast-hfb-above-header-display":"","ast-hfb-below-header-display":"","ast-hfb-mobile-header-display":"","site-post-title":"","ast-breadcrumbs-content":"","ast-featured-img":"","footer-sml-layout":"","theme-transparent-header-meta":"default","adv-header-id-meta":"","stick-header-meta":"default","header-above-stick-meta":"","header-main-stick-meta":"","header-below-stick-meta":"","astra-migrate-meta-layouts":"set","ast-page-background-enabled":"default","ast-page-background-meta":{"desktop":{"background-color":"","background-image":"","background-repeat":"repeat","background-position":"center center","background-size":"auto","background-attachment":"scroll","background-type":"","background-media":"","overlay-type":"","overlay-color":"","overlay-opacity":"","overlay-gradient":""},"tablet":{"background-color":"","background-image":"","background-repeat":"repeat","background-position":"center center","background-size":"auto","background-attachment":"scroll","background-type":"","background-media":"","overlay-type":"","overlay-color":"","overlay-opacity":"","overlay-gradient":""},"mobile":{"background-color":"","background-image":"","background-repeat":"repeat","background-position":"center center","background-size":"auto","background-attachment":"scroll","background-type":"","background-media":"","overlay-type":"","overlay-color":"","overlay-opacity":"","overlay-gradient":""}},"ast-content-background-meta":{"desktop":{"background-color":"var(--ast-global-color-5)","background-image":"","background-repeat":"repeat","background-position":"center center","background-size":"auto","background-attachment":"scroll","background-type":"","background-media":"","overlay-type":"","overlay-color":"","overlay-opacity":"","overlay-gradient":""},"tablet":{"background-color":"var(--ast-global-color-5)","background-image":"","background-repeat":"repeat","background-position":"center center","background-size":"auto","background-attachment":"scroll","background-type":"","background-media":"","overlay-type":"","overlay-color":"","overlay-opacity":"","overlay-gradient":""},"mobile":{"background-color":"var(--ast-global-color-5)","background-image":"","background-repeat":"repeat","background-position":"center center","background-size":"auto","background-attachment":"scroll","background-type":"","background-media":"","overlay-type":"","overlay-color":"","overlay-opacity":"","overlay-gradient":""}}},"product_brand":[],"product_cat":[432,1218,1185,433,1697],"product_tag":[],"class_list":{"0":"post-8849","1":"product","2":"type-product","3":"status-publish","4":"has-post-thumbnail","6":"product_cat-fabric-for-tent","7":"product_cat-marine-fabrics","8":"product_cat-solution-dyed-polyester-fabrics","9":"product_cat-textile-for-industrial","10":"product_cat-uv-protection-fabric","11":"desktop-align-left","12":"tablet-align-left","13":"mobile-align-left","14":"ast-product-gallery-layout-vertical-slider","15":"ast-product-tabs-layout-horizontal","17":"first","18":"instock","19":"shipping-taxable","20":"product-type-simple"},"uagb_featured_image_src":{"full":["https:\/\/www.sikortex.com\/wp-content\/uploads\/2025\/08\/600Dpolyester-fabric.jpg",800,800,false],"thumbnail":["https:\/\/www.sikortex.com\/wp-content\/uploads\/2025\/08\/600Dpolyester-fabric-150x150.jpg",150,150,true],"medium":["https:\/\/www.sikortex.com\/wp-content\/uploads\/2025\/08\/600Dpolyester-fabric-300x300.jpg",300,300,true],"medium_large":["https:\/\/www.sikortex.com\/wp-content\/uploads\/2025\/08\/600Dpolyester-fabric-768x768.jpg",768,768,true],"large":["https:\/\/www.sikortex.com\/wp-content\/uploads\/2025\/08\/600Dpolyester-fabric.jpg",800,800,false],"1536x1536":["https:\/\/www.sikortex.com\/wp-content\/uploads\/2025\/08\/600Dpolyester-fabric.jpg",800,800,false],"2048x2048":["https:\/\/www.sikortex.com\/wp-content\/uploads\/2025\/08\/600Dpolyester-fabric.jpg",800,800,false],"trp-custom-language-flag":["https:\/\/www.sikortex.com\/wp-content\/uploads\/2025\/08\/600Dpolyester-fabric-12x12.jpg",12,12,true],"woocommerce_thumbnail":["https:\/\/www.sikortex.com\/wp-content\/uploads\/2025\/08\/600Dpolyester-fabric-300x300.jpg",300,300,true],"woocommerce_single":["https:\/\/www.sikortex.com\/wp-content\/uploads\/2025\/08\/600Dpolyester-fabric-600x600.jpg",600,600,true],"woocommerce_gallery_thumbnail":["https:\/\/www.sikortex.com\/wp-content\/uploads\/2025\/08\/600Dpolyester-fabric-100x100.jpg",100,100,true]},"uagb_author_info":{"display_name":"Perry","author_link":"https:\/\/www.sikortex.com\/de\/author\/"},"uagb_comment_info":0,"uagb_excerpt":"3000 Meters(Min.Order)","_links":{"self":[{"href":"https:\/\/www.sikortex.com\/de\/wp-json\/wp\/v2\/product\/8849","targetHints":{"allow":["GET"]}}],"collection":[{"href":"https:\/\/www.sikortex.com\/de\/wp-json\/wp\/v2\/product"}],"about":[{"href":"https:\/\/www.sikortex.com\/de\/wp-json\/wp\/v2\/types\/product"}],"replies":[{"embeddable":true,"href":"https:\/\/www.sikortex.com\/de\/wp-json\/wp\/v2\/comments?post=8849"}],"wp:featuredmedia":[{"embeddable":true,"href":"https:\/\/www.sikortex.com\/de\/wp-json\/wp\/v2\/media\/8887"}],"wp:attachment":[{"href":"https:\/\/www.sikortex.com\/de\/wp-json\/wp\/v2\/media?parent=8849"}],"wp:term":[{"taxonomy":"product_brand","embeddable":true,"href":"https:\/\/www.sikortex.com\/de\/wp-json\/wp\/v2\/product_brand?post=8849"},{"taxonomy":"product_cat","embeddable":true,"href":"https:\/\/www.sikortex.com\/de\/wp-json\/wp\/v2\/product_cat?post=8849"},{"taxonomy":"product_tag","embeddable":true,"href":"https:\/\/www.sikortex.com\/de\/wp-json\/wp\/v2\/product_tag?post=8849"}],"curies":[{"name":"wp","href":"https:\/\/api.w.org\/{rel}","templated":true}]}}